{"id":8250,"date":"2022-08-19T23:18:06","date_gmt":"2022-08-19T23:18:06","guid":{"rendered":"https:\/\/hotelesms.com\/\/hotel-hilton-garden-inn\/?page_id=8250"},"modified":"2022-11-22T22:50:08","modified_gmt":"2022-11-22T22:50:08","slug":"habitacion-twin","status":"publish","type":"page","link":"https:\/\/hotelesms.com\/\/hotel-hilton-garden-inn\/habitaciones-en-hotel-hilton-garden-inn\/habitacion-twin\/","title":{"rendered":"Habitaci\u00f3n Twin"},"content":{"rendered":"<section class=\"l-section wpb_row height_auto full_height valign_center color_primary with_img parallax_ver\"><div class=\"l-section-img\" style=\"background-image: url(https:\/\/hotelesms.com\/\/hotel-hilton-garden-inn\/wp-content\/uploads\/sites\/5\/2022\/09\/28-Habitacion-twin-Hotel-Hilton-Garden-Inn-Cali-1.jpg);\" data-img-width=\"900\" data-img-height=\"600\"><\/div><div class=\"l-section-overlay\" style=\"background:rgba(0,0,0,0.40)\"><\/div><div class=\"l-section-h i-cf\"><div class=\"g-cols vc_row via_grid cols_1 laptops-cols_inherit tablets-cols_inherit mobiles-cols_1 valign_top type_default stacking_default\"><div class=\"wpb_column vc_column_container\"><div class=\"vc_column-inner\"><div class=\"g-cols wpb_row via_grid cols_1-4-1 laptops-cols_inherit tablets-cols_inherit mobiles-cols_1 valign_top type_default stacking_default\"><div class=\"wpb_column vc_column_container\"><div class=\"vc_column-inner\"><\/div><\/div><div class=\"wpb_column vc_column_container\"><div class=\"vc_column-inner\"><div class=\"w-separator size_medium\"><\/div><div class=\"wpb_text_column\"><div class=\"wpb_wrapper\"><h3 style=\"text-align: center;\">Habitaci\u00f3n Twin<\/h3>\n<\/div><\/div><div class=\"w-separator size_medium\"><\/div><div class=\"wpb_text_column\"><div class=\"wpb_wrapper\"><p style=\"text-align: center;\">Nuestras habitaciones twin ofrecen los mejores est\u00e1ndares pensados en la m\u00e1xima comodidad de los hu\u00e9spedes: cuenta con dos camas semidobles y detalles como nevera, m\u00e1quina de caf\u00e9 expreso y secador de pelo. Sumado a lo anterior, la hermosa vista de la ciudad, la tranquilidad del sector y la amabilidad de nuestro equipo har\u00e1n de tu estad\u00eda una experiencia que vas a querer repetir.<\/p>\n<\/div><\/div><div class=\"w-separator size_medium\"><\/div><div class=\"w-sharing type_simple align_center color_default\"><div class=\"w-sharing-list\"><a class=\"w-sharing-item email\" href=\"mailto:?subject=Habitaci\u00f3n Twin&amp;body=https:\/\/hotelesms.com\/\/hotel-hilton-garden-inn\/wp-json\/wp\/v2\/pages\/8250\" title=\"Env\u00edalo por mail\" aria-label=\"Env\u00edalo por mail\"><i class=\"fas fa-envelope\"><\/i><\/a><a class=\"w-sharing-item facebook\" href=\"https:\/\/www.facebook.com\/sharer\/sharer.php?u=https:\/\/hotelesms.com\/\/hotel-hilton-garden-inn\/wp-json\/wp\/v2\/pages\/8250&amp;quote=Habitaci\u00f3n Twin\" title=\"Comparte esto\" aria-label=\"Comparte esto\" onclick=\"window.open(this.href, &quot;facebook&quot;, &quot;toolbar=0,width=900,height=500&quot;); return false;\"><i class=\"fab fa-facebook\"><\/i><\/a><a class=\"w-sharing-item twitter\" href=\"https:\/\/twitter.com\/intent\/tweet?text=Habitaci\u00f3n Twin&amp;url=https:\/\/hotelesms.com\/\/hotel-hilton-garden-inn\/wp-json\/wp\/v2\/pages\/8250\" title=\"Twittear\" aria-label=\"Twittear\" onclick=\"window.open(this.href, &quot;twitter&quot;, &quot;toolbar=0,width=650,height=360&quot;); return false;\"><i class=\"fab fa-twitter\"><\/i><\/a><a class=\"w-sharing-item pinterest\" href=\"https:\/\/www.pinterest.com\/pin\/create\/button\/?url=https:\/\/hotelesms.com\/\/hotel-hilton-garden-inn\/wp-json\/wp\/v2\/pages\/8250&amp;media=https:\/\/hotelesms.com\/\/hotel-hilton-garden-inn\/wp-content\/uploads\/sites\/5\/2022\/09\/28-Habitacion-twin-Hotel-Hilton-Garden-Inn-Cali-1.jpg&amp;description=Habitaci\u00f3n Twin\" title=\"Pin\u00e9alo\" aria-label=\"Pin\u00e9alo\" onclick=\"window.open(this.href, &quot;pinterest&quot;, &quot;toolbar=no,width=700,height=300&quot;); return false;\"><i class=\"fab fa-pinterest\"><\/i><\/a><\/div><\/div><\/div><\/div><div class=\"wpb_column vc_column_container\"><div class=\"vc_column-inner\"><\/div><\/div><\/div><div class=\"g-cols wpb_row via_grid cols_1-4-1 laptops-cols_inherit tablets-cols_inherit mobiles-cols_1 valign_top type_default stacking_default\"><div class=\"wpb_column vc_column_container\"><div class=\"vc_column-inner\"><div class=\"w-separator size_large\"><\/div><\/div><\/div><div class=\"wpb_column vc_column_container\"><div class=\"vc_column-inner\"><div class=\"w-separator size_large\"><\/div><div class=\"w-tabs layout_ver navwidth_auto navpos_left style_simple switch_click has_scrolling\" style=\"--sections-title-size:1em\"><div class=\"w-tabs-list items_5 align_none\"><div class=\"w-tabs-list-h\"><button class=\"w-tabs-item with_icon\" aria-controls=\"content-l663\"><i class=\"fal fa-heart\"><\/i><span class=\"w-tabs-item-title\">Comodidades<\/span><\/button><button class=\"w-tabs-item with_icon\" aria-controls=\"content-c783\"><i class=\"fal fa-bed\"><\/i><span class=\"w-tabs-item-title\">Dotaci\u00f3n<\/span><\/button><button class=\"w-tabs-item with_icon\" aria-controls=\"content-p87d\"><i class=\"fal fa-concierge-bell\"><\/i><span class=\"w-tabs-item-title\">Pol\u00edticas<\/span><\/button><button class=\"w-tabs-item with_icon\" aria-controls=\"content-z980\"><i class=\"fal fa-star\"><\/i><span class=\"w-tabs-item-title\">Servicios<\/span><\/button><button class=\"w-tabs-item active defined-active with_icon\" aria-controls=\"content-dbd5\"><i class=\"fas fa-clock\"><\/i><span class=\"w-tabs-item-title\">Horarios<\/span><\/button><\/div><\/div><div class=\"w-tabs-sections titles-align_none icon_chevron cpos_right\"><div class=\"w-tabs-section\" id=\"l663\"><button aria-controls=\"content-l663\" class=\"w-tabs-section-header with_icon\"><i class=\"fal fa-heart\"><\/i><div class=\"w-tabs-section-title\">Comodidades<\/div><div class=\"w-tabs-section-control\"><\/div><\/button><div  class=\"w-tabs-section-content\" id=\"content-l663\" aria-expanded=\"false\"><div class=\"w-tabs-section-content-h i-cf\"><div class=\"wpb_text_column\"><div class=\"wpb_wrapper\"><ul>\n<li>Aire acondicionado<\/li>\n<li>Agua fr\u00eda y caliente<\/li>\n<li>Amenities<\/li>\n<li>Toallas<\/li>\n<li>Secador de cabello<\/li>\n<li>Refrigerador peque\u00f1o<\/li>\n<\/ul>\n<\/div><\/div><\/div><\/div><\/div><div class=\"w-tabs-section\" id=\"c783\"><button aria-controls=\"content-c783\" class=\"w-tabs-section-header with_icon\"><i class=\"fal fa-bed\"><\/i><div class=\"w-tabs-section-title\">Dotaci\u00f3n<\/div><div class=\"w-tabs-section-control\"><\/div><\/button><div  class=\"w-tabs-section-content\" id=\"content-c783\" aria-expanded=\"false\"><div class=\"w-tabs-section-content-h i-cf\"><div class=\"wpb_text_column\"><div class=\"wpb_wrapper\"><ul>\n<li>Dos camas semidobles<\/li>\n<li>Lencer\u00eda fina<\/li>\n<li>Plancha y tabla de planchar<\/li>\n<li>Reloj despertador<\/li>\n<li>Tv Smart 42\u201d<\/li>\n<li>Mesas de noche<\/li>\n<li>Cajilla de seguridad<\/li>\n<li>Closet con ocho ganchos<\/li>\n<li>Mesa y silla<\/li>\n<\/ul>\n<\/div><\/div><\/div><\/div><\/div><div class=\"w-tabs-section\" id=\"p87d\"><button aria-controls=\"content-p87d\" class=\"w-tabs-section-header with_icon\"><i class=\"fal fa-concierge-bell\"><\/i><div class=\"w-tabs-section-title\">Pol\u00edticas<\/div><div class=\"w-tabs-section-control\"><\/div><\/button><div  class=\"w-tabs-section-content\" id=\"content-p87d\" aria-expanded=\"false\"><div class=\"w-tabs-section-content-h i-cf\"><div class=\"wpb_text_column\"><div class=\"wpb_wrapper\"><ul>\n<li>Check in: 15:00<\/li>\n<li>Check out: 12:00m<\/li>\n<li>Pueden alojarse ni\u00f1os de todas las edades<\/li>\n<li>Parqueadero gratuito<\/li>\n<\/ul>\n<p><strong>Cancelaciones<\/strong><\/p>\n<p>Las cancelaciones de la reserva deben hacerse antes de las 72 horas de la entrada al hotel, de lo contrario se efectuar\u00e1 el cargo de la primera noche a tu cuenta.<\/p>\n<\/div><\/div><\/div><\/div><\/div><div class=\"w-tabs-section\" id=\"z980\"><button aria-controls=\"content-z980\" class=\"w-tabs-section-header with_icon\"><i class=\"fal fa-star\"><\/i><div class=\"w-tabs-section-title\">Servicios<\/div><div class=\"w-tabs-section-control\"><\/div><\/button><div  class=\"w-tabs-section-content\" id=\"content-z980\" aria-expanded=\"false\"><div class=\"w-tabs-section-content-h i-cf\"><div class=\"wpb_text_column\"><div class=\"wpb_wrapper\"><ul>\n<li>Restaurante<\/li>\n<li>Room Service (con costo adicional)<\/li>\n<li>Lavander\u00eda (con costo adicional)<\/li>\n<li>Business center<\/li>\n<li>Internet WiFi<\/li>\n<li>Parqueadero en bah\u00eda (limitado)<\/li>\n<li>Sol\u00e1rium<\/li>\n<li>Zona h\u00fameda con jacuzzi y turco<\/li>\n<li>Zona de ejercicio<\/li>\n<li>Llamadas locales y larga distancia (costo adicional)<\/li>\n<\/ul>\n<\/div><\/div><\/div><\/div><\/div><div class=\"w-tabs-section active\" id=\"dbd5\"><button aria-controls=\"content-dbd5\" class=\"w-tabs-section-header active with_icon\"><i class=\"fas fa-clock\"><\/i><div class=\"w-tabs-section-title\">Horarios<\/div><div class=\"w-tabs-section-control\"><\/div><\/button><div  class=\"w-tabs-section-content\" id=\"content-dbd5\" aria-expanded=\"true\"><div class=\"w-tabs-section-content-h i-cf\"><div class=\"w-iconbox iconpos_left style_default color_custom align_left\"><div class=\"w-iconbox-icon\" style=\"font-size:0,8rem;color:#ffffff;\"><i class=\"fas fa-angle-double-right\"><\/i><\/div><div class=\"w-iconbox-meta\"><h6 class=\"w-iconbox-title\">Check in<\/h6><div class=\"w-iconbox-text\"><p>Check in: 15:00<\/p>\n<\/div><\/div><\/div><div class=\"w-separator size_small\"><\/div><div class=\"w-iconbox iconpos_left style_default color_custom align_left\"><div class=\"w-iconbox-icon\" style=\"font-size:0,8rem;color:#ffffff;\"><i class=\"fas fa-angle-double-left\"><\/i><\/div><div class=\"w-iconbox-meta\"><h6 class=\"w-iconbox-title\">Check out<\/h6><div class=\"w-iconbox-text\"><p>Check out: 12:00<\/p>\n<\/div><\/div><\/div><div class=\"w-separator size_small\"><\/div><div class=\"w-iconbox iconpos_left style_default color_custom align_left\"><div class=\"w-iconbox-icon\" style=\"font-size:0,8rem;color:#ffffff;\"><i class=\"fal fa-coffee\"><\/i><\/div><div class=\"w-iconbox-meta\"><h6 class=\"w-iconbox-title\">Desayuno<\/h6><div class=\"w-iconbox-text\"><p>Desayuno: Lunes a domingo y festivos: 6:00am a 10:00am<\/p>\n<\/div><\/div><\/div><\/div><\/div><\/div><\/div><\/div><\/div><\/div><div class=\"wpb_column vc_column_container\"><div class=\"vc_column-inner\"><\/div><\/div><\/div><div class=\"w-separator size_large\"><\/div><div class=\"w-btn-wrapper align_center\"><a class=\"w-btn us-btn-style_11 us_custom_1b04de86\" title=\"Habitaciones\" href=\"\/hotel-hilton-garden-inn\/habitaciones\/\"><span class=\"w-btn-label\">VER M\u00c1S HABITACIONES<\/span><\/a><\/div><div class=\"w-separator size_medium\"><\/div><\/div><\/div><\/div><\/div><\/section>\n","protected":false},"excerpt":{"rendered":"Habitaci\u00f3n Twin Nuestras habitaciones twin ofrecen los mejores est\u00e1ndares pensados en la m\u00e1xima comodidad de los hu\u00e9spedes: cuenta con dos camas semidobles y detalles como nevera, m\u00e1quina de caf\u00e9 expreso y secador de pelo. Sumado a lo anterior, la hermosa vista de la ciudad, la tranquilidad del sector y la amabilidad de nuestro equipo har\u00e1n...","protected":false},"author":1,"featured_media":8922,"parent":8244,"menu_order":0,"comment_status":"closed","ping_status":"closed","template":"","meta":{"footnotes":""},"class_list":["post-8250","page","type-page","status-publish","has-post-thumbnail","hentry"],"acf":[],"yoast_head":"<!-- This site is optimized with the Yoast SEO plugin v27.4 - https:\/\/yoast.com\/product\/yoast-seo-wordpress\/ -->\n<title>Habitaci\u00f3n Twin - Hotel Hilton Garden Inn - en Cali<\/title>\n<meta name=\"description\" content=\"Habitaci\u00f3n Dos Camas Dobles del Hotel Hilton Garden Inn ofrece servicios, comodidades y lujo, en la mejor zona comercial y de negocios, Cali.\" \/>\n<meta name=\"robots\" content=\"index, follow, max-snippet:-1, max-image-preview:large, max-video-preview:-1\" \/>\n<link rel=\"canonical\" href=\"http:\/\/hotelesms.com\/\/hotel-hilton-garden-inn\/habitaciones-en-hotel-hilton-garden-inn\/habitacion-twin\/\" \/>\n<meta property=\"og:locale\" content=\"es_ES\" \/>\n<meta property=\"og:type\" content=\"article\" \/>\n<meta property=\"og:title\" content=\"Habitaci\u00f3n Twin - Hotel Hilton Garden Inn - en Cali\" \/>\n<meta property=\"og:description\" content=\"Habitaci\u00f3n Dos Camas Dobles del Hotel Hilton Garden Inn ofrece servicios, comodidades y lujo, en la mejor zona comercial y de negocios, Cali.\" \/>\n<meta property=\"og:url\" content=\"http:\/\/hotelesms.com\/\/hotel-hilton-garden-inn\/habitaciones-en-hotel-hilton-garden-inn\/habitacion-twin\/\" \/>\n<meta property=\"og:site_name\" content=\"Hotel Hilton Garden Inn\" \/>\n<meta property=\"article:modified_time\" content=\"2022-11-22T22:50:08+00:00\" \/>\n<meta property=\"og:image\" content=\"http:\/\/hotelesms.com\/\/hotel-hilton-garden-inn\/wp-content\/uploads\/sites\/5\/2022\/09\/28-Habitacion-twin-Hotel-Hilton-Garden-Inn-Cali-1.jpg\" \/>\n\t<meta property=\"og:image:width\" content=\"900\" \/>\n\t<meta property=\"og:image:height\" content=\"600\" \/>\n\t<meta property=\"og:image:type\" content=\"image\/jpeg\" \/>\n<meta name=\"twitter:card\" content=\"summary_large_image\" \/>\n<meta name=\"twitter:label1\" content=\"Tiempo de lectura\" \/>\n\t<meta name=\"twitter:data1\" content=\"2 minutos\" \/>\n<script type=\"application\/ld+json\" class=\"yoast-schema-graph\">{\"@context\":\"https:\\\/\\\/schema.org\",\"@graph\":[{\"@type\":\"WebPage\",\"@id\":\"http:\\\/\\\/hotelesms.com\\\/\\\/hotel-hilton-garden-inn\\\/habitaciones-en-hotel-hilton-garden-inn\\\/habitacion-twin\\\/\",\"url\":\"http:\\\/\\\/hotelesms.com\\\/\\\/hotel-hilton-garden-inn\\\/habitaciones-en-hotel-hilton-garden-inn\\\/habitacion-twin\\\/\",\"name\":\"Habitaci\u00f3n Twin - Hotel Hilton Garden Inn - en Cali\",\"isPartOf\":{\"@id\":\"http:\\\/\\\/hotelesms.com\\\/\\\/hotel-hilton-garden-inn\\\/#website\"},\"primaryImageOfPage\":{\"@id\":\"http:\\\/\\\/hotelesms.com\\\/\\\/hotel-hilton-garden-inn\\\/habitaciones-en-hotel-hilton-garden-inn\\\/habitacion-twin\\\/#primaryimage\"},\"image\":{\"@id\":\"http:\\\/\\\/hotelesms.com\\\/\\\/hotel-hilton-garden-inn\\\/habitaciones-en-hotel-hilton-garden-inn\\\/habitacion-twin\\\/#primaryimage\"},\"thumbnailUrl\":\"https:\\\/\\\/hotelesms.com\\\/\\\/hotel-hilton-garden-inn\\\/wp-content\\\/uploads\\\/sites\\\/5\\\/2022\\\/09\\\/28-Habitacion-twin-Hotel-Hilton-Garden-Inn-Cali-1.jpg\",\"datePublished\":\"2022-08-19T23:18:06+00:00\",\"dateModified\":\"2022-11-22T22:50:08+00:00\",\"description\":\"Habitaci\u00f3n Dos Camas Dobles del Hotel Hilton Garden Inn ofrece servicios, comodidades y lujo, en la mejor zona comercial y de negocios, Cali.\",\"breadcrumb\":{\"@id\":\"http:\\\/\\\/hotelesms.com\\\/\\\/hotel-hilton-garden-inn\\\/habitaciones-en-hotel-hilton-garden-inn\\\/habitacion-twin\\\/#breadcrumb\"},\"inLanguage\":\"es\",\"potentialAction\":[{\"@type\":\"ReadAction\",\"target\":[\"http:\\\/\\\/hotelesms.com\\\/\\\/hotel-hilton-garden-inn\\\/habitaciones-en-hotel-hilton-garden-inn\\\/habitacion-twin\\\/\"]}]},{\"@type\":\"ImageObject\",\"inLanguage\":\"es\",\"@id\":\"http:\\\/\\\/hotelesms.com\\\/\\\/hotel-hilton-garden-inn\\\/habitaciones-en-hotel-hilton-garden-inn\\\/habitacion-twin\\\/#primaryimage\",\"url\":\"https:\\\/\\\/hotelesms.com\\\/\\\/hotel-hilton-garden-inn\\\/wp-content\\\/uploads\\\/sites\\\/5\\\/2022\\\/09\\\/28-Habitacion-twin-Hotel-Hilton-Garden-Inn-Cali-1.jpg\",\"contentUrl\":\"https:\\\/\\\/hotelesms.com\\\/\\\/hotel-hilton-garden-inn\\\/wp-content\\\/uploads\\\/sites\\\/5\\\/2022\\\/09\\\/28-Habitacion-twin-Hotel-Hilton-Garden-Inn-Cali-1.jpg\",\"width\":900,\"height\":600,\"caption\":\"Habitaci\u00f3n Dos Camas Dobles, Hotel Hilton Garden Inn, Ciudad Jard\u00edn, Cali\"},{\"@type\":\"BreadcrumbList\",\"@id\":\"http:\\\/\\\/hotelesms.com\\\/\\\/hotel-hilton-garden-inn\\\/habitaciones-en-hotel-hilton-garden-inn\\\/habitacion-twin\\\/#breadcrumb\",\"itemListElement\":[{\"@type\":\"ListItem\",\"position\":1,\"name\":\"Portada\",\"item\":\"http:\\\/\\\/hotelesms.com\\\/\\\/hotel-hilton-garden-inn\\\/\"},{\"@type\":\"ListItem\",\"position\":2,\"name\":\"Habitaciones\",\"item\":\"http:\\\/\\\/hotelesms.com\\\/\\\/hotel-hilton-garden-inn\\\/habitaciones-en-hotel-hilton-garden-inn\\\/\"},{\"@type\":\"ListItem\",\"position\":3,\"name\":\"Habitaci\u00f3n Twin\"}]},{\"@type\":\"WebSite\",\"@id\":\"http:\\\/\\\/hotelesms.com\\\/\\\/hotel-hilton-garden-inn\\\/#website\",\"url\":\"http:\\\/\\\/hotelesms.com\\\/\\\/hotel-hilton-garden-inn\\\/\",\"name\":\"Hotel Hilton Garden Inn\",\"description\":\"Cadena hotelera colombiana de est\u00e1ndares internacionales\",\"publisher\":{\"@id\":\"http:\\\/\\\/hotelesms.com\\\/\\\/hotel-hilton-garden-inn\\\/#organization\"},\"potentialAction\":[{\"@type\":\"SearchAction\",\"target\":{\"@type\":\"EntryPoint\",\"urlTemplate\":\"http:\\\/\\\/hotelesms.com\\\/\\\/hotel-hilton-garden-inn\\\/?s={search_term_string}\"},\"query-input\":{\"@type\":\"PropertyValueSpecification\",\"valueRequired\":true,\"valueName\":\"search_term_string\"}}],\"inLanguage\":\"es\"},{\"@type\":\"Organization\",\"@id\":\"http:\\\/\\\/hotelesms.com\\\/\\\/hotel-hilton-garden-inn\\\/#organization\",\"name\":\"Hotel Hilton Garden Inn, Cali\",\"url\":\"http:\\\/\\\/hotelesms.com\\\/\\\/hotel-hilton-garden-inn\\\/\",\"logo\":{\"@type\":\"ImageObject\",\"inLanguage\":\"es\",\"@id\":\"http:\\\/\\\/hotelesms.com\\\/\\\/hotel-hilton-garden-inn\\\/#\\\/schema\\\/logo\\\/image\\\/\",\"url\":\"https:\\\/\\\/hotelesms.com\\\/\\\/hotel-hilton-garden-inn\\\/wp-content\\\/uploads\\\/sites\\\/5\\\/2022\\\/08\\\/Logo-Hilton-horizontal-color.png\",\"contentUrl\":\"https:\\\/\\\/hotelesms.com\\\/\\\/hotel-hilton-garden-inn\\\/wp-content\\\/uploads\\\/sites\\\/5\\\/2022\\\/08\\\/Logo-Hilton-horizontal-color.png\",\"width\":600,\"height\":202,\"caption\":\"Hotel Hilton Garden Inn, Cali\"},\"image\":{\"@id\":\"http:\\\/\\\/hotelesms.com\\\/\\\/hotel-hilton-garden-inn\\\/#\\\/schema\\\/logo\\\/image\\\/\"}}]}<\/script>\n<!-- \/ Yoast SEO plugin. -->","yoast_head_json":{"title":"Habitaci\u00f3n Twin - Hotel Hilton Garden Inn - en Cali","description":"Habitaci\u00f3n Dos Camas Dobles del Hotel Hilton Garden Inn ofrece servicios, comodidades y lujo, en la mejor zona comercial y de negocios, Cali.","robots":{"index":"index","follow":"follow","max-snippet":"max-snippet:-1","max-image-preview":"max-image-preview:large","max-video-preview":"max-video-preview:-1"},"canonical":"http:\/\/hotelesms.com\/\/hotel-hilton-garden-inn\/habitaciones-en-hotel-hilton-garden-inn\/habitacion-twin\/","og_locale":"es_ES","og_type":"article","og_title":"Habitaci\u00f3n Twin - Hotel Hilton Garden Inn - en Cali","og_description":"Habitaci\u00f3n Dos Camas Dobles del Hotel Hilton Garden Inn ofrece servicios, comodidades y lujo, en la mejor zona comercial y de negocios, Cali.","og_url":"http:\/\/hotelesms.com\/\/hotel-hilton-garden-inn\/habitaciones-en-hotel-hilton-garden-inn\/habitacion-twin\/","og_site_name":"Hotel Hilton Garden Inn","article_modified_time":"2022-11-22T22:50:08+00:00","og_image":[{"width":900,"height":600,"url":"http:\/\/hotelesms.com\/\/hotel-hilton-garden-inn\/wp-content\/uploads\/sites\/5\/2022\/09\/28-Habitacion-twin-Hotel-Hilton-Garden-Inn-Cali-1.jpg","type":"image\/jpeg"}],"twitter_card":"summary_large_image","twitter_misc":{"Tiempo de lectura":"2 minutos"},"schema":{"@context":"https:\/\/schema.org","@graph":[{"@type":"WebPage","@id":"http:\/\/hotelesms.com\/\/hotel-hilton-garden-inn\/habitaciones-en-hotel-hilton-garden-inn\/habitacion-twin\/","url":"http:\/\/hotelesms.com\/\/hotel-hilton-garden-inn\/habitaciones-en-hotel-hilton-garden-inn\/habitacion-twin\/","name":"Habitaci\u00f3n Twin - Hotel Hilton Garden Inn - en Cali","isPartOf":{"@id":"http:\/\/hotelesms.com\/\/hotel-hilton-garden-inn\/#website"},"primaryImageOfPage":{"@id":"http:\/\/hotelesms.com\/\/hotel-hilton-garden-inn\/habitaciones-en-hotel-hilton-garden-inn\/habitacion-twin\/#primaryimage"},"image":{"@id":"http:\/\/hotelesms.com\/\/hotel-hilton-garden-inn\/habitaciones-en-hotel-hilton-garden-inn\/habitacion-twin\/#primaryimage"},"thumbnailUrl":"https:\/\/hotelesms.com\/\/hotel-hilton-garden-inn\/wp-content\/uploads\/sites\/5\/2022\/09\/28-Habitacion-twin-Hotel-Hilton-Garden-Inn-Cali-1.jpg","datePublished":"2022-08-19T23:18:06+00:00","dateModified":"2022-11-22T22:50:08+00:00","description":"Habitaci\u00f3n Dos Camas Dobles del Hotel Hilton Garden Inn ofrece servicios, comodidades y lujo, en la mejor zona comercial y de negocios, Cali.","breadcrumb":{"@id":"http:\/\/hotelesms.com\/\/hotel-hilton-garden-inn\/habitaciones-en-hotel-hilton-garden-inn\/habitacion-twin\/#breadcrumb"},"inLanguage":"es","potentialAction":[{"@type":"ReadAction","target":["http:\/\/hotelesms.com\/\/hotel-hilton-garden-inn\/habitaciones-en-hotel-hilton-garden-inn\/habitacion-twin\/"]}]},{"@type":"ImageObject","inLanguage":"es","@id":"http:\/\/hotelesms.com\/\/hotel-hilton-garden-inn\/habitaciones-en-hotel-hilton-garden-inn\/habitacion-twin\/#primaryimage","url":"https:\/\/hotelesms.com\/\/hotel-hilton-garden-inn\/wp-content\/uploads\/sites\/5\/2022\/09\/28-Habitacion-twin-Hotel-Hilton-Garden-Inn-Cali-1.jpg","contentUrl":"https:\/\/hotelesms.com\/\/hotel-hilton-garden-inn\/wp-content\/uploads\/sites\/5\/2022\/09\/28-Habitacion-twin-Hotel-Hilton-Garden-Inn-Cali-1.jpg","width":900,"height":600,"caption":"Habitaci\u00f3n Dos Camas Dobles, Hotel Hilton Garden Inn, Ciudad Jard\u00edn, Cali"},{"@type":"BreadcrumbList","@id":"http:\/\/hotelesms.com\/\/hotel-hilton-garden-inn\/habitaciones-en-hotel-hilton-garden-inn\/habitacion-twin\/#breadcrumb","itemListElement":[{"@type":"ListItem","position":1,"name":"Portada","item":"http:\/\/hotelesms.com\/\/hotel-hilton-garden-inn\/"},{"@type":"ListItem","position":2,"name":"Habitaciones","item":"http:\/\/hotelesms.com\/\/hotel-hilton-garden-inn\/habitaciones-en-hotel-hilton-garden-inn\/"},{"@type":"ListItem","position":3,"name":"Habitaci\u00f3n Twin"}]},{"@type":"WebSite","@id":"http:\/\/hotelesms.com\/\/hotel-hilton-garden-inn\/#website","url":"http:\/\/hotelesms.com\/\/hotel-hilton-garden-inn\/","name":"Hotel Hilton Garden Inn","description":"Cadena hotelera colombiana de est\u00e1ndares internacionales","publisher":{"@id":"http:\/\/hotelesms.com\/\/hotel-hilton-garden-inn\/#organization"},"potentialAction":[{"@type":"SearchAction","target":{"@type":"EntryPoint","urlTemplate":"http:\/\/hotelesms.com\/\/hotel-hilton-garden-inn\/?s={search_term_string}"},"query-input":{"@type":"PropertyValueSpecification","valueRequired":true,"valueName":"search_term_string"}}],"inLanguage":"es"},{"@type":"Organization","@id":"http:\/\/hotelesms.com\/\/hotel-hilton-garden-inn\/#organization","name":"Hotel Hilton Garden Inn, Cali","url":"http:\/\/hotelesms.com\/\/hotel-hilton-garden-inn\/","logo":{"@type":"ImageObject","inLanguage":"es","@id":"http:\/\/hotelesms.com\/\/hotel-hilton-garden-inn\/#\/schema\/logo\/image\/","url":"https:\/\/hotelesms.com\/\/hotel-hilton-garden-inn\/wp-content\/uploads\/sites\/5\/2022\/08\/Logo-Hilton-horizontal-color.png","contentUrl":"https:\/\/hotelesms.com\/\/hotel-hilton-garden-inn\/wp-content\/uploads\/sites\/5\/2022\/08\/Logo-Hilton-horizontal-color.png","width":600,"height":202,"caption":"Hotel Hilton Garden Inn, Cali"},"image":{"@id":"http:\/\/hotelesms.com\/\/hotel-hilton-garden-inn\/#\/schema\/logo\/image\/"}}]}},"_links":{"self":[{"href":"https:\/\/hotelesms.com\/\/hotel-hilton-garden-inn\/wp-json\/wp\/v2\/pages\/8250","targetHints":{"allow":["GET"]}}],"collection":[{"href":"https:\/\/hotelesms.com\/\/hotel-hilton-garden-inn\/wp-json\/wp\/v2\/pages"}],"about":[{"href":"https:\/\/hotelesms.com\/\/hotel-hilton-garden-inn\/wp-json\/wp\/v2\/types\/page"}],"author":[{"embeddable":true,"href":"https:\/\/hotelesms.com\/\/hotel-hilton-garden-inn\/wp-json\/wp\/v2\/users\/1"}],"replies":[{"embeddable":true,"href":"https:\/\/hotelesms.com\/\/hotel-hilton-garden-inn\/wp-json\/wp\/v2\/comments?post=8250"}],"version-history":[{"count":11,"href":"https:\/\/hotelesms.com\/\/hotel-hilton-garden-inn\/wp-json\/wp\/v2\/pages\/8250\/revisions"}],"predecessor-version":[{"id":9174,"href":"https:\/\/hotelesms.com\/\/hotel-hilton-garden-inn\/wp-json\/wp\/v2\/pages\/8250\/revisions\/9174"}],"up":[{"embeddable":true,"href":"https:\/\/hotelesms.com\/\/hotel-hilton-garden-inn\/wp-json\/wp\/v2\/pages\/8244"}],"wp:featuredmedia":[{"embeddable":true,"href":"https:\/\/hotelesms.com\/\/hotel-hilton-garden-inn\/wp-json\/wp\/v2\/media\/8922"}],"wp:attachment":[{"href":"https:\/\/hotelesms.com\/\/hotel-hilton-garden-inn\/wp-json\/wp\/v2\/media?parent=8250"}],"curies":[{"name":"wp","href":"https:\/\/api.w.org\/{rel}","templated":true}]}}