{"id":8254,"date":"2022-08-19T23:20:58","date_gmt":"2022-08-19T23:20:58","guid":{"rendered":"https:\/\/hotelesms.com\/\/hotel-hilton-garden-inn\/?page_id=8254"},"modified":"2023-03-10T18:48:17","modified_gmt":"2023-03-10T18:48:17","slug":"servicios","status":"publish","type":"page","link":"https:\/\/hotelesms.com\/\/hotel-hilton-garden-inn\/servicios\/","title":{"rendered":"Servicios"},"content":{"rendered":"<section class=\"l-section wpb_row height_auto full_height valign_center color_primary with_img parallax_ver\"><div class=\"l-section-img\" style=\"background-image: url(https:\/\/hotelesms.com\/\/hotel-hilton-garden-inn\/wp-content\/uploads\/sites\/5\/2022\/09\/4-Hilton-Garden-Inn-Cali-fachada-Editar-Editar.jpg);background-position: bottom center;\" data-img-width=\"840\" data-img-height=\"600\"><\/div><div class=\"l-section-overlay\" style=\"background:rgba(0,0,0,0.40)\"><\/div><div class=\"l-section-h i-cf\"><div class=\"g-cols vc_row via_grid cols_1 laptops-cols_inherit tablets-cols_inherit mobiles-cols_1 valign_top type_default stacking_default\"><div class=\"wpb_column vc_column_container\"><div class=\"vc_column-inner\"><div class=\"w-separator size_large\"><\/div><div class=\"w-iconbox iconpos_top style_default color_custom align_center no_title no_text\"><div class=\"w-iconbox-icon\" style=\"font-size:2rem;color:#ffffff;\"><i class=\"fal fa-hand-holding-heart\"><\/i><\/div><div class=\"w-iconbox-meta\"><\/div><\/div><div class=\"w-separator size_small\"><\/div><div class=\"g-cols wpb_row via_grid cols_1-4-1 laptops-cols_inherit tablets-cols_inherit mobiles-cols_1 valign_top type_default stacking_default\"><div class=\"wpb_column vc_column_container\"><div class=\"vc_column-inner\"><div class=\"w-separator size_medium\"><\/div><\/div><\/div><div class=\"wpb_column vc_column_container\"><div class=\"vc_column-inner\"><div class=\"wpb_text_column\"><div class=\"wpb_wrapper\"><h1 style=\"text-align: center;\">Servicios<\/h1>\n<p style=\"text-align: center;\">Hotel Hilton Garden Inn en Cali ofrece a sus hu\u00e9spedes servicios de calidad sustentados por la amabilidad y la vocaci\u00f3n de su personal, siempre atentos a las necesidades de quienes conf\u00edan en nosotros, haciendo mejor y m\u00e1s rica la experiencia de alojamiento.<\/p>\n<\/div><\/div><div class=\"w-separator size_small\"><\/div><\/div><\/div><div class=\"wpb_column vc_column_container\"><div class=\"vc_column-inner\"><\/div><\/div><\/div><div class=\"w-separator size_medium\"><\/div><div class=\"g-cols wpb_row via_grid cols_4 laptops-cols_inherit tablets-cols_inherit mobiles-cols_1 valign_top type_default stacking_default\"><div class=\"wpb_column vc_column_container\"><div class=\"vc_column-inner\"><div class=\"w-iconbox iconpos_top style_default color_custom align_center no_title\"><div class=\"w-iconbox-icon\" style=\"font-size:40px;color:#ffffff;\"><i class=\"fal fa-utensils-alt\"><\/i><\/div><div class=\"w-iconbox-meta\"><div class=\"w-iconbox-text\"><p>Restaurante<\/p>\n<\/div><\/div><\/div><\/div><\/div><div class=\"wpb_column vc_column_container\"><div class=\"vc_column-inner\"><div class=\"w-iconbox iconpos_top style_default color_custom align_center no_title\"><div class=\"w-iconbox-icon\" style=\"font-size:40px;color:#ffffff;\"><i class=\"fal fa-dog\"><\/i><\/div><div class=\"w-iconbox-meta\"><div class=\"w-iconbox-text\"><p>Pet-friendly<\/p>\n<\/div><\/div><\/div><\/div><\/div><div class=\"wpb_column vc_column_container\"><div class=\"vc_column-inner\"><div class=\"w-iconbox iconpos_top style_default color_custom align_center no_title\"><div class=\"w-iconbox-icon\" style=\"font-size:40px;color:#ffffff;\"><i class=\"fal fa-car-garage\"><\/i><\/div><div class=\"w-iconbox-meta\"><div class=\"w-iconbox-text\"><p>Parqueadero<\/p>\n<\/div><\/div><\/div><\/div><\/div><div class=\"wpb_column vc_column_container\"><div class=\"vc_column-inner\"><div class=\"w-iconbox iconpos_top style_default color_custom align_center no_title\"><div class=\"w-iconbox-icon\" style=\"font-size:40px;color:#ffffff;\"><i class=\"fal fa-users\"><\/i><\/div><div class=\"w-iconbox-meta\"><div class=\"w-iconbox-text\"><p>Salones para eventos<\/p>\n<\/div><\/div><\/div><\/div><\/div><\/div><div class=\"w-separator size_medium\"><\/div><div class=\"g-cols wpb_row via_grid cols_4 laptops-cols_inherit tablets-cols_inherit mobiles-cols_1 valign_top type_default stacking_default\"><div class=\"wpb_column vc_column_container\"><div class=\"vc_column-inner\"><div class=\"w-iconbox iconpos_top style_default color_custom align_center no_title\"><div class=\"w-iconbox-icon\" style=\"font-size:40px;color:#ffffff;\"><i class=\"fal fa-wifi\"><\/i><\/div><div class=\"w-iconbox-meta\"><div class=\"w-iconbox-text\"><p>Conectividad<\/p>\n<\/div><\/div><\/div><\/div><\/div><div class=\"wpb_column vc_column_container\"><div class=\"vc_column-inner\"><div class=\"w-iconbox iconpos_top style_default color_custom align_center no_title\"><div class=\"w-iconbox-icon\" style=\"font-size:40px;color:#ffffff;\"><i class=\"fal fa-laptop\"><\/i><\/div><div class=\"w-iconbox-meta\"><div class=\"w-iconbox-text\"><p>Business center<\/p>\n<\/div><\/div><\/div><\/div><\/div><div class=\"wpb_column vc_column_container\"><div class=\"vc_column-inner\"><div class=\"w-iconbox iconpos_top style_default color_custom align_center no_title\"><div class=\"w-iconbox-icon\" style=\"font-size:40px;color:#ffffff;\"><i class=\"fal fa-sun\"><\/i><\/div><div class=\"w-iconbox-meta\"><div class=\"w-iconbox-text\"><p>Sol\u00e1rium<\/p>\n<\/div><\/div><\/div><\/div><\/div><div class=\"wpb_column vc_column_container\"><div class=\"vc_column-inner\"><div class=\"w-iconbox iconpos_top style_default color_custom align_center no_title\"><div class=\"w-iconbox-icon\" style=\"font-size:40px;color:#ffffff;\"><i class=\"fal fa-smoking-ban\"><\/i><\/div><div class=\"w-iconbox-meta\"><div class=\"w-iconbox-text\"><p>Habitaci\u00f3n para no fumadores<\/p>\n<\/div><\/div><\/div><\/div><\/div><\/div><div class=\"w-separator size_medium\"><\/div><div class=\"g-cols wpb_row via_grid cols_4 laptops-cols_inherit tablets-cols_inherit mobiles-cols_1 valign_top type_default stacking_default\"><div class=\"wpb_column vc_column_container\"><div class=\"vc_column-inner\"><div class=\"w-iconbox iconpos_top style_default color_custom align_center no_title\"><div class=\"w-iconbox-icon\" style=\"font-size:50px;color:#ffffff;\"><i class=\"fal fa-concierge-bell\"><\/i><\/div><div class=\"w-iconbox-meta\"><div class=\"w-iconbox-text\"><p>Room service<\/p>\n<\/div><\/div><\/div><\/div><\/div><div class=\"wpb_column vc_column_container\"><div class=\"vc_column-inner\"><div class=\"w-iconbox iconpos_top style_default color_custom align_center no_title\"><div class=\"w-iconbox-icon\" style=\"font-size:50px;color:#ffffff;\"><i class=\"fal fa-phone-volume\"><\/i><\/div><div class=\"w-iconbox-meta\"><div class=\"w-iconbox-text\"><p>Llamadas Locales<\/p>\n<\/div><\/div><\/div><\/div><\/div><div class=\"wpb_column vc_column_container\"><div class=\"vc_column-inner\"><div class=\"w-iconbox iconpos_top style_default color_custom align_center no_title\"><div class=\"w-iconbox-icon\" style=\"font-size:50px;color:#ffffff;\"><i class=\"fal fa-spa\"><\/i><\/div><div class=\"w-iconbox-meta\"><div class=\"w-iconbox-text\"><p>Spa<\/p>\n<\/div><\/div><\/div><\/div><\/div><div class=\"wpb_column vc_column_container\"><div class=\"vc_column-inner\"><div class=\"w-iconbox iconpos_top style_default color_custom align_center no_title\"><div class=\"w-iconbox-icon\" style=\"font-size:50px;color:#ffffff;\"><i class=\"fal fa-dumbbell\"><\/i><\/div><div class=\"w-iconbox-meta\"><div class=\"w-iconbox-text\"><p>Zona de ejercicios<\/p>\n<\/div><\/div><\/div><\/div><\/div><\/div><div class=\"w-separator size_medium\"><\/div><div class=\"w-btn-wrapper align_center\"><a class=\"w-btn us-btn-style_11 us_custom_1b04de86\" title=\"Fotograf\u00edas\" href=\"\/hotel-hilton-garden-inn\/servicios\/fotografias\/\"><span class=\"w-btn-label\">VER IM\u00c1GENES<\/span><\/a><\/div><div class=\"w-separator size_large\"><\/div><\/div><\/div><\/div><\/div><\/section>\n","protected":false},"excerpt":{"rendered":"Servicios Hotel Hilton Garden Inn en Cali ofrece a sus hu\u00e9spedes servicios de calidad sustentados por la amabilidad y la vocaci\u00f3n de su personal, siempre atentos a las necesidades de quienes conf\u00edan en nosotros, haciendo mejor y m\u00e1s rica la experiencia de alojamiento. Restaurante Pet-friendly Parqueadero Salones para eventos Conectividad Business center Sol\u00e1rium Habitaci\u00f3n para...","protected":false},"author":1,"featured_media":9127,"parent":0,"menu_order":0,"comment_status":"closed","ping_status":"closed","template":"","meta":{"footnotes":""},"class_list":["post-8254","page","type-page","status-publish","has-post-thumbnail","hentry"],"acf":[],"yoast_head":"<!-- This site is optimized with the Yoast SEO plugin v27.4 - https:\/\/yoast.com\/product\/yoast-seo-wordpress\/ -->\n<title>Servicios - Hotel Hilton Garden Inn<\/title>\n<meta name=\"description\" content=\"Servicios de calidad sustentados por la amabilidad y la vocaci\u00f3n de nuestro personal en Hotel MS Ciudad Jard\u00edn\" \/>\n<meta name=\"robots\" content=\"index, follow, max-snippet:-1, max-image-preview:large, max-video-preview:-1\" \/>\n<link rel=\"canonical\" href=\"http:\/\/hotelesms.com\/\/hotel-hilton-garden-inn\/servicios\/\" \/>\n<meta property=\"og:locale\" content=\"es_ES\" \/>\n<meta property=\"og:type\" content=\"article\" \/>\n<meta property=\"og:title\" content=\"Servicios - Hotel Hilton Garden Inn\" \/>\n<meta property=\"og:description\" content=\"Servicios de calidad sustentados por la amabilidad y la vocaci\u00f3n de nuestro personal en Hotel MS Ciudad Jard\u00edn\" \/>\n<meta property=\"og:url\" content=\"http:\/\/hotelesms.com\/\/hotel-hilton-garden-inn\/servicios\/\" \/>\n<meta property=\"og:site_name\" content=\"Hotel Hilton Garden Inn\" \/>\n<meta property=\"article:modified_time\" content=\"2023-03-10T18:48:17+00:00\" \/>\n<meta property=\"og:image\" content=\"http:\/\/hotelesms.com\/\/hotel-hilton-garden-inn\/wp-content\/uploads\/sites\/5\/2022\/09\/Hilton-Gardenn-Inn-Cali-por-MS.png\" \/>\n\t<meta property=\"og:image:width\" content=\"900\" \/>\n\t<meta property=\"og:image:height\" content=\"600\" \/>\n\t<meta property=\"og:image:type\" content=\"image\/png\" \/>\n<meta name=\"twitter:card\" content=\"summary_large_image\" \/>\n<meta name=\"twitter:label1\" content=\"Tiempo de lectura\" \/>\n\t<meta name=\"twitter:data1\" content=\"2 minutos\" \/>\n<script type=\"application\/ld+json\" class=\"yoast-schema-graph\">{\"@context\":\"https:\\\/\\\/schema.org\",\"@graph\":[{\"@type\":\"WebPage\",\"@id\":\"http:\\\/\\\/hotelesms.com\\\/\\\/hotel-hilton-garden-inn\\\/servicios\\\/\",\"url\":\"http:\\\/\\\/hotelesms.com\\\/\\\/hotel-hilton-garden-inn\\\/servicios\\\/\",\"name\":\"Servicios - Hotel Hilton Garden Inn\",\"isPartOf\":{\"@id\":\"http:\\\/\\\/hotelesms.com\\\/\\\/hotel-hilton-garden-inn\\\/#website\"},\"primaryImageOfPage\":{\"@id\":\"http:\\\/\\\/hotelesms.com\\\/\\\/hotel-hilton-garden-inn\\\/servicios\\\/#primaryimage\"},\"image\":{\"@id\":\"http:\\\/\\\/hotelesms.com\\\/\\\/hotel-hilton-garden-inn\\\/servicios\\\/#primaryimage\"},\"thumbnailUrl\":\"https:\\\/\\\/hotelesms.com\\\/\\\/hotel-hilton-garden-inn\\\/wp-content\\\/uploads\\\/sites\\\/5\\\/2022\\\/09\\\/Hilton-Gardenn-Inn-Cali-por-MS.png\",\"datePublished\":\"2022-08-19T23:20:58+00:00\",\"dateModified\":\"2023-03-10T18:48:17+00:00\",\"description\":\"Servicios de calidad sustentados por la amabilidad y la vocaci\u00f3n de nuestro personal en Hotel MS Ciudad Jard\u00edn\",\"breadcrumb\":{\"@id\":\"http:\\\/\\\/hotelesms.com\\\/\\\/hotel-hilton-garden-inn\\\/servicios\\\/#breadcrumb\"},\"inLanguage\":\"es\",\"potentialAction\":[{\"@type\":\"ReadAction\",\"target\":[\"http:\\\/\\\/hotelesms.com\\\/\\\/hotel-hilton-garden-inn\\\/servicios\\\/\"]}]},{\"@type\":\"ImageObject\",\"inLanguage\":\"es\",\"@id\":\"http:\\\/\\\/hotelesms.com\\\/\\\/hotel-hilton-garden-inn\\\/servicios\\\/#primaryimage\",\"url\":\"https:\\\/\\\/hotelesms.com\\\/\\\/hotel-hilton-garden-inn\\\/wp-content\\\/uploads\\\/sites\\\/5\\\/2022\\\/09\\\/Hilton-Gardenn-Inn-Cali-por-MS.png\",\"contentUrl\":\"https:\\\/\\\/hotelesms.com\\\/\\\/hotel-hilton-garden-inn\\\/wp-content\\\/uploads\\\/sites\\\/5\\\/2022\\\/09\\\/Hilton-Gardenn-Inn-Cali-por-MS.png\",\"width\":900,\"height\":600,\"caption\":\"Hotel Hilton Garden Inn, Cali, Colombia\"},{\"@type\":\"BreadcrumbList\",\"@id\":\"http:\\\/\\\/hotelesms.com\\\/\\\/hotel-hilton-garden-inn\\\/servicios\\\/#breadcrumb\",\"itemListElement\":[{\"@type\":\"ListItem\",\"position\":1,\"name\":\"Portada\",\"item\":\"http:\\\/\\\/hotelesms.com\\\/\\\/hotel-hilton-garden-inn\\\/\"},{\"@type\":\"ListItem\",\"position\":2,\"name\":\"Servicios\"}]},{\"@type\":\"WebSite\",\"@id\":\"http:\\\/\\\/hotelesms.com\\\/\\\/hotel-hilton-garden-inn\\\/#website\",\"url\":\"http:\\\/\\\/hotelesms.com\\\/\\\/hotel-hilton-garden-inn\\\/\",\"name\":\"Hotel Hilton Garden Inn\",\"description\":\"Cadena hotelera colombiana de est\u00e1ndares internacionales\",\"publisher\":{\"@id\":\"http:\\\/\\\/hotelesms.com\\\/\\\/hotel-hilton-garden-inn\\\/#organization\"},\"potentialAction\":[{\"@type\":\"SearchAction\",\"target\":{\"@type\":\"EntryPoint\",\"urlTemplate\":\"http:\\\/\\\/hotelesms.com\\\/\\\/hotel-hilton-garden-inn\\\/?s={search_term_string}\"},\"query-input\":{\"@type\":\"PropertyValueSpecification\",\"valueRequired\":true,\"valueName\":\"search_term_string\"}}],\"inLanguage\":\"es\"},{\"@type\":\"Organization\",\"@id\":\"http:\\\/\\\/hotelesms.com\\\/\\\/hotel-hilton-garden-inn\\\/#organization\",\"name\":\"Hotel Hilton Garden Inn, Cali\",\"url\":\"http:\\\/\\\/hotelesms.com\\\/\\\/hotel-hilton-garden-inn\\\/\",\"logo\":{\"@type\":\"ImageObject\",\"inLanguage\":\"es\",\"@id\":\"http:\\\/\\\/hotelesms.com\\\/\\\/hotel-hilton-garden-inn\\\/#\\\/schema\\\/logo\\\/image\\\/\",\"url\":\"https:\\\/\\\/hotelesms.com\\\/\\\/hotel-hilton-garden-inn\\\/wp-content\\\/uploads\\\/sites\\\/5\\\/2022\\\/08\\\/Logo-Hilton-horizontal-color.png\",\"contentUrl\":\"https:\\\/\\\/hotelesms.com\\\/\\\/hotel-hilton-garden-inn\\\/wp-content\\\/uploads\\\/sites\\\/5\\\/2022\\\/08\\\/Logo-Hilton-horizontal-color.png\",\"width\":600,\"height\":202,\"caption\":\"Hotel Hilton Garden Inn, Cali\"},\"image\":{\"@id\":\"http:\\\/\\\/hotelesms.com\\\/\\\/hotel-hilton-garden-inn\\\/#\\\/schema\\\/logo\\\/image\\\/\"}}]}<\/script>\n<!-- \/ Yoast SEO plugin. -->","yoast_head_json":{"title":"Servicios - Hotel Hilton Garden Inn","description":"Servicios de calidad sustentados por la amabilidad y la vocaci\u00f3n de nuestro personal en Hotel MS Ciudad Jard\u00edn","robots":{"index":"index","follow":"follow","max-snippet":"max-snippet:-1","max-image-preview":"max-image-preview:large","max-video-preview":"max-video-preview:-1"},"canonical":"http:\/\/hotelesms.com\/\/hotel-hilton-garden-inn\/servicios\/","og_locale":"es_ES","og_type":"article","og_title":"Servicios - Hotel Hilton Garden Inn","og_description":"Servicios de calidad sustentados por la amabilidad y la vocaci\u00f3n de nuestro personal en Hotel MS Ciudad Jard\u00edn","og_url":"http:\/\/hotelesms.com\/\/hotel-hilton-garden-inn\/servicios\/","og_site_name":"Hotel Hilton Garden Inn","article_modified_time":"2023-03-10T18:48:17+00:00","og_image":[{"width":900,"height":600,"url":"http:\/\/hotelesms.com\/\/hotel-hilton-garden-inn\/wp-content\/uploads\/sites\/5\/2022\/09\/Hilton-Gardenn-Inn-Cali-por-MS.png","type":"image\/png"}],"twitter_card":"summary_large_image","twitter_misc":{"Tiempo de lectura":"2 minutos"},"schema":{"@context":"https:\/\/schema.org","@graph":[{"@type":"WebPage","@id":"http:\/\/hotelesms.com\/\/hotel-hilton-garden-inn\/servicios\/","url":"http:\/\/hotelesms.com\/\/hotel-hilton-garden-inn\/servicios\/","name":"Servicios - Hotel Hilton Garden Inn","isPartOf":{"@id":"http:\/\/hotelesms.com\/\/hotel-hilton-garden-inn\/#website"},"primaryImageOfPage":{"@id":"http:\/\/hotelesms.com\/\/hotel-hilton-garden-inn\/servicios\/#primaryimage"},"image":{"@id":"http:\/\/hotelesms.com\/\/hotel-hilton-garden-inn\/servicios\/#primaryimage"},"thumbnailUrl":"https:\/\/hotelesms.com\/\/hotel-hilton-garden-inn\/wp-content\/uploads\/sites\/5\/2022\/09\/Hilton-Gardenn-Inn-Cali-por-MS.png","datePublished":"2022-08-19T23:20:58+00:00","dateModified":"2023-03-10T18:48:17+00:00","description":"Servicios de calidad sustentados por la amabilidad y la vocaci\u00f3n de nuestro personal en Hotel MS Ciudad Jard\u00edn","breadcrumb":{"@id":"http:\/\/hotelesms.com\/\/hotel-hilton-garden-inn\/servicios\/#breadcrumb"},"inLanguage":"es","potentialAction":[{"@type":"ReadAction","target":["http:\/\/hotelesms.com\/\/hotel-hilton-garden-inn\/servicios\/"]}]},{"@type":"ImageObject","inLanguage":"es","@id":"http:\/\/hotelesms.com\/\/hotel-hilton-garden-inn\/servicios\/#primaryimage","url":"https:\/\/hotelesms.com\/\/hotel-hilton-garden-inn\/wp-content\/uploads\/sites\/5\/2022\/09\/Hilton-Gardenn-Inn-Cali-por-MS.png","contentUrl":"https:\/\/hotelesms.com\/\/hotel-hilton-garden-inn\/wp-content\/uploads\/sites\/5\/2022\/09\/Hilton-Gardenn-Inn-Cali-por-MS.png","width":900,"height":600,"caption":"Hotel Hilton Garden Inn, Cali, Colombia"},{"@type":"BreadcrumbList","@id":"http:\/\/hotelesms.com\/\/hotel-hilton-garden-inn\/servicios\/#breadcrumb","itemListElement":[{"@type":"ListItem","position":1,"name":"Portada","item":"http:\/\/hotelesms.com\/\/hotel-hilton-garden-inn\/"},{"@type":"ListItem","position":2,"name":"Servicios"}]},{"@type":"WebSite","@id":"http:\/\/hotelesms.com\/\/hotel-hilton-garden-inn\/#website","url":"http:\/\/hotelesms.com\/\/hotel-hilton-garden-inn\/","name":"Hotel Hilton Garden Inn","description":"Cadena hotelera colombiana de est\u00e1ndares internacionales","publisher":{"@id":"http:\/\/hotelesms.com\/\/hotel-hilton-garden-inn\/#organization"},"potentialAction":[{"@type":"SearchAction","target":{"@type":"EntryPoint","urlTemplate":"http:\/\/hotelesms.com\/\/hotel-hilton-garden-inn\/?s={search_term_string}"},"query-input":{"@type":"PropertyValueSpecification","valueRequired":true,"valueName":"search_term_string"}}],"inLanguage":"es"},{"@type":"Organization","@id":"http:\/\/hotelesms.com\/\/hotel-hilton-garden-inn\/#organization","name":"Hotel Hilton Garden Inn, Cali","url":"http:\/\/hotelesms.com\/\/hotel-hilton-garden-inn\/","logo":{"@type":"ImageObject","inLanguage":"es","@id":"http:\/\/hotelesms.com\/\/hotel-hilton-garden-inn\/#\/schema\/logo\/image\/","url":"https:\/\/hotelesms.com\/\/hotel-hilton-garden-inn\/wp-content\/uploads\/sites\/5\/2022\/08\/Logo-Hilton-horizontal-color.png","contentUrl":"https:\/\/hotelesms.com\/\/hotel-hilton-garden-inn\/wp-content\/uploads\/sites\/5\/2022\/08\/Logo-Hilton-horizontal-color.png","width":600,"height":202,"caption":"Hotel Hilton Garden Inn, Cali"},"image":{"@id":"http:\/\/hotelesms.com\/\/hotel-hilton-garden-inn\/#\/schema\/logo\/image\/"}}]}},"_links":{"self":[{"href":"https:\/\/hotelesms.com\/\/hotel-hilton-garden-inn\/wp-json\/wp\/v2\/pages\/8254","targetHints":{"allow":["GET"]}}],"collection":[{"href":"https:\/\/hotelesms.com\/\/hotel-hilton-garden-inn\/wp-json\/wp\/v2\/pages"}],"about":[{"href":"https:\/\/hotelesms.com\/\/hotel-hilton-garden-inn\/wp-json\/wp\/v2\/types\/page"}],"author":[{"embeddable":true,"href":"https:\/\/hotelesms.com\/\/hotel-hilton-garden-inn\/wp-json\/wp\/v2\/users\/1"}],"replies":[{"embeddable":true,"href":"https:\/\/hotelesms.com\/\/hotel-hilton-garden-inn\/wp-json\/wp\/v2\/comments?post=8254"}],"version-history":[{"count":21,"href":"https:\/\/hotelesms.com\/\/hotel-hilton-garden-inn\/wp-json\/wp\/v2\/pages\/8254\/revisions"}],"predecessor-version":[{"id":9329,"href":"https:\/\/hotelesms.com\/\/hotel-hilton-garden-inn\/wp-json\/wp\/v2\/pages\/8254\/revisions\/9329"}],"wp:featuredmedia":[{"embeddable":true,"href":"https:\/\/hotelesms.com\/\/hotel-hilton-garden-inn\/wp-json\/wp\/v2\/media\/9127"}],"wp:attachment":[{"href":"https:\/\/hotelesms.com\/\/hotel-hilton-garden-inn\/wp-json\/wp\/v2\/media?parent=8254"}],"curies":[{"name":"wp","href":"https:\/\/api.w.org\/{rel}","templated":true}]}}