{"id":8244,"date":"2022-08-19T23:13:12","date_gmt":"2022-08-19T23:13:12","guid":{"rendered":"https:\/\/hotelesms.com\/\/hotel-ms-centenario-cali\/?page_id=8244"},"modified":"2023-03-10T20:58:51","modified_gmt":"2023-03-10T20:58:51","slug":"habitaciones","status":"publish","type":"page","link":"https:\/\/hotelesms.com\/\/hotel-ms-centenario-cali\/habitaciones\/","title":{"rendered":"Habitaciones"},"content":{"rendered":"<section class=\"l-section wpb_row height_custom\"><div class=\"l-section-overlay\" style=\"background:#f5f5f5\"><\/div><div class=\"l-section-h i-cf\"><div class=\"g-cols vc_row via_grid cols_1 laptops-cols_inherit tablets-cols_inherit mobiles-cols_1 valign_top type_default stacking_default\"><div class=\"wpb_column vc_column_container\"><div class=\"vc_column-inner\"><div class=\"w-iconbox iconpos_top style_default color_custom align_center no_text\"><div class=\"w-iconbox-icon\" style=\"font-size:30px;color:#333333;\"><i class=\"fal fa-bed\"><\/i><\/div><div class=\"w-iconbox-meta\"><h3 class=\"w-iconbox-title\">Habitaciones en Basic Centenario by MS<\/h3><\/div><\/div><\/div><\/div><\/div><\/div><\/section><section class=\"l-section wpb_row height_custom\"><div class=\"l-section-h i-cf\"><div class=\"g-cols vc_row via_grid cols_1 laptops-cols_inherit tablets-cols_inherit mobiles-cols_1 valign_top type_default stacking_default\"><div class=\"wpb_column vc_column_container\"><div class=\"vc_column-inner\"><div class=\"g-cols wpb_row via_grid cols_1-4-1 laptops-cols_inherit tablets-cols_inherit mobiles-cols_1 valign_top type_default stacking_default\"><div class=\"wpb_column vc_column_container\"><div class=\"vc_column-inner\"><\/div><\/div><div class=\"wpb_column vc_column_container\"><div class=\"vc_column-inner\"><div class=\"w-separator size_medium\"><\/div><div class=\"wpb_text_column\"><div class=\"wpb_wrapper\"><p style=\"font-size: 18px; text-align: center;\">El Hotel Basic Centenario by MS ofrece 26 bonitas habitaciones junior suite con acomodaciones sencilla, doble y triple, atendidas con los mejores servicios hoteleros. Amplios espacios que van de los 30 mts2 a los 60 mts2. Camas espl\u00e9ndidas, especiales para un sue\u00f1o reparador, mobiliario funcional y fina lencer\u00eda.<\/p>\n<\/div><\/div><div class=\"w-separator size_medium\"><\/div><\/div><\/div><div class=\"wpb_column vc_column_container\"><div class=\"vc_column-inner\"><\/div><\/div><\/div><div class=\"w-separator size_medium\"><\/div><div class=\"w-grid type_carousel layout_portfolio_2 cols_2 popup_page ratio_custom\" id=\"us_grid_1\"><style>#us_grid_1 .w-grid-item{padding:0.1rem}#us_grid_1 .w-grid-list{margin:-0.1rem}.w-grid + #us_grid_1 .w-grid-list,.w-grid-none + #us_grid_1 .w-grid-list{margin-top:0.1rem}#us_grid_1 .w-grid-item-h:before{padding-bottom:50%}.layout_portfolio_2 .w-grid-item-h:before{padding-bottom:100%}.layout_portfolio_2 .w-grid-item-h{background:#333}.layout_portfolio_2 .usg_post_image_1{transition-duration:0.35s;transform-origin:50% 50%;transform:scale(1) translate(0,0)}.layout_portfolio_2 .w-grid-item-h:hover .usg_post_image_1{transform:scale(1.1) translate(0,0);opacity:0.1}.layout_portfolio_2 .usg_post_image_1{position:absolute!important;top:0!important;right:0!important;bottom:0!important;left:0!important}.layout_portfolio_2 .usg_vwrapper_1{position:absolute!important;right:0!important;bottom:0!important;left:0!important;background:linear-gradient(transparent,rgba(30,30,30,0.8))!important;padding:4rem 2rem 1.5rem 2rem!important}.layout_portfolio_2 .usg_post_title_1{color:#fff!important;font-size:1.2rem!important}.layout_portfolio_2 .usg_post_taxonomy_1{color:#fff!important;font-size:0.9rem!important}<\/style><div class=\"w-grid-list owl-carousel navstyle_circle navpos_outside first_at_center with_dots\">\t<article class=\"w-grid-item post-8248 page type-page status-publish has-post-thumbnail hentry\" data-id=\"8248\">\r\n\t\t<div class=\"w-grid-item-h\">\r\n\t\t\t\t\t\t\t<a class=\"w-grid-item-anchor\" href=\"https:\/\/hotelesms.com\/\/hotel-ms-centenario-cali\/habitaciones\/habitacion-junior-suite-doble\/\" rel=\"bookmark\" aria-label=\"Habitaci\u00f3n Junior Suite Doble\"><\/a>\r\n\t\t\t\t\t\t<div class=\"w-post-elm post_image usg_post_image_1 stretched\"><img decoding=\"async\" width=\"900\" height=\"573\" src=\"https:\/\/hotelesms.com\/\/hotel-ms-centenario-cali\/wp-content\/uploads\/sites\/8\/2024\/05\/habitacion-junior-suite-doble-hotel-ms.webp\" class=\"attachment-full size-full wp-post-image\" alt=\"Habitaci\u00f3n Junior Suite Doble, en Hotel Basic Centenario by MS\" srcset=\"https:\/\/hotelesms.com\/\/hotel-ms-centenario-cali\/wp-content\/uploads\/sites\/8\/2024\/05\/habitacion-junior-suite-doble-hotel-ms.webp 900w, https:\/\/hotelesms.com\/\/hotel-ms-centenario-cali\/wp-content\/uploads\/sites\/8\/2024\/05\/habitacion-junior-suite-doble-hotel-ms-300x191.webp 300w\" sizes=\"(max-width: 900px) 100vw, 900px\" \/><\/div><div class=\"w-vwrapper usg_vwrapper_1 align_none valign_top\"><h2 class=\"w-post-elm post_title usg_post_title_1 entry-title color_link_inherit\">Habitaci\u00f3n Junior Suite Doble<\/h2><\/div>\t\t<\/div>\r\n\t<\/article>\r\n\t<article class=\"w-grid-item post-8246 page type-page status-publish has-post-thumbnail hentry\" data-id=\"8246\">\r\n\t\t<div class=\"w-grid-item-h\">\r\n\t\t\t\t\t\t\t<a class=\"w-grid-item-anchor\" href=\"https:\/\/hotelesms.com\/\/hotel-ms-centenario-cali\/habitaciones\/junior-suite-superior\/\" rel=\"bookmark\" aria-label=\"Habitaci\u00f3n Junior Suite Superior\"><\/a>\r\n\t\t\t\t\t\t<div class=\"w-post-elm post_image usg_post_image_1 stretched\"><img decoding=\"async\" width=\"900\" height=\"592\" src=\"https:\/\/hotelesms.com\/\/hotel-ms-centenario-cali\/wp-content\/uploads\/sites\/8\/2024\/05\/habitacion-junior-suite-superior-hotel-ms.webp\" class=\"attachment-full size-full wp-post-image\" alt=\"Habitaci\u00f3n Junior Suite Superior Hotel MS\" srcset=\"https:\/\/hotelesms.com\/\/hotel-ms-centenario-cali\/wp-content\/uploads\/sites\/8\/2024\/05\/habitacion-junior-suite-superior-hotel-ms.webp 900w, https:\/\/hotelesms.com\/\/hotel-ms-centenario-cali\/wp-content\/uploads\/sites\/8\/2024\/05\/habitacion-junior-suite-superior-hotel-ms-300x197.webp 300w\" sizes=\"(max-width: 900px) 100vw, 900px\" \/><\/div><div class=\"w-vwrapper usg_vwrapper_1 align_none valign_top\"><h2 class=\"w-post-elm post_title usg_post_title_1 entry-title color_link_inherit\">Habitaci\u00f3n Junior Suite Superior<\/h2><\/div>\t\t<\/div>\r\n\t<\/article>\r\n<\/div><div class=\"g-preloader type_1\">\r\n\t<div><\/div>\r\n<\/div>\r\n\t<div class=\"w-grid-json hidden\" onclick='return {&quot;action&quot;:&quot;us_ajax_grid&quot;,&quot;ajax_url&quot;:&quot;https:\\\/\\\/hotelesms.com\\\/\\\/hotel-ms-centenario-cali\\\/wp-admin\\\/admin-ajax.php&quot;,&quot;infinite_scroll&quot;:0,&quot;max_num_pages&quot;:1,&quot;pagination&quot;:&quot;none&quot;,&quot;permalink_url&quot;:&quot;https:\\\/\\\/hotelesms.com\\\/\\\/hotel-ms-centenario-cali\\\/wp-json\\\/wp\\\/v2\\\/pages\\\/8244&quot;,&quot;template_vars&quot;:{&quot;columns&quot;:&quot;2&quot;,&quot;exclude_items&quot;:&quot;none&quot;,&quot;img_size&quot;:&quot;full&quot;,&quot;ignore_items_size&quot;:&quot;1&quot;,&quot;items_layout&quot;:&quot;portfolio_2&quot;,&quot;items_offset&quot;:&quot;1&quot;,&quot;load_animation&quot;:&quot;none&quot;,&quot;overriding_link&quot;:&quot;popup_post&quot;,&quot;post_id&quot;:8244,&quot;query_args&quot;:{&quot;ignore_sticky_posts&quot;:1,&quot;post_type&quot;:&quot;any&quot;,&quot;post__in&quot;:[&quot;8246&quot;,&quot;8248&quot;,&quot;8250&quot;],&quot;posts_per_page&quot;:&quot;3&quot;},&quot;orderby_query_args&quot;:{&quot;orderby&quot;:{&quot;date&quot;:&quot;DESC&quot;}},&quot;type&quot;:&quot;carousel&quot;,&quot;us_grid_ajax_index&quot;:1,&quot;us_grid_filter_params&quot;:null,&quot;us_grid_index&quot;:1,&quot;_us_grid_post_type&quot;:&quot;ids&quot;},&quot;carousel_settings&quot;:{&quot;autoHeight&quot;:0,&quot;autoplay&quot;:0,&quot;carousel_fade&quot;:0,&quot;center&quot;:1,&quot;dots&quot;:1,&quot;items&quot;:&quot;2&quot;,&quot;loop&quot;:true,&quot;nav&quot;:0,&quot;slideby&quot;:&quot;1&quot;,&quot;smooth_play&quot;:0,&quot;speed&quot;:250,&quot;timeout&quot;:3000,&quot;transition&quot;:&quot;&quot;},&quot;carousel_breakpoints&quot;:{&quot;0&quot;:{&quot;autoHeight&quot;:0,&quot;autoplay&quot;:1,&quot;autoplayHoverPause&quot;:1,&quot;items&quot;:1,&quot;loop&quot;:true,&quot;stagePadding&quot;:0},&quot;600&quot;:{&quot;autoHeight&quot;:0,&quot;autoplay&quot;:1,&quot;autoplayHoverPause&quot;:1,&quot;items&quot;:2,&quot;loop&quot;:true,&quot;stagePadding&quot;:0},&quot;900&quot;:{&quot;autoHeight&quot;:0,&quot;autoplay&quot;:1,&quot;autoplayHoverPause&quot;:1,&quot;items&quot;:&quot;2&quot;,&quot;loop&quot;:true,&quot;stagePadding&quot;:0},&quot;1200&quot;:{&quot;items&quot;:2,&quot;stagePadding&quot;:0}}}'><\/div>\r\n\t\t<div class=\"l-popup\">\r\n\t\t<div class=\"l-popup-overlay\"><\/div>\r\n\t\t<div class=\"l-popup-wrap\">\r\n\t\t\t<div class=\"l-popup-box\">\r\n\t\t\t\t<div class=\"l-popup-box-content\">\r\n\t\t\t\t\t<div class=\"g-preloader type_1\">\r\n\t\t\t\t\t\t<div><\/div>\r\n\t\t\t\t\t<\/div>\r\n\t\t\t\t\t<iframe class=\"l-popup-box-content-frame\" allowfullscreen><\/iframe>\r\n\t\t\t\t<\/div>\r\n\t\t\t<\/div>\r\n\t\t\t\t\t\t\t<div class=\"l-popup-arrow to_next\" title=\"Siguiente\"><\/div>\r\n\t\t\t\t<div class=\"l-popup-arrow to_prev\" title=\"Anterior\"><\/div>\r\n\t\t\t\t\t\t<div class=\"l-popup-closer\"><\/div>\r\n\t\t<\/div>\r\n\t<\/div>\r\n\t<\/div><\/div><\/div><\/div><\/div><\/section><section class=\"l-section wpb_row height_custom with_img parallax_ver\"><div class=\"l-section-img\" style=\"background-image: url(https:\/\/hotelesms.com\/\/hotel-ms-centenario-cali\/wp-content\/uploads\/sites\/8\/2022\/09\/WhatsApp-Image-2022-03-17-at-3.19.08-PM.jpg);background-position: bottom center;\" data-img-width=\"456\" data-img-height=\"600\"><\/div><div class=\"l-section-overlay\" style=\"background:rgba(255,255,255,0.40)\"><\/div><div class=\"l-section-h i-cf\"><div class=\"g-cols vc_row via_grid cols_1 laptops-cols_inherit tablets-cols_inherit mobiles-cols_1 valign_top type_default stacking_default\"><div class=\"wpb_column vc_column_container\"><div class=\"vc_column-inner\"><div class=\"w-actionbox us_custom_fbdb5f35 has_text_color color_primary controls_bottom\"><div class=\"w-actionbox-text\"><h4 class=\"w-actionbox-title\">\u00bfConoces nuestros Servicios?<\/h4><div class=\"w-actionbox-description\"><p>\u00a1Conoce los <a href=\"\/hotel-ms-centenario-cali\/servicios\/\">servicios de calidad<\/a> que tenemos preparados para ti y que puedes disfrutar en tu pr\u00f3xima visita!<\/p>\n<\/div><\/div><div class=\"w-actionbox-controls\"><a class=\"w-btn us-btn-style_21\" href=\"\/hotel-ms-centenario-cali\/servicios\/\" style=\"font-size:12px;\"><span class=\"w-btn-label\">VER NUESTROS SERVICIOS<\/span><\/a><\/div><\/div><\/div><\/div><\/div><\/div><\/section>\n","protected":false},"excerpt":{"rendered":"Habitaci\u00f3n Junior Suite Superior Hermosa habitaci\u00f3n con un \u00e1rea de 50 mts2. Dise\u00f1o arquitect\u00f3nico funcional, pulcro en sus l\u00edneas, con un ambiente tranquilo acentuado por el piso pulido que complementa los colores limpios que predominan. Todas las Suite Junior cuentan con conexi\u00f3n WiFi gratuita para permanente conectividad. Como un plus adicional cuentan con modernas duchas...","protected":false},"author":1,"featured_media":8923,"parent":0,"menu_order":0,"comment_status":"closed","ping_status":"closed","template":"","meta":{"footnotes":""},"class_list":["post-8244","page","type-page","status-publish","has-post-thumbnail","hentry"],"acf":[],"yoast_head":"<!-- This site is optimized with the Yoast SEO plugin v27.4 - https:\/\/yoast.com\/product\/yoast-seo-wordpress\/ -->\n<title>Habitaciones en Basic Centenario by MS: amplios espacios en Cali<\/title>\n<meta name=\"description\" content=\"Habitaciones en el Hotel Basic Centenario by MS: amplios espacios, camas especiales para un sue\u00f1o reparador, mobiliario funcional y lencer\u00eda.\" \/>\n<meta name=\"robots\" content=\"index, follow, max-snippet:-1, max-image-preview:large, max-video-preview:-1\" \/>\n<link rel=\"canonical\" href=\"https:\/\/hotelesms.com\/\/hotel-ms-centenario-cali\/habitaciones\/\" \/>\n<meta property=\"og:locale\" content=\"es_ES\" \/>\n<meta property=\"og:type\" content=\"article\" \/>\n<meta property=\"og:title\" content=\"Habitaciones en Basic Centenario by MS: amplios espacios en Cali\" \/>\n<meta property=\"og:description\" content=\"Habitaciones en el Hotel Basic Centenario by MS: amplios espacios, camas especiales para un sue\u00f1o reparador, mobiliario funcional y lencer\u00eda.\" \/>\n<meta property=\"og:url\" content=\"https:\/\/hotelesms.com\/\/hotel-ms-centenario-cali\/habitaciones\/\" \/>\n<meta property=\"og:site_name\" content=\"Hotel Basic Centenario by Hoteles MS\" \/>\n<meta property=\"article:modified_time\" content=\"2023-03-10T20:58:51+00:00\" \/>\n<meta property=\"og:image\" content=\"https:\/\/hotelesms.com\/\/hotel-ms-centenario-cali\/wp-content\/uploads\/sites\/8\/2022\/09\/WhatsApp-Image-2022-03-17-at-3.19.08-PM-9.jpg\" \/>\n\t<meta property=\"og:image:width\" content=\"900\" \/>\n\t<meta property=\"og:image:height\" content=\"584\" \/>\n\t<meta property=\"og:image:type\" content=\"image\/jpeg\" \/>\n<meta name=\"twitter:card\" content=\"summary_large_image\" \/>\n<meta name=\"twitter:label1\" content=\"Tiempo de lectura\" \/>\n\t<meta name=\"twitter:data1\" content=\"2 minutos\" \/>\n<script type=\"application\/ld+json\" class=\"yoast-schema-graph\">{\"@context\":\"https:\\\/\\\/schema.org\",\"@graph\":[{\"@type\":\"WebPage\",\"@id\":\"https:\\\/\\\/hotelesms.com\\\/\\\/hotel-ms-centenario-cali\\\/habitaciones\\\/\",\"url\":\"https:\\\/\\\/hotelesms.com\\\/\\\/hotel-ms-centenario-cali\\\/habitaciones\\\/\",\"name\":\"Habitaciones en Basic Centenario by MS: amplios espacios en Cali\",\"isPartOf\":{\"@id\":\"http:\\\/\\\/hotelesms.com\\\/\\\/hotel-ms-centenario-cali\\\/#website\"},\"primaryImageOfPage\":{\"@id\":\"https:\\\/\\\/hotelesms.com\\\/\\\/hotel-ms-centenario-cali\\\/habitaciones\\\/#primaryimage\"},\"image\":{\"@id\":\"https:\\\/\\\/hotelesms.com\\\/\\\/hotel-ms-centenario-cali\\\/habitaciones\\\/#primaryimage\"},\"thumbnailUrl\":\"https:\\\/\\\/hotelesms.com\\\/\\\/hotel-ms-centenario-cali\\\/wp-content\\\/uploads\\\/sites\\\/8\\\/2022\\\/09\\\/WhatsApp-Image-2022-03-17-at-3.19.08-PM-9.jpg\",\"datePublished\":\"2022-08-19T23:13:12+00:00\",\"dateModified\":\"2023-03-10T20:58:51+00:00\",\"description\":\"Habitaciones en el Hotel Basic Centenario by MS: amplios espacios, camas especiales para un sue\u00f1o reparador, mobiliario funcional y lencer\u00eda.\",\"breadcrumb\":{\"@id\":\"https:\\\/\\\/hotelesms.com\\\/\\\/hotel-ms-centenario-cali\\\/habitaciones\\\/#breadcrumb\"},\"inLanguage\":\"es\",\"potentialAction\":[{\"@type\":\"ReadAction\",\"target\":[\"https:\\\/\\\/hotelesms.com\\\/\\\/hotel-ms-centenario-cali\\\/habitaciones\\\/\"]}]},{\"@type\":\"ImageObject\",\"inLanguage\":\"es\",\"@id\":\"https:\\\/\\\/hotelesms.com\\\/\\\/hotel-ms-centenario-cali\\\/habitaciones\\\/#primaryimage\",\"url\":\"https:\\\/\\\/hotelesms.com\\\/\\\/hotel-ms-centenario-cali\\\/wp-content\\\/uploads\\\/sites\\\/8\\\/2022\\\/09\\\/WhatsApp-Image-2022-03-17-at-3.19.08-PM-9.jpg\",\"contentUrl\":\"https:\\\/\\\/hotelesms.com\\\/\\\/hotel-ms-centenario-cali\\\/wp-content\\\/uploads\\\/sites\\\/8\\\/2022\\\/09\\\/WhatsApp-Image-2022-03-17-at-3.19.08-PM-9.jpg\",\"width\":900,\"height\":584,\"caption\":\"Hotel Basic Centenario by MS\"},{\"@type\":\"BreadcrumbList\",\"@id\":\"https:\\\/\\\/hotelesms.com\\\/\\\/hotel-ms-centenario-cali\\\/habitaciones\\\/#breadcrumb\",\"itemListElement\":[{\"@type\":\"ListItem\",\"position\":1,\"name\":\"Portada\",\"item\":\"https:\\\/\\\/hotelesms.com\\\/\\\/hotel-ms-centenario-cali\\\/\"},{\"@type\":\"ListItem\",\"position\":2,\"name\":\"Habitaciones\"}]},{\"@type\":\"WebSite\",\"@id\":\"http:\\\/\\\/hotelesms.com\\\/\\\/hotel-ms-centenario-cali\\\/#website\",\"url\":\"http:\\\/\\\/hotelesms.com\\\/\\\/hotel-ms-centenario-cali\\\/\",\"name\":\"Hotel Basic Centenario by Hoteles MS\",\"description\":\"Cadena hotelera colombiana de est\u00e1ndares internacionales\",\"publisher\":{\"@id\":\"http:\\\/\\\/hotelesms.com\\\/\\\/hotel-ms-centenario-cali\\\/#organization\"},\"potentialAction\":[{\"@type\":\"SearchAction\",\"target\":{\"@type\":\"EntryPoint\",\"urlTemplate\":\"http:\\\/\\\/hotelesms.com\\\/\\\/hotel-ms-centenario-cali\\\/?s={search_term_string}\"},\"query-input\":{\"@type\":\"PropertyValueSpecification\",\"valueRequired\":true,\"valueName\":\"search_term_string\"}}],\"inLanguage\":\"es\"},{\"@type\":\"Organization\",\"@id\":\"http:\\\/\\\/hotelesms.com\\\/\\\/hotel-ms-centenario-cali\\\/#organization\",\"name\":\"Hotel Basic Centenario by MS\",\"url\":\"http:\\\/\\\/hotelesms.com\\\/\\\/hotel-ms-centenario-cali\\\/\",\"logo\":{\"@type\":\"ImageObject\",\"inLanguage\":\"es\",\"@id\":\"http:\\\/\\\/hotelesms.com\\\/\\\/hotel-ms-centenario-cali\\\/#\\\/schema\\\/logo\\\/image\\\/\",\"url\":\"https:\\\/\\\/hotelesms.com\\\/\\\/hotel-ms-centenario-cali\\\/wp-content\\\/uploads\\\/sites\\\/8\\\/2022\\\/07\\\/Logo-vertical-negro-basic.png\",\"contentUrl\":\"https:\\\/\\\/hotelesms.com\\\/\\\/hotel-ms-centenario-cali\\\/wp-content\\\/uploads\\\/sites\\\/8\\\/2022\\\/07\\\/Logo-vertical-negro-basic.png\",\"width\":160,\"height\":160,\"caption\":\"Hotel Basic Centenario by MS\"},\"image\":{\"@id\":\"http:\\\/\\\/hotelesms.com\\\/\\\/hotel-ms-centenario-cali\\\/#\\\/schema\\\/logo\\\/image\\\/\"}}]}<\/script>\n<!-- \/ Yoast SEO plugin. -->","yoast_head_json":{"title":"Habitaciones en Basic Centenario by MS: amplios espacios en Cali","description":"Habitaciones en el Hotel Basic Centenario by MS: amplios espacios, camas especiales para un sue\u00f1o reparador, mobiliario funcional y lencer\u00eda.","robots":{"index":"index","follow":"follow","max-snippet":"max-snippet:-1","max-image-preview":"max-image-preview:large","max-video-preview":"max-video-preview:-1"},"canonical":"https:\/\/hotelesms.com\/\/hotel-ms-centenario-cali\/habitaciones\/","og_locale":"es_ES","og_type":"article","og_title":"Habitaciones en Basic Centenario by MS: amplios espacios en Cali","og_description":"Habitaciones en el Hotel Basic Centenario by MS: amplios espacios, camas especiales para un sue\u00f1o reparador, mobiliario funcional y lencer\u00eda.","og_url":"https:\/\/hotelesms.com\/\/hotel-ms-centenario-cali\/habitaciones\/","og_site_name":"Hotel Basic Centenario by Hoteles MS","article_modified_time":"2023-03-10T20:58:51+00:00","og_image":[{"width":900,"height":584,"url":"https:\/\/hotelesms.com\/\/hotel-ms-centenario-cali\/wp-content\/uploads\/sites\/8\/2022\/09\/WhatsApp-Image-2022-03-17-at-3.19.08-PM-9.jpg","type":"image\/jpeg"}],"twitter_card":"summary_large_image","twitter_misc":{"Tiempo de lectura":"2 minutos"},"schema":{"@context":"https:\/\/schema.org","@graph":[{"@type":"WebPage","@id":"https:\/\/hotelesms.com\/\/hotel-ms-centenario-cali\/habitaciones\/","url":"https:\/\/hotelesms.com\/\/hotel-ms-centenario-cali\/habitaciones\/","name":"Habitaciones en Basic Centenario by MS: amplios espacios en Cali","isPartOf":{"@id":"http:\/\/hotelesms.com\/\/hotel-ms-centenario-cali\/#website"},"primaryImageOfPage":{"@id":"https:\/\/hotelesms.com\/\/hotel-ms-centenario-cali\/habitaciones\/#primaryimage"},"image":{"@id":"https:\/\/hotelesms.com\/\/hotel-ms-centenario-cali\/habitaciones\/#primaryimage"},"thumbnailUrl":"https:\/\/hotelesms.com\/\/hotel-ms-centenario-cali\/wp-content\/uploads\/sites\/8\/2022\/09\/WhatsApp-Image-2022-03-17-at-3.19.08-PM-9.jpg","datePublished":"2022-08-19T23:13:12+00:00","dateModified":"2023-03-10T20:58:51+00:00","description":"Habitaciones en el Hotel Basic Centenario by MS: amplios espacios, camas especiales para un sue\u00f1o reparador, mobiliario funcional y lencer\u00eda.","breadcrumb":{"@id":"https:\/\/hotelesms.com\/\/hotel-ms-centenario-cali\/habitaciones\/#breadcrumb"},"inLanguage":"es","potentialAction":[{"@type":"ReadAction","target":["https:\/\/hotelesms.com\/\/hotel-ms-centenario-cali\/habitaciones\/"]}]},{"@type":"ImageObject","inLanguage":"es","@id":"https:\/\/hotelesms.com\/\/hotel-ms-centenario-cali\/habitaciones\/#primaryimage","url":"https:\/\/hotelesms.com\/\/hotel-ms-centenario-cali\/wp-content\/uploads\/sites\/8\/2022\/09\/WhatsApp-Image-2022-03-17-at-3.19.08-PM-9.jpg","contentUrl":"https:\/\/hotelesms.com\/\/hotel-ms-centenario-cali\/wp-content\/uploads\/sites\/8\/2022\/09\/WhatsApp-Image-2022-03-17-at-3.19.08-PM-9.jpg","width":900,"height":584,"caption":"Hotel Basic Centenario by MS"},{"@type":"BreadcrumbList","@id":"https:\/\/hotelesms.com\/\/hotel-ms-centenario-cali\/habitaciones\/#breadcrumb","itemListElement":[{"@type":"ListItem","position":1,"name":"Portada","item":"https:\/\/hotelesms.com\/\/hotel-ms-centenario-cali\/"},{"@type":"ListItem","position":2,"name":"Habitaciones"}]},{"@type":"WebSite","@id":"http:\/\/hotelesms.com\/\/hotel-ms-centenario-cali\/#website","url":"http:\/\/hotelesms.com\/\/hotel-ms-centenario-cali\/","name":"Hotel Basic Centenario by Hoteles MS","description":"Cadena hotelera colombiana de est\u00e1ndares internacionales","publisher":{"@id":"http:\/\/hotelesms.com\/\/hotel-ms-centenario-cali\/#organization"},"potentialAction":[{"@type":"SearchAction","target":{"@type":"EntryPoint","urlTemplate":"http:\/\/hotelesms.com\/\/hotel-ms-centenario-cali\/?s={search_term_string}"},"query-input":{"@type":"PropertyValueSpecification","valueRequired":true,"valueName":"search_term_string"}}],"inLanguage":"es"},{"@type":"Organization","@id":"http:\/\/hotelesms.com\/\/hotel-ms-centenario-cali\/#organization","name":"Hotel Basic Centenario by MS","url":"http:\/\/hotelesms.com\/\/hotel-ms-centenario-cali\/","logo":{"@type":"ImageObject","inLanguage":"es","@id":"http:\/\/hotelesms.com\/\/hotel-ms-centenario-cali\/#\/schema\/logo\/image\/","url":"https:\/\/hotelesms.com\/\/hotel-ms-centenario-cali\/wp-content\/uploads\/sites\/8\/2022\/07\/Logo-vertical-negro-basic.png","contentUrl":"https:\/\/hotelesms.com\/\/hotel-ms-centenario-cali\/wp-content\/uploads\/sites\/8\/2022\/07\/Logo-vertical-negro-basic.png","width":160,"height":160,"caption":"Hotel Basic Centenario by MS"},"image":{"@id":"http:\/\/hotelesms.com\/\/hotel-ms-centenario-cali\/#\/schema\/logo\/image\/"}}]}},"_links":{"self":[{"href":"https:\/\/hotelesms.com\/\/hotel-ms-centenario-cali\/wp-json\/wp\/v2\/pages\/8244","targetHints":{"allow":["GET"]}}],"collection":[{"href":"https:\/\/hotelesms.com\/\/hotel-ms-centenario-cali\/wp-json\/wp\/v2\/pages"}],"about":[{"href":"https:\/\/hotelesms.com\/\/hotel-ms-centenario-cali\/wp-json\/wp\/v2\/types\/page"}],"author":[{"embeddable":true,"href":"https:\/\/hotelesms.com\/\/hotel-ms-centenario-cali\/wp-json\/wp\/v2\/users\/1"}],"replies":[{"embeddable":true,"href":"https:\/\/hotelesms.com\/\/hotel-ms-centenario-cali\/wp-json\/wp\/v2\/comments?post=8244"}],"version-history":[{"count":28,"href":"https:\/\/hotelesms.com\/\/hotel-ms-centenario-cali\/wp-json\/wp\/v2\/pages\/8244\/revisions"}],"predecessor-version":[{"id":9047,"href":"https:\/\/hotelesms.com\/\/hotel-ms-centenario-cali\/wp-json\/wp\/v2\/pages\/8244\/revisions\/9047"}],"wp:featuredmedia":[{"embeddable":true,"href":"https:\/\/hotelesms.com\/\/hotel-ms-centenario-cali\/wp-json\/wp\/v2\/media\/8923"}],"wp:attachment":[{"href":"https:\/\/hotelesms.com\/\/hotel-ms-centenario-cali\/wp-json\/wp\/v2\/media?parent=8244"}],"curies":[{"name":"wp","href":"https:\/\/api.w.org\/{rel}","templated":true}]}}