{"id":8246,"date":"2022-08-19T23:14:59","date_gmt":"2022-08-19T23:14:59","guid":{"rendered":"https:\/\/hotelesms.com\/\/hotel-ms-centenario-cali\/?page_id=8246"},"modified":"2024-05-22T00:12:15","modified_gmt":"2024-05-22T00:12:15","slug":"junior-suite-superior","status":"publish","type":"page","link":"https:\/\/hotelesms.com\/\/hotel-ms-centenario-cali\/habitaciones\/junior-suite-superior\/","title":{"rendered":"Habitaci\u00f3n Junior Suite Superior"},"content":{"rendered":"<section class=\"l-section wpb_row height_auto full_height valign_center color_primary with_img parallax_ver\"><div class=\"l-section-img\" style=\"background-image: url(https:\/\/hotelesms.com\/\/hotel-ms-centenario-cali\/wp-content\/uploads\/sites\/8\/2022\/09\/WhatsApp-Image-2022-03-17-at-3.19.08-PM-5.jpg);\" data-img-width=\"900\" data-img-height=\"592\"><\/div><div class=\"l-section-overlay\" style=\"background:rgba(0,0,0,0.40)\"><\/div><div class=\"l-section-h i-cf\"><div class=\"g-cols vc_row via_grid cols_1 laptops-cols_inherit tablets-cols_inherit mobiles-cols_1 valign_top type_default stacking_default\"><div class=\"wpb_column vc_column_container\"><div class=\"vc_column-inner\"><div class=\"g-cols wpb_row via_grid cols_1-4-1 laptops-cols_inherit tablets-cols_inherit mobiles-cols_1 valign_top type_default stacking_default\"><div class=\"wpb_column vc_column_container\"><div class=\"vc_column-inner\"><\/div><\/div><div class=\"wpb_column vc_column_container\"><div class=\"vc_column-inner\"><div class=\"w-separator size_medium\"><\/div><div class=\"wpb_text_column\"><div class=\"wpb_wrapper\"><h3 style=\"text-align: center\">Habitaci\u00f3n Junior Suite Superior<\/h3>\n<\/div><\/div><div class=\"w-separator size_medium\"><\/div><div class=\"wpb_text_column\"><div class=\"wpb_wrapper\"><p style=\"font-size: 18px;text-align: center\">Hermosa habitaci\u00f3n con un \u00e1rea de 50 mts2. Dise\u00f1o arquitect\u00f3nico funcional, pulcro en sus l\u00edneas, con un ambiente tranquilo acentuado por el piso pulido que complementa los colores limpios que predominan. Todas las Suite Junior cuentan con conexi\u00f3n WiFi gratuita para permanente conectividad. Como un plus adicional cuentan con modernas duchas de hidromasaje con agua caliente, especial para antes o despu\u00e9s de productivas jornadas.<\/p>\n<\/div><\/div><div class=\"w-separator size_medium\"><\/div><\/div><\/div><div class=\"wpb_column vc_column_container\"><div class=\"vc_column-inner\"><\/div><\/div><\/div><div class=\"g-cols wpb_row via_grid cols_1-4-1 laptops-cols_inherit tablets-cols_inherit mobiles-cols_1 valign_top type_default stacking_default\"><div class=\"wpb_column vc_column_container\"><div class=\"vc_column-inner\"><div class=\"w-separator size_large\"><\/div><\/div><\/div><div class=\"wpb_column vc_column_container\"><div class=\"vc_column-inner\"><div class=\"w-separator size_large\"><\/div><div class=\"w-tabs layout_ver navwidth_auto navpos_left style_simple switch_click has_scrolling\" style=\"--sections-title-size:1em\"><div class=\"w-tabs-list items_5 align_none\"><div class=\"w-tabs-list-h\"><button class=\"w-tabs-item with_icon\" aria-controls=\"content-j0ec\"><i class=\"fal fa-heart\"><\/i><span class=\"w-tabs-item-title\">Comodidades<\/span><\/button><button class=\"w-tabs-item with_icon\" aria-controls=\"content-t21d\"><i class=\"fal fa-bed\"><\/i><span class=\"w-tabs-item-title\">Dotaci\u00f3n<\/span><\/button><button class=\"w-tabs-item with_icon\" aria-controls=\"content-h332\"><i class=\"fal fa-concierge-bell\"><\/i><span class=\"w-tabs-item-title\">Pol\u00edticas<\/span><\/button><button class=\"w-tabs-item with_icon\" aria-controls=\"content-f427\"><i class=\"fal fa-star\"><\/i><span class=\"w-tabs-item-title\">Servicios<\/span><\/button><button class=\"w-tabs-item active defined-active with_icon\" aria-controls=\"content-e671\"><i class=\"fas fa-clock\"><\/i><span class=\"w-tabs-item-title\">Horarios<\/span><\/button><\/div><\/div><div class=\"w-tabs-sections titles-align_none icon_chevron cpos_right\"><div class=\"w-tabs-section\" id=\"j0ec\"><button aria-controls=\"content-j0ec\" class=\"w-tabs-section-header with_icon\"><i class=\"fal fa-heart\"><\/i><div class=\"w-tabs-section-title\">Comodidades<\/div><div class=\"w-tabs-section-control\"><\/div><\/button><div  class=\"w-tabs-section-content\" id=\"content-j0ec\" aria-expanded=\"false\"><div class=\"w-tabs-section-content-h i-cf\"><div class=\"wpb_text_column\"><div class=\"wpb_wrapper\"><ul>\n<li>WiFi<\/li>\n<li>Aire acondicionado.<\/li>\n<li>Agua fr\u00eda, caliente.<\/li>\n<li>Zona de estar<\/li>\n<li>Canales por cable<\/li>\n<li>Mini-bar.<\/li>\n<li>Amenities<\/li>\n<\/ul>\n<\/div><\/div><\/div><\/div><\/div><div class=\"w-tabs-section\" id=\"t21d\"><button aria-controls=\"content-t21d\" class=\"w-tabs-section-header with_icon\"><i class=\"fal fa-bed\"><\/i><div class=\"w-tabs-section-title\">Dotaci\u00f3n<\/div><div class=\"w-tabs-section-control\"><\/div><\/button><div  class=\"w-tabs-section-content\" id=\"content-t21d\" aria-expanded=\"false\"><div class=\"w-tabs-section-content-h i-cf\"><div class=\"wpb_text_column\"><div class=\"wpb_wrapper\"><ul>\n<li>1 cama doble grande<\/li>\n<li>1 sof\u00e1 cama<\/li>\n<li>Televisor LCD 32\u2033.<\/li>\n<li>Sof\u00e1<\/li>\n<li>Minibar<\/li>\n<li>Escritorio<\/li>\n<li>Secador de pelo<\/li>\n<li>Caja fuerte<\/li>\n<\/ul>\n<\/div><\/div><\/div><\/div><\/div><div class=\"w-tabs-section\" id=\"h332\"><button aria-controls=\"content-h332\" class=\"w-tabs-section-header with_icon\"><i class=\"fal fa-concierge-bell\"><\/i><div class=\"w-tabs-section-title\">Pol\u00edticas<\/div><div class=\"w-tabs-section-control\"><\/div><\/button><div  class=\"w-tabs-section-content\" id=\"content-h332\" aria-expanded=\"false\"><div class=\"w-tabs-section-content-h i-cf\"><div class=\"wpb_text_column\"><div class=\"wpb_wrapper\"><ul>\n<li>Check in: 15:00<\/li>\n<li>Check out: 13:00<\/li>\n<li>Pueden alojarse ni\u00f1os de todas las edades.<\/li>\n<li>No se admiten mascotas.<\/li>\n<\/ul>\n<p><strong>Cancelaciones<\/strong><\/p>\n<p>Las cancelaciones de la reserva deben hacerse antes de las 72 horas de la entrada al hotel, de lo contrario se efectuar\u00e1 el cargo de la primera noche a tu cuenta.<\/p>\n<\/div><\/div><\/div><\/div><\/div><div class=\"w-tabs-section\" id=\"f427\"><button aria-controls=\"content-f427\" class=\"w-tabs-section-header with_icon\"><i class=\"fal fa-star\"><\/i><div class=\"w-tabs-section-title\">Servicios<\/div><div class=\"w-tabs-section-control\"><\/div><\/button><div  class=\"w-tabs-section-content\" id=\"content-f427\" aria-expanded=\"false\"><div class=\"w-tabs-section-content-h i-cf\"><div class=\"wpb_text_column\"><div class=\"wpb_wrapper\"><ul>\n<li>Servicio de lavander\u00eda.<\/li>\n<li>Desayuno americano<\/li>\n<li>Recepci\u00f3n 24 horas<\/li>\n<li>Informaci\u00f3n tur\u00edstica<\/li>\n<li>Guardaequipaje<\/li>\n<li>Servicio diario de camarera de pisos<\/li>\n<li>Fax \/ fotocopiadora<\/li>\n<li>Servicio de despertador<\/li>\n<\/ul>\n<\/div><\/div><\/div><\/div><\/div><div class=\"w-tabs-section active\" id=\"e671\"><button aria-controls=\"content-e671\" class=\"w-tabs-section-header active with_icon\"><i class=\"fas fa-clock\"><\/i><div class=\"w-tabs-section-title\">Horarios<\/div><div class=\"w-tabs-section-control\"><\/div><\/button><div  class=\"w-tabs-section-content\" id=\"content-e671\" aria-expanded=\"true\"><div class=\"w-tabs-section-content-h i-cf\"><div class=\"w-iconbox iconpos_left style_default color_custom align_left\"><div class=\"w-iconbox-icon\" style=\"font-size:0,8rem;color:#ffffff;\"><i class=\"fas fa-angle-double-right\"><\/i><\/div><div class=\"w-iconbox-meta\"><h6 class=\"w-iconbox-title\">Check in<\/h6><div class=\"w-iconbox-text\"><p>Check in: 15:00<\/p>\n<\/div><\/div><\/div><div class=\"w-separator size_small\"><\/div><div class=\"w-iconbox iconpos_left style_default color_custom align_left\"><div class=\"w-iconbox-icon\" style=\"font-size:0,8rem;color:#ffffff;\"><i class=\"fas fa-angle-double-left\"><\/i><\/div><div class=\"w-iconbox-meta\"><h6 class=\"w-iconbox-title\">Check out<\/h6><div class=\"w-iconbox-text\"><p>Check out: 12:00<\/p>\n<\/div><\/div><\/div><div class=\"w-separator size_small\"><\/div><div class=\"w-iconbox iconpos_left style_default color_custom align_left\"><div class=\"w-iconbox-icon\" style=\"font-size:0,8rem;color:#ffffff;\"><i class=\"fal fa-coffee\"><\/i><\/div><div class=\"w-iconbox-meta\"><h6 class=\"w-iconbox-title\">Desayuno<\/h6><div class=\"w-iconbox-text\"><p>Desayuno: de lunes a viernes de 6:00 am a 9:00 am<br \/>\nFines de semana: de 6:00 am a 10:00 am<\/p>\n<\/div><\/div><\/div><\/div><\/div><\/div><\/div><\/div><\/div><\/div><div class=\"wpb_column vc_column_container\"><div class=\"vc_column-inner\"><\/div><\/div><\/div><div class=\"w-separator size_large\"><\/div><div class=\"w-btn-wrapper align_center\"><a class=\"w-btn us-btn-style_11 us_custom_1b04de86\" title=\"Habitaciones\" href=\"\/hotel-ms-centenario-cali\/habitaciones\/\"><span class=\"w-btn-label\">VER M\u00c1S HABITACIONES<\/span><\/a><\/div><div class=\"w-separator size_medium\"><\/div><\/div><\/div><\/div><\/div><\/section>\n","protected":false},"excerpt":{"rendered":"Habitaci\u00f3n Junior Suite Superior Hermosa habitaci\u00f3n con un \u00e1rea de 50 mts2. Dise\u00f1o arquitect\u00f3nico funcional, pulcro en sus l\u00edneas, con un ambiente tranquilo acentuado por el piso pulido que complementa los colores limpios que predominan. Todas las Suite Junior cuentan con conexi\u00f3n WiFi gratuita para permanente conectividad. Como un plus adicional cuentan con modernas duchas...","protected":false},"author":1,"featured_media":9112,"parent":8244,"menu_order":0,"comment_status":"closed","ping_status":"closed","template":"","meta":{"footnotes":""},"class_list":["post-8246","page","type-page","status-publish","has-post-thumbnail","hentry"],"acf":[],"yoast_head":"<!-- This site is optimized with the Yoast SEO plugin v27.4 - https:\/\/yoast.com\/product\/yoast-seo-wordpress\/ -->\n<title>Habitaci\u00f3n Junior Suite Superior - Hotel Basic Centenario by Hoteles MS<\/title>\n<meta name=\"robots\" content=\"index, follow, max-snippet:-1, max-image-preview:large, max-video-preview:-1\" \/>\n<link rel=\"canonical\" href=\"https:\/\/hotelesms.com\/\/hotel-ms-centenario-cali\/habitaciones\/junior-suite-superior\/\" \/>\n<meta property=\"og:locale\" content=\"es_ES\" \/>\n<meta property=\"og:type\" content=\"article\" \/>\n<meta property=\"og:title\" content=\"Habitaci\u00f3n Junior Suite Superior - Hotel Basic Centenario by Hoteles MS\" \/>\n<meta property=\"og:url\" content=\"https:\/\/hotelesms.com\/\/hotel-ms-centenario-cali\/habitaciones\/junior-suite-superior\/\" \/>\n<meta property=\"og:site_name\" content=\"Hotel Basic Centenario by Hoteles MS\" \/>\n<meta property=\"article:modified_time\" content=\"2024-05-22T00:12:15+00:00\" \/>\n<meta property=\"og:image\" content=\"https:\/\/hotelesms.com\/\/hotel-ms-centenario-cali\/wp-content\/uploads\/sites\/8\/2024\/05\/habitacion-junior-suite-superior-hotel-ms.webp\" \/>\n\t<meta property=\"og:image:width\" content=\"900\" \/>\n\t<meta property=\"og:image:height\" content=\"592\" \/>\n\t<meta property=\"og:image:type\" content=\"image\/webp\" \/>\n<meta name=\"twitter:card\" content=\"summary_large_image\" \/>\n<meta name=\"twitter:label1\" content=\"Tiempo de lectura\" \/>\n\t<meta name=\"twitter:data1\" content=\"2 minutos\" \/>\n<script type=\"application\/ld+json\" class=\"yoast-schema-graph\">{\"@context\":\"https:\\\/\\\/schema.org\",\"@graph\":[{\"@type\":\"WebPage\",\"@id\":\"https:\\\/\\\/hotelesms.com\\\/\\\/hotel-ms-centenario-cali\\\/habitaciones\\\/junior-suite-superior\\\/\",\"url\":\"https:\\\/\\\/hotelesms.com\\\/\\\/hotel-ms-centenario-cali\\\/habitaciones\\\/junior-suite-superior\\\/\",\"name\":\"Habitaci\u00f3n Junior Suite Superior - Hotel Basic Centenario by Hoteles MS\",\"isPartOf\":{\"@id\":\"http:\\\/\\\/hotelesms.com\\\/\\\/hotel-ms-centenario-cali\\\/#website\"},\"primaryImageOfPage\":{\"@id\":\"https:\\\/\\\/hotelesms.com\\\/\\\/hotel-ms-centenario-cali\\\/habitaciones\\\/junior-suite-superior\\\/#primaryimage\"},\"image\":{\"@id\":\"https:\\\/\\\/hotelesms.com\\\/\\\/hotel-ms-centenario-cali\\\/habitaciones\\\/junior-suite-superior\\\/#primaryimage\"},\"thumbnailUrl\":\"https:\\\/\\\/hotelesms.com\\\/\\\/hotel-ms-centenario-cali\\\/wp-content\\\/uploads\\\/sites\\\/8\\\/2024\\\/05\\\/habitacion-junior-suite-superior-hotel-ms.webp\",\"datePublished\":\"2022-08-19T23:14:59+00:00\",\"dateModified\":\"2024-05-22T00:12:15+00:00\",\"breadcrumb\":{\"@id\":\"https:\\\/\\\/hotelesms.com\\\/\\\/hotel-ms-centenario-cali\\\/habitaciones\\\/junior-suite-superior\\\/#breadcrumb\"},\"inLanguage\":\"es\",\"potentialAction\":[{\"@type\":\"ReadAction\",\"target\":[\"https:\\\/\\\/hotelesms.com\\\/\\\/hotel-ms-centenario-cali\\\/habitaciones\\\/junior-suite-superior\\\/\"]}]},{\"@type\":\"ImageObject\",\"inLanguage\":\"es\",\"@id\":\"https:\\\/\\\/hotelesms.com\\\/\\\/hotel-ms-centenario-cali\\\/habitaciones\\\/junior-suite-superior\\\/#primaryimage\",\"url\":\"https:\\\/\\\/hotelesms.com\\\/\\\/hotel-ms-centenario-cali\\\/wp-content\\\/uploads\\\/sites\\\/8\\\/2024\\\/05\\\/habitacion-junior-suite-superior-hotel-ms.webp\",\"contentUrl\":\"https:\\\/\\\/hotelesms.com\\\/\\\/hotel-ms-centenario-cali\\\/wp-content\\\/uploads\\\/sites\\\/8\\\/2024\\\/05\\\/habitacion-junior-suite-superior-hotel-ms.webp\",\"width\":900,\"height\":592,\"caption\":\"Habitaci\u00f3n Junior Suite Superior Hotel MS\"},{\"@type\":\"BreadcrumbList\",\"@id\":\"https:\\\/\\\/hotelesms.com\\\/\\\/hotel-ms-centenario-cali\\\/habitaciones\\\/junior-suite-superior\\\/#breadcrumb\",\"itemListElement\":[{\"@type\":\"ListItem\",\"position\":1,\"name\":\"Portada\",\"item\":\"https:\\\/\\\/hotelesms.com\\\/\\\/hotel-ms-centenario-cali\\\/\"},{\"@type\":\"ListItem\",\"position\":2,\"name\":\"Habitaciones\",\"item\":\"https:\\\/\\\/hotelesms.com\\\/\\\/hotel-ms-centenario-cali\\\/habitaciones\\\/\"},{\"@type\":\"ListItem\",\"position\":3,\"name\":\"Habitaci\u00f3n Junior Suite Superior\"}]},{\"@type\":\"WebSite\",\"@id\":\"http:\\\/\\\/hotelesms.com\\\/\\\/hotel-ms-centenario-cali\\\/#website\",\"url\":\"http:\\\/\\\/hotelesms.com\\\/\\\/hotel-ms-centenario-cali\\\/\",\"name\":\"Hotel Basic Centenario by Hoteles MS\",\"description\":\"Cadena hotelera colombiana de est\u00e1ndares internacionales\",\"publisher\":{\"@id\":\"http:\\\/\\\/hotelesms.com\\\/\\\/hotel-ms-centenario-cali\\\/#organization\"},\"potentialAction\":[{\"@type\":\"SearchAction\",\"target\":{\"@type\":\"EntryPoint\",\"urlTemplate\":\"http:\\\/\\\/hotelesms.com\\\/\\\/hotel-ms-centenario-cali\\\/?s={search_term_string}\"},\"query-input\":{\"@type\":\"PropertyValueSpecification\",\"valueRequired\":true,\"valueName\":\"search_term_string\"}}],\"inLanguage\":\"es\"},{\"@type\":\"Organization\",\"@id\":\"http:\\\/\\\/hotelesms.com\\\/\\\/hotel-ms-centenario-cali\\\/#organization\",\"name\":\"Hotel Basic Centenario by MS\",\"url\":\"http:\\\/\\\/hotelesms.com\\\/\\\/hotel-ms-centenario-cali\\\/\",\"logo\":{\"@type\":\"ImageObject\",\"inLanguage\":\"es\",\"@id\":\"http:\\\/\\\/hotelesms.com\\\/\\\/hotel-ms-centenario-cali\\\/#\\\/schema\\\/logo\\\/image\\\/\",\"url\":\"https:\\\/\\\/hotelesms.com\\\/\\\/hotel-ms-centenario-cali\\\/wp-content\\\/uploads\\\/sites\\\/8\\\/2022\\\/07\\\/Logo-vertical-negro-basic.png\",\"contentUrl\":\"https:\\\/\\\/hotelesms.com\\\/\\\/hotel-ms-centenario-cali\\\/wp-content\\\/uploads\\\/sites\\\/8\\\/2022\\\/07\\\/Logo-vertical-negro-basic.png\",\"width\":160,\"height\":160,\"caption\":\"Hotel Basic Centenario by MS\"},\"image\":{\"@id\":\"http:\\\/\\\/hotelesms.com\\\/\\\/hotel-ms-centenario-cali\\\/#\\\/schema\\\/logo\\\/image\\\/\"}}]}<\/script>\n<!-- \/ Yoast SEO plugin. -->","yoast_head_json":{"title":"Habitaci\u00f3n Junior Suite Superior - Hotel Basic Centenario by Hoteles MS","robots":{"index":"index","follow":"follow","max-snippet":"max-snippet:-1","max-image-preview":"max-image-preview:large","max-video-preview":"max-video-preview:-1"},"canonical":"https:\/\/hotelesms.com\/\/hotel-ms-centenario-cali\/habitaciones\/junior-suite-superior\/","og_locale":"es_ES","og_type":"article","og_title":"Habitaci\u00f3n Junior Suite Superior - Hotel Basic Centenario by Hoteles MS","og_url":"https:\/\/hotelesms.com\/\/hotel-ms-centenario-cali\/habitaciones\/junior-suite-superior\/","og_site_name":"Hotel Basic Centenario by Hoteles MS","article_modified_time":"2024-05-22T00:12:15+00:00","og_image":[{"width":900,"height":592,"url":"https:\/\/hotelesms.com\/\/hotel-ms-centenario-cali\/wp-content\/uploads\/sites\/8\/2024\/05\/habitacion-junior-suite-superior-hotel-ms.webp","type":"image\/webp"}],"twitter_card":"summary_large_image","twitter_misc":{"Tiempo de lectura":"2 minutos"},"schema":{"@context":"https:\/\/schema.org","@graph":[{"@type":"WebPage","@id":"https:\/\/hotelesms.com\/\/hotel-ms-centenario-cali\/habitaciones\/junior-suite-superior\/","url":"https:\/\/hotelesms.com\/\/hotel-ms-centenario-cali\/habitaciones\/junior-suite-superior\/","name":"Habitaci\u00f3n Junior Suite Superior - Hotel Basic Centenario by Hoteles MS","isPartOf":{"@id":"http:\/\/hotelesms.com\/\/hotel-ms-centenario-cali\/#website"},"primaryImageOfPage":{"@id":"https:\/\/hotelesms.com\/\/hotel-ms-centenario-cali\/habitaciones\/junior-suite-superior\/#primaryimage"},"image":{"@id":"https:\/\/hotelesms.com\/\/hotel-ms-centenario-cali\/habitaciones\/junior-suite-superior\/#primaryimage"},"thumbnailUrl":"https:\/\/hotelesms.com\/\/hotel-ms-centenario-cali\/wp-content\/uploads\/sites\/8\/2024\/05\/habitacion-junior-suite-superior-hotel-ms.webp","datePublished":"2022-08-19T23:14:59+00:00","dateModified":"2024-05-22T00:12:15+00:00","breadcrumb":{"@id":"https:\/\/hotelesms.com\/\/hotel-ms-centenario-cali\/habitaciones\/junior-suite-superior\/#breadcrumb"},"inLanguage":"es","potentialAction":[{"@type":"ReadAction","target":["https:\/\/hotelesms.com\/\/hotel-ms-centenario-cali\/habitaciones\/junior-suite-superior\/"]}]},{"@type":"ImageObject","inLanguage":"es","@id":"https:\/\/hotelesms.com\/\/hotel-ms-centenario-cali\/habitaciones\/junior-suite-superior\/#primaryimage","url":"https:\/\/hotelesms.com\/\/hotel-ms-centenario-cali\/wp-content\/uploads\/sites\/8\/2024\/05\/habitacion-junior-suite-superior-hotel-ms.webp","contentUrl":"https:\/\/hotelesms.com\/\/hotel-ms-centenario-cali\/wp-content\/uploads\/sites\/8\/2024\/05\/habitacion-junior-suite-superior-hotel-ms.webp","width":900,"height":592,"caption":"Habitaci\u00f3n Junior Suite Superior Hotel MS"},{"@type":"BreadcrumbList","@id":"https:\/\/hotelesms.com\/\/hotel-ms-centenario-cali\/habitaciones\/junior-suite-superior\/#breadcrumb","itemListElement":[{"@type":"ListItem","position":1,"name":"Portada","item":"https:\/\/hotelesms.com\/\/hotel-ms-centenario-cali\/"},{"@type":"ListItem","position":2,"name":"Habitaciones","item":"https:\/\/hotelesms.com\/\/hotel-ms-centenario-cali\/habitaciones\/"},{"@type":"ListItem","position":3,"name":"Habitaci\u00f3n Junior Suite Superior"}]},{"@type":"WebSite","@id":"http:\/\/hotelesms.com\/\/hotel-ms-centenario-cali\/#website","url":"http:\/\/hotelesms.com\/\/hotel-ms-centenario-cali\/","name":"Hotel Basic Centenario by Hoteles MS","description":"Cadena hotelera colombiana de est\u00e1ndares internacionales","publisher":{"@id":"http:\/\/hotelesms.com\/\/hotel-ms-centenario-cali\/#organization"},"potentialAction":[{"@type":"SearchAction","target":{"@type":"EntryPoint","urlTemplate":"http:\/\/hotelesms.com\/\/hotel-ms-centenario-cali\/?s={search_term_string}"},"query-input":{"@type":"PropertyValueSpecification","valueRequired":true,"valueName":"search_term_string"}}],"inLanguage":"es"},{"@type":"Organization","@id":"http:\/\/hotelesms.com\/\/hotel-ms-centenario-cali\/#organization","name":"Hotel Basic Centenario by MS","url":"http:\/\/hotelesms.com\/\/hotel-ms-centenario-cali\/","logo":{"@type":"ImageObject","inLanguage":"es","@id":"http:\/\/hotelesms.com\/\/hotel-ms-centenario-cali\/#\/schema\/logo\/image\/","url":"https:\/\/hotelesms.com\/\/hotel-ms-centenario-cali\/wp-content\/uploads\/sites\/8\/2022\/07\/Logo-vertical-negro-basic.png","contentUrl":"https:\/\/hotelesms.com\/\/hotel-ms-centenario-cali\/wp-content\/uploads\/sites\/8\/2022\/07\/Logo-vertical-negro-basic.png","width":160,"height":160,"caption":"Hotel Basic Centenario by MS"},"image":{"@id":"http:\/\/hotelesms.com\/\/hotel-ms-centenario-cali\/#\/schema\/logo\/image\/"}}]}},"_links":{"self":[{"href":"https:\/\/hotelesms.com\/\/hotel-ms-centenario-cali\/wp-json\/wp\/v2\/pages\/8246","targetHints":{"allow":["GET"]}}],"collection":[{"href":"https:\/\/hotelesms.com\/\/hotel-ms-centenario-cali\/wp-json\/wp\/v2\/pages"}],"about":[{"href":"https:\/\/hotelesms.com\/\/hotel-ms-centenario-cali\/wp-json\/wp\/v2\/types\/page"}],"author":[{"embeddable":true,"href":"https:\/\/hotelesms.com\/\/hotel-ms-centenario-cali\/wp-json\/wp\/v2\/users\/1"}],"replies":[{"embeddable":true,"href":"https:\/\/hotelesms.com\/\/hotel-ms-centenario-cali\/wp-json\/wp\/v2\/comments?post=8246"}],"version-history":[{"count":48,"href":"https:\/\/hotelesms.com\/\/hotel-ms-centenario-cali\/wp-json\/wp\/v2\/pages\/8246\/revisions"}],"predecessor-version":[{"id":9113,"href":"https:\/\/hotelesms.com\/\/hotel-ms-centenario-cali\/wp-json\/wp\/v2\/pages\/8246\/revisions\/9113"}],"up":[{"embeddable":true,"href":"https:\/\/hotelesms.com\/\/hotel-ms-centenario-cali\/wp-json\/wp\/v2\/pages\/8244"}],"wp:featuredmedia":[{"embeddable":true,"href":"https:\/\/hotelesms.com\/\/hotel-ms-centenario-cali\/wp-json\/wp\/v2\/media\/9112"}],"wp:attachment":[{"href":"https:\/\/hotelesms.com\/\/hotel-ms-centenario-cali\/wp-json\/wp\/v2\/media?parent=8246"}],"curies":[{"name":"wp","href":"https:\/\/api.w.org\/{rel}","templated":true}]}}