{"id":8248,"date":"2022-08-19T23:17:02","date_gmt":"2022-08-19T23:17:02","guid":{"rendered":"https:\/\/hotelesms.com\/\/hotel-ms-centenario-cali\/?page_id=8248"},"modified":"2024-05-22T00:10:47","modified_gmt":"2024-05-22T00:10:47","slug":"habitacion-junior-suite-doble","status":"publish","type":"page","link":"https:\/\/hotelesms.com\/\/hotel-ms-centenario-cali\/habitaciones\/habitacion-junior-suite-doble\/","title":{"rendered":"Habitaci\u00f3n Junior Suite Doble"},"content":{"rendered":"<section class=\"l-section wpb_row height_auto full_height valign_center color_primary with_img parallax_ver\"><div class=\"l-section-img\" style=\"background-image: url(https:\/\/hotelesms.com\/\/hotel-ms-centenario-cali\/wp-content\/uploads\/sites\/8\/2022\/09\/WhatsApp-Image-2022-03-17-at-3.19.08-PM-6.jpg);\" data-img-width=\"900\" data-img-height=\"573\"><\/div><div class=\"l-section-overlay\" style=\"background:rgba(0,0,0,0.40)\"><\/div><div class=\"l-section-h i-cf\"><div class=\"g-cols vc_row via_grid cols_1 laptops-cols_inherit tablets-cols_inherit mobiles-cols_1 valign_top type_default stacking_default\"><div class=\"wpb_column vc_column_container\"><div class=\"vc_column-inner\"><div class=\"g-cols wpb_row via_grid cols_1-4-1 laptops-cols_inherit tablets-cols_inherit mobiles-cols_1 valign_top type_default stacking_default\"><div class=\"wpb_column vc_column_container\"><div class=\"vc_column-inner\"><\/div><\/div><div class=\"wpb_column vc_column_container\"><div class=\"vc_column-inner\"><div class=\"w-separator size_medium\"><\/div><div class=\"wpb_text_column\"><div class=\"wpb_wrapper\"><h3 style=\"text-align: center\">Habitaci\u00f3n Junior Suite Doble<\/h3>\n<\/div><\/div><div class=\"w-separator size_medium\"><\/div><div class=\"wpb_text_column\"><div class=\"wpb_wrapper\"><p style=\"font-size: 18px;text-align: center\">Bonita habitaci\u00f3n con cama doble especial para hu\u00e9spedes que viajan en compa\u00f1\u00eda por razones de trabajo o vacaciones. El \u00e1rea promedio de esta habitaci\u00f3n es de 50 mts2 de frescura, comodidad y pulcritud. WiFi gratuito en habitaci\u00f3n y ducha con un confortable hidromasaje.<\/p>\n<\/div><\/div><div class=\"w-separator size_medium\"><\/div><\/div><\/div><div class=\"wpb_column vc_column_container\"><div class=\"vc_column-inner\"><\/div><\/div><\/div><div class=\"g-cols wpb_row via_grid cols_1-4-1 laptops-cols_inherit tablets-cols_inherit mobiles-cols_1 valign_top type_default stacking_default\"><div class=\"wpb_column vc_column_container\"><div class=\"vc_column-inner\"><div class=\"w-separator size_large\"><\/div><\/div><\/div><div class=\"wpb_column vc_column_container\"><div class=\"vc_column-inner\"><div class=\"w-separator size_large\"><\/div><div class=\"w-tabs layout_ver navwidth_auto navpos_left style_simple switch_click has_scrolling\" style=\"--sections-title-size:1em\"><div class=\"w-tabs-list items_5 align_none\"><div class=\"w-tabs-list-h\"><button class=\"w-tabs-item with_icon\" aria-controls=\"content-d945\"><i class=\"fal fa-heart\"><\/i><span class=\"w-tabs-item-title\">Comodidades<\/span><\/button><button class=\"w-tabs-item with_icon\" aria-controls=\"content-ua40\"><i class=\"fal fa-bed\"><\/i><span class=\"w-tabs-item-title\">Dotaci\u00f3n<\/span><\/button><button class=\"w-tabs-item with_icon\" aria-controls=\"content-jb49\"><i class=\"fal fa-concierge-bell\"><\/i><span class=\"w-tabs-item-title\">Pol\u00edticas<\/span><\/button><button class=\"w-tabs-item with_icon\" aria-controls=\"content-xc39\"><i class=\"fal fa-star\"><\/i><span class=\"w-tabs-item-title\">Servicios<\/span><\/button><button class=\"w-tabs-item active defined-active with_icon\" aria-controls=\"content-ke5c\"><i class=\"fas fa-clock\"><\/i><span class=\"w-tabs-item-title\">Horarios<\/span><\/button><\/div><\/div><div class=\"w-tabs-sections titles-align_none icon_chevron cpos_right\"><div class=\"w-tabs-section\" id=\"d945\"><button aria-controls=\"content-d945\" class=\"w-tabs-section-header with_icon\"><i class=\"fal fa-heart\"><\/i><div class=\"w-tabs-section-title\">Comodidades<\/div><div class=\"w-tabs-section-control\"><\/div><\/button><div  class=\"w-tabs-section-content\" id=\"content-d945\" aria-expanded=\"false\"><div class=\"w-tabs-section-content-h i-cf\"><div class=\"wpb_text_column\"><div class=\"wpb_wrapper\"><ul>\n<li>WiFi<\/li>\n<li>Aire acondicionado.<\/li>\n<li>Agua fr\u00eda, caliente.<\/li>\n<li>Zona de estar<\/li>\n<li>Canales por cable<\/li>\n<li>Minibar.<\/li>\n<li>Amenities<\/li>\n<\/ul>\n<\/div><\/div><\/div><\/div><\/div><div class=\"w-tabs-section\" id=\"ua40\"><button aria-controls=\"content-ua40\" class=\"w-tabs-section-header with_icon\"><i class=\"fal fa-bed\"><\/i><div class=\"w-tabs-section-title\">Dotaci\u00f3n<\/div><div class=\"w-tabs-section-control\"><\/div><\/button><div  class=\"w-tabs-section-content\" id=\"content-ua40\" aria-expanded=\"false\"><div class=\"w-tabs-section-content-h i-cf\"><div class=\"wpb_text_column\"><div class=\"wpb_wrapper\"><ul>\n<li>2 camas individuales<\/li>\n<li>1 sof\u00e1 cama<\/li>\n<li>Televisor LCD 32\u2033.<\/li>\n<li>Sof\u00e1<\/li>\n<li>Minibar<\/li>\n<li>Escritorio<\/li>\n<li>Secador de pelo<\/li>\n<li>Caja fuerte<\/li>\n<\/ul>\n<\/div><\/div><\/div><\/div><\/div><div class=\"w-tabs-section\" id=\"jb49\"><button aria-controls=\"content-jb49\" class=\"w-tabs-section-header with_icon\"><i class=\"fal fa-concierge-bell\"><\/i><div class=\"w-tabs-section-title\">Pol\u00edticas<\/div><div class=\"w-tabs-section-control\"><\/div><\/button><div  class=\"w-tabs-section-content\" id=\"content-jb49\" aria-expanded=\"false\"><div class=\"w-tabs-section-content-h i-cf\"><div class=\"wpb_text_column\"><div class=\"wpb_wrapper\"><ul>\n<li>Check in: 15:00<\/li>\n<li>Check out: 13:30<\/li>\n<li>Pueden alojarse ni\u00f1os de todas las edades.<\/li>\n<li>No se admiten mascotas.<\/li>\n<li>Parqueadero gratuito con previa reserva.<\/li>\n<\/ul>\n<p><strong>Cancelaciones:<\/strong><\/p>\n<p>Las cancelaciones de la reserva deben hacerse antes de las 72 horas de la entrada al hotel, de lo contrario se efectuar\u00e1 el cargo de la primera noche a tu cuenta.<\/p>\n<\/div><\/div><\/div><\/div><\/div><div class=\"w-tabs-section\" id=\"xc39\"><button aria-controls=\"content-xc39\" class=\"w-tabs-section-header with_icon\"><i class=\"fal fa-star\"><\/i><div class=\"w-tabs-section-title\">Servicios<\/div><div class=\"w-tabs-section-control\"><\/div><\/button><div  class=\"w-tabs-section-content\" id=\"content-xc39\" aria-expanded=\"false\"><div class=\"w-tabs-section-content-h i-cf\"><div class=\"wpb_text_column\"><div class=\"wpb_wrapper\"><ul>\n<li>Servicio de lavander\u00eda.<\/li>\n<li>Desayuno americano<\/li>\n<li>Recepci\u00f3n 24 horas<\/li>\n<li>Informaci\u00f3n tur\u00edstica<\/li>\n<li>Guardaequipaje<\/li>\n<li>Servicio diario de camarera de pisos<\/li>\n<li>Fax \/ fotocopiadora<\/li>\n<li>Servicio de despertador<\/li>\n<\/ul>\n<\/div><\/div><\/div><\/div><\/div><div class=\"w-tabs-section active\" id=\"ke5c\"><button aria-controls=\"content-ke5c\" class=\"w-tabs-section-header active with_icon\"><i class=\"fas fa-clock\"><\/i><div class=\"w-tabs-section-title\">Horarios<\/div><div class=\"w-tabs-section-control\"><\/div><\/button><div  class=\"w-tabs-section-content\" id=\"content-ke5c\" aria-expanded=\"true\"><div class=\"w-tabs-section-content-h i-cf\"><div class=\"w-iconbox iconpos_left style_default color_custom align_left\"><div class=\"w-iconbox-icon\" style=\"font-size:0,8rem;color:#ffffff;\"><i class=\"fas fa-angle-double-right\"><\/i><\/div><div class=\"w-iconbox-meta\"><h6 class=\"w-iconbox-title\">Check in<\/h6><div class=\"w-iconbox-text\"><p>Check in: 15:00<\/p>\n<\/div><\/div><\/div><div class=\"w-separator size_small\"><\/div><div class=\"w-iconbox iconpos_left style_default color_custom align_left\"><div class=\"w-iconbox-icon\" style=\"font-size:0,8rem;color:#ffffff;\"><i class=\"fas fa-angle-double-left\"><\/i><\/div><div class=\"w-iconbox-meta\"><h6 class=\"w-iconbox-title\">Check out<\/h6><div class=\"w-iconbox-text\"><p>Check out: 12:00<\/p>\n<\/div><\/div><\/div><div class=\"w-separator size_small\"><\/div><div class=\"w-iconbox iconpos_left style_default color_custom align_left\"><div class=\"w-iconbox-icon\" style=\"font-size:0,8rem;color:#ffffff;\"><i class=\"fal fa-coffee\"><\/i><\/div><div class=\"w-iconbox-meta\"><h6 class=\"w-iconbox-title\">Desayuno<\/h6><div class=\"w-iconbox-text\"><p>Desayuno: de lunes a viernes de 6:00 am a 9:00 am<br \/>\nFines de semana: de 6:00 am a 10:00 am<\/p>\n<\/div><\/div><\/div><\/div><\/div><\/div><\/div><\/div><\/div><\/div><div class=\"wpb_column vc_column_container\"><div class=\"vc_column-inner\"><\/div><\/div><\/div><div class=\"w-separator size_large\"><\/div><div class=\"w-btn-wrapper align_center\"><a class=\"w-btn us-btn-style_11 us_custom_1b04de86\" title=\"Habitaciones\" href=\"\/hotel-ms-centenario-cali\/habitaciones\/\"><span class=\"w-btn-label\">VER M\u00c1S HABITACIONES<\/span><\/a><\/div><div class=\"w-separator size_medium\"><\/div><\/div><\/div><\/div><\/div><\/section>\n","protected":false},"excerpt":{"rendered":"Habitaci\u00f3n Junior Suite Doble Bonita habitaci\u00f3n con cama doble especial para hu\u00e9spedes que viajan en compa\u00f1\u00eda por razones de trabajo o vacaciones. El \u00e1rea promedio de esta habitaci\u00f3n es de 50 mts2 de frescura, comodidad y pulcritud. WiFi gratuito en habitaci\u00f3n y ducha con un confortable hidromasaje. ComodidadesDotaci\u00f3nPol\u00edticasServiciosHorariosComodidades WiFi Aire acondicionado. Agua fr\u00eda, caliente. Zona...","protected":false},"author":1,"featured_media":9110,"parent":8244,"menu_order":0,"comment_status":"closed","ping_status":"closed","template":"","meta":{"footnotes":""},"class_list":["post-8248","page","type-page","status-publish","has-post-thumbnail","hentry"],"acf":[],"yoast_head":"<!-- This site is optimized with the Yoast SEO plugin v27.4 - https:\/\/yoast.com\/product\/yoast-seo-wordpress\/ -->\n<title>Habitaci\u00f3n Junior Suite Doble - Hotel Basic Centenario by Hoteles MS<\/title>\n<meta name=\"robots\" content=\"index, follow, max-snippet:-1, max-image-preview:large, max-video-preview:-1\" \/>\n<link rel=\"canonical\" href=\"https:\/\/hotelesms.com\/\/hotel-ms-centenario-cali\/habitaciones\/habitacion-junior-suite-doble\/\" \/>\n<meta property=\"og:locale\" content=\"es_ES\" \/>\n<meta property=\"og:type\" content=\"article\" \/>\n<meta property=\"og:title\" content=\"Habitaci\u00f3n Junior Suite Doble - Hotel Basic Centenario by Hoteles MS\" \/>\n<meta property=\"og:url\" content=\"https:\/\/hotelesms.com\/\/hotel-ms-centenario-cali\/habitaciones\/habitacion-junior-suite-doble\/\" \/>\n<meta property=\"og:site_name\" content=\"Hotel Basic Centenario by Hoteles MS\" \/>\n<meta property=\"article:modified_time\" content=\"2024-05-22T00:10:47+00:00\" \/>\n<meta property=\"og:image\" content=\"https:\/\/hotelesms.com\/\/hotel-ms-centenario-cali\/wp-content\/uploads\/sites\/8\/2024\/05\/habitacion-junior-suite-doble-hotel-ms.webp\" \/>\n\t<meta property=\"og:image:width\" content=\"900\" \/>\n\t<meta property=\"og:image:height\" content=\"573\" \/>\n\t<meta property=\"og:image:type\" content=\"image\/webp\" \/>\n<meta name=\"twitter:card\" content=\"summary_large_image\" \/>\n<meta name=\"twitter:label1\" content=\"Tiempo de lectura\" \/>\n\t<meta name=\"twitter:data1\" content=\"2 minutos\" \/>\n<script type=\"application\/ld+json\" class=\"yoast-schema-graph\">{\"@context\":\"https:\\\/\\\/schema.org\",\"@graph\":[{\"@type\":\"WebPage\",\"@id\":\"https:\\\/\\\/hotelesms.com\\\/\\\/hotel-ms-centenario-cali\\\/habitaciones\\\/habitacion-junior-suite-doble\\\/\",\"url\":\"https:\\\/\\\/hotelesms.com\\\/\\\/hotel-ms-centenario-cali\\\/habitaciones\\\/habitacion-junior-suite-doble\\\/\",\"name\":\"Habitaci\u00f3n Junior Suite Doble - Hotel Basic Centenario by Hoteles MS\",\"isPartOf\":{\"@id\":\"http:\\\/\\\/hotelesms.com\\\/\\\/hotel-ms-centenario-cali\\\/#website\"},\"primaryImageOfPage\":{\"@id\":\"https:\\\/\\\/hotelesms.com\\\/\\\/hotel-ms-centenario-cali\\\/habitaciones\\\/habitacion-junior-suite-doble\\\/#primaryimage\"},\"image\":{\"@id\":\"https:\\\/\\\/hotelesms.com\\\/\\\/hotel-ms-centenario-cali\\\/habitaciones\\\/habitacion-junior-suite-doble\\\/#primaryimage\"},\"thumbnailUrl\":\"https:\\\/\\\/hotelesms.com\\\/\\\/hotel-ms-centenario-cali\\\/wp-content\\\/uploads\\\/sites\\\/8\\\/2024\\\/05\\\/habitacion-junior-suite-doble-hotel-ms.webp\",\"datePublished\":\"2022-08-19T23:17:02+00:00\",\"dateModified\":\"2024-05-22T00:10:47+00:00\",\"breadcrumb\":{\"@id\":\"https:\\\/\\\/hotelesms.com\\\/\\\/hotel-ms-centenario-cali\\\/habitaciones\\\/habitacion-junior-suite-doble\\\/#breadcrumb\"},\"inLanguage\":\"es\",\"potentialAction\":[{\"@type\":\"ReadAction\",\"target\":[\"https:\\\/\\\/hotelesms.com\\\/\\\/hotel-ms-centenario-cali\\\/habitaciones\\\/habitacion-junior-suite-doble\\\/\"]}]},{\"@type\":\"ImageObject\",\"inLanguage\":\"es\",\"@id\":\"https:\\\/\\\/hotelesms.com\\\/\\\/hotel-ms-centenario-cali\\\/habitaciones\\\/habitacion-junior-suite-doble\\\/#primaryimage\",\"url\":\"https:\\\/\\\/hotelesms.com\\\/\\\/hotel-ms-centenario-cali\\\/wp-content\\\/uploads\\\/sites\\\/8\\\/2024\\\/05\\\/habitacion-junior-suite-doble-hotel-ms.webp\",\"contentUrl\":\"https:\\\/\\\/hotelesms.com\\\/\\\/hotel-ms-centenario-cali\\\/wp-content\\\/uploads\\\/sites\\\/8\\\/2024\\\/05\\\/habitacion-junior-suite-doble-hotel-ms.webp\",\"width\":900,\"height\":573,\"caption\":\"Habitaci\u00f3n Junior Suite Doble, en Hotel Basic Centenario by MS\"},{\"@type\":\"BreadcrumbList\",\"@id\":\"https:\\\/\\\/hotelesms.com\\\/\\\/hotel-ms-centenario-cali\\\/habitaciones\\\/habitacion-junior-suite-doble\\\/#breadcrumb\",\"itemListElement\":[{\"@type\":\"ListItem\",\"position\":1,\"name\":\"Portada\",\"item\":\"https:\\\/\\\/hotelesms.com\\\/\\\/hotel-ms-centenario-cali\\\/\"},{\"@type\":\"ListItem\",\"position\":2,\"name\":\"Habitaciones\",\"item\":\"https:\\\/\\\/hotelesms.com\\\/\\\/hotel-ms-centenario-cali\\\/habitaciones\\\/\"},{\"@type\":\"ListItem\",\"position\":3,\"name\":\"Habitaci\u00f3n Junior Suite Doble\"}]},{\"@type\":\"WebSite\",\"@id\":\"http:\\\/\\\/hotelesms.com\\\/\\\/hotel-ms-centenario-cali\\\/#website\",\"url\":\"http:\\\/\\\/hotelesms.com\\\/\\\/hotel-ms-centenario-cali\\\/\",\"name\":\"Hotel Basic Centenario by Hoteles MS\",\"description\":\"Cadena hotelera colombiana de est\u00e1ndares internacionales\",\"publisher\":{\"@id\":\"http:\\\/\\\/hotelesms.com\\\/\\\/hotel-ms-centenario-cali\\\/#organization\"},\"potentialAction\":[{\"@type\":\"SearchAction\",\"target\":{\"@type\":\"EntryPoint\",\"urlTemplate\":\"http:\\\/\\\/hotelesms.com\\\/\\\/hotel-ms-centenario-cali\\\/?s={search_term_string}\"},\"query-input\":{\"@type\":\"PropertyValueSpecification\",\"valueRequired\":true,\"valueName\":\"search_term_string\"}}],\"inLanguage\":\"es\"},{\"@type\":\"Organization\",\"@id\":\"http:\\\/\\\/hotelesms.com\\\/\\\/hotel-ms-centenario-cali\\\/#organization\",\"name\":\"Hotel Basic Centenario by MS\",\"url\":\"http:\\\/\\\/hotelesms.com\\\/\\\/hotel-ms-centenario-cali\\\/\",\"logo\":{\"@type\":\"ImageObject\",\"inLanguage\":\"es\",\"@id\":\"http:\\\/\\\/hotelesms.com\\\/\\\/hotel-ms-centenario-cali\\\/#\\\/schema\\\/logo\\\/image\\\/\",\"url\":\"https:\\\/\\\/hotelesms.com\\\/\\\/hotel-ms-centenario-cali\\\/wp-content\\\/uploads\\\/sites\\\/8\\\/2022\\\/07\\\/Logo-vertical-negro-basic.png\",\"contentUrl\":\"https:\\\/\\\/hotelesms.com\\\/\\\/hotel-ms-centenario-cali\\\/wp-content\\\/uploads\\\/sites\\\/8\\\/2022\\\/07\\\/Logo-vertical-negro-basic.png\",\"width\":160,\"height\":160,\"caption\":\"Hotel Basic Centenario by MS\"},\"image\":{\"@id\":\"http:\\\/\\\/hotelesms.com\\\/\\\/hotel-ms-centenario-cali\\\/#\\\/schema\\\/logo\\\/image\\\/\"}}]}<\/script>\n<!-- \/ Yoast SEO plugin. -->","yoast_head_json":{"title":"Habitaci\u00f3n Junior Suite Doble - Hotel Basic Centenario by Hoteles MS","robots":{"index":"index","follow":"follow","max-snippet":"max-snippet:-1","max-image-preview":"max-image-preview:large","max-video-preview":"max-video-preview:-1"},"canonical":"https:\/\/hotelesms.com\/\/hotel-ms-centenario-cali\/habitaciones\/habitacion-junior-suite-doble\/","og_locale":"es_ES","og_type":"article","og_title":"Habitaci\u00f3n Junior Suite Doble - Hotel Basic Centenario by Hoteles MS","og_url":"https:\/\/hotelesms.com\/\/hotel-ms-centenario-cali\/habitaciones\/habitacion-junior-suite-doble\/","og_site_name":"Hotel Basic Centenario by Hoteles MS","article_modified_time":"2024-05-22T00:10:47+00:00","og_image":[{"width":900,"height":573,"url":"https:\/\/hotelesms.com\/\/hotel-ms-centenario-cali\/wp-content\/uploads\/sites\/8\/2024\/05\/habitacion-junior-suite-doble-hotel-ms.webp","type":"image\/webp"}],"twitter_card":"summary_large_image","twitter_misc":{"Tiempo de lectura":"2 minutos"},"schema":{"@context":"https:\/\/schema.org","@graph":[{"@type":"WebPage","@id":"https:\/\/hotelesms.com\/\/hotel-ms-centenario-cali\/habitaciones\/habitacion-junior-suite-doble\/","url":"https:\/\/hotelesms.com\/\/hotel-ms-centenario-cali\/habitaciones\/habitacion-junior-suite-doble\/","name":"Habitaci\u00f3n Junior Suite Doble - Hotel Basic Centenario by Hoteles MS","isPartOf":{"@id":"http:\/\/hotelesms.com\/\/hotel-ms-centenario-cali\/#website"},"primaryImageOfPage":{"@id":"https:\/\/hotelesms.com\/\/hotel-ms-centenario-cali\/habitaciones\/habitacion-junior-suite-doble\/#primaryimage"},"image":{"@id":"https:\/\/hotelesms.com\/\/hotel-ms-centenario-cali\/habitaciones\/habitacion-junior-suite-doble\/#primaryimage"},"thumbnailUrl":"https:\/\/hotelesms.com\/\/hotel-ms-centenario-cali\/wp-content\/uploads\/sites\/8\/2024\/05\/habitacion-junior-suite-doble-hotel-ms.webp","datePublished":"2022-08-19T23:17:02+00:00","dateModified":"2024-05-22T00:10:47+00:00","breadcrumb":{"@id":"https:\/\/hotelesms.com\/\/hotel-ms-centenario-cali\/habitaciones\/habitacion-junior-suite-doble\/#breadcrumb"},"inLanguage":"es","potentialAction":[{"@type":"ReadAction","target":["https:\/\/hotelesms.com\/\/hotel-ms-centenario-cali\/habitaciones\/habitacion-junior-suite-doble\/"]}]},{"@type":"ImageObject","inLanguage":"es","@id":"https:\/\/hotelesms.com\/\/hotel-ms-centenario-cali\/habitaciones\/habitacion-junior-suite-doble\/#primaryimage","url":"https:\/\/hotelesms.com\/\/hotel-ms-centenario-cali\/wp-content\/uploads\/sites\/8\/2024\/05\/habitacion-junior-suite-doble-hotel-ms.webp","contentUrl":"https:\/\/hotelesms.com\/\/hotel-ms-centenario-cali\/wp-content\/uploads\/sites\/8\/2024\/05\/habitacion-junior-suite-doble-hotel-ms.webp","width":900,"height":573,"caption":"Habitaci\u00f3n Junior Suite Doble, en Hotel Basic Centenario by MS"},{"@type":"BreadcrumbList","@id":"https:\/\/hotelesms.com\/\/hotel-ms-centenario-cali\/habitaciones\/habitacion-junior-suite-doble\/#breadcrumb","itemListElement":[{"@type":"ListItem","position":1,"name":"Portada","item":"https:\/\/hotelesms.com\/\/hotel-ms-centenario-cali\/"},{"@type":"ListItem","position":2,"name":"Habitaciones","item":"https:\/\/hotelesms.com\/\/hotel-ms-centenario-cali\/habitaciones\/"},{"@type":"ListItem","position":3,"name":"Habitaci\u00f3n Junior Suite Doble"}]},{"@type":"WebSite","@id":"http:\/\/hotelesms.com\/\/hotel-ms-centenario-cali\/#website","url":"http:\/\/hotelesms.com\/\/hotel-ms-centenario-cali\/","name":"Hotel Basic Centenario by Hoteles MS","description":"Cadena hotelera colombiana de est\u00e1ndares internacionales","publisher":{"@id":"http:\/\/hotelesms.com\/\/hotel-ms-centenario-cali\/#organization"},"potentialAction":[{"@type":"SearchAction","target":{"@type":"EntryPoint","urlTemplate":"http:\/\/hotelesms.com\/\/hotel-ms-centenario-cali\/?s={search_term_string}"},"query-input":{"@type":"PropertyValueSpecification","valueRequired":true,"valueName":"search_term_string"}}],"inLanguage":"es"},{"@type":"Organization","@id":"http:\/\/hotelesms.com\/\/hotel-ms-centenario-cali\/#organization","name":"Hotel Basic Centenario by MS","url":"http:\/\/hotelesms.com\/\/hotel-ms-centenario-cali\/","logo":{"@type":"ImageObject","inLanguage":"es","@id":"http:\/\/hotelesms.com\/\/hotel-ms-centenario-cali\/#\/schema\/logo\/image\/","url":"https:\/\/hotelesms.com\/\/hotel-ms-centenario-cali\/wp-content\/uploads\/sites\/8\/2022\/07\/Logo-vertical-negro-basic.png","contentUrl":"https:\/\/hotelesms.com\/\/hotel-ms-centenario-cali\/wp-content\/uploads\/sites\/8\/2022\/07\/Logo-vertical-negro-basic.png","width":160,"height":160,"caption":"Hotel Basic Centenario by MS"},"image":{"@id":"http:\/\/hotelesms.com\/\/hotel-ms-centenario-cali\/#\/schema\/logo\/image\/"}}]}},"_links":{"self":[{"href":"https:\/\/hotelesms.com\/\/hotel-ms-centenario-cali\/wp-json\/wp\/v2\/pages\/8248","targetHints":{"allow":["GET"]}}],"collection":[{"href":"https:\/\/hotelesms.com\/\/hotel-ms-centenario-cali\/wp-json\/wp\/v2\/pages"}],"about":[{"href":"https:\/\/hotelesms.com\/\/hotel-ms-centenario-cali\/wp-json\/wp\/v2\/types\/page"}],"author":[{"embeddable":true,"href":"https:\/\/hotelesms.com\/\/hotel-ms-centenario-cali\/wp-json\/wp\/v2\/users\/1"}],"replies":[{"embeddable":true,"href":"https:\/\/hotelesms.com\/\/hotel-ms-centenario-cali\/wp-json\/wp\/v2\/comments?post=8248"}],"version-history":[{"count":8,"href":"https:\/\/hotelesms.com\/\/hotel-ms-centenario-cali\/wp-json\/wp\/v2\/pages\/8248\/revisions"}],"predecessor-version":[{"id":9111,"href":"https:\/\/hotelesms.com\/\/hotel-ms-centenario-cali\/wp-json\/wp\/v2\/pages\/8248\/revisions\/9111"}],"up":[{"embeddable":true,"href":"https:\/\/hotelesms.com\/\/hotel-ms-centenario-cali\/wp-json\/wp\/v2\/pages\/8244"}],"wp:featuredmedia":[{"embeddable":true,"href":"https:\/\/hotelesms.com\/\/hotel-ms-centenario-cali\/wp-json\/wp\/v2\/media\/9110"}],"wp:attachment":[{"href":"https:\/\/hotelesms.com\/\/hotel-ms-centenario-cali\/wp-json\/wp\/v2\/media?parent=8248"}],"curies":[{"name":"wp","href":"https:\/\/api.w.org\/{rel}","templated":true}]}}