{"id":8254,"date":"2022-08-19T23:20:58","date_gmt":"2022-08-19T23:20:58","guid":{"rendered":"https:\/\/hotelesms.com\/\/hotel-ms-centenario-cali\/?page_id=8254"},"modified":"2023-03-10T21:01:50","modified_gmt":"2023-03-10T21:01:50","slug":"servicios-en-basic-centenario-by-ms","status":"publish","type":"page","link":"https:\/\/hotelesms.com\/\/hotel-ms-centenario-cali\/servicios-en-basic-centenario-by-ms\/","title":{"rendered":"Servicios"},"content":{"rendered":"<section class=\"l-section wpb_row height_auto full_height valign_center color_primary with_img parallax_ver\"><div class=\"l-section-img\" style=\"background-image: url(https:\/\/hotelesms.com\/\/hotel-ms-centenario-cali\/wp-content\/uploads\/sites\/8\/2022\/11\/MG_6011-748x1024-1.jpeg);background-position: bottom center;\" data-img-width=\"748\" data-img-height=\"1024\"><\/div><div class=\"l-section-overlay\" style=\"background:rgba(0,0,0,0.40)\"><\/div><div class=\"l-section-h i-cf\"><div class=\"g-cols vc_row via_grid cols_1 laptops-cols_inherit tablets-cols_inherit mobiles-cols_1 valign_top type_default stacking_default\"><div class=\"wpb_column vc_column_container\"><div class=\"vc_column-inner\"><div class=\"w-separator size_large\"><\/div><div class=\"w-iconbox iconpos_top style_default color_custom align_center no_title no_text\"><div class=\"w-iconbox-icon\" style=\"font-size:2rem;color:#ffffff;\"><i class=\"fal fa-hand-holding-heart\"><\/i><\/div><div class=\"w-iconbox-meta\"><\/div><\/div><div class=\"w-separator size_small\"><\/div><div class=\"g-cols wpb_row via_grid cols_1-4-1 laptops-cols_inherit tablets-cols_inherit mobiles-cols_1 valign_top type_default stacking_default\"><div class=\"wpb_column vc_column_container\"><div class=\"vc_column-inner\"><div class=\"w-separator size_medium\"><\/div><\/div><\/div><div class=\"wpb_column vc_column_container\"><div class=\"vc_column-inner\"><div class=\"wpb_text_column\"><div class=\"wpb_wrapper\"><h1 style=\"text-align: center;\">Servicios<\/h1>\n<p style=\"text-align: center;\">El <a href=\"\/hotel-ms-centenario-cali\/\">Hotel Basic Centenario by MS<\/a> en Cali ofrece a sus hu\u00e9spedes servicios de calidad sustentados por la amabilidad y la vocaci\u00f3n de su personal, siempre atentos a las necesidades de quienes conf\u00edan en <a href=\"\/hotel-ms-centenario-cali\/habitaciones\/\">nosotros<\/a>, haciendo mejor y m\u00e1s rica la experiencia de alojamiento.<\/p>\n<\/div><\/div><div class=\"w-separator size_small\"><\/div><\/div><\/div><div class=\"wpb_column vc_column_container\"><div class=\"vc_column-inner\"><\/div><\/div><\/div><div class=\"w-separator size_medium\"><\/div><div class=\"g-cols wpb_row via_grid cols_4 laptops-cols_inherit tablets-cols_inherit mobiles-cols_1 valign_top type_default stacking_default\"><div class=\"wpb_column vc_column_container\"><div class=\"vc_column-inner\"><div class=\"w-iconbox iconpos_top style_default color_custom align_center no_title\"><div class=\"w-iconbox-icon\" style=\"font-size:50px;color:#ffffff;\"><i class=\"fal fa-concierge-bell\"><\/i><\/div><div class=\"w-iconbox-meta\"><div class=\"w-iconbox-text\"><p>Recepci\u00f3n 24\/7<\/p>\n<\/div><\/div><\/div><\/div><\/div><div class=\"wpb_column vc_column_container\"><div class=\"vc_column-inner\"><div class=\"w-iconbox iconpos_top style_default color_custom align_center no_title\"><div class=\"w-iconbox-icon\" style=\"font-size:40px;color:#ffffff;\"><i class=\"fal fa-wifi\"><\/i><\/div><div class=\"w-iconbox-meta\"><div class=\"w-iconbox-text\"><p>Conectividad<\/p>\n<\/div><\/div><\/div><\/div><\/div><div class=\"wpb_column vc_column_container\"><div class=\"vc_column-inner\"><div class=\"w-iconbox iconpos_top style_default color_custom align_center no_title\"><div class=\"w-iconbox-icon\" style=\"font-size:50px;color:#ffffff;\"><i class=\"fal fa-smoking-ban\"><\/i><\/div><div class=\"w-iconbox-meta\"><div class=\"w-iconbox-text\"><p>Espacios libres de humo<\/p>\n<\/div><\/div><\/div><\/div><\/div><div class=\"wpb_column vc_column_container\"><div class=\"vc_column-inner\"><div class=\"w-iconbox iconpos_top style_default color_custom align_center no_title\"><div class=\"w-iconbox-icon\" style=\"font-size:40px;color:#ffffff;\"><i class=\"fal fa-air-conditioner\"><\/i><\/div><div class=\"w-iconbox-meta\"><div class=\"w-iconbox-text\"><p>Aire acondicionado<\/p>\n<\/div><\/div><\/div><\/div><\/div><\/div><div class=\"w-separator size_medium\"><\/div><div class=\"w-separator size_medium\"><\/div><div class=\"w-btn-wrapper align_center\"><a class=\"w-btn us-btn-style_11 us_custom_1b04de86\" title=\"Fotograf\u00edas\" href=\"\/hotel-ms-centenario-cali\/servicios\/fotografias\/\"><span class=\"w-btn-label\">VER IM\u00c1GENES<\/span><\/a><\/div><div class=\"w-separator size_large\"><\/div><\/div><\/div><\/div><\/div><\/section>\n","protected":false},"excerpt":{"rendered":"Servicios El Hotel Basic Centenario by MS en Cali ofrece a sus hu\u00e9spedes servicios de calidad sustentados por la amabilidad y la vocaci\u00f3n de su personal, siempre atentos a las necesidades de quienes conf\u00edan en nosotros, haciendo mejor y m\u00e1s rica la experiencia de alojamiento. Recepci\u00f3n 24\/7 Conectividad Espacios libres de humo Aire acondicionado VER...","protected":false},"author":1,"featured_media":8925,"parent":0,"menu_order":0,"comment_status":"closed","ping_status":"closed","template":"","meta":{"footnotes":""},"class_list":["post-8254","page","type-page","status-publish","has-post-thumbnail","hentry"],"acf":[],"yoast_head":"<!-- This site is optimized with the Yoast SEO plugin v27.4 - https:\/\/yoast.com\/product\/yoast-seo-wordpress\/ -->\n<title>Servicios en Basic Centenario by MS, en Cali. \u00a1VER M\u00c1S!<\/title>\n<meta name=\"description\" content=\"Servicios en Basic Centenario by MS de calidad sustentados por la amabilidad y la vocaci\u00f3n de nuestro personal\" \/>\n<meta name=\"robots\" content=\"index, follow, max-snippet:-1, max-image-preview:large, max-video-preview:-1\" \/>\n<link rel=\"canonical\" href=\"https:\/\/hotelesms.com\/\/hotel-ms-centenario-cali\/servicios-en-basic-centenario-by-ms\/\" \/>\n<meta property=\"og:locale\" content=\"es_ES\" \/>\n<meta property=\"og:type\" content=\"article\" \/>\n<meta property=\"og:title\" content=\"Servicios en Basic Centenario by MS, en Cali. \u00a1VER M\u00c1S!\" \/>\n<meta property=\"og:description\" content=\"Servicios en Basic Centenario by MS de calidad sustentados por la amabilidad y la vocaci\u00f3n de nuestro personal\" \/>\n<meta property=\"og:url\" content=\"https:\/\/hotelesms.com\/\/hotel-ms-centenario-cali\/servicios-en-basic-centenario-by-ms\/\" \/>\n<meta property=\"og:site_name\" content=\"Hotel Basic Centenario by Hoteles MS\" \/>\n<meta property=\"article:modified_time\" content=\"2023-03-10T21:01:50+00:00\" \/>\n<meta property=\"og:image\" content=\"https:\/\/hotelesms.com\/\/hotel-ms-centenario-cali\/wp-content\/uploads\/sites\/8\/2022\/09\/WhatsApp-Image-2022-03-17-at-3.19.08-PM.jpg\" \/>\n\t<meta property=\"og:image:width\" content=\"456\" \/>\n\t<meta property=\"og:image:height\" content=\"600\" \/>\n\t<meta property=\"og:image:type\" content=\"image\/jpeg\" \/>\n<meta name=\"twitter:card\" content=\"summary_large_image\" \/>\n<meta name=\"twitter:label1\" content=\"Tiempo de lectura\" \/>\n\t<meta name=\"twitter:data1\" content=\"2 minutos\" \/>\n<script type=\"application\/ld+json\" class=\"yoast-schema-graph\">{\"@context\":\"https:\\\/\\\/schema.org\",\"@graph\":[{\"@type\":\"WebPage\",\"@id\":\"https:\\\/\\\/hotelesms.com\\\/\\\/hotel-ms-centenario-cali\\\/servicios-en-basic-centenario-by-ms\\\/\",\"url\":\"https:\\\/\\\/hotelesms.com\\\/\\\/hotel-ms-centenario-cali\\\/servicios-en-basic-centenario-by-ms\\\/\",\"name\":\"Servicios en Basic Centenario by MS, en Cali. \u00a1VER M\u00c1S!\",\"isPartOf\":{\"@id\":\"http:\\\/\\\/hotelesms.com\\\/\\\/hotel-ms-centenario-cali\\\/#website\"},\"primaryImageOfPage\":{\"@id\":\"https:\\\/\\\/hotelesms.com\\\/\\\/hotel-ms-centenario-cali\\\/servicios-en-basic-centenario-by-ms\\\/#primaryimage\"},\"image\":{\"@id\":\"https:\\\/\\\/hotelesms.com\\\/\\\/hotel-ms-centenario-cali\\\/servicios-en-basic-centenario-by-ms\\\/#primaryimage\"},\"thumbnailUrl\":\"https:\\\/\\\/hotelesms.com\\\/\\\/hotel-ms-centenario-cali\\\/wp-content\\\/uploads\\\/sites\\\/8\\\/2022\\\/09\\\/WhatsApp-Image-2022-03-17-at-3.19.08-PM.jpg\",\"datePublished\":\"2022-08-19T23:20:58+00:00\",\"dateModified\":\"2023-03-10T21:01:50+00:00\",\"description\":\"Servicios en Basic Centenario by MS de calidad sustentados por la amabilidad y la vocaci\u00f3n de nuestro personal\",\"breadcrumb\":{\"@id\":\"https:\\\/\\\/hotelesms.com\\\/\\\/hotel-ms-centenario-cali\\\/servicios-en-basic-centenario-by-ms\\\/#breadcrumb\"},\"inLanguage\":\"es\",\"potentialAction\":[{\"@type\":\"ReadAction\",\"target\":[\"https:\\\/\\\/hotelesms.com\\\/\\\/hotel-ms-centenario-cali\\\/servicios-en-basic-centenario-by-ms\\\/\"]}]},{\"@type\":\"ImageObject\",\"inLanguage\":\"es\",\"@id\":\"https:\\\/\\\/hotelesms.com\\\/\\\/hotel-ms-centenario-cali\\\/servicios-en-basic-centenario-by-ms\\\/#primaryimage\",\"url\":\"https:\\\/\\\/hotelesms.com\\\/\\\/hotel-ms-centenario-cali\\\/wp-content\\\/uploads\\\/sites\\\/8\\\/2022\\\/09\\\/WhatsApp-Image-2022-03-17-at-3.19.08-PM.jpg\",\"contentUrl\":\"https:\\\/\\\/hotelesms.com\\\/\\\/hotel-ms-centenario-cali\\\/wp-content\\\/uploads\\\/sites\\\/8\\\/2022\\\/09\\\/WhatsApp-Image-2022-03-17-at-3.19.08-PM.jpg\",\"width\":456,\"height\":600,\"caption\":\"Hotel Basic Centenario by MS, Hotel c\u00e9ntrico en Cali\"},{\"@type\":\"BreadcrumbList\",\"@id\":\"https:\\\/\\\/hotelesms.com\\\/\\\/hotel-ms-centenario-cali\\\/servicios-en-basic-centenario-by-ms\\\/#breadcrumb\",\"itemListElement\":[{\"@type\":\"ListItem\",\"position\":1,\"name\":\"Portada\",\"item\":\"https:\\\/\\\/hotelesms.com\\\/\\\/hotel-ms-centenario-cali\\\/\"},{\"@type\":\"ListItem\",\"position\":2,\"name\":\"Servicios\"}]},{\"@type\":\"WebSite\",\"@id\":\"http:\\\/\\\/hotelesms.com\\\/\\\/hotel-ms-centenario-cali\\\/#website\",\"url\":\"http:\\\/\\\/hotelesms.com\\\/\\\/hotel-ms-centenario-cali\\\/\",\"name\":\"Hotel Basic Centenario by Hoteles MS\",\"description\":\"Cadena hotelera colombiana de est\u00e1ndares internacionales\",\"publisher\":{\"@id\":\"http:\\\/\\\/hotelesms.com\\\/\\\/hotel-ms-centenario-cali\\\/#organization\"},\"potentialAction\":[{\"@type\":\"SearchAction\",\"target\":{\"@type\":\"EntryPoint\",\"urlTemplate\":\"http:\\\/\\\/hotelesms.com\\\/\\\/hotel-ms-centenario-cali\\\/?s={search_term_string}\"},\"query-input\":{\"@type\":\"PropertyValueSpecification\",\"valueRequired\":true,\"valueName\":\"search_term_string\"}}],\"inLanguage\":\"es\"},{\"@type\":\"Organization\",\"@id\":\"http:\\\/\\\/hotelesms.com\\\/\\\/hotel-ms-centenario-cali\\\/#organization\",\"name\":\"Hotel Basic Centenario by MS\",\"url\":\"http:\\\/\\\/hotelesms.com\\\/\\\/hotel-ms-centenario-cali\\\/\",\"logo\":{\"@type\":\"ImageObject\",\"inLanguage\":\"es\",\"@id\":\"http:\\\/\\\/hotelesms.com\\\/\\\/hotel-ms-centenario-cali\\\/#\\\/schema\\\/logo\\\/image\\\/\",\"url\":\"https:\\\/\\\/hotelesms.com\\\/\\\/hotel-ms-centenario-cali\\\/wp-content\\\/uploads\\\/sites\\\/8\\\/2022\\\/07\\\/Logo-vertical-negro-basic.png\",\"contentUrl\":\"https:\\\/\\\/hotelesms.com\\\/\\\/hotel-ms-centenario-cali\\\/wp-content\\\/uploads\\\/sites\\\/8\\\/2022\\\/07\\\/Logo-vertical-negro-basic.png\",\"width\":160,\"height\":160,\"caption\":\"Hotel Basic Centenario by MS\"},\"image\":{\"@id\":\"http:\\\/\\\/hotelesms.com\\\/\\\/hotel-ms-centenario-cali\\\/#\\\/schema\\\/logo\\\/image\\\/\"}}]}<\/script>\n<!-- \/ Yoast SEO plugin. -->","yoast_head_json":{"title":"Servicios en Basic Centenario by MS, en Cali. \u00a1VER M\u00c1S!","description":"Servicios en Basic Centenario by MS de calidad sustentados por la amabilidad y la vocaci\u00f3n de nuestro personal","robots":{"index":"index","follow":"follow","max-snippet":"max-snippet:-1","max-image-preview":"max-image-preview:large","max-video-preview":"max-video-preview:-1"},"canonical":"https:\/\/hotelesms.com\/\/hotel-ms-centenario-cali\/servicios-en-basic-centenario-by-ms\/","og_locale":"es_ES","og_type":"article","og_title":"Servicios en Basic Centenario by MS, en Cali. \u00a1VER M\u00c1S!","og_description":"Servicios en Basic Centenario by MS de calidad sustentados por la amabilidad y la vocaci\u00f3n de nuestro personal","og_url":"https:\/\/hotelesms.com\/\/hotel-ms-centenario-cali\/servicios-en-basic-centenario-by-ms\/","og_site_name":"Hotel Basic Centenario by Hoteles MS","article_modified_time":"2023-03-10T21:01:50+00:00","og_image":[{"width":456,"height":600,"url":"https:\/\/hotelesms.com\/\/hotel-ms-centenario-cali\/wp-content\/uploads\/sites\/8\/2022\/09\/WhatsApp-Image-2022-03-17-at-3.19.08-PM.jpg","type":"image\/jpeg"}],"twitter_card":"summary_large_image","twitter_misc":{"Tiempo de lectura":"2 minutos"},"schema":{"@context":"https:\/\/schema.org","@graph":[{"@type":"WebPage","@id":"https:\/\/hotelesms.com\/\/hotel-ms-centenario-cali\/servicios-en-basic-centenario-by-ms\/","url":"https:\/\/hotelesms.com\/\/hotel-ms-centenario-cali\/servicios-en-basic-centenario-by-ms\/","name":"Servicios en Basic Centenario by MS, en Cali. \u00a1VER M\u00c1S!","isPartOf":{"@id":"http:\/\/hotelesms.com\/\/hotel-ms-centenario-cali\/#website"},"primaryImageOfPage":{"@id":"https:\/\/hotelesms.com\/\/hotel-ms-centenario-cali\/servicios-en-basic-centenario-by-ms\/#primaryimage"},"image":{"@id":"https:\/\/hotelesms.com\/\/hotel-ms-centenario-cali\/servicios-en-basic-centenario-by-ms\/#primaryimage"},"thumbnailUrl":"https:\/\/hotelesms.com\/\/hotel-ms-centenario-cali\/wp-content\/uploads\/sites\/8\/2022\/09\/WhatsApp-Image-2022-03-17-at-3.19.08-PM.jpg","datePublished":"2022-08-19T23:20:58+00:00","dateModified":"2023-03-10T21:01:50+00:00","description":"Servicios en Basic Centenario by MS de calidad sustentados por la amabilidad y la vocaci\u00f3n de nuestro personal","breadcrumb":{"@id":"https:\/\/hotelesms.com\/\/hotel-ms-centenario-cali\/servicios-en-basic-centenario-by-ms\/#breadcrumb"},"inLanguage":"es","potentialAction":[{"@type":"ReadAction","target":["https:\/\/hotelesms.com\/\/hotel-ms-centenario-cali\/servicios-en-basic-centenario-by-ms\/"]}]},{"@type":"ImageObject","inLanguage":"es","@id":"https:\/\/hotelesms.com\/\/hotel-ms-centenario-cali\/servicios-en-basic-centenario-by-ms\/#primaryimage","url":"https:\/\/hotelesms.com\/\/hotel-ms-centenario-cali\/wp-content\/uploads\/sites\/8\/2022\/09\/WhatsApp-Image-2022-03-17-at-3.19.08-PM.jpg","contentUrl":"https:\/\/hotelesms.com\/\/hotel-ms-centenario-cali\/wp-content\/uploads\/sites\/8\/2022\/09\/WhatsApp-Image-2022-03-17-at-3.19.08-PM.jpg","width":456,"height":600,"caption":"Hotel Basic Centenario by MS, Hotel c\u00e9ntrico en Cali"},{"@type":"BreadcrumbList","@id":"https:\/\/hotelesms.com\/\/hotel-ms-centenario-cali\/servicios-en-basic-centenario-by-ms\/#breadcrumb","itemListElement":[{"@type":"ListItem","position":1,"name":"Portada","item":"https:\/\/hotelesms.com\/\/hotel-ms-centenario-cali\/"},{"@type":"ListItem","position":2,"name":"Servicios"}]},{"@type":"WebSite","@id":"http:\/\/hotelesms.com\/\/hotel-ms-centenario-cali\/#website","url":"http:\/\/hotelesms.com\/\/hotel-ms-centenario-cali\/","name":"Hotel Basic Centenario by Hoteles MS","description":"Cadena hotelera colombiana de est\u00e1ndares internacionales","publisher":{"@id":"http:\/\/hotelesms.com\/\/hotel-ms-centenario-cali\/#organization"},"potentialAction":[{"@type":"SearchAction","target":{"@type":"EntryPoint","urlTemplate":"http:\/\/hotelesms.com\/\/hotel-ms-centenario-cali\/?s={search_term_string}"},"query-input":{"@type":"PropertyValueSpecification","valueRequired":true,"valueName":"search_term_string"}}],"inLanguage":"es"},{"@type":"Organization","@id":"http:\/\/hotelesms.com\/\/hotel-ms-centenario-cali\/#organization","name":"Hotel Basic Centenario by MS","url":"http:\/\/hotelesms.com\/\/hotel-ms-centenario-cali\/","logo":{"@type":"ImageObject","inLanguage":"es","@id":"http:\/\/hotelesms.com\/\/hotel-ms-centenario-cali\/#\/schema\/logo\/image\/","url":"https:\/\/hotelesms.com\/\/hotel-ms-centenario-cali\/wp-content\/uploads\/sites\/8\/2022\/07\/Logo-vertical-negro-basic.png","contentUrl":"https:\/\/hotelesms.com\/\/hotel-ms-centenario-cali\/wp-content\/uploads\/sites\/8\/2022\/07\/Logo-vertical-negro-basic.png","width":160,"height":160,"caption":"Hotel Basic Centenario by MS"},"image":{"@id":"http:\/\/hotelesms.com\/\/hotel-ms-centenario-cali\/#\/schema\/logo\/image\/"}}]}},"_links":{"self":[{"href":"https:\/\/hotelesms.com\/\/hotel-ms-centenario-cali\/wp-json\/wp\/v2\/pages\/8254","targetHints":{"allow":["GET"]}}],"collection":[{"href":"https:\/\/hotelesms.com\/\/hotel-ms-centenario-cali\/wp-json\/wp\/v2\/pages"}],"about":[{"href":"https:\/\/hotelesms.com\/\/hotel-ms-centenario-cali\/wp-json\/wp\/v2\/types\/page"}],"author":[{"embeddable":true,"href":"https:\/\/hotelesms.com\/\/hotel-ms-centenario-cali\/wp-json\/wp\/v2\/users\/1"}],"replies":[{"embeddable":true,"href":"https:\/\/hotelesms.com\/\/hotel-ms-centenario-cali\/wp-json\/wp\/v2\/comments?post=8254"}],"version-history":[{"count":20,"href":"https:\/\/hotelesms.com\/\/hotel-ms-centenario-cali\/wp-json\/wp\/v2\/pages\/8254\/revisions"}],"predecessor-version":[{"id":9051,"href":"https:\/\/hotelesms.com\/\/hotel-ms-centenario-cali\/wp-json\/wp\/v2\/pages\/8254\/revisions\/9051"}],"wp:featuredmedia":[{"embeddable":true,"href":"https:\/\/hotelesms.com\/\/hotel-ms-centenario-cali\/wp-json\/wp\/v2\/media\/8925"}],"wp:attachment":[{"href":"https:\/\/hotelesms.com\/\/hotel-ms-centenario-cali\/wp-json\/wp\/v2\/media?parent=8254"}],"curies":[{"name":"wp","href":"https:\/\/api.w.org\/{rel}","templated":true}]}}