{"id":8248,"date":"2022-08-19T23:17:02","date_gmt":"2022-08-19T23:17:02","guid":{"rendered":"https:\/\/hotelesms.com\/\/hotel-pacifico-chipichape\/?page_id=8248"},"modified":"2025-03-30T17:55:32","modified_gmt":"2025-03-30T17:55:32","slug":"habitacion-estandar-doble","status":"publish","type":"page","link":"https:\/\/hotelesms.com\/\/hotel-pacifico-chipichape\/habitaciones\/habitacion-estandar-doble\/","title":{"rendered":"Habitaci\u00f3n Est\u00e1ndar Doble"},"content":{"rendered":"<section class=\"l-section wpb_row height_auto full_height valign_center color_primary parallax_ver\"><div class=\"l-section-overlay\" style=\"background:rgba(0,0,0,0.40)\"><\/div><div class=\"l-section-h i-cf\"><div class=\"g-cols vc_row via_grid cols_1 laptops-cols_inherit tablets-cols_inherit mobiles-cols_1 valign_top type_default stacking_default\"><div class=\"wpb_column vc_column_container\"><div class=\"vc_column-inner\"><div class=\"g-cols wpb_row via_grid cols_1-4-1 laptops-cols_inherit tablets-cols_inherit mobiles-cols_1 valign_top type_default stacking_default\"><div class=\"wpb_column vc_column_container\"><div class=\"vc_column-inner\"><\/div><\/div><div class=\"wpb_column vc_column_container\"><div class=\"vc_column-inner\"><div class=\"w-separator size_medium\"><\/div><div class=\"wpb_text_column\"><div class=\"wpb_wrapper\"><h3 style=\"text-align: center;\">Habitaci\u00f3n Est\u00e1ndar Doble<\/h3>\n<\/div><\/div><div class=\"w-separator size_medium\"><\/div><div class=\"wpb_text_column\"><div class=\"wpb_wrapper\"><p style=\"font-size: 18px; text-align: center;\"><a href=\"\/hotel-pacifico-chipichape\/habitaciones\/\">Habitaciones<\/a>\u00a0con espacios bien distribuidos y funcionales. Tienen un \u00e1rea promedio de 28 mts2, dise\u00f1ados con un ambiente moderno y pulcro. Sus amenities le aseguran una estancia acogedora.<\/p>\n<\/div><\/div><div class=\"w-separator size_medium\"><\/div><\/div><\/div><div class=\"wpb_column vc_column_container\"><div class=\"vc_column-inner\"><\/div><\/div><\/div><div class=\"g-cols wpb_row via_grid cols_1-4-1 laptops-cols_inherit tablets-cols_inherit mobiles-cols_1 valign_top type_default stacking_default\"><div class=\"wpb_column vc_column_container\"><div class=\"vc_column-inner\"><div class=\"w-separator size_large\"><\/div><\/div><\/div><div class=\"wpb_column vc_column_container\"><div class=\"vc_column-inner\"><div class=\"w-separator size_medium\"><\/div><div class=\"w-separator size_medium\"><\/div><div class=\"w-separator size_medium\"><\/div><div class=\"wpb_text_column\"><div class=\"wpb_wrapper\"><div class=\"container-fluid timer\"><form id=\"hotelesmsform\"><input name=\"LanguageID\" type=\"hidden\" value=\"2\" \/>\r\n<div class=\"container\">\r\n<div class=\"row\">\r\n<div class=\"col-xs-12 timer__content-wrapper\">\r\n<div class=\"timer__content\">\r\n<div class=\"timer__numbers\">\r\n<input type=\"hidden\" id=\"hotel\" name=\"HotelID\" value=107479\/>\r\n<div class=\"timer__numbers-group\">\r\n<div class=\"timer__numbers-item checkin\"><input id=\"date-checkin\" class=\"date-checkin date\" name=\"DateIn\" type=\"text\" \/>\r\n<h4 class=\"timer__numbers-item__title\">CHECK IN<\/h4>\r\n<div class=\"timer__numbers-item__content\">\r\n<h3 class=\"timer__numbers-item__number\">\u00a0<\/h3>\r\n<h4 class=\"timer__numbers-item__label\">\u00a0<\/h4>\r\n<\/div>\r\n<\/div>\r\n<div class=\"timer__numbers-item checkout\"><input id=\"date-checkout\" class=\"date-checkout date\" name=\"DateOut\" type=\"text\" \/>\r\n<h4 class=\"timer__numbers-item__title\">CHECK OUT<\/h4>\r\n<div class=\"timer__numbers-item__content\">\r\n<h3 class=\"timer__numbers-item__number\">\u00a0<\/h3>\r\n<h4 class=\"timer__numbers-item__label\">\u00a0<\/h4>\r\n<\/div>\r\n<\/div>\r\n<\/div>\r\n<div class=\"timer__numbers-group\">\r\n<div class=\"timer__numbers-item adults\"><select id=\"adults\" class=\"adults-input\" name=\"Adults\">\r\n<option>1<\/option>\r\n<option selected=\"selected\">2<\/option>\r\n<option>3<\/option>\r\n<option>4<\/option>\r\n<option>5<\/option>\r\n<option>6<\/option>\r\n<option>7<\/option>\r\n<option>8<\/option>\r\n<option>9<\/option>\r\n<option>10<\/option>\r\n<\/select>\r\n<h4 class=\"timer__numbers-item__title\">ADULTOS<\/h4>\r\n<div class=\"timer__numbers-item__content\">\r\n<h3 class=\"timer__numbers-item__number\">2<\/h3>\r\n<\/div>\r\n<\/div>\r\n<div class=\"timer__numbers-item children\"><select id=\"child\" class=\"children-input\" name=\"Children\">\r\n<option selected=\"selected\">0<\/option>\r\n<option>1<\/option>\r\n<option>2<\/option>\r\n<option>3<\/option>\r\n<option>4<\/option>\r\n<option>5<\/option>\r\n<option>6<\/option>\r\n<option>7<\/option>\r\n<option>8<\/option>\r\n<option>9<\/option>\r\n<option>10<\/option>\r\n<\/select>\r\n<h4 class=\"timer__numbers-item__title\">NI\u00d1OS<\/h4>\r\n<div class=\"timer__numbers-item__content\">\r\n<h3 class=\"timer__numbers-item__number\">0<\/h3>\r\n<\/div>\r\n<\/div>\r\n<\/div>\r\n<input id=\"\" class=\"timer__btn\" formtarget=\"_blank\" type=\"submit\" value=\"\u00a1Reserva ahora!\" \/><\/div>\r\n<\/div>\r\n<\/div>\r\n<\/div>\r\n<\/div>\r\n<\/form><\/div>\n<\/div><\/div><\/div><\/div><div class=\"wpb_column vc_column_container\"><div class=\"vc_column-inner\"><\/div><\/div><\/div><div class=\"w-separator size_medium\"><\/div><div class=\"g-cols wpb_row via_grid cols_1-4-1 laptops-cols_inherit tablets-cols_inherit mobiles-cols_1 valign_top type_default stacking_default\"><div class=\"wpb_column vc_column_container\"><div class=\"vc_column-inner\"><div class=\"w-separator size_large\"><\/div><\/div><\/div><div class=\"wpb_column vc_column_container\"><div class=\"vc_column-inner\"><div class=\"w-tabs layout_ver navwidth_auto navpos_left style_simple switch_click has_scrolling\" style=\"--sections-title-size:1em\"><div class=\"w-tabs-list items_5 align_none\"><div class=\"w-tabs-list-h\"><button class=\"w-tabs-item with_icon\" aria-controls=\"content-jf70\"><i class=\"fal fa-heart\"><\/i><span class=\"w-tabs-item-title\">Comodidades<\/span><\/button><button class=\"w-tabs-item with_icon\" aria-controls=\"content-b069\"><i class=\"fal fa-bed\"><\/i><span class=\"w-tabs-item-title\">Dotaci\u00f3n<\/span><\/button><button class=\"w-tabs-item with_icon\" aria-controls=\"content-p16b\"><i class=\"fal fa-concierge-bell\"><\/i><span class=\"w-tabs-item-title\">Pol\u00edticas<\/span><\/button><button class=\"w-tabs-item with_icon\" aria-controls=\"content-q26f\"><i class=\"fal fa-star\"><\/i><span class=\"w-tabs-item-title\">Servicios<\/span><\/button><button class=\"w-tabs-item active defined-active with_icon\" aria-controls=\"content-q4cb\"><i class=\"fas fa-clock\"><\/i><span class=\"w-tabs-item-title\">Horarios<\/span><\/button><\/div><\/div><div class=\"w-tabs-sections titles-align_none icon_chevron cpos_right\"><div class=\"w-tabs-section\" id=\"jf70\"><button aria-controls=\"content-jf70\" class=\"w-tabs-section-header with_icon\"><i class=\"fal fa-heart\"><\/i><div class=\"w-tabs-section-title\">Comodidades<\/div><div class=\"w-tabs-section-control\"><\/div><\/button><div  class=\"w-tabs-section-content\" id=\"content-jf70\" aria-expanded=\"false\"><div class=\"w-tabs-section-content-h i-cf\"><div class=\"wpb_text_column\"><div class=\"wpb_wrapper\"><ul>\n<li>Aire acondicionado<\/li>\n<li>Minibar<\/li>\n<li>Agua fr\u00eda y caliente<\/li>\n<li>Amenities<\/li>\n<li>Toallas<\/li>\n<\/ul>\n<\/div><\/div><\/div><\/div><\/div><div class=\"w-tabs-section\" id=\"b069\"><button aria-controls=\"content-b069\" class=\"w-tabs-section-header with_icon\"><i class=\"fal fa-bed\"><\/i><div class=\"w-tabs-section-title\">Dotaci\u00f3n<\/div><div class=\"w-tabs-section-control\"><\/div><\/button><div  class=\"w-tabs-section-content\" id=\"content-b069\" aria-expanded=\"false\"><div class=\"w-tabs-section-content-h i-cf\"><div class=\"wpb_text_column\"><div class=\"wpb_wrapper\"><ul>\n<li>Cama doble, twin o king<\/li>\n<li>Tv Smart 42\u2033<\/li>\n<li>Mesas de noche<\/li>\n<li>Cajilla de seguridad<\/li>\n<li>Mesa y silla<\/li>\n<li>Escritorio y silla ergon\u00f3mica<\/li>\n<li>Reloj despertador<\/li>\n<\/ul>\n<\/div><\/div><\/div><\/div><\/div><div class=\"w-tabs-section\" id=\"p16b\"><button aria-controls=\"content-p16b\" class=\"w-tabs-section-header with_icon\"><i class=\"fal fa-concierge-bell\"><\/i><div class=\"w-tabs-section-title\">Pol\u00edticas<\/div><div class=\"w-tabs-section-control\"><\/div><\/button><div  class=\"w-tabs-section-content\" id=\"content-p16b\" aria-expanded=\"false\"><div class=\"w-tabs-section-content-h i-cf\"><div class=\"wpb_text_column\"><div class=\"wpb_wrapper\"><ul>\n<li>Check in: 15:00<\/li>\n<li>Check out: 13:30<\/li>\n<li>Pueden alojarse ni\u00f1os de todas las edades.<\/li>\n<li>No se admiten mascotas.<\/li>\n<li>Parqueadero gratuito con previa reserva.<\/li>\n<\/ul>\n<p><strong>Cancelaciones<\/strong><\/p>\n<p>Las cancelaciones de la reserva deben hacerse antes de las 72 horas de la entrada al hotel, de lo contrario se efectuar\u00e1 el cargo de la primera noche a tu cuenta.<\/p>\n<\/div><\/div><\/div><\/div><\/div><div class=\"w-tabs-section\" id=\"q26f\"><button aria-controls=\"content-q26f\" class=\"w-tabs-section-header with_icon\"><i class=\"fal fa-star\"><\/i><div class=\"w-tabs-section-title\">Servicios<\/div><div class=\"w-tabs-section-control\"><\/div><\/button><div  class=\"w-tabs-section-content\" id=\"content-q26f\" aria-expanded=\"false\"><div class=\"w-tabs-section-content-h i-cf\"><div class=\"wpb_text_column\"><div class=\"wpb_wrapper\"><ul>\n<li>Restaurante<\/li>\n<li>Room Service (con costo adicional)<\/li>\n<li>Lavander\u00eda (con costo adicional)<\/li>\n<li>Barra de estaci\u00f3n de caf\u00e9 con espacio para trabajo con conexi\u00f3n WiFi.<\/li>\n<li>Internet WiFi<\/li>\n<li>Parqueadero en bah\u00eda (limitado)<\/li>\n<li>Sol\u00e1rium<\/li>\n<li>Zona h\u00fameda con jacuzzi y turco<\/li>\n<li>Zona de ejercicio<\/li>\n<li>Llamadas locales y larga distancia (costo adicional)<\/li>\n<\/ul>\n<\/div><\/div><\/div><\/div><\/div><div class=\"w-tabs-section active\" id=\"q4cb\"><button aria-controls=\"content-q4cb\" class=\"w-tabs-section-header active with_icon\"><i class=\"fas fa-clock\"><\/i><div class=\"w-tabs-section-title\">Horarios<\/div><div class=\"w-tabs-section-control\"><\/div><\/button><div  class=\"w-tabs-section-content\" id=\"content-q4cb\" aria-expanded=\"true\"><div class=\"w-tabs-section-content-h i-cf\"><div class=\"w-iconbox iconpos_left style_default color_custom align_left\"><div class=\"w-iconbox-icon\" style=\"font-size:0,8rem;color:#ffffff;\"><i class=\"fas fa-angle-double-right\"><\/i><\/div><div class=\"w-iconbox-meta\"><h6 class=\"w-iconbox-title\">Check in<\/h6><div class=\"w-iconbox-text\"><p>Check in: 15:00<\/p>\n<\/div><\/div><\/div><div class=\"w-separator size_small\"><\/div><div class=\"w-iconbox iconpos_left style_default color_custom align_left\"><div class=\"w-iconbox-icon\" style=\"font-size:0,8rem;color:#ffffff;\"><i class=\"fas fa-angle-double-left\"><\/i><\/div><div class=\"w-iconbox-meta\"><h6 class=\"w-iconbox-title\">Check out<\/h6><div class=\"w-iconbox-text\"><p>Check out: 13:30<\/p>\n<\/div><\/div><\/div><div class=\"w-separator size_small\"><\/div><div class=\"w-iconbox iconpos_left style_default color_custom align_left\"><div class=\"w-iconbox-icon\" style=\"font-size:0,8rem;color:#ffffff;\"><i class=\"fal fa-coffee\"><\/i><\/div><div class=\"w-iconbox-meta\"><h6 class=\"w-iconbox-title\">Desayuno<\/h6><div class=\"w-iconbox-text\"><p>Desayuno: de lunes a viernes de 6:00 am a 9:00 am<br \/>\nFines de semana: de 7:00 a 10:00 am<\/p>\n<\/div><\/div><\/div><\/div><\/div><\/div><\/div><\/div><\/div><\/div><div class=\"wpb_column vc_column_container\"><div class=\"vc_column-inner\"><\/div><\/div><\/div><div class=\"w-separator size_large\"><\/div><div class=\"w-btn-wrapper align_center\"><a class=\"w-btn us-btn-style_11 us_custom_1b04de86\" title=\"Habitaciones\" href=\"\/hotel-pacifico-chipichape\/habitaciones\/\"><span class=\"w-btn-label\">VER M\u00c1S HABITACIONES<\/span><\/a><\/div><div class=\"w-separator size_medium\"><\/div><\/div><\/div><\/div><\/div><\/section>\n","protected":false},"excerpt":{"rendered":"Habitaci\u00f3n Est\u00e1ndar Doble Habitaciones\u00a0con espacios bien distribuidos y funcionales. Tienen un \u00e1rea promedio de 28 mts2, dise\u00f1ados con un ambiente moderno y pulcro. Sus amenities le aseguran una estancia acogedora. CHECK IN \u00a0 \u00a0 CHECK OUT \u00a0 \u00a0 1 2 3 4 5 6 7 8 9 10 ADULTOS 2 0 1 2 3 4...","protected":false},"author":1,"featured_media":9242,"parent":8244,"menu_order":0,"comment_status":"closed","ping_status":"closed","template":"","meta":{"footnotes":""},"class_list":["post-8248","page","type-page","status-publish","has-post-thumbnail","hentry"],"acf":[],"yoast_head":"<!-- This site is optimized with the Yoast SEO plugin v27.4 - https:\/\/yoast.com\/product\/yoast-seo-wordpress\/ -->\n<title>Habitaci\u00f3n Est\u00e1ndar Doble - Hotel MS Pacifico Chipichape<\/title>\n<meta name=\"robots\" content=\"index, follow, max-snippet:-1, max-image-preview:large, max-video-preview:-1\" \/>\n<link rel=\"canonical\" href=\"https:\/\/hotelesms.com\/\/hotel-pacifico-chipichape\/habitaciones\/habitacion-estandar-doble\/\" \/>\n<meta property=\"og:locale\" content=\"es_ES\" \/>\n<meta property=\"og:type\" content=\"article\" \/>\n<meta property=\"og:title\" content=\"Habitaci\u00f3n Est\u00e1ndar Doble - Hotel MS Pacifico Chipichape\" \/>\n<meta property=\"og:url\" content=\"https:\/\/hotelesms.com\/\/hotel-pacifico-chipichape\/habitaciones\/habitacion-estandar-doble\/\" \/>\n<meta property=\"og:site_name\" content=\"Hotel MS Pacifico Chipichape\" \/>\n<meta property=\"article:modified_time\" content=\"2025-03-30T17:55:32+00:00\" \/>\n<meta property=\"og:image\" content=\"https:\/\/hotelesms.com\/\/hotel-pacifico-chipichape\/wp-content\/uploads\/sites\/7\/2025\/03\/MS-Pacifico_URV8756_M-OK.jpg\" \/>\n\t<meta property=\"og:image:width\" content=\"1500\" \/>\n\t<meta property=\"og:image:height\" content=\"1000\" \/>\n\t<meta property=\"og:image:type\" content=\"image\/jpeg\" \/>\n<meta name=\"twitter:card\" content=\"summary_large_image\" \/>\n<meta name=\"twitter:label1\" content=\"Tiempo de lectura\" \/>\n\t<meta name=\"twitter:data1\" content=\"2 minutos\" \/>\n<script type=\"application\/ld+json\" class=\"yoast-schema-graph\">{\"@context\":\"https:\\\/\\\/schema.org\",\"@graph\":[{\"@type\":\"WebPage\",\"@id\":\"https:\\\/\\\/hotelesms.com\\\/\\\/hotel-pacifico-chipichape\\\/habitaciones\\\/habitacion-estandar-doble\\\/\",\"url\":\"https:\\\/\\\/hotelesms.com\\\/\\\/hotel-pacifico-chipichape\\\/habitaciones\\\/habitacion-estandar-doble\\\/\",\"name\":\"Habitaci\u00f3n Est\u00e1ndar Doble - Hotel MS Pacifico Chipichape\",\"isPartOf\":{\"@id\":\"https:\\\/\\\/hotelesms.com\\\/\\\/hotel-pacifico-chipichape\\\/#website\"},\"primaryImageOfPage\":{\"@id\":\"https:\\\/\\\/hotelesms.com\\\/\\\/hotel-pacifico-chipichape\\\/habitaciones\\\/habitacion-estandar-doble\\\/#primaryimage\"},\"image\":{\"@id\":\"https:\\\/\\\/hotelesms.com\\\/\\\/hotel-pacifico-chipichape\\\/habitaciones\\\/habitacion-estandar-doble\\\/#primaryimage\"},\"thumbnailUrl\":\"https:\\\/\\\/hotelesms.com\\\/\\\/hotel-pacifico-chipichape\\\/wp-content\\\/uploads\\\/sites\\\/7\\\/2025\\\/03\\\/MS-Pacifico_URV8756_M-OK.jpg\",\"datePublished\":\"2022-08-19T23:17:02+00:00\",\"dateModified\":\"2025-03-30T17:55:32+00:00\",\"breadcrumb\":{\"@id\":\"https:\\\/\\\/hotelesms.com\\\/\\\/hotel-pacifico-chipichape\\\/habitaciones\\\/habitacion-estandar-doble\\\/#breadcrumb\"},\"inLanguage\":\"es\",\"potentialAction\":[{\"@type\":\"ReadAction\",\"target\":[\"https:\\\/\\\/hotelesms.com\\\/\\\/hotel-pacifico-chipichape\\\/habitaciones\\\/habitacion-estandar-doble\\\/\"]}]},{\"@type\":\"ImageObject\",\"inLanguage\":\"es\",\"@id\":\"https:\\\/\\\/hotelesms.com\\\/\\\/hotel-pacifico-chipichape\\\/habitaciones\\\/habitacion-estandar-doble\\\/#primaryimage\",\"url\":\"https:\\\/\\\/hotelesms.com\\\/\\\/hotel-pacifico-chipichape\\\/wp-content\\\/uploads\\\/sites\\\/7\\\/2025\\\/03\\\/MS-Pacifico_URV8756_M-OK.jpg\",\"contentUrl\":\"https:\\\/\\\/hotelesms.com\\\/\\\/hotel-pacifico-chipichape\\\/wp-content\\\/uploads\\\/sites\\\/7\\\/2025\\\/03\\\/MS-Pacifico_URV8756_M-OK.jpg\",\"width\":1500,\"height\":1000},{\"@type\":\"BreadcrumbList\",\"@id\":\"https:\\\/\\\/hotelesms.com\\\/\\\/hotel-pacifico-chipichape\\\/habitaciones\\\/habitacion-estandar-doble\\\/#breadcrumb\",\"itemListElement\":[{\"@type\":\"ListItem\",\"position\":1,\"name\":\"Portada\",\"item\":\"https:\\\/\\\/hotelesms.com\\\/\\\/hotel-pacifico-chipichape\\\/\"},{\"@type\":\"ListItem\",\"position\":2,\"name\":\"Habitaciones\",\"item\":\"https:\\\/\\\/hotelesms.com\\\/\\\/hotel-pacifico-chipichape\\\/habitaciones\\\/\"},{\"@type\":\"ListItem\",\"position\":3,\"name\":\"Habitaci\u00f3n Est\u00e1ndar Doble\"}]},{\"@type\":\"WebSite\",\"@id\":\"https:\\\/\\\/hotelesms.com\\\/\\\/hotel-pacifico-chipichape\\\/#website\",\"url\":\"https:\\\/\\\/hotelesms.com\\\/\\\/hotel-pacifico-chipichape\\\/\",\"name\":\"Hotel MS Pacifico Chipichape\",\"description\":\"Cadena hotelera colombiana de est\u00e1ndares internacionales\",\"publisher\":{\"@id\":\"https:\\\/\\\/hotelesms.com\\\/\\\/hotel-pacifico-chipichape\\\/#organization\"},\"potentialAction\":[{\"@type\":\"SearchAction\",\"target\":{\"@type\":\"EntryPoint\",\"urlTemplate\":\"https:\\\/\\\/hotelesms.com\\\/\\\/hotel-pacifico-chipichape\\\/?s={search_term_string}\"},\"query-input\":{\"@type\":\"PropertyValueSpecification\",\"valueRequired\":true,\"valueName\":\"search_term_string\"}}],\"inLanguage\":\"es\"},{\"@type\":\"Organization\",\"@id\":\"https:\\\/\\\/hotelesms.com\\\/\\\/hotel-pacifico-chipichape\\\/#organization\",\"name\":\"Hotel MS Pac\u00edfico Chipichape\",\"url\":\"https:\\\/\\\/hotelesms.com\\\/\\\/hotel-pacifico-chipichape\\\/\",\"logo\":{\"@type\":\"ImageObject\",\"inLanguage\":\"es\",\"@id\":\"https:\\\/\\\/hotelesms.com\\\/\\\/hotel-pacifico-chipichape\\\/#\\\/schema\\\/logo\\\/image\\\/\",\"url\":\"https:\\\/\\\/hotelesms.com\\\/\\\/hotel-pacifico-chipichape\\\/wp-content\\\/uploads\\\/sites\\\/7\\\/2022\\\/07\\\/Logo-vertical-MS-Pacifico-Chipichape.png\",\"contentUrl\":\"https:\\\/\\\/hotelesms.com\\\/\\\/hotel-pacifico-chipichape\\\/wp-content\\\/uploads\\\/sites\\\/7\\\/2022\\\/07\\\/Logo-vertical-MS-Pacifico-Chipichape.png\",\"width\":160,\"height\":160,\"caption\":\"Hotel MS Pac\u00edfico Chipichape\"},\"image\":{\"@id\":\"https:\\\/\\\/hotelesms.com\\\/\\\/hotel-pacifico-chipichape\\\/#\\\/schema\\\/logo\\\/image\\\/\"}}]}<\/script>\n<!-- \/ Yoast SEO plugin. -->","yoast_head_json":{"title":"Habitaci\u00f3n Est\u00e1ndar Doble - Hotel MS Pacifico Chipichape","robots":{"index":"index","follow":"follow","max-snippet":"max-snippet:-1","max-image-preview":"max-image-preview:large","max-video-preview":"max-video-preview:-1"},"canonical":"https:\/\/hotelesms.com\/\/hotel-pacifico-chipichape\/habitaciones\/habitacion-estandar-doble\/","og_locale":"es_ES","og_type":"article","og_title":"Habitaci\u00f3n Est\u00e1ndar Doble - Hotel MS Pacifico Chipichape","og_url":"https:\/\/hotelesms.com\/\/hotel-pacifico-chipichape\/habitaciones\/habitacion-estandar-doble\/","og_site_name":"Hotel MS Pacifico Chipichape","article_modified_time":"2025-03-30T17:55:32+00:00","og_image":[{"width":1500,"height":1000,"url":"https:\/\/hotelesms.com\/\/hotel-pacifico-chipichape\/wp-content\/uploads\/sites\/7\/2025\/03\/MS-Pacifico_URV8756_M-OK.jpg","type":"image\/jpeg"}],"twitter_card":"summary_large_image","twitter_misc":{"Tiempo de lectura":"2 minutos"},"schema":{"@context":"https:\/\/schema.org","@graph":[{"@type":"WebPage","@id":"https:\/\/hotelesms.com\/\/hotel-pacifico-chipichape\/habitaciones\/habitacion-estandar-doble\/","url":"https:\/\/hotelesms.com\/\/hotel-pacifico-chipichape\/habitaciones\/habitacion-estandar-doble\/","name":"Habitaci\u00f3n Est\u00e1ndar Doble - Hotel MS Pacifico Chipichape","isPartOf":{"@id":"https:\/\/hotelesms.com\/\/hotel-pacifico-chipichape\/#website"},"primaryImageOfPage":{"@id":"https:\/\/hotelesms.com\/\/hotel-pacifico-chipichape\/habitaciones\/habitacion-estandar-doble\/#primaryimage"},"image":{"@id":"https:\/\/hotelesms.com\/\/hotel-pacifico-chipichape\/habitaciones\/habitacion-estandar-doble\/#primaryimage"},"thumbnailUrl":"https:\/\/hotelesms.com\/\/hotel-pacifico-chipichape\/wp-content\/uploads\/sites\/7\/2025\/03\/MS-Pacifico_URV8756_M-OK.jpg","datePublished":"2022-08-19T23:17:02+00:00","dateModified":"2025-03-30T17:55:32+00:00","breadcrumb":{"@id":"https:\/\/hotelesms.com\/\/hotel-pacifico-chipichape\/habitaciones\/habitacion-estandar-doble\/#breadcrumb"},"inLanguage":"es","potentialAction":[{"@type":"ReadAction","target":["https:\/\/hotelesms.com\/\/hotel-pacifico-chipichape\/habitaciones\/habitacion-estandar-doble\/"]}]},{"@type":"ImageObject","inLanguage":"es","@id":"https:\/\/hotelesms.com\/\/hotel-pacifico-chipichape\/habitaciones\/habitacion-estandar-doble\/#primaryimage","url":"https:\/\/hotelesms.com\/\/hotel-pacifico-chipichape\/wp-content\/uploads\/sites\/7\/2025\/03\/MS-Pacifico_URV8756_M-OK.jpg","contentUrl":"https:\/\/hotelesms.com\/\/hotel-pacifico-chipichape\/wp-content\/uploads\/sites\/7\/2025\/03\/MS-Pacifico_URV8756_M-OK.jpg","width":1500,"height":1000},{"@type":"BreadcrumbList","@id":"https:\/\/hotelesms.com\/\/hotel-pacifico-chipichape\/habitaciones\/habitacion-estandar-doble\/#breadcrumb","itemListElement":[{"@type":"ListItem","position":1,"name":"Portada","item":"https:\/\/hotelesms.com\/\/hotel-pacifico-chipichape\/"},{"@type":"ListItem","position":2,"name":"Habitaciones","item":"https:\/\/hotelesms.com\/\/hotel-pacifico-chipichape\/habitaciones\/"},{"@type":"ListItem","position":3,"name":"Habitaci\u00f3n Est\u00e1ndar Doble"}]},{"@type":"WebSite","@id":"https:\/\/hotelesms.com\/\/hotel-pacifico-chipichape\/#website","url":"https:\/\/hotelesms.com\/\/hotel-pacifico-chipichape\/","name":"Hotel MS Pacifico Chipichape","description":"Cadena hotelera colombiana de est\u00e1ndares internacionales","publisher":{"@id":"https:\/\/hotelesms.com\/\/hotel-pacifico-chipichape\/#organization"},"potentialAction":[{"@type":"SearchAction","target":{"@type":"EntryPoint","urlTemplate":"https:\/\/hotelesms.com\/\/hotel-pacifico-chipichape\/?s={search_term_string}"},"query-input":{"@type":"PropertyValueSpecification","valueRequired":true,"valueName":"search_term_string"}}],"inLanguage":"es"},{"@type":"Organization","@id":"https:\/\/hotelesms.com\/\/hotel-pacifico-chipichape\/#organization","name":"Hotel MS Pac\u00edfico Chipichape","url":"https:\/\/hotelesms.com\/\/hotel-pacifico-chipichape\/","logo":{"@type":"ImageObject","inLanguage":"es","@id":"https:\/\/hotelesms.com\/\/hotel-pacifico-chipichape\/#\/schema\/logo\/image\/","url":"https:\/\/hotelesms.com\/\/hotel-pacifico-chipichape\/wp-content\/uploads\/sites\/7\/2022\/07\/Logo-vertical-MS-Pacifico-Chipichape.png","contentUrl":"https:\/\/hotelesms.com\/\/hotel-pacifico-chipichape\/wp-content\/uploads\/sites\/7\/2022\/07\/Logo-vertical-MS-Pacifico-Chipichape.png","width":160,"height":160,"caption":"Hotel MS Pac\u00edfico Chipichape"},"image":{"@id":"https:\/\/hotelesms.com\/\/hotel-pacifico-chipichape\/#\/schema\/logo\/image\/"}}]}},"_links":{"self":[{"href":"https:\/\/hotelesms.com\/\/hotel-pacifico-chipichape\/wp-json\/wp\/v2\/pages\/8248","targetHints":{"allow":["GET"]}}],"collection":[{"href":"https:\/\/hotelesms.com\/\/hotel-pacifico-chipichape\/wp-json\/wp\/v2\/pages"}],"about":[{"href":"https:\/\/hotelesms.com\/\/hotel-pacifico-chipichape\/wp-json\/wp\/v2\/types\/page"}],"author":[{"embeddable":true,"href":"https:\/\/hotelesms.com\/\/hotel-pacifico-chipichape\/wp-json\/wp\/v2\/users\/1"}],"replies":[{"embeddable":true,"href":"https:\/\/hotelesms.com\/\/hotel-pacifico-chipichape\/wp-json\/wp\/v2\/comments?post=8248"}],"version-history":[{"count":11,"href":"https:\/\/hotelesms.com\/\/hotel-pacifico-chipichape\/wp-json\/wp\/v2\/pages\/8248\/revisions"}],"predecessor-version":[{"id":9239,"href":"https:\/\/hotelesms.com\/\/hotel-pacifico-chipichape\/wp-json\/wp\/v2\/pages\/8248\/revisions\/9239"}],"up":[{"embeddable":true,"href":"https:\/\/hotelesms.com\/\/hotel-pacifico-chipichape\/wp-json\/wp\/v2\/pages\/8244"}],"wp:featuredmedia":[{"embeddable":true,"href":"https:\/\/hotelesms.com\/\/hotel-pacifico-chipichape\/wp-json\/wp\/v2\/media\/9242"}],"wp:attachment":[{"href":"https:\/\/hotelesms.com\/\/hotel-pacifico-chipichape\/wp-json\/wp\/v2\/media?parent=8248"}],"curies":[{"name":"wp","href":"https:\/\/api.w.org\/{rel}","templated":true}]}}