{"id":8254,"date":"2022-08-19T23:20:58","date_gmt":"2022-08-19T23:20:58","guid":{"rendered":"https:\/\/hotelesms.com\/\/hotel-pacifico-chipichape\/?page_id=8254"},"modified":"2023-03-10T20:49:39","modified_gmt":"2023-03-10T20:49:39","slug":"servicios","status":"publish","type":"page","link":"https:\/\/hotelesms.com\/\/hotel-pacifico-chipichape\/servicios\/","title":{"rendered":"Servicios"},"content":{"rendered":"<section class=\"l-section wpb_row height_auto full_height valign_center color_primary with_img parallax_ver\"><div class=\"l-section-img\" style=\"background-image: url(https:\/\/hotelesms.com\/\/hotel-pacifico-chipichape\/wp-content\/uploads\/sites\/7\/2022\/09\/Hotel-MS-Pacifico-Chipichape.jpeg);background-position: bottom center;\" data-img-width=\"600\" data-img-height=\"600\"><\/div><div class=\"l-section-overlay\" style=\"background:rgba(0,0,0,0.40)\"><\/div><div class=\"l-section-h i-cf\"><div class=\"g-cols vc_row via_grid cols_1 laptops-cols_inherit tablets-cols_inherit mobiles-cols_1 valign_top type_default stacking_default\"><div class=\"wpb_column vc_column_container\"><div class=\"vc_column-inner\"><div class=\"w-separator size_large\"><\/div><div class=\"w-iconbox iconpos_top style_default color_custom align_center no_title no_text\"><div class=\"w-iconbox-icon\" style=\"font-size:2rem;color:#ffffff;\"><i class=\"fal fa-hand-holding-heart\"><\/i><\/div><div class=\"w-iconbox-meta\"><\/div><\/div><div class=\"w-separator size_small\"><\/div><div class=\"g-cols wpb_row via_grid cols_1-4-1 laptops-cols_inherit tablets-cols_inherit mobiles-cols_1 valign_top type_default stacking_default\"><div class=\"wpb_column vc_column_container\"><div class=\"vc_column-inner\"><div class=\"w-separator size_medium\"><\/div><\/div><\/div><div class=\"wpb_column vc_column_container\"><div class=\"vc_column-inner\"><div class=\"wpb_text_column\"><div class=\"wpb_wrapper\"><h1 style=\"text-align: center;\">Servicios<\/h1>\n<p style=\"text-align: center;\">Hoteles MS Ciudad Jard\u00edn Hotel en Cali ofrece a sus hu\u00e9spedes servicios de calidad sustentados por la amabilidad y la vocaci\u00f3n de su personal, siempre atentos a las necesidades de quienes conf\u00edan en nosotros, haciendo mejor y m\u00e1s rica la experiencia de alojamiento.<\/p>\n<\/div><\/div><div class=\"w-separator size_small\"><\/div><\/div><\/div><div class=\"wpb_column vc_column_container\"><div class=\"vc_column-inner\"><\/div><\/div><\/div><div class=\"w-separator size_medium\"><\/div><div class=\"g-cols wpb_row via_grid cols_4 laptops-cols_inherit tablets-cols_inherit mobiles-cols_1 valign_top type_default stacking_default\"><div class=\"wpb_column vc_column_container\"><div class=\"vc_column-inner\"><div class=\"w-iconbox iconpos_top style_default color_custom align_center no_title\"><div class=\"w-iconbox-icon\" style=\"font-size:40px;color:#ffffff;\"><i class=\"fal fa-wifi\"><\/i><\/div><div class=\"w-iconbox-meta\"><div class=\"w-iconbox-text\"><p>Conectividad<\/p>\n<\/div><\/div><\/div><\/div><\/div><div class=\"wpb_column vc_column_container\"><div class=\"vc_column-inner\"><div class=\"w-iconbox iconpos_top style_default color_custom align_center no_title\"><div class=\"w-iconbox-icon\" style=\"font-size:50px;color:#ffffff;\"><i class=\"fal fa-coffee\"><\/i><\/div><div class=\"w-iconbox-meta\"><div class=\"w-iconbox-text\"><p>Desayuno incluido<\/p>\n<\/div><\/div><\/div><\/div><\/div><div class=\"wpb_column vc_column_container\"><div class=\"vc_column-inner\"><div class=\"w-iconbox iconpos_top style_default color_custom align_center no_title\"><div class=\"w-iconbox-icon\" style=\"font-size:40px;color:#ffffff;\"><i class=\"fal fa-heat\"><\/i><\/div><div class=\"w-iconbox-meta\"><div class=\"w-iconbox-text\"><p>Jacuzzi<\/p>\n<\/div><\/div><\/div><\/div><\/div><div class=\"wpb_column vc_column_container\"><div class=\"vc_column-inner\"><div class=\"w-iconbox iconpos_top style_default color_custom align_center no_title\"><div class=\"w-iconbox-icon\" style=\"font-size:40px;color:#ffffff;\"><i class=\"fal fa-car\"><\/i><\/div><div class=\"w-iconbox-meta\"><div class=\"w-iconbox-text\"><p>Transporte al aeropuerto<\/p>\n<\/div><\/div><\/div><\/div><\/div><\/div><div class=\"w-separator size_medium\"><\/div><div class=\"g-cols wpb_row via_grid cols_5 laptops-cols_inherit tablets-cols_inherit mobiles-cols_1 valign_top type_default stacking_default\"><div class=\"wpb_column vc_column_container\"><div class=\"vc_column-inner\"><\/div><\/div><div class=\"wpb_column vc_column_container\"><div class=\"vc_column-inner\"><div class=\"w-iconbox iconpos_top style_default color_custom align_center no_title\"><div class=\"w-iconbox-icon\" style=\"font-size:50px;color:#ffffff;\"><i class=\"fal fa-phone-volume\"><\/i><\/div><div class=\"w-iconbox-meta\"><div class=\"w-iconbox-text\"><p>Llamadas Locales<\/p>\n<\/div><\/div><\/div><\/div><\/div><div class=\"wpb_column vc_column_container\"><div class=\"vc_column-inner\"><div class=\"w-iconbox iconpos_top style_default color_custom align_center no_title\"><div class=\"w-iconbox-icon\" style=\"font-size:50px;color:#ffffff;\"><i class=\"fal fa-dryer\"><\/i><\/div><div class=\"w-iconbox-meta\"><div class=\"w-iconbox-text\"><p>Lavander\u00eda<\/p>\n<\/div><\/div><\/div><\/div><\/div><div class=\"wpb_column vc_column_container\"><div class=\"vc_column-inner\"><div class=\"w-iconbox iconpos_top style_default color_custom align_center no_title\"><div class=\"w-iconbox-icon\" style=\"font-size:50px;color:#ffffff;\"><i class=\"fal fa-concierge-bell\"><\/i><\/div><div class=\"w-iconbox-meta\"><div class=\"w-iconbox-text\"><p>Recepci\u00f3n 24\/7<\/p>\n<\/div><\/div><\/div><\/div><\/div><div class=\"wpb_column vc_column_container\"><div class=\"vc_column-inner\"><\/div><\/div><\/div><div class=\"w-separator size_medium\"><\/div><div class=\"w-btn-wrapper align_center\"><a class=\"w-btn us-btn-style_11 us_custom_1b04de86\" title=\"Fotograf\u00edas\" href=\"\/hotel-pacifico-chipichape\/servicios\/fotografias\/\"><span class=\"w-btn-label\">VER IM\u00c1GENES<\/span><\/a><\/div><div class=\"w-separator size_large\"><\/div><\/div><\/div><\/div><\/div><\/section>\n","protected":false},"excerpt":{"rendered":"Servicios Hoteles MS Ciudad Jard\u00edn Hotel en Cali ofrece a sus hu\u00e9spedes servicios de calidad sustentados por la amabilidad y la vocaci\u00f3n de su personal, siempre atentos a las necesidades de quienes conf\u00edan en nosotros, haciendo mejor y m\u00e1s rica la experiencia de alojamiento. Conectividad Desayuno incluido Jacuzzi Transporte al aeropuerto Llamadas Locales Lavander\u00eda Recepci\u00f3n...","protected":false},"author":1,"featured_media":8954,"parent":0,"menu_order":0,"comment_status":"closed","ping_status":"closed","template":"","meta":{"footnotes":""},"class_list":["post-8254","page","type-page","status-publish","has-post-thumbnail","hentry"],"acf":[],"yoast_head":"<!-- This site is optimized with the Yoast SEO plugin v27.4 - https:\/\/yoast.com\/product\/yoast-seo-wordpress\/ -->\n<title>Servicios - Hotel MS Pacifico Chipichape<\/title>\n<meta name=\"description\" content=\"Servicios de calidad sustentados por la amabilidad y la vocaci\u00f3n de nuestro personal en Hotel MS Pac\u00edfico Chipichape, al norte de Cali.\" \/>\n<meta name=\"robots\" content=\"index, follow, max-snippet:-1, max-image-preview:large, max-video-preview:-1\" \/>\n<link rel=\"canonical\" href=\"https:\/\/hotelesms.com\/\/hotel-pacifico-chipichape\/servicios\/\" \/>\n<meta property=\"og:locale\" content=\"es_ES\" \/>\n<meta property=\"og:type\" content=\"article\" \/>\n<meta property=\"og:title\" content=\"Servicios - Hotel MS Pacifico Chipichape\" \/>\n<meta property=\"og:description\" content=\"Servicios de calidad sustentados por la amabilidad y la vocaci\u00f3n de nuestro personal en Hotel MS Pac\u00edfico Chipichape, al norte de Cali.\" \/>\n<meta property=\"og:url\" content=\"https:\/\/hotelesms.com\/\/hotel-pacifico-chipichape\/servicios\/\" \/>\n<meta property=\"og:site_name\" content=\"Hotel MS Pacifico Chipichape\" \/>\n<meta property=\"article:modified_time\" content=\"2023-03-10T20:49:39+00:00\" \/>\n<meta property=\"og:image\" content=\"https:\/\/hotelesms.com\/\/hotel-pacifico-chipichape\/wp-content\/uploads\/sites\/7\/2022\/09\/Hotel-MS-Pacifico-Chipichape.jpeg\" \/>\n\t<meta property=\"og:image:width\" content=\"600\" \/>\n\t<meta property=\"og:image:height\" content=\"600\" \/>\n\t<meta property=\"og:image:type\" content=\"image\/jpeg\" \/>\n<meta name=\"twitter:card\" content=\"summary_large_image\" \/>\n<meta name=\"twitter:label1\" content=\"Tiempo de lectura\" \/>\n\t<meta name=\"twitter:data1\" content=\"2 minutos\" \/>\n<script type=\"application\/ld+json\" class=\"yoast-schema-graph\">{\"@context\":\"https:\\\/\\\/schema.org\",\"@graph\":[{\"@type\":\"WebPage\",\"@id\":\"https:\\\/\\\/hotelesms.com\\\/\\\/hotel-pacifico-chipichape\\\/servicios\\\/\",\"url\":\"https:\\\/\\\/hotelesms.com\\\/\\\/hotel-pacifico-chipichape\\\/servicios\\\/\",\"name\":\"Servicios - Hotel MS Pacifico Chipichape\",\"isPartOf\":{\"@id\":\"https:\\\/\\\/hotelesms.com\\\/\\\/hotel-pacifico-chipichape\\\/#website\"},\"primaryImageOfPage\":{\"@id\":\"https:\\\/\\\/hotelesms.com\\\/\\\/hotel-pacifico-chipichape\\\/servicios\\\/#primaryimage\"},\"image\":{\"@id\":\"https:\\\/\\\/hotelesms.com\\\/\\\/hotel-pacifico-chipichape\\\/servicios\\\/#primaryimage\"},\"thumbnailUrl\":\"https:\\\/\\\/hotelesms.com\\\/\\\/hotel-pacifico-chipichape\\\/wp-content\\\/uploads\\\/sites\\\/7\\\/2022\\\/09\\\/Hotel-MS-Pacifico-Chipichape.jpeg\",\"datePublished\":\"2022-08-19T23:20:58+00:00\",\"dateModified\":\"2023-03-10T20:49:39+00:00\",\"description\":\"Servicios de calidad sustentados por la amabilidad y la vocaci\u00f3n de nuestro personal en Hotel MS Pac\u00edfico Chipichape, al norte de Cali.\",\"breadcrumb\":{\"@id\":\"https:\\\/\\\/hotelesms.com\\\/\\\/hotel-pacifico-chipichape\\\/servicios\\\/#breadcrumb\"},\"inLanguage\":\"es\",\"potentialAction\":[{\"@type\":\"ReadAction\",\"target\":[\"https:\\\/\\\/hotelesms.com\\\/\\\/hotel-pacifico-chipichape\\\/servicios\\\/\"]}]},{\"@type\":\"ImageObject\",\"inLanguage\":\"es\",\"@id\":\"https:\\\/\\\/hotelesms.com\\\/\\\/hotel-pacifico-chipichape\\\/servicios\\\/#primaryimage\",\"url\":\"https:\\\/\\\/hotelesms.com\\\/\\\/hotel-pacifico-chipichape\\\/wp-content\\\/uploads\\\/sites\\\/7\\\/2022\\\/09\\\/Hotel-MS-Pacifico-Chipichape.jpeg\",\"contentUrl\":\"https:\\\/\\\/hotelesms.com\\\/\\\/hotel-pacifico-chipichape\\\/wp-content\\\/uploads\\\/sites\\\/7\\\/2022\\\/09\\\/Hotel-MS-Pacifico-Chipichape.jpeg\",\"width\":600,\"height\":600},{\"@type\":\"BreadcrumbList\",\"@id\":\"https:\\\/\\\/hotelesms.com\\\/\\\/hotel-pacifico-chipichape\\\/servicios\\\/#breadcrumb\",\"itemListElement\":[{\"@type\":\"ListItem\",\"position\":1,\"name\":\"Portada\",\"item\":\"https:\\\/\\\/hotelesms.com\\\/\\\/hotel-pacifico-chipichape\\\/\"},{\"@type\":\"ListItem\",\"position\":2,\"name\":\"Servicios\"}]},{\"@type\":\"WebSite\",\"@id\":\"https:\\\/\\\/hotelesms.com\\\/\\\/hotel-pacifico-chipichape\\\/#website\",\"url\":\"https:\\\/\\\/hotelesms.com\\\/\\\/hotel-pacifico-chipichape\\\/\",\"name\":\"Hotel MS Pacifico Chipichape\",\"description\":\"Cadena hotelera colombiana de est\u00e1ndares internacionales\",\"publisher\":{\"@id\":\"https:\\\/\\\/hotelesms.com\\\/\\\/hotel-pacifico-chipichape\\\/#organization\"},\"potentialAction\":[{\"@type\":\"SearchAction\",\"target\":{\"@type\":\"EntryPoint\",\"urlTemplate\":\"https:\\\/\\\/hotelesms.com\\\/\\\/hotel-pacifico-chipichape\\\/?s={search_term_string}\"},\"query-input\":{\"@type\":\"PropertyValueSpecification\",\"valueRequired\":true,\"valueName\":\"search_term_string\"}}],\"inLanguage\":\"es\"},{\"@type\":\"Organization\",\"@id\":\"https:\\\/\\\/hotelesms.com\\\/\\\/hotel-pacifico-chipichape\\\/#organization\",\"name\":\"Hotel MS Pac\u00edfico Chipichape\",\"url\":\"https:\\\/\\\/hotelesms.com\\\/\\\/hotel-pacifico-chipichape\\\/\",\"logo\":{\"@type\":\"ImageObject\",\"inLanguage\":\"es\",\"@id\":\"https:\\\/\\\/hotelesms.com\\\/\\\/hotel-pacifico-chipichape\\\/#\\\/schema\\\/logo\\\/image\\\/\",\"url\":\"https:\\\/\\\/hotelesms.com\\\/\\\/hotel-pacifico-chipichape\\\/wp-content\\\/uploads\\\/sites\\\/7\\\/2022\\\/07\\\/Logo-vertical-MS-Pacifico-Chipichape.png\",\"contentUrl\":\"https:\\\/\\\/hotelesms.com\\\/\\\/hotel-pacifico-chipichape\\\/wp-content\\\/uploads\\\/sites\\\/7\\\/2022\\\/07\\\/Logo-vertical-MS-Pacifico-Chipichape.png\",\"width\":160,\"height\":160,\"caption\":\"Hotel MS Pac\u00edfico Chipichape\"},\"image\":{\"@id\":\"https:\\\/\\\/hotelesms.com\\\/\\\/hotel-pacifico-chipichape\\\/#\\\/schema\\\/logo\\\/image\\\/\"}}]}<\/script>\n<!-- \/ Yoast SEO plugin. -->","yoast_head_json":{"title":"Servicios - Hotel MS Pacifico Chipichape","description":"Servicios de calidad sustentados por la amabilidad y la vocaci\u00f3n de nuestro personal en Hotel MS Pac\u00edfico Chipichape, al norte de Cali.","robots":{"index":"index","follow":"follow","max-snippet":"max-snippet:-1","max-image-preview":"max-image-preview:large","max-video-preview":"max-video-preview:-1"},"canonical":"https:\/\/hotelesms.com\/\/hotel-pacifico-chipichape\/servicios\/","og_locale":"es_ES","og_type":"article","og_title":"Servicios - Hotel MS Pacifico Chipichape","og_description":"Servicios de calidad sustentados por la amabilidad y la vocaci\u00f3n de nuestro personal en Hotel MS Pac\u00edfico Chipichape, al norte de Cali.","og_url":"https:\/\/hotelesms.com\/\/hotel-pacifico-chipichape\/servicios\/","og_site_name":"Hotel MS Pacifico Chipichape","article_modified_time":"2023-03-10T20:49:39+00:00","og_image":[{"width":600,"height":600,"url":"https:\/\/hotelesms.com\/\/hotel-pacifico-chipichape\/wp-content\/uploads\/sites\/7\/2022\/09\/Hotel-MS-Pacifico-Chipichape.jpeg","type":"image\/jpeg"}],"twitter_card":"summary_large_image","twitter_misc":{"Tiempo de lectura":"2 minutos"},"schema":{"@context":"https:\/\/schema.org","@graph":[{"@type":"WebPage","@id":"https:\/\/hotelesms.com\/\/hotel-pacifico-chipichape\/servicios\/","url":"https:\/\/hotelesms.com\/\/hotel-pacifico-chipichape\/servicios\/","name":"Servicios - Hotel MS Pacifico Chipichape","isPartOf":{"@id":"https:\/\/hotelesms.com\/\/hotel-pacifico-chipichape\/#website"},"primaryImageOfPage":{"@id":"https:\/\/hotelesms.com\/\/hotel-pacifico-chipichape\/servicios\/#primaryimage"},"image":{"@id":"https:\/\/hotelesms.com\/\/hotel-pacifico-chipichape\/servicios\/#primaryimage"},"thumbnailUrl":"https:\/\/hotelesms.com\/\/hotel-pacifico-chipichape\/wp-content\/uploads\/sites\/7\/2022\/09\/Hotel-MS-Pacifico-Chipichape.jpeg","datePublished":"2022-08-19T23:20:58+00:00","dateModified":"2023-03-10T20:49:39+00:00","description":"Servicios de calidad sustentados por la amabilidad y la vocaci\u00f3n de nuestro personal en Hotel MS Pac\u00edfico Chipichape, al norte de Cali.","breadcrumb":{"@id":"https:\/\/hotelesms.com\/\/hotel-pacifico-chipichape\/servicios\/#breadcrumb"},"inLanguage":"es","potentialAction":[{"@type":"ReadAction","target":["https:\/\/hotelesms.com\/\/hotel-pacifico-chipichape\/servicios\/"]}]},{"@type":"ImageObject","inLanguage":"es","@id":"https:\/\/hotelesms.com\/\/hotel-pacifico-chipichape\/servicios\/#primaryimage","url":"https:\/\/hotelesms.com\/\/hotel-pacifico-chipichape\/wp-content\/uploads\/sites\/7\/2022\/09\/Hotel-MS-Pacifico-Chipichape.jpeg","contentUrl":"https:\/\/hotelesms.com\/\/hotel-pacifico-chipichape\/wp-content\/uploads\/sites\/7\/2022\/09\/Hotel-MS-Pacifico-Chipichape.jpeg","width":600,"height":600},{"@type":"BreadcrumbList","@id":"https:\/\/hotelesms.com\/\/hotel-pacifico-chipichape\/servicios\/#breadcrumb","itemListElement":[{"@type":"ListItem","position":1,"name":"Portada","item":"https:\/\/hotelesms.com\/\/hotel-pacifico-chipichape\/"},{"@type":"ListItem","position":2,"name":"Servicios"}]},{"@type":"WebSite","@id":"https:\/\/hotelesms.com\/\/hotel-pacifico-chipichape\/#website","url":"https:\/\/hotelesms.com\/\/hotel-pacifico-chipichape\/","name":"Hotel MS Pacifico Chipichape","description":"Cadena hotelera colombiana de est\u00e1ndares internacionales","publisher":{"@id":"https:\/\/hotelesms.com\/\/hotel-pacifico-chipichape\/#organization"},"potentialAction":[{"@type":"SearchAction","target":{"@type":"EntryPoint","urlTemplate":"https:\/\/hotelesms.com\/\/hotel-pacifico-chipichape\/?s={search_term_string}"},"query-input":{"@type":"PropertyValueSpecification","valueRequired":true,"valueName":"search_term_string"}}],"inLanguage":"es"},{"@type":"Organization","@id":"https:\/\/hotelesms.com\/\/hotel-pacifico-chipichape\/#organization","name":"Hotel MS Pac\u00edfico Chipichape","url":"https:\/\/hotelesms.com\/\/hotel-pacifico-chipichape\/","logo":{"@type":"ImageObject","inLanguage":"es","@id":"https:\/\/hotelesms.com\/\/hotel-pacifico-chipichape\/#\/schema\/logo\/image\/","url":"https:\/\/hotelesms.com\/\/hotel-pacifico-chipichape\/wp-content\/uploads\/sites\/7\/2022\/07\/Logo-vertical-MS-Pacifico-Chipichape.png","contentUrl":"https:\/\/hotelesms.com\/\/hotel-pacifico-chipichape\/wp-content\/uploads\/sites\/7\/2022\/07\/Logo-vertical-MS-Pacifico-Chipichape.png","width":160,"height":160,"caption":"Hotel MS Pac\u00edfico Chipichape"},"image":{"@id":"https:\/\/hotelesms.com\/\/hotel-pacifico-chipichape\/#\/schema\/logo\/image\/"}}]}},"_links":{"self":[{"href":"https:\/\/hotelesms.com\/\/hotel-pacifico-chipichape\/wp-json\/wp\/v2\/pages\/8254","targetHints":{"allow":["GET"]}}],"collection":[{"href":"https:\/\/hotelesms.com\/\/hotel-pacifico-chipichape\/wp-json\/wp\/v2\/pages"}],"about":[{"href":"https:\/\/hotelesms.com\/\/hotel-pacifico-chipichape\/wp-json\/wp\/v2\/types\/page"}],"author":[{"embeddable":true,"href":"https:\/\/hotelesms.com\/\/hotel-pacifico-chipichape\/wp-json\/wp\/v2\/users\/1"}],"replies":[{"embeddable":true,"href":"https:\/\/hotelesms.com\/\/hotel-pacifico-chipichape\/wp-json\/wp\/v2\/comments?post=8254"}],"version-history":[{"count":18,"href":"https:\/\/hotelesms.com\/\/hotel-pacifico-chipichape\/wp-json\/wp\/v2\/pages\/8254\/revisions"}],"predecessor-version":[{"id":9136,"href":"https:\/\/hotelesms.com\/\/hotel-pacifico-chipichape\/wp-json\/wp\/v2\/pages\/8254\/revisions\/9136"}],"wp:featuredmedia":[{"embeddable":true,"href":"https:\/\/hotelesms.com\/\/hotel-pacifico-chipichape\/wp-json\/wp\/v2\/media\/8954"}],"wp:attachment":[{"href":"https:\/\/hotelesms.com\/\/hotel-pacifico-chipichape\/wp-json\/wp\/v2\/media?parent=8254"}],"curies":[{"name":"wp","href":"https:\/\/api.w.org\/{rel}","templated":true}]}}