{"id":8275,"date":"2022-08-19T23:45:00","date_gmt":"2022-08-19T23:45:00","guid":{"rendered":"https:\/\/hotelesms.com\/\/hotel-pacifico-chipichape\/?page_id=8275"},"modified":"2023-03-10T20:53:46","modified_gmt":"2023-03-10T20:53:46","slug":"explore-los-alrededores","status":"publish","type":"page","link":"https:\/\/hotelesms.com\/\/hotel-pacifico-chipichape\/explore-los-alrededores\/","title":{"rendered":"Explora los alrededores"},"content":{"rendered":"<section class=\"l-section wpb_row height_custom\"><div class=\"l-section-overlay\" style=\"background:#f5f5f5\"><\/div><div class=\"l-section-h i-cf\"><div class=\"g-cols vc_row via_grid cols_1 laptops-cols_inherit tablets-cols_inherit mobiles-cols_1 valign_top type_default stacking_default\"><div class=\"wpb_column vc_column_container\"><div class=\"vc_column-inner\"><div class=\"w-iconbox iconpos_top style_default color_custom align_center no_text\"><div class=\"w-iconbox-icon\" style=\"font-size:40px;color:#333333;\"><i class=\"fal fa-street-view\"><\/i><\/div><div class=\"w-iconbox-meta\"><h6 class=\"w-iconbox-title\">Explora los alrededores<\/h6><\/div><\/div><\/div><\/div><\/div><\/div><\/section><section class=\"l-section wpb_row height_small color_custom\"><div class=\"l-section-h i-cf\"><div class=\"g-cols vc_row via_grid cols_1-4-1 laptops-cols_inherit tablets-cols_inherit mobiles-cols_1 valign_top type_default stacking_default\"><div class=\"wpb_column vc_column_container\"><div class=\"vc_column-inner\"><div class=\"w-separator size_medium\"><\/div><\/div><\/div><div class=\"wpb_column vc_column_container\"><div class=\"vc_column-inner\"><div class=\"wpb_text_column\"><div class=\"wpb_wrapper\"><h4 style=\"text-align: center;\">\u00a1Lugares para visitar!<\/h4>\n<p style=\"font-size: 18px; line-height: 140%; text-align: center;\">Cali tiene un encanto particular, recorrerla deja una fascinante experiencia.\u00a0Nuestro destino te ofrece m\u00faltiples ofertas tur\u00edsticas: museos, monumentos y un entorno natural favorecido por un clima ben\u00e9volo; est\u00e1n a la orden del d\u00eda. Te contamos qu\u00e9 es lo que no puedes perderte.<\/p>\n<\/div><\/div><div class=\"w-separator size_small\"><\/div><\/div><\/div><div class=\"wpb_column vc_column_container\"><div class=\"vc_column-inner\"><\/div><\/div><\/div><\/div><\/section><section class=\"l-section wpb_row height_auto with_img\"><div class=\"l-section-img\" style=\"background-image: url(https:\/\/hotelesms.com\/\/hotel-pacifico-chipichape\/wp-content\/uploads\/sites\/7\/2022\/08\/San-Antonio-MS.jpeg);\" data-img-width=\"720\" data-img-height=\"480\"><\/div><div class=\"l-section-overlay\" style=\"background:rgba(255,255,255,0.40)\"><\/div><div class=\"l-section-h i-cf\"><div class=\"g-cols vc_row via_grid cols_1-4-1 laptops-cols_inherit tablets-cols_inherit mobiles-cols_1 valign_top type_default stacking_default\"><div class=\"wpb_column vc_column_container\"><div class=\"vc_column-inner\"><\/div><\/div><div class=\"wpb_column vc_column_container\"><div class=\"vc_column-overlay\" style=\"background:rgba(255,255,255,0.70)\"><\/div><div class=\"vc_column-inner\"><div class=\"w-separator size_medium\"><\/div><div class=\"w-tabs style_default switch_click accordion type_togglable has_scrolling\" style=\"--sections-title-size:inherit\"><div class=\"w-tabs-sections titles-align_none icon_chevron cpos_right\"><div class=\"w-tabs-section active\" id=\"1503011266732-329a6b4d-fceb\"><button aria-controls=\"content-1503011266732-329a6b4d-fceb\" class=\"w-tabs-section-header active with_icon\"><i class=\"fas fa-camera\"><\/i><div class=\"w-tabs-section-title\">Atractivos tur\u00edsticos<\/div><div class=\"w-tabs-section-control\"><\/div><\/button><div  class=\"w-tabs-section-content\" id=\"content-1503011266732-329a6b4d-fceb\" aria-expanded=\"true\"><div class=\"w-tabs-section-content-h i-cf\"><div class=\"g-cols wpb_row via_grid cols_2 laptops-cols_inherit tablets-cols_inherit mobiles-cols_1 valign_top type_default stacking_default\"><div class=\"wpb_column vc_column_container\"><div class=\"vc_column-inner\"><div class=\"wpb_text_column\"><div class=\"wpb_wrapper\"><ul>\n<li>Gato de Tejada: Orgullo para la ciudad.<\/li>\n<li>Granada: zona rosa y gourmet<\/li>\n<li>Juanchito: ubicado <em>del puente pa&#8217;ll\u00e1<\/em>.<\/li>\n<li>Menga: la mejor zona para la rumba crossover.<\/li>\n<li>San Antonio: Conocida por su iglesia en el mirador.<\/li>\n<li>Zool\u00f3gico de Cali: Con m\u00e1s de dos mil ejemplares.<\/li>\n<li>Estatua Sebasti\u00e1n de Belalcazar: Ic\u00f3nico mirador de la ciudad.<\/li>\n<\/ul>\n<\/div><\/div><\/div><\/div><div class=\"wpb_column vc_column_container\"><div class=\"vc_column-inner\"><div class=\"wpb_text_column\"><div class=\"wpb_wrapper\"><ul>\n<li>Avenida San Joaqu\u00edn: Zona gourmet.<\/li>\n<li>Carrera 66: zona rosa al sur de Cali.<\/li>\n<li>Cerro de las Tres Cruces.<\/li>\n<li>Centro Comercial Chipichape<\/li>\n<li>Monumento a Cristo Rey.<\/li>\n<li>Dapa: corregimiento de Yumbo de gran belleza natural.<\/li>\n<li>El Pe\u00f1\u00f3n: tradicional zona bohemia.<\/li>\n<\/ul>\n<\/div><\/div><\/div><\/div><\/div><\/div><\/div><\/div><div class=\"w-tabs-section\" id=\"1504015075077-7c6eebb6-9ba5\"><button aria-controls=\"content-1504015075077-7c6eebb6-9ba5\" class=\"w-tabs-section-header with_icon\"><i class=\"fas fa-university\"><\/i><div class=\"w-tabs-section-title\">Museos<\/div><div class=\"w-tabs-section-control\"><\/div><\/button><div  class=\"w-tabs-section-content\" id=\"content-1504015075077-7c6eebb6-9ba5\" aria-expanded=\"false\"><div class=\"w-tabs-section-content-h i-cf\"><div class=\"wpb_text_column\"><div class=\"wpb_wrapper\"><ul>\n<li>Museo Religioso y Colonial de San Francisco: calle 9 #5-59.<\/li>\n<li>Museo Nacional del Transporte: Ubicado al lado del Aeropuerto Alfonso Bonilla Arag\u00f3n.<\/li>\n<li>Museo Departamental de Ciencias Naturales: Av. Roosevelt #24\u201380.<\/li>\n<li>Museo de Oro Calima: calle 7.\u00aa entre carreras 4 y 5.\u00aa<\/li>\n<li>Museo de Arte Religioso: Carrera 4 No 6-56.<\/li>\n<li>Museo de Arte Moderno La Tertulia: Avenida Colombia con calle 5.\u00aa Oeste.<\/li>\n<li>Museo Arqueol\u00f3gico La Merced: carrera 4.\u00aa #6-59.<\/li>\n<\/ul>\n<\/div><\/div><\/div><\/div><\/div><div class=\"w-tabs-section\" id=\"1503011267318-75745b5e-116b\"><button aria-controls=\"content-1503011267318-75745b5e-116b\" class=\"w-tabs-section-header with_icon\"><i class=\"fas fa-users\"><\/i><div class=\"w-tabs-section-title\">Teatros<\/div><div class=\"w-tabs-section-control\"><\/div><\/button><div  class=\"w-tabs-section-content\" id=\"content-1503011267318-75745b5e-116b\" aria-expanded=\"false\"><div class=\"w-tabs-section-content-h i-cf\"><div class=\"wpb_text_column\"><div class=\"wpb_wrapper\"><ul>\n<li>Teatro Municipal Enrique Buenaventura, Inaugurado en 1927 tiene capacidad para 1.200 espectadores.<\/li>\n<li>Teatro la M\u00e1scara, fundado en el a\u00f1o de 1.972.<\/li>\n<li>Teatro Jorge Isaacs, con capacidad para 1.187 espectadores.<\/li>\n<li>Teatro Experimental de Cali, creado en 1955.<\/li>\n<li>Teatro Esquina Latina, fundado en 1973.<\/li>\n<li>Teatro Casa de Los T\u00edteres.<\/li>\n<li>Teatro al aire libre Los Cristales, con capacidad para 15.000 personas.<\/li>\n<li>Cali Teatro, se fund\u00f3 en el a\u00f1o de 1989.<\/li>\n<\/ul>\n<\/div><\/div><\/div><\/div><\/div><div class=\"w-tabs-section\" id=\"1503011267858-523e24a1-ff42\"><button aria-controls=\"content-1503011267858-523e24a1-ff42\" class=\"w-tabs-section-header with_icon\"><i class=\"fas fa-building\"><\/i><div class=\"w-tabs-section-title\">Edificios patrimonio<\/div><div class=\"w-tabs-section-control\"><\/div><\/button><div  class=\"w-tabs-section-content\" id=\"content-1503011267858-523e24a1-ff42\" aria-expanded=\"false\"><div class=\"w-tabs-section-content-h i-cf\"><div class=\"wpb_text_column\"><div class=\"wpb_wrapper\"><ul>\n<li>Casa Proartes<\/li>\n<li>Edificio Otero<\/li>\n<li>Hacienda Ca\u00f1as Gordas<\/li>\n<li>Iglesia La Ermita<\/li>\n<li>Iglesia la Merced<\/li>\n<li>Iglesia San Antonio<\/li>\n<li>Iglesia San Francisco \u2013 Torre Mudejar<\/li>\n<li>Palacio Nacional<\/li>\n<li>Puente Ortiz<\/li>\n<li>Secretaria de Cultura de Cali<\/li>\n<\/ul>\n<\/div><\/div><\/div><\/div><\/div><\/div><\/div><div class=\"w-separator size_medium\"><\/div><\/div><\/div><div class=\"wpb_column vc_column_container\"><div class=\"vc_column-inner\"><\/div><\/div><\/div><\/div><\/section><section class=\"l-section wpb_row height_custom\"><div class=\"l-section-overlay\" style=\"background:#e8e8e8\"><\/div><div class=\"l-section-h i-cf\"><div class=\"g-cols vc_row via_grid cols_2 laptops-cols_inherit tablets-cols_inherit mobiles-cols_1 valign_top type_default stacking_default\"><div class=\"wpb_column vc_column_container\"><div class=\"vc_column-inner\"><div class=\"w-separator size_medium\"><\/div><div class=\"w-iconbox iconpos_top style_default color_custom align_left no_title no_text\"><div class=\"w-iconbox-icon\" style=\"font-size:40px;color:#333333;\"><i class=\"fal fa-theater-masks\"><\/i><\/div><div class=\"w-iconbox-meta\"><\/div><\/div><div class=\"w-separator size_medium\"><\/div><div class=\"wpb_text_column\"><div class=\"wpb_wrapper\"><h4><strong>Una ciudad que vive la cultura<\/strong><\/h4>\n<p>Cali tiene una diversa variedad de espacios y oferta cultural. La programaci\u00f3n anual de actividades, fiestas y festivales son un plus adicional en los viajes de turismo o negocios.<br \/>\nCali es salsa en su esencia y venir a Cali no es completo si no se vive la experiencia de la salsa, bien sea en espacios de diversi\u00f3n nocturna o en shows como Delirio que son una puesta en escena memorable.<br \/>\nPero la capital vallecaucana tambi\u00e9n es cultura del Pac\u00edfico y por eso suena a marimba y a los hermosos ritmos afrocolombianos.<\/p>\n<\/div><\/div><\/div><\/div><div class=\"wpb_column vc_column_container\"><div class=\"vc_column-inner\"><div class=\"wpb_text_column\"><div class=\"wpb_wrapper\"><h4>Festivales y Feria de Cali<\/h4>\n<p>Depende la \u00e9poca de viaje a Cali se puede gozar de diversos festivales en diferentes disciplinas y manifestaciones art\u00edsticas:<\/p>\n<ul>\n<li>Los vientos de agosto traen la m\u00fasica del Pac\u00edfico, con el Petronia \u00c1lvarez, el festival m\u00e1s grande de la m\u00fasica del pac\u00edfico colombiano.<\/li>\n<li>Septiembre es un mes especial pues el tiempo del Festival Mundial de Salsa Cali y del Festival de Jazz Fusi\u00f3n y Experimental AJAZZGO.<\/li>\n<li>Diciembre es Feria de Cali, evento en que la salsa reina y convoca a m\u00e1s de 110.00 turistas.<\/li>\n<\/ul>\n<p><strong> Otros eventos:<\/strong><\/p>\n<ul>\n<li>Encuentro Nacional e Internacional de Danzas Folcl\u00f3ricas Mercedes Monta\u00f1o \u2013 junio.<\/li>\n<li>Festival Internacional de Poes\u00eda. Fechas variables.<\/li>\n<li>Festival Internacional de Arte de Cali. Fechas variables.<\/li>\n<li>Festival de Teatro de Cali. Fechas variables.<\/li>\n<\/ul>\n<\/div><\/div><\/div><\/div><\/div><\/div><\/section>\n","protected":false},"excerpt":{"rendered":"Explora los alrededores\u00a1Lugares para visitar! Cali tiene un encanto particular, recorrerla deja una fascinante experiencia.\u00a0Nuestro destino te ofrece m\u00faltiples ofertas tur\u00edsticas: museos, monumentos y un entorno natural favorecido por un clima ben\u00e9volo; est\u00e1n a la orden del d\u00eda. Te contamos qu\u00e9 es lo que no puedes perderte. Atractivos tur\u00edsticos Gato de Tejada: Orgullo para la...","protected":false},"author":1,"featured_media":0,"parent":0,"menu_order":0,"comment_status":"closed","ping_status":"closed","template":"","meta":{"footnotes":""},"class_list":["post-8275","page","type-page","status-publish","hentry"],"acf":[],"yoast_head":"<!-- This site is optimized with the Yoast SEO plugin v27.4 - https:\/\/yoast.com\/product\/yoast-seo-wordpress\/ -->\n<title>Explora los alrededores - Hotel MS Pacifico Chipichape<\/title>\n<meta name=\"robots\" content=\"index, follow, max-snippet:-1, max-image-preview:large, max-video-preview:-1\" \/>\n<link rel=\"canonical\" href=\"https:\/\/hotelesms.com\/\/hotel-pacifico-chipichape\/explore-los-alrededores\/\" \/>\n<meta property=\"og:locale\" content=\"es_ES\" \/>\n<meta property=\"og:type\" content=\"article\" \/>\n<meta property=\"og:title\" content=\"Explora los alrededores - Hotel MS Pacifico Chipichape\" \/>\n<meta property=\"og:url\" content=\"https:\/\/hotelesms.com\/\/hotel-pacifico-chipichape\/explore-los-alrededores\/\" \/>\n<meta property=\"og:site_name\" content=\"Hotel MS Pacifico Chipichape\" \/>\n<meta property=\"article:modified_time\" content=\"2023-03-10T20:53:46+00:00\" \/>\n<meta name=\"twitter:card\" content=\"summary_large_image\" \/>\n<meta name=\"twitter:label1\" content=\"Tiempo de lectura\" \/>\n\t<meta name=\"twitter:data1\" content=\"3 minutos\" \/>\n<script type=\"application\/ld+json\" class=\"yoast-schema-graph\">{\"@context\":\"https:\\\/\\\/schema.org\",\"@graph\":[{\"@type\":\"WebPage\",\"@id\":\"https:\\\/\\\/hotelesms.com\\\/\\\/hotel-pacifico-chipichape\\\/explore-los-alrededores\\\/\",\"url\":\"https:\\\/\\\/hotelesms.com\\\/\\\/hotel-pacifico-chipichape\\\/explore-los-alrededores\\\/\",\"name\":\"Explora los alrededores - Hotel MS Pacifico Chipichape\",\"isPartOf\":{\"@id\":\"https:\\\/\\\/hotelesms.com\\\/\\\/hotel-pacifico-chipichape\\\/#website\"},\"datePublished\":\"2022-08-19T23:45:00+00:00\",\"dateModified\":\"2023-03-10T20:53:46+00:00\",\"breadcrumb\":{\"@id\":\"https:\\\/\\\/hotelesms.com\\\/\\\/hotel-pacifico-chipichape\\\/explore-los-alrededores\\\/#breadcrumb\"},\"inLanguage\":\"es\",\"potentialAction\":[{\"@type\":\"ReadAction\",\"target\":[\"https:\\\/\\\/hotelesms.com\\\/\\\/hotel-pacifico-chipichape\\\/explore-los-alrededores\\\/\"]}]},{\"@type\":\"BreadcrumbList\",\"@id\":\"https:\\\/\\\/hotelesms.com\\\/\\\/hotel-pacifico-chipichape\\\/explore-los-alrededores\\\/#breadcrumb\",\"itemListElement\":[{\"@type\":\"ListItem\",\"position\":1,\"name\":\"Portada\",\"item\":\"https:\\\/\\\/hotelesms.com\\\/\\\/hotel-pacifico-chipichape\\\/\"},{\"@type\":\"ListItem\",\"position\":2,\"name\":\"Explora los alrededores\"}]},{\"@type\":\"WebSite\",\"@id\":\"https:\\\/\\\/hotelesms.com\\\/\\\/hotel-pacifico-chipichape\\\/#website\",\"url\":\"https:\\\/\\\/hotelesms.com\\\/\\\/hotel-pacifico-chipichape\\\/\",\"name\":\"Hotel MS Pacifico Chipichape\",\"description\":\"Cadena hotelera colombiana de est\u00e1ndares internacionales\",\"publisher\":{\"@id\":\"https:\\\/\\\/hotelesms.com\\\/\\\/hotel-pacifico-chipichape\\\/#organization\"},\"potentialAction\":[{\"@type\":\"SearchAction\",\"target\":{\"@type\":\"EntryPoint\",\"urlTemplate\":\"https:\\\/\\\/hotelesms.com\\\/\\\/hotel-pacifico-chipichape\\\/?s={search_term_string}\"},\"query-input\":{\"@type\":\"PropertyValueSpecification\",\"valueRequired\":true,\"valueName\":\"search_term_string\"}}],\"inLanguage\":\"es\"},{\"@type\":\"Organization\",\"@id\":\"https:\\\/\\\/hotelesms.com\\\/\\\/hotel-pacifico-chipichape\\\/#organization\",\"name\":\"Hotel MS Pac\u00edfico Chipichape\",\"url\":\"https:\\\/\\\/hotelesms.com\\\/\\\/hotel-pacifico-chipichape\\\/\",\"logo\":{\"@type\":\"ImageObject\",\"inLanguage\":\"es\",\"@id\":\"https:\\\/\\\/hotelesms.com\\\/\\\/hotel-pacifico-chipichape\\\/#\\\/schema\\\/logo\\\/image\\\/\",\"url\":\"https:\\\/\\\/hotelesms.com\\\/\\\/hotel-pacifico-chipichape\\\/wp-content\\\/uploads\\\/sites\\\/7\\\/2022\\\/07\\\/Logo-vertical-MS-Pacifico-Chipichape.png\",\"contentUrl\":\"https:\\\/\\\/hotelesms.com\\\/\\\/hotel-pacifico-chipichape\\\/wp-content\\\/uploads\\\/sites\\\/7\\\/2022\\\/07\\\/Logo-vertical-MS-Pacifico-Chipichape.png\",\"width\":160,\"height\":160,\"caption\":\"Hotel MS Pac\u00edfico Chipichape\"},\"image\":{\"@id\":\"https:\\\/\\\/hotelesms.com\\\/\\\/hotel-pacifico-chipichape\\\/#\\\/schema\\\/logo\\\/image\\\/\"}}]}<\/script>\n<!-- \/ Yoast SEO plugin. -->","yoast_head_json":{"title":"Explora los alrededores - Hotel MS Pacifico Chipichape","robots":{"index":"index","follow":"follow","max-snippet":"max-snippet:-1","max-image-preview":"max-image-preview:large","max-video-preview":"max-video-preview:-1"},"canonical":"https:\/\/hotelesms.com\/\/hotel-pacifico-chipichape\/explore-los-alrededores\/","og_locale":"es_ES","og_type":"article","og_title":"Explora los alrededores - Hotel MS Pacifico Chipichape","og_url":"https:\/\/hotelesms.com\/\/hotel-pacifico-chipichape\/explore-los-alrededores\/","og_site_name":"Hotel MS Pacifico Chipichape","article_modified_time":"2023-03-10T20:53:46+00:00","twitter_card":"summary_large_image","twitter_misc":{"Tiempo de lectura":"3 minutos"},"schema":{"@context":"https:\/\/schema.org","@graph":[{"@type":"WebPage","@id":"https:\/\/hotelesms.com\/\/hotel-pacifico-chipichape\/explore-los-alrededores\/","url":"https:\/\/hotelesms.com\/\/hotel-pacifico-chipichape\/explore-los-alrededores\/","name":"Explora los alrededores - Hotel MS Pacifico Chipichape","isPartOf":{"@id":"https:\/\/hotelesms.com\/\/hotel-pacifico-chipichape\/#website"},"datePublished":"2022-08-19T23:45:00+00:00","dateModified":"2023-03-10T20:53:46+00:00","breadcrumb":{"@id":"https:\/\/hotelesms.com\/\/hotel-pacifico-chipichape\/explore-los-alrededores\/#breadcrumb"},"inLanguage":"es","potentialAction":[{"@type":"ReadAction","target":["https:\/\/hotelesms.com\/\/hotel-pacifico-chipichape\/explore-los-alrededores\/"]}]},{"@type":"BreadcrumbList","@id":"https:\/\/hotelesms.com\/\/hotel-pacifico-chipichape\/explore-los-alrededores\/#breadcrumb","itemListElement":[{"@type":"ListItem","position":1,"name":"Portada","item":"https:\/\/hotelesms.com\/\/hotel-pacifico-chipichape\/"},{"@type":"ListItem","position":2,"name":"Explora los alrededores"}]},{"@type":"WebSite","@id":"https:\/\/hotelesms.com\/\/hotel-pacifico-chipichape\/#website","url":"https:\/\/hotelesms.com\/\/hotel-pacifico-chipichape\/","name":"Hotel MS Pacifico Chipichape","description":"Cadena hotelera colombiana de est\u00e1ndares internacionales","publisher":{"@id":"https:\/\/hotelesms.com\/\/hotel-pacifico-chipichape\/#organization"},"potentialAction":[{"@type":"SearchAction","target":{"@type":"EntryPoint","urlTemplate":"https:\/\/hotelesms.com\/\/hotel-pacifico-chipichape\/?s={search_term_string}"},"query-input":{"@type":"PropertyValueSpecification","valueRequired":true,"valueName":"search_term_string"}}],"inLanguage":"es"},{"@type":"Organization","@id":"https:\/\/hotelesms.com\/\/hotel-pacifico-chipichape\/#organization","name":"Hotel MS Pac\u00edfico Chipichape","url":"https:\/\/hotelesms.com\/\/hotel-pacifico-chipichape\/","logo":{"@type":"ImageObject","inLanguage":"es","@id":"https:\/\/hotelesms.com\/\/hotel-pacifico-chipichape\/#\/schema\/logo\/image\/","url":"https:\/\/hotelesms.com\/\/hotel-pacifico-chipichape\/wp-content\/uploads\/sites\/7\/2022\/07\/Logo-vertical-MS-Pacifico-Chipichape.png","contentUrl":"https:\/\/hotelesms.com\/\/hotel-pacifico-chipichape\/wp-content\/uploads\/sites\/7\/2022\/07\/Logo-vertical-MS-Pacifico-Chipichape.png","width":160,"height":160,"caption":"Hotel MS Pac\u00edfico Chipichape"},"image":{"@id":"https:\/\/hotelesms.com\/\/hotel-pacifico-chipichape\/#\/schema\/logo\/image\/"}}]}},"_links":{"self":[{"href":"https:\/\/hotelesms.com\/\/hotel-pacifico-chipichape\/wp-json\/wp\/v2\/pages\/8275","targetHints":{"allow":["GET"]}}],"collection":[{"href":"https:\/\/hotelesms.com\/\/hotel-pacifico-chipichape\/wp-json\/wp\/v2\/pages"}],"about":[{"href":"https:\/\/hotelesms.com\/\/hotel-pacifico-chipichape\/wp-json\/wp\/v2\/types\/page"}],"author":[{"embeddable":true,"href":"https:\/\/hotelesms.com\/\/hotel-pacifico-chipichape\/wp-json\/wp\/v2\/users\/1"}],"replies":[{"embeddable":true,"href":"https:\/\/hotelesms.com\/\/hotel-pacifico-chipichape\/wp-json\/wp\/v2\/comments?post=8275"}],"version-history":[{"count":17,"href":"https:\/\/hotelesms.com\/\/hotel-pacifico-chipichape\/wp-json\/wp\/v2\/pages\/8275\/revisions"}],"predecessor-version":[{"id":9139,"href":"https:\/\/hotelesms.com\/\/hotel-pacifico-chipichape\/wp-json\/wp\/v2\/pages\/8275\/revisions\/9139"}],"wp:attachment":[{"href":"https:\/\/hotelesms.com\/\/hotel-pacifico-chipichape\/wp-json\/wp\/v2\/media?parent=8275"}],"curies":[{"name":"wp","href":"https:\/\/api.w.org\/{rel}","templated":true}]}}