{"id":8271,"date":"2022-08-19T23:40:54","date_gmt":"2022-08-19T23:40:54","guid":{"rendered":"https:\/\/hotelesms.com\/\/ms-chipichape\/?page_id=8271"},"modified":"2025-03-09T00:26:12","modified_gmt":"2025-03-09T00:26:12","slug":"fotografias","status":"publish","type":"page","link":"https:\/\/hotelesms.com\/\/ms-chipichape\/servicios\/fotografias\/","title":{"rendered":"Fotograf\u00edas"},"content":{"rendered":"<section class=\"l-section wpb_row height_custom\"><div class=\"l-section-overlay\" style=\"background:#f5f5f5\"><\/div><div class=\"l-section-h i-cf\"><div class=\"g-cols vc_row via_grid cols_1 laptops-cols_inherit tablets-cols_inherit mobiles-cols_1 valign_top type_default stacking_default\"><div class=\"wpb_column vc_column_container\"><div class=\"vc_column-inner\"><div class=\"w-iconbox us_custom_95ebd667 has_text_color iconpos_top style_default color_custom align_center no_text\"><div class=\"w-iconbox-icon\" style=\"font-size:40px;color:#333333;\"><i class=\"fal fa-camera\"><\/i><\/div><div class=\"w-iconbox-meta\"><h4 class=\"w-iconbox-title\">Im\u00e1genes del Hotel MS Chipichape<\/h4><\/div><\/div><\/div><\/div><\/div><\/div><\/section><section class=\"l-section wpb_row height_small\"><div class=\"l-section-h i-cf\"><div class=\"g-cols vc_row via_grid cols_1-4-1 laptops-cols_inherit tablets-cols_inherit mobiles-cols_1 valign_top type_default stacking_default\"><div class=\"wpb_column vc_column_container\"><div class=\"vc_column-inner\"><div class=\"w-separator size_medium\"><\/div><\/div><\/div><div class=\"wpb_column vc_column_container\"><div class=\"vc_column-inner\"><div class=\"wpb_text_column\"><div class=\"wpb_wrapper\"><p style=\"text-align: center;\">\u00bfBuscando im\u00e1genes del Hotel MS Chipichape? Con\u00f3celas en nuestra completa Galer\u00eda y descubre tu pr\u00f3ximo hotel en el norte de Cali para alojarte con toda la calidad de la Cadena MS.<\/p>\n<\/div><\/div><div class=\"w-separator size_medium\"><\/div><\/div><\/div><div class=\"wpb_column vc_column_container\"><div class=\"vc_column-inner\"><\/div><\/div><\/div><\/div><\/section><section class=\"l-section wpb_row height_small color_alternate\"><div class=\"l-section-h i-cf\"><div class=\"g-cols vc_row via_grid cols_2 laptops-cols_inherit tablets-cols_inherit mobiles-cols_1 valign_top type_default stacking_default\"><div class=\"wpb_column vc_column_container\"><div class=\"vc_column-inner\"><div class=\"w-slider style_none fit_contain\"><div class=\"w-slider-h\"><div class=\"royalSlider\"><div class=\"rsContent\"><a class=\"rsImg\" data-rsw=\"900\" data-rsh=\"599\" data-rsBigImg=\"https:\/\/hotelesms.com\/\/ms-chipichape\/wp-content\/uploads\/sites\/6\/2022\/09\/DSC_0300.jpg\" href=\"https:\/\/hotelesms.com\/\/ms-chipichape\/wp-content\/uploads\/sites\/6\/2022\/09\/DSC_0300.jpg\"><span data-alt=\"Habitaci\u00f3n Superior King, en Hotel MS Chipichape, en el norte de Cali\"><\/span><\/a><\/div><div class=\"rsContent\"><a class=\"rsImg\" data-rsw=\"900\" data-rsh=\"599\" data-rsBigImg=\"https:\/\/hotelesms.com\/\/ms-chipichape\/wp-content\/uploads\/sites\/6\/2022\/09\/DSC_0323.jpg\" href=\"https:\/\/hotelesms.com\/\/ms-chipichape\/wp-content\/uploads\/sites\/6\/2022\/09\/DSC_0323.jpg\"><span data-alt=\"Habitaci\u00f3n Superior Twin, en Hotel MS Chipichape, en el norte de Cali\"><\/span><\/a><\/div><div class=\"rsContent\"><a class=\"rsImg\" data-rsw=\"900\" data-rsh=\"599\" data-rsBigImg=\"https:\/\/hotelesms.com\/\/ms-chipichape\/wp-content\/uploads\/sites\/6\/2022\/09\/DSC_0308.jpg\" href=\"https:\/\/hotelesms.com\/\/ms-chipichape\/wp-content\/uploads\/sites\/6\/2022\/09\/DSC_0308.jpg\"><span data-alt=\"Habitaciones, en Hotel MS Chipichape, en el norte de Cali\"><\/span><\/a><\/div><div class=\"rsContent\"><a class=\"rsImg\" data-rsw=\"900\" data-rsh=\"599\" data-rsBigImg=\"https:\/\/hotelesms.com\/\/ms-chipichape\/wp-content\/uploads\/sites\/6\/2022\/09\/DSC_9639.jpg\" href=\"https:\/\/hotelesms.com\/\/ms-chipichape\/wp-content\/uploads\/sites\/6\/2022\/09\/DSC_9639.jpg\"><span data-alt=\"Habitaci\u00f3n Superior Doble, en Hotel MS Chipichape, en el norte de Cali\"><\/span><\/a><\/div><\/div><img decoding=\"async\" src=\"https:\/\/hotelesms.com\/\/ms-chipichape\/wp-content\/uploads\/sites\/6\/2022\/09\/DSC_0300.jpg\" width=\"900\" height=\"599\" alt=\"Habitaci\u00f3n Superior King, en Hotel MS Chipichape, en el norte de Cali\" loading=\"lazy\"><\/div><div class=\"w-slider-json\" onclick='return {&quot;loop&quot;:true,&quot;fadeInLoadedSlide&quot;:false,&quot;slidesSpacing&quot;:0,&quot;imageScalePadding&quot;:0,&quot;numImagesToPreload&quot;:2,&quot;arrowsNav&quot;:true,&quot;arrowsNavAutoHide&quot;:true,&quot;transitionType&quot;:&quot;move&quot;,&quot;transitionSpeed&quot;:250,&quot;block&quot;:{&quot;moveEffect&quot;:&quot;none&quot;,&quot;speed&quot;:300},&quot;controlNavigation&quot;:&quot;none&quot;,&quot;autoplay&quot;:{&quot;enabled&quot;:true,&quot;pauseOnHover&quot;:true,&quot;delay&quot;:3000},&quot;fullscreen&quot;:{&quot;enabled&quot;:true},&quot;imageScaleMode&quot;:&quot;fit&quot;,&quot;autoScaleSlider&quot;:true,&quot;autoScaleSliderWidth&quot;:900,&quot;autoScaleSliderHeight&quot;:599,&quot;fitInViewport&quot;:false}'><\/div><\/div><div class=\"w-btn-wrapper align_center\"><a class=\"w-btn us-btn-style_21 us_custom_6f9c3709\" title=\"Habitaciones\" href=\"\/ms-chipichape\/habitaciones-en-ms-chipichape\/\"><span class=\"w-btn-label\">VER HABITACIONES<\/span><\/a><\/div><\/div><\/div><div class=\"wpb_column vc_column_container\"><div class=\"vc_column-inner\"><div class=\"w-slider style_none fit_contain\"><div class=\"w-slider-h\"><div class=\"royalSlider\"><div class=\"rsContent\"><a class=\"rsImg\" data-rsw=\"1500\" data-rsh=\"1000\" data-rsBigImg=\"https:\/\/hotelesms.com\/\/ms-chipichape\/wp-content\/uploads\/sites\/6\/2025\/03\/URV9052_M-OK.jpg\" href=\"https:\/\/hotelesms.com\/\/ms-chipichape\/wp-content\/uploads\/sites\/6\/2025\/03\/URV9052_M-OK.jpg\"><span data-alt=\"\"><\/span><\/a><\/div><div class=\"rsContent\"><a class=\"rsImg\" data-rsw=\"1500\" data-rsh=\"1000\" data-rsBigImg=\"https:\/\/hotelesms.com\/\/ms-chipichape\/wp-content\/uploads\/sites\/6\/2025\/03\/URV9045_J-OK.jpg\" href=\"https:\/\/hotelesms.com\/\/ms-chipichape\/wp-content\/uploads\/sites\/6\/2025\/03\/URV9045_J-OK.jpg\"><span data-alt=\"\"><\/span><\/a><\/div><\/div><img decoding=\"async\" src=\"https:\/\/hotelesms.com\/\/ms-chipichape\/wp-content\/uploads\/sites\/6\/2025\/03\/URV9052_M-OK.jpg\" width=\"1500\" height=\"1000\" alt loading=\"lazy\"><\/div><div class=\"w-slider-json\" onclick='return {&quot;loop&quot;:true,&quot;fadeInLoadedSlide&quot;:false,&quot;slidesSpacing&quot;:0,&quot;imageScalePadding&quot;:0,&quot;numImagesToPreload&quot;:2,&quot;arrowsNav&quot;:true,&quot;arrowsNavAutoHide&quot;:true,&quot;transitionType&quot;:&quot;move&quot;,&quot;transitionSpeed&quot;:250,&quot;block&quot;:{&quot;moveEffect&quot;:&quot;none&quot;,&quot;speed&quot;:300},&quot;controlNavigation&quot;:&quot;none&quot;,&quot;autoplay&quot;:{&quot;enabled&quot;:true,&quot;pauseOnHover&quot;:true,&quot;delay&quot;:3000},&quot;fullscreen&quot;:{&quot;enabled&quot;:true},&quot;imageScaleMode&quot;:&quot;fit&quot;,&quot;autoScaleSlider&quot;:true,&quot;autoScaleSliderWidth&quot;:1500,&quot;autoScaleSliderHeight&quot;:1000,&quot;fitInViewport&quot;:false}'><\/div><\/div><div class=\"w-btn-wrapper align_center\"><a class=\"w-btn us-btn-style_21 us_custom_6f9c3709\" title=\"Habitaciones\" href=\"\/ms-chipichape\/servicios\/salones-para-eventos\/\"><span class=\"w-btn-label\">VER SALONES<\/span><\/a><\/div><\/div><\/div><\/div><\/div><\/section><section class=\"l-section wpb_row height_small\"><div class=\"l-section-h i-cf\"><div class=\"g-cols vc_row via_grid cols_2 laptops-cols_inherit tablets-cols_inherit mobiles-cols_1 valign_top type_default stacking_default\"><div class=\"wpb_column vc_column_container\"><div class=\"vc_column-inner\"><div class=\"w-slider style_none fit_contain\"><div class=\"w-slider-h\"><div class=\"royalSlider\"><div class=\"rsContent\"><a class=\"rsImg\" data-rsw=\"900\" data-rsh=\"600\" data-rsBigImg=\"https:\/\/hotelesms.com\/\/ms-chipichape\/wp-content\/uploads\/sites\/6\/2022\/11\/Plan-Relax.jpg\" href=\"https:\/\/hotelesms.com\/\/ms-chipichape\/wp-content\/uploads\/sites\/6\/2022\/11\/Plan-Relax.jpg\"><span data-alt=\"\"><\/span><\/a><\/div><div class=\"rsContent\"><a class=\"rsImg\" data-rsw=\"900\" data-rsh=\"600\" data-rsBigImg=\"https:\/\/hotelesms.com\/\/ms-chipichape\/wp-content\/uploads\/sites\/6\/2022\/09\/Plan-Fin-de-Semana-1.jpg\" href=\"https:\/\/hotelesms.com\/\/ms-chipichape\/wp-content\/uploads\/sites\/6\/2022\/09\/Plan-Fin-de-Semana-1.jpg\"><span data-alt=\"\"><\/span><\/a><\/div><div class=\"rsContent\"><a class=\"rsImg\" data-rsw=\"900\" data-rsh=\"600\" data-rsBigImg=\"https:\/\/hotelesms.com\/\/ms-chipichape\/wp-content\/uploads\/sites\/6\/2022\/12\/Plan-romantico.jpg\" href=\"https:\/\/hotelesms.com\/\/ms-chipichape\/wp-content\/uploads\/sites\/6\/2022\/12\/Plan-romantico.jpg\"><span data-alt=\"\"><\/span><\/a><\/div><div class=\"rsContent\"><a class=\"rsImg\" data-rsw=\"900\" data-rsh=\"600\" data-rsBigImg=\"https:\/\/hotelesms.com\/\/ms-chipichape\/wp-content\/uploads\/sites\/6\/2022\/12\/Plan-pasadia.jpg\" href=\"https:\/\/hotelesms.com\/\/ms-chipichape\/wp-content\/uploads\/sites\/6\/2022\/12\/Plan-pasadia.jpg\"><span data-alt=\"\"><\/span><\/a><\/div><\/div><img decoding=\"async\" src=\"https:\/\/hotelesms.com\/\/ms-chipichape\/wp-content\/uploads\/sites\/6\/2022\/11\/Plan-Relax.jpg\" width=\"900\" height=\"600\" alt loading=\"lazy\"><\/div><div class=\"w-slider-json\" onclick='return {&quot;loop&quot;:true,&quot;fadeInLoadedSlide&quot;:false,&quot;slidesSpacing&quot;:0,&quot;imageScalePadding&quot;:0,&quot;numImagesToPreload&quot;:2,&quot;arrowsNav&quot;:true,&quot;arrowsNavAutoHide&quot;:true,&quot;transitionType&quot;:&quot;move&quot;,&quot;transitionSpeed&quot;:250,&quot;block&quot;:{&quot;moveEffect&quot;:&quot;none&quot;,&quot;speed&quot;:300},&quot;controlNavigation&quot;:&quot;none&quot;,&quot;autoplay&quot;:{&quot;enabled&quot;:true,&quot;pauseOnHover&quot;:true,&quot;delay&quot;:3000},&quot;fullscreen&quot;:{&quot;enabled&quot;:true},&quot;imageScaleMode&quot;:&quot;fit&quot;,&quot;autoScaleSlider&quot;:true,&quot;autoScaleSliderWidth&quot;:900,&quot;autoScaleSliderHeight&quot;:600,&quot;fitInViewport&quot;:false}'><\/div><\/div><div class=\"w-btn-wrapper align_center\"><a class=\"w-btn us-btn-style_21 us_custom_6f9c3709\" title=\"Habitaciones\" href=\"\/ms-chipichape\/disfruta-ofertas-y-planes\/\"><span class=\"w-btn-label\">VER PLANES<\/span><\/a><\/div><\/div><\/div><div class=\"wpb_column vc_column_container\"><div class=\"vc_column-inner\"><div class=\"w-slider style_none fit_contain\"><div class=\"w-slider-h\"><div class=\"royalSlider\"><div class=\"rsContent\"><a class=\"rsImg\" data-rsw=\"1500\" data-rsh=\"1000\" data-rsBigImg=\"https:\/\/hotelesms.com\/\/ms-chipichape\/wp-content\/uploads\/sites\/6\/2025\/03\/URV9122_M-OK.jpg\" href=\"https:\/\/hotelesms.com\/\/ms-chipichape\/wp-content\/uploads\/sites\/6\/2025\/03\/URV9122_M-OK.jpg\"><span data-alt=\"\"><\/span><\/a><\/div><\/div><img decoding=\"async\" src=\"https:\/\/hotelesms.com\/\/ms-chipichape\/wp-content\/uploads\/sites\/6\/2025\/03\/URV9122_M-OK.jpg\" width=\"1500\" height=\"1000\" alt loading=\"lazy\"><\/div><div class=\"w-slider-json\" onclick='return {&quot;loop&quot;:true,&quot;fadeInLoadedSlide&quot;:false,&quot;slidesSpacing&quot;:0,&quot;imageScalePadding&quot;:0,&quot;numImagesToPreload&quot;:2,&quot;arrowsNav&quot;:true,&quot;arrowsNavAutoHide&quot;:true,&quot;transitionType&quot;:&quot;move&quot;,&quot;transitionSpeed&quot;:250,&quot;block&quot;:{&quot;moveEffect&quot;:&quot;none&quot;,&quot;speed&quot;:300},&quot;controlNavigation&quot;:&quot;none&quot;,&quot;autoplay&quot;:{&quot;enabled&quot;:true,&quot;pauseOnHover&quot;:true,&quot;delay&quot;:3000},&quot;fullscreen&quot;:{&quot;enabled&quot;:true},&quot;imageScaleMode&quot;:&quot;fit&quot;,&quot;autoScaleSlider&quot;:true,&quot;autoScaleSliderWidth&quot;:1500,&quot;autoScaleSliderHeight&quot;:1000,&quot;fitInViewport&quot;:false}'><\/div><\/div><div class=\"w-btn-wrapper align_center\"><a class=\"w-btn us-btn-style_21 us_custom_6f9c3709\" title=\"Habitaciones\" href=\"\/ms-chipichape\/servicios\/restaurante-ms-chipichape\/\"><span class=\"w-btn-label\">VER RESTAURANTE<\/span><\/a><\/div><\/div><\/div><\/div><\/div><\/section>\n","protected":false},"excerpt":{"rendered":"Im\u00e1genes del Hotel MS Chipichape\u00bfBuscando im\u00e1genes del Hotel MS Chipichape? Con\u00f3celas en nuestra completa Galer\u00eda y descubre tu pr\u00f3ximo hotel en el norte de Cali para alojarte con toda la calidad de la Cadena MS. VER HABITACIONESVER SALONESVER PLANESVER RESTAURANTE","protected":false},"author":1,"featured_media":8946,"parent":8254,"menu_order":0,"comment_status":"closed","ping_status":"closed","template":"","meta":{"footnotes":""},"class_list":["post-8271","page","type-page","status-publish","has-post-thumbnail","hentry"],"acf":[],"yoast_head":"<!-- This site is optimized with the Yoast SEO plugin v27.4 - https:\/\/yoast.com\/product\/yoast-seo-wordpress\/ -->\n<title>Fotograf\u00edas - Hotel Ms Chipichape<\/title>\n<meta name=\"description\" content=\"Fotograf\u00edas de nuestra galer\u00eda para que descubras tu pr\u00f3ximo hotel en el norte de Cali para alojarte con toda la calidad de la Cadena M\" \/>\n<meta name=\"robots\" content=\"index, follow, max-snippet:-1, max-image-preview:large, max-video-preview:-1\" \/>\n<link rel=\"canonical\" href=\"https:\/\/hotelesms.com\/\/ms-chipichape\/servicios\/fotografias\/\" \/>\n<meta property=\"og:locale\" content=\"es_ES\" \/>\n<meta property=\"og:type\" content=\"article\" \/>\n<meta property=\"og:title\" content=\"Fotograf\u00edas - Hotel Ms Chipichape\" \/>\n<meta property=\"og:description\" content=\"Fotograf\u00edas de nuestra galer\u00eda para que descubras tu pr\u00f3ximo hotel en el norte de Cali para alojarte con toda la calidad de la Cadena M\" \/>\n<meta property=\"og:url\" content=\"https:\/\/hotelesms.com\/\/ms-chipichape\/servicios\/fotografias\/\" \/>\n<meta property=\"og:site_name\" content=\"Hotel Ms Chipichape\" \/>\n<meta property=\"article:modified_time\" content=\"2025-03-09T00:26:12+00:00\" \/>\n<meta property=\"og:image\" content=\"https:\/\/hotelesms.com\/\/ms-chipichape\/wp-content\/uploads\/sites\/6\/2022\/09\/MS-Chipichape.jpeg\" \/>\n\t<meta property=\"og:image:width\" content=\"900\" \/>\n\t<meta property=\"og:image:height\" content=\"600\" \/>\n\t<meta property=\"og:image:type\" content=\"image\/jpeg\" \/>\n<meta name=\"twitter:card\" content=\"summary_large_image\" \/>\n<meta name=\"twitter:label1\" content=\"Tiempo de lectura\" \/>\n\t<meta name=\"twitter:data1\" content=\"1 minuto\" \/>\n<script type=\"application\/ld+json\" class=\"yoast-schema-graph\">{\"@context\":\"https:\\\/\\\/schema.org\",\"@graph\":[{\"@type\":\"WebPage\",\"@id\":\"https:\\\/\\\/hotelesms.com\\\/\\\/ms-chipichape\\\/servicios\\\/fotografias\\\/\",\"url\":\"https:\\\/\\\/hotelesms.com\\\/\\\/ms-chipichape\\\/servicios\\\/fotografias\\\/\",\"name\":\"Fotograf\u00edas - Hotel Ms Chipichape\",\"isPartOf\":{\"@id\":\"https:\\\/\\\/hotelesms.com\\\/\\\/ms-chipichape\\\/#website\"},\"primaryImageOfPage\":{\"@id\":\"https:\\\/\\\/hotelesms.com\\\/\\\/ms-chipichape\\\/servicios\\\/fotografias\\\/#primaryimage\"},\"image\":{\"@id\":\"https:\\\/\\\/hotelesms.com\\\/\\\/ms-chipichape\\\/servicios\\\/fotografias\\\/#primaryimage\"},\"thumbnailUrl\":\"https:\\\/\\\/hotelesms.com\\\/\\\/ms-chipichape\\\/wp-content\\\/uploads\\\/sites\\\/6\\\/2022\\\/09\\\/MS-Chipichape.jpeg\",\"datePublished\":\"2022-08-19T23:40:54+00:00\",\"dateModified\":\"2025-03-09T00:26:12+00:00\",\"description\":\"Fotograf\u00edas de nuestra galer\u00eda para que descubras tu pr\u00f3ximo hotel en el norte de Cali para alojarte con toda la calidad de la Cadena M\",\"breadcrumb\":{\"@id\":\"https:\\\/\\\/hotelesms.com\\\/\\\/ms-chipichape\\\/servicios\\\/fotografias\\\/#breadcrumb\"},\"inLanguage\":\"es\",\"potentialAction\":[{\"@type\":\"ReadAction\",\"target\":[\"https:\\\/\\\/hotelesms.com\\\/\\\/ms-chipichape\\\/servicios\\\/fotografias\\\/\"]}]},{\"@type\":\"ImageObject\",\"inLanguage\":\"es\",\"@id\":\"https:\\\/\\\/hotelesms.com\\\/\\\/ms-chipichape\\\/servicios\\\/fotografias\\\/#primaryimage\",\"url\":\"https:\\\/\\\/hotelesms.com\\\/\\\/ms-chipichape\\\/wp-content\\\/uploads\\\/sites\\\/6\\\/2022\\\/09\\\/MS-Chipichape.jpeg\",\"contentUrl\":\"https:\\\/\\\/hotelesms.com\\\/\\\/ms-chipichape\\\/wp-content\\\/uploads\\\/sites\\\/6\\\/2022\\\/09\\\/MS-Chipichape.jpeg\",\"width\":900,\"height\":600,\"caption\":\"Fotograf\u00edas del Hotel MS Chipichape, hotel en el norte de Cali\"},{\"@type\":\"BreadcrumbList\",\"@id\":\"https:\\\/\\\/hotelesms.com\\\/\\\/ms-chipichape\\\/servicios\\\/fotografias\\\/#breadcrumb\",\"itemListElement\":[{\"@type\":\"ListItem\",\"position\":1,\"name\":\"Portada\",\"item\":\"https:\\\/\\\/hotelesms.com\\\/\\\/ms-chipichape\\\/\"},{\"@type\":\"ListItem\",\"position\":2,\"name\":\"Servicios\",\"item\":\"https:\\\/\\\/hotelesms.com\\\/\\\/ms-chipichape\\\/servicios\\\/\"},{\"@type\":\"ListItem\",\"position\":3,\"name\":\"Fotograf\u00edas\"}]},{\"@type\":\"WebSite\",\"@id\":\"https:\\\/\\\/hotelesms.com\\\/\\\/ms-chipichape\\\/#website\",\"url\":\"https:\\\/\\\/hotelesms.com\\\/\\\/ms-chipichape\\\/\",\"name\":\"Hotel Ms Chipichape\",\"description\":\"Cadena hotelera colombiana de est\u00e1ndares internacionales\",\"publisher\":{\"@id\":\"https:\\\/\\\/hotelesms.com\\\/\\\/ms-chipichape\\\/#organization\"},\"potentialAction\":[{\"@type\":\"SearchAction\",\"target\":{\"@type\":\"EntryPoint\",\"urlTemplate\":\"https:\\\/\\\/hotelesms.com\\\/\\\/ms-chipichape\\\/?s={search_term_string}\"},\"query-input\":{\"@type\":\"PropertyValueSpecification\",\"valueRequired\":true,\"valueName\":\"search_term_string\"}}],\"inLanguage\":\"es\"},{\"@type\":\"Organization\",\"@id\":\"https:\\\/\\\/hotelesms.com\\\/\\\/ms-chipichape\\\/#organization\",\"name\":\"Hotel MS Chipichape\",\"url\":\"https:\\\/\\\/hotelesms.com\\\/\\\/ms-chipichape\\\/\",\"logo\":{\"@type\":\"ImageObject\",\"inLanguage\":\"es\",\"@id\":\"https:\\\/\\\/hotelesms.com\\\/\\\/ms-chipichape\\\/#\\\/schema\\\/logo\\\/image\\\/\",\"url\":\"https:\\\/\\\/hotelesms.com\\\/\\\/ms-chipichape\\\/wp-content\\\/uploads\\\/sites\\\/6\\\/2022\\\/09\\\/Logo-vertical.png\",\"contentUrl\":\"https:\\\/\\\/hotelesms.com\\\/\\\/ms-chipichape\\\/wp-content\\\/uploads\\\/sites\\\/6\\\/2022\\\/09\\\/Logo-vertical.png\",\"width\":160,\"height\":160,\"caption\":\"Hotel MS Chipichape\"},\"image\":{\"@id\":\"https:\\\/\\\/hotelesms.com\\\/\\\/ms-chipichape\\\/#\\\/schema\\\/logo\\\/image\\\/\"}}]}<\/script>\n<!-- \/ Yoast SEO plugin. -->","yoast_head_json":{"title":"Fotograf\u00edas - Hotel Ms Chipichape","description":"Fotograf\u00edas de nuestra galer\u00eda para que descubras tu pr\u00f3ximo hotel en el norte de Cali para alojarte con toda la calidad de la Cadena M","robots":{"index":"index","follow":"follow","max-snippet":"max-snippet:-1","max-image-preview":"max-image-preview:large","max-video-preview":"max-video-preview:-1"},"canonical":"https:\/\/hotelesms.com\/\/ms-chipichape\/servicios\/fotografias\/","og_locale":"es_ES","og_type":"article","og_title":"Fotograf\u00edas - Hotel Ms Chipichape","og_description":"Fotograf\u00edas de nuestra galer\u00eda para que descubras tu pr\u00f3ximo hotel en el norte de Cali para alojarte con toda la calidad de la Cadena M","og_url":"https:\/\/hotelesms.com\/\/ms-chipichape\/servicios\/fotografias\/","og_site_name":"Hotel Ms Chipichape","article_modified_time":"2025-03-09T00:26:12+00:00","og_image":[{"width":900,"height":600,"url":"https:\/\/hotelesms.com\/\/ms-chipichape\/wp-content\/uploads\/sites\/6\/2022\/09\/MS-Chipichape.jpeg","type":"image\/jpeg"}],"twitter_card":"summary_large_image","twitter_misc":{"Tiempo de lectura":"1 minuto"},"schema":{"@context":"https:\/\/schema.org","@graph":[{"@type":"WebPage","@id":"https:\/\/hotelesms.com\/\/ms-chipichape\/servicios\/fotografias\/","url":"https:\/\/hotelesms.com\/\/ms-chipichape\/servicios\/fotografias\/","name":"Fotograf\u00edas - Hotel Ms Chipichape","isPartOf":{"@id":"https:\/\/hotelesms.com\/\/ms-chipichape\/#website"},"primaryImageOfPage":{"@id":"https:\/\/hotelesms.com\/\/ms-chipichape\/servicios\/fotografias\/#primaryimage"},"image":{"@id":"https:\/\/hotelesms.com\/\/ms-chipichape\/servicios\/fotografias\/#primaryimage"},"thumbnailUrl":"https:\/\/hotelesms.com\/\/ms-chipichape\/wp-content\/uploads\/sites\/6\/2022\/09\/MS-Chipichape.jpeg","datePublished":"2022-08-19T23:40:54+00:00","dateModified":"2025-03-09T00:26:12+00:00","description":"Fotograf\u00edas de nuestra galer\u00eda para que descubras tu pr\u00f3ximo hotel en el norte de Cali para alojarte con toda la calidad de la Cadena M","breadcrumb":{"@id":"https:\/\/hotelesms.com\/\/ms-chipichape\/servicios\/fotografias\/#breadcrumb"},"inLanguage":"es","potentialAction":[{"@type":"ReadAction","target":["https:\/\/hotelesms.com\/\/ms-chipichape\/servicios\/fotografias\/"]}]},{"@type":"ImageObject","inLanguage":"es","@id":"https:\/\/hotelesms.com\/\/ms-chipichape\/servicios\/fotografias\/#primaryimage","url":"https:\/\/hotelesms.com\/\/ms-chipichape\/wp-content\/uploads\/sites\/6\/2022\/09\/MS-Chipichape.jpeg","contentUrl":"https:\/\/hotelesms.com\/\/ms-chipichape\/wp-content\/uploads\/sites\/6\/2022\/09\/MS-Chipichape.jpeg","width":900,"height":600,"caption":"Fotograf\u00edas del Hotel MS Chipichape, hotel en el norte de Cali"},{"@type":"BreadcrumbList","@id":"https:\/\/hotelesms.com\/\/ms-chipichape\/servicios\/fotografias\/#breadcrumb","itemListElement":[{"@type":"ListItem","position":1,"name":"Portada","item":"https:\/\/hotelesms.com\/\/ms-chipichape\/"},{"@type":"ListItem","position":2,"name":"Servicios","item":"https:\/\/hotelesms.com\/\/ms-chipichape\/servicios\/"},{"@type":"ListItem","position":3,"name":"Fotograf\u00edas"}]},{"@type":"WebSite","@id":"https:\/\/hotelesms.com\/\/ms-chipichape\/#website","url":"https:\/\/hotelesms.com\/\/ms-chipichape\/","name":"Hotel Ms Chipichape","description":"Cadena hotelera colombiana de est\u00e1ndares internacionales","publisher":{"@id":"https:\/\/hotelesms.com\/\/ms-chipichape\/#organization"},"potentialAction":[{"@type":"SearchAction","target":{"@type":"EntryPoint","urlTemplate":"https:\/\/hotelesms.com\/\/ms-chipichape\/?s={search_term_string}"},"query-input":{"@type":"PropertyValueSpecification","valueRequired":true,"valueName":"search_term_string"}}],"inLanguage":"es"},{"@type":"Organization","@id":"https:\/\/hotelesms.com\/\/ms-chipichape\/#organization","name":"Hotel MS Chipichape","url":"https:\/\/hotelesms.com\/\/ms-chipichape\/","logo":{"@type":"ImageObject","inLanguage":"es","@id":"https:\/\/hotelesms.com\/\/ms-chipichape\/#\/schema\/logo\/image\/","url":"https:\/\/hotelesms.com\/\/ms-chipichape\/wp-content\/uploads\/sites\/6\/2022\/09\/Logo-vertical.png","contentUrl":"https:\/\/hotelesms.com\/\/ms-chipichape\/wp-content\/uploads\/sites\/6\/2022\/09\/Logo-vertical.png","width":160,"height":160,"caption":"Hotel MS Chipichape"},"image":{"@id":"https:\/\/hotelesms.com\/\/ms-chipichape\/#\/schema\/logo\/image\/"}}]}},"_links":{"self":[{"href":"https:\/\/hotelesms.com\/\/ms-chipichape\/wp-json\/wp\/v2\/pages\/8271","targetHints":{"allow":["GET"]}}],"collection":[{"href":"https:\/\/hotelesms.com\/\/ms-chipichape\/wp-json\/wp\/v2\/pages"}],"about":[{"href":"https:\/\/hotelesms.com\/\/ms-chipichape\/wp-json\/wp\/v2\/types\/page"}],"author":[{"embeddable":true,"href":"https:\/\/hotelesms.com\/\/ms-chipichape\/wp-json\/wp\/v2\/users\/1"}],"replies":[{"embeddable":true,"href":"https:\/\/hotelesms.com\/\/ms-chipichape\/wp-json\/wp\/v2\/comments?post=8271"}],"version-history":[{"count":17,"href":"https:\/\/hotelesms.com\/\/ms-chipichape\/wp-json\/wp\/v2\/pages\/8271\/revisions"}],"predecessor-version":[{"id":9227,"href":"https:\/\/hotelesms.com\/\/ms-chipichape\/wp-json\/wp\/v2\/pages\/8271\/revisions\/9227"}],"up":[{"embeddable":true,"href":"https:\/\/hotelesms.com\/\/ms-chipichape\/wp-json\/wp\/v2\/pages\/8254"}],"wp:featuredmedia":[{"embeddable":true,"href":"https:\/\/hotelesms.com\/\/ms-chipichape\/wp-json\/wp\/v2\/media\/8946"}],"wp:attachment":[{"href":"https:\/\/hotelesms.com\/\/ms-chipichape\/wp-json\/wp\/v2\/media?parent=8271"}],"curies":[{"name":"wp","href":"https:\/\/api.w.org\/{rel}","templated":true}]}}