{"id":8242,"date":"2022-08-19T23:11:10","date_gmt":"2022-08-19T23:11:10","guid":{"rendered":"https:\/\/hotelesms.com\/tru-by-hilton\/?page_id=8242"},"modified":"2026-01-09T21:09:03","modified_gmt":"2026-01-09T21:09:03","slug":"conoce-nuestro-hotel","status":"publish","type":"page","link":"https:\/\/hotelesms.com\/tru-by-hilton\/conoce-nuestro-hotel\/","title":{"rendered":"Conozca el Hotel"},"content":{"rendered":"<section class=\"l-section wpb_row height_custom\"><div class=\"l-section-overlay\" style=\"background:#f5f5f5\"><\/div><div class=\"l-section-h i-cf\"><div class=\"g-cols vc_row via_grid cols_1 laptops-cols_inherit tablets-cols_inherit mobiles-cols_1 valign_top type_default stacking_default\"><div class=\"wpb_column vc_column_container\"><div class=\"vc_column-inner\"><div class=\"w-iconbox us_custom_95ebd667 has_text_color iconpos_top style_default color_custom align_center no_text\"><div class=\"w-iconbox-icon\" style=\"font-size:40px;color:#333333;\"><i class=\"fal fa-home\"><\/i><\/div><div class=\"w-iconbox-meta\"><h3 class=\"w-iconbox-title\">Conoce nuestro Hotel<\/h3><\/div><\/div><\/div><\/div><\/div><\/div><\/section><section class=\"l-section wpb_row height_small\"><div class=\"l-section-h i-cf\"><div class=\"g-cols vc_row via_grid cols_1-4-1 laptops-cols_inherit tablets-cols_inherit mobiles-cols_1 valign_top type_default stacking_default\"><div class=\"wpb_column vc_column_container\"><div class=\"vc_column-inner\"><div class=\"w-separator size_medium\"><\/div><\/div><\/div><div class=\"wpb_column vc_column_container\"><div class=\"vc_column-inner\"><div class=\"wpb_text_column\"><div class=\"wpb_wrapper\"><p style=\"text-align: center;\">Conoce nuestro Hotel Tru Hilton tenemos las habitaciones, el restaurante, los servicios y el personal id\u00f3neo para el mejor descanso.<\/p>\n<\/div><\/div><\/div><\/div><div class=\"wpb_column vc_column_container\"><div class=\"vc_column-inner\"><\/div><\/div><\/div><\/div><\/section><section class=\"l-section wpb_row height_custom\"><div class=\"l-section-overlay\" style=\"background:#f5f5f5\"><\/div><div class=\"l-section-h i-cf\"><div class=\"g-cols vc_row via_grid cols_1 laptops-cols_inherit tablets-cols_inherit mobiles-cols_1 valign_top type_default stacking_default\"><div class=\"wpb_column vc_column_container\"><div class=\"vc_column-inner\"><div class=\"w-iconbox iconpos_top style_default color_custom align_center\"><div class=\"w-iconbox-icon\" style=\"font-size:30px;color:#333333;\"><i class=\"fal fa-bed\"><\/i><\/div><div class=\"w-iconbox-meta\"><h6 class=\"w-iconbox-title\">Nuestras Habitaciones<\/h6><div class=\"w-iconbox-text\"><p><a href=\"https:\/\/hotelesms.com\/tru-by-hilton\/habitaciones-en-hotel-hilton-garden-inn\/\">Espacios amplios<\/a>, de comodidad plena y pensados en tu descanso.<\/p>\n<\/div><\/div><\/div><div class=\"w-separator size_medium\"><\/div><div class=\"w-grid type_carousel layout_portfolio_2 cols_2 ratio_16x9\" id=\"us_grid_1\"><style>#us_grid_1 .w-grid-item{padding:0.1rem}#us_grid_1 .w-grid-list{margin:-0.1rem}.w-grid + #us_grid_1 .w-grid-list,.w-grid-none + #us_grid_1 .w-grid-list{margin-top:0.1rem}#us_grid_1 .w-grid-item-h:before{padding-bottom:56.25%}.layout_portfolio_2 .w-grid-item-h:before{padding-bottom:100%}.layout_portfolio_2 .w-grid-item-h{background:#333}.layout_portfolio_2 .usg_post_image_1{transition-duration:0.35s;transform-origin:50% 50%;transform:scale(1) translate(0,0)}.layout_portfolio_2 .w-grid-item-h:hover .usg_post_image_1{transform:scale(1.1) translate(0,0);opacity:0.1}.layout_portfolio_2 .usg_post_image_1{position:absolute!important;top:0!important;right:0!important;bottom:0!important;left:0!important}.layout_portfolio_2 .usg_vwrapper_1{position:absolute!important;right:0!important;bottom:0!important;left:0!important;background:linear-gradient(transparent,rgba(30,30,30,0.8))!important;padding:4rem 2rem 1.5rem 2rem!important}.layout_portfolio_2 .usg_post_title_1{color:#fff!important;font-size:1.2rem!important}.layout_portfolio_2 .usg_post_taxonomy_1{color:#fff!important;font-size:0.9rem!important}<\/style><div class=\"w-grid-list owl-carousel navstyle_circle navpos_outside first_at_center\">\t<article class=\"w-grid-item post-8250 page type-page status-publish has-post-thumbnail hentry\" data-id=\"8250\">\r\n\t\t<div class=\"w-grid-item-h\">\r\n\t\t\t\t\t\t\t<a class=\"w-grid-item-anchor\" href=\"https:\/\/hotelesms.com\/tru-by-hilton\/wp-content\/uploads\/sites\/11\/2025\/02\/cloud-11-.jpg\" ref=\"magnificPopupGrid\" title=\"Habitaci\u00f3n Twin\"><\/a>\r\n\t\t\t\t\t\t<div class=\"w-post-elm post_image usg_post_image_1 stretched\"><img decoding=\"async\" width=\"528\" height=\"316\" src=\"https:\/\/hotelesms.com\/tru-by-hilton\/wp-content\/uploads\/sites\/11\/2025\/02\/cloud-11-.jpg\" class=\"attachment-large size-large wp-post-image\" alt=\"\" srcset=\"https:\/\/hotelesms.com\/tru-by-hilton\/wp-content\/uploads\/sites\/11\/2025\/02\/cloud-11-.jpg 528w, https:\/\/hotelesms.com\/tru-by-hilton\/wp-content\/uploads\/sites\/11\/2025\/02\/cloud-11--300x180.jpg 300w\" sizes=\"(max-width: 528px) 100vw, 528px\" \/><\/div><div class=\"w-vwrapper usg_vwrapper_1 align_none valign_top\"><h2 class=\"w-post-elm post_title usg_post_title_1 entry-title color_link_inherit\">Habitaci\u00f3n Twin<\/h2><\/div>\t\t<\/div>\r\n\t<\/article>\r\n\t<article class=\"w-grid-item post-8248 page type-page status-publish has-post-thumbnail hentry\" data-id=\"8248\">\r\n\t\t<div class=\"w-grid-item-h\">\r\n\t\t\t\t\t\t\t<a class=\"w-grid-item-anchor\" href=\"https:\/\/hotelesms.com\/tru-by-hilton\/wp-content\/uploads\/sites\/11\/2025\/02\/KI3A0213-1.jpg\" ref=\"magnificPopupGrid\" title=\"Habitaci\u00f3n Queen\"><\/a>\r\n\t\t\t\t\t\t<div class=\"w-post-elm post_image usg_post_image_1 stretched\"><img decoding=\"async\" width=\"1024\" height=\"682\" src=\"https:\/\/hotelesms.com\/tru-by-hilton\/wp-content\/uploads\/sites\/11\/2025\/02\/KI3A0213-1-1024x682.jpg\" class=\"attachment-large size-large wp-post-image\" alt=\"\" srcset=\"https:\/\/hotelesms.com\/tru-by-hilton\/wp-content\/uploads\/sites\/11\/2025\/02\/KI3A0213-1-1024x682.jpg 1024w, https:\/\/hotelesms.com\/tru-by-hilton\/wp-content\/uploads\/sites\/11\/2025\/02\/KI3A0213-1-300x200.jpg 300w, https:\/\/hotelesms.com\/tru-by-hilton\/wp-content\/uploads\/sites\/11\/2025\/02\/KI3A0213-1.jpg 1355w\" sizes=\"(max-width: 1024px) 100vw, 1024px\" \/><\/div><div class=\"w-vwrapper usg_vwrapper_1 align_none valign_top\"><h2 class=\"w-post-elm post_title usg_post_title_1 entry-title color_link_inherit\">Habitaci\u00f3n Queen<\/h2><\/div>\t\t<\/div>\r\n\t<\/article>\r\n\t<article class=\"w-grid-item post-8246 page type-page status-publish has-post-thumbnail hentry\" data-id=\"8246\">\r\n\t\t<div class=\"w-grid-item-h\">\r\n\t\t\t\t\t\t\t<a class=\"w-grid-item-anchor\" href=\"https:\/\/hotelesms.com\/tru-by-hilton\/wp-content\/uploads\/sites\/11\/2025\/02\/KI3A0393-3.jpg\" ref=\"magnificPopupGrid\" title=\"Habitaci\u00f3n King\"><\/a>\r\n\t\t\t\t\t\t<div class=\"w-post-elm post_image usg_post_image_1 stretched\"><img decoding=\"async\" width=\"1024\" height=\"683\" src=\"https:\/\/hotelesms.com\/tru-by-hilton\/wp-content\/uploads\/sites\/11\/2025\/02\/KI3A0393-3-1024x683.jpg\" class=\"attachment-large size-large wp-post-image\" alt=\"\" srcset=\"https:\/\/hotelesms.com\/tru-by-hilton\/wp-content\/uploads\/sites\/11\/2025\/02\/KI3A0393-3-1024x683.jpg 1024w, https:\/\/hotelesms.com\/tru-by-hilton\/wp-content\/uploads\/sites\/11\/2025\/02\/KI3A0393-3-300x200.jpg 300w, https:\/\/hotelesms.com\/tru-by-hilton\/wp-content\/uploads\/sites\/11\/2025\/02\/KI3A0393-3.jpg 1326w\" sizes=\"(max-width: 1024px) 100vw, 1024px\" \/><\/div><div class=\"w-vwrapper usg_vwrapper_1 align_none valign_top\"><h2 class=\"w-post-elm post_title usg_post_title_1 entry-title color_link_inherit\">Habitaci\u00f3n King<\/h2><\/div>\t\t<\/div>\r\n\t<\/article>\r\n<\/div><div class=\"g-preloader type_1\">\r\n\t<div><\/div>\r\n<\/div>\r\n\t<div class=\"w-grid-json hidden\" onclick='return {&quot;action&quot;:&quot;us_ajax_grid&quot;,&quot;ajax_url&quot;:&quot;https:\\\/\\\/hotelesms.com\\\/tru-by-hilton\\\/wp-admin\\\/admin-ajax.php&quot;,&quot;infinite_scroll&quot;:0,&quot;max_num_pages&quot;:1,&quot;pagination&quot;:&quot;none&quot;,&quot;permalink_url&quot;:&quot;https:\\\/\\\/hotelesms.com\\\/tru-by-hilton\\\/wp-json\\\/wp\\\/v2\\\/pages\\\/8242&quot;,&quot;template_vars&quot;:{&quot;columns&quot;:&quot;2&quot;,&quot;exclude_items&quot;:&quot;none&quot;,&quot;img_size&quot;:&quot;default&quot;,&quot;ignore_items_size&quot;:false,&quot;items_layout&quot;:&quot;portfolio_2&quot;,&quot;items_offset&quot;:&quot;1&quot;,&quot;load_animation&quot;:&quot;none&quot;,&quot;overriding_link&quot;:&quot;popup_post_image&quot;,&quot;post_id&quot;:8242,&quot;query_args&quot;:{&quot;ignore_sticky_posts&quot;:1,&quot;post_type&quot;:&quot;any&quot;,&quot;post__in&quot;:[&quot;8246&quot;,&quot;8248&quot;,&quot;8250&quot;],&quot;posts_per_page&quot;:&quot;3&quot;},&quot;orderby_query_args&quot;:{&quot;orderby&quot;:{&quot;date&quot;:&quot;DESC&quot;}},&quot;type&quot;:&quot;carousel&quot;,&quot;us_grid_ajax_index&quot;:1,&quot;us_grid_filter_params&quot;:null,&quot;us_grid_index&quot;:1,&quot;_us_grid_post_type&quot;:&quot;ids&quot;},&quot;carousel_settings&quot;:{&quot;autoHeight&quot;:0,&quot;autoplay&quot;:1,&quot;carousel_fade&quot;:0,&quot;center&quot;:1,&quot;dots&quot;:0,&quot;items&quot;:&quot;2&quot;,&quot;loop&quot;:true,&quot;nav&quot;:0,&quot;slideby&quot;:&quot;1&quot;,&quot;smooth_play&quot;:0,&quot;speed&quot;:250,&quot;timeout&quot;:3000,&quot;transition&quot;:&quot;&quot;},&quot;carousel_breakpoints&quot;:{&quot;0&quot;:{&quot;autoHeight&quot;:0,&quot;autoplay&quot;:1,&quot;autoplayHoverPause&quot;:1,&quot;items&quot;:1,&quot;loop&quot;:true,&quot;stagePadding&quot;:0},&quot;600&quot;:{&quot;autoHeight&quot;:0,&quot;autoplay&quot;:1,&quot;autoplayHoverPause&quot;:1,&quot;items&quot;:2,&quot;loop&quot;:true,&quot;stagePadding&quot;:0},&quot;900&quot;:{&quot;autoHeight&quot;:0,&quot;autoplay&quot;:1,&quot;autoplayHoverPause&quot;:1,&quot;items&quot;:&quot;2&quot;,&quot;loop&quot;:true,&quot;stagePadding&quot;:0},&quot;1200&quot;:{&quot;items&quot;:2,&quot;stagePadding&quot;:0}}}'><\/div>\r\n\t<\/div><\/div><\/div><\/div><\/div><\/section><section class=\"l-section wpb_row height_auto width_full\"><div class=\"l-section-overlay\" style=\"background:#999999\"><\/div><div class=\"l-section-h i-cf\"><div class=\"g-cols vc_row via_grid cols_2-1 laptops-cols_inherit tablets-cols_inherit mobiles-cols_1 valign_top type_default stacking_default\"><div class=\"wpb_column vc_column_container\"><div class=\"vc_column-inner\"><div class=\"w-html\"><iframe src=\"https:\/\/www.google.com\/maps\/d\/embed?mid=1zrHqUCnEXLKDdbcYCsLif6hYqzuPxtg&ehbc=2E312F\" width=\"100%\" height=\"480\"><\/iframe><\/div><\/div><\/div><div class=\"wpb_column vc_column_container us_custom_532f8d58 has_text_color\"><div class=\"vc_column-inner\"><div class=\"w-separator size_medium\"><\/div><div class=\"wpb_text_column\"><div class=\"wpb_wrapper\"><h3 style=\"text-align: left;\">Nuestra <a href=\"\/hotel-hilton-garden-inn\/ubicacion\/\">ubicaci\u00f3n<\/a><\/h3>\n<\/div><\/div><div class=\"w-separator size_small\"><\/div><div class=\"uavc-list-icon uavc-list-icon-wrapper ult-adjust-bottom-margin   \"><ul class=\"uavc-list\"><li><div class=\"uavc-list-content\" id=\"list-icon-wrap-5202\">\n<div class=\"uavc-list-icon  \" data-animation=\"\" data-animation-delay=\"03\" style=\"margin-right:10px;\"><div class=\"ult-just-icon-wrapper  \"><div class=\"align-icon\" style=\"text-align:center;\">\n<div class=\"aio-icon none \"  style=\"color:#ffffff;font-size:28px;display:inline-block;\">\n\t<i class=\"Defaults-map-marker\"><\/i>\n<\/div><\/div><\/div>\n<\/div><span  data-ultimate-target='#list-icon-wrap-5202 .uavc-list-desc'  data-responsive-json-new='{\"font-size\":\"\",\"line-height\":\"\"}'  class=\"uavc-list-desc ult-responsive\" style=\"\"><span class=\"w8qArf FoJoyf\">\u00a0<\/span><span class=\"LrzXr\">Av Panamericana con Carrera 109, Cali, Valle del Cauca<\/span><\/span><\/div><\/li><li><div class=\"uavc-list-content\" id=\"list-icon-wrap-6443\">\n<div class=\"uavc-list-icon  \" data-animation=\"\" data-animation-delay=\"03\" style=\"margin-right:10px;\"><div class=\"ult-just-icon-wrapper  \"><div class=\"align-icon\" style=\"text-align:center;\">\n<div class=\"aio-icon none \"  style=\"color:#ffffff;font-size:28px;display:inline-block;\">\n\t<i class=\"Defaults-envelope-o\"><\/i>\n<\/div><\/div><\/div>\n<\/div><span  data-ultimate-target='#list-icon-wrap-6443 .uavc-list-desc'  data-responsive-json-new='{\"font-size\":\"\",\"line-height\":\"\"}'  class=\"uavc-list-desc ult-responsive\" style=\"\">reservas@trubyhiltoncali.com<\/span><\/div><\/li><li><div class=\"uavc-list-content\" id=\"list-icon-wrap-4114\">\n<div class=\"uavc-list-icon  \" data-animation=\"\" data-animation-delay=\"03\" style=\"margin-right:10px;\"><div class=\"ult-just-icon-wrapper  \"><div class=\"align-icon\" style=\"text-align:center;\">\n<div class=\"aio-icon none \"  style=\"color:#ffffff;font-size:28px;display:inline-block;\">\n\t<i class=\"Defaults-phone-square\"><\/i>\n<\/div><\/div><\/div>\n<\/div><span  data-ultimate-target='#list-icon-wrap-4114 .uavc-list-desc'  data-responsive-json-new='{\"font-size\":\"\",\"line-height\":\"\"}'  class=\"uavc-list-desc ult-responsive\" style=\"\"><a href=\"tel:6024854444\">602 485 44 44<\/a><\/span><\/div><\/li><\/ul><\/div><div class=\"w-separator size_small\"><\/div><div class=\"w-btn-wrapper align_none\"><a class=\"w-btn us-btn-style_11 us_custom_6f9c3709\" href=\"\/hotel-hilton-garden-inn\/ubicacion\/\"><span class=\"w-btn-label\">VER M\u00c1S<\/span><\/a><\/div><\/div><\/div><\/div><\/div><\/section>\n","protected":false},"excerpt":{"rendered":"Habitaci\u00f3n King Disfruta de una estancia c\u00f3moda en nuestra Habitaci\u00f3n King, equipada con una amplia cama King Size que garantiza un descanso reparador. Esta habitaci\u00f3n moderna y funcional es ideal para viajeros que buscan comodidad y estilo en Cali. ComodidadesDotaci\u00f3nPol\u00edticasServiciosHorariosComodidades Aire Acondicionado Agua fr\u00eda y caliente Amenities Toallas Secador de cabello Refrigerador peque\u00f1o Dotaci\u00f3n Cama...","protected":false},"author":1,"featured_media":9572,"parent":0,"menu_order":0,"comment_status":"closed","ping_status":"closed","template":"","meta":{"footnotes":""},"class_list":["post-8242","page","type-page","status-publish","has-post-thumbnail","hentry"],"acf":[],"yoast_head":"<!-- This site is optimized with the Yoast SEO plugin v27.4 - https:\/\/yoast.com\/product\/yoast-seo-wordpress\/ -->\n<title>Conoce nuestro Hotel - Tru by Hilton - Cali<\/title>\n<meta name=\"description\" content=\"Conoce nuestro Hotel Tru by Hilton, pensado para vivir grandes experiencias de comodidad, trabajo remoto y descanso.\" \/>\n<meta name=\"robots\" content=\"index, follow, max-snippet:-1, max-image-preview:large, max-video-preview:-1\" \/>\n<link rel=\"canonical\" href=\"https:\/\/hotelesms.com\/tru-by-hilton\/conoce-nuestro-hotel\/\" \/>\n<meta property=\"og:locale\" content=\"es_ES\" \/>\n<meta property=\"og:type\" content=\"article\" \/>\n<meta property=\"og:title\" content=\"Conoce nuestro Hotel - Tru by Hilton - Cali\" \/>\n<meta property=\"og:description\" content=\"Conoce nuestro Hotel Tru by Hilton, pensado para vivir grandes experiencias de comodidad, trabajo remoto y descanso.\" \/>\n<meta property=\"og:url\" content=\"https:\/\/hotelesms.com\/tru-by-hilton\/conoce-nuestro-hotel\/\" \/>\n<meta property=\"og:site_name\" content=\"Tru By Hilton\" \/>\n<meta property=\"article:modified_time\" content=\"2026-01-09T21:09:03+00:00\" \/>\n<meta property=\"og:image\" content=\"https:\/\/hotelesms.com\/tru-by-hilton\/wp-content\/uploads\/sites\/11\/2025\/02\/KI3A0213-1.jpg\" \/>\n\t<meta property=\"og:image:width\" content=\"1355\" \/>\n\t<meta property=\"og:image:height\" content=\"903\" \/>\n\t<meta property=\"og:image:type\" content=\"image\/jpeg\" \/>\n<meta name=\"twitter:card\" content=\"summary_large_image\" \/>\n<meta name=\"twitter:label1\" content=\"Tiempo de lectura\" \/>\n\t<meta name=\"twitter:data1\" content=\"3 minutos\" \/>\n<script type=\"application\/ld+json\" class=\"yoast-schema-graph\">{\"@context\":\"https:\\\/\\\/schema.org\",\"@graph\":[{\"@type\":\"WebPage\",\"@id\":\"https:\\\/\\\/hotelesms.com\\\/tru-by-hilton\\\/conoce-nuestro-hotel\\\/\",\"url\":\"https:\\\/\\\/hotelesms.com\\\/tru-by-hilton\\\/conoce-nuestro-hotel\\\/\",\"name\":\"Conoce nuestro Hotel - Tru by Hilton - Cali\",\"isPartOf\":{\"@id\":\"https:\\\/\\\/hotelesms.com\\\/tru-by-hilton\\\/#website\"},\"primaryImageOfPage\":{\"@id\":\"https:\\\/\\\/hotelesms.com\\\/tru-by-hilton\\\/conoce-nuestro-hotel\\\/#primaryimage\"},\"image\":{\"@id\":\"https:\\\/\\\/hotelesms.com\\\/tru-by-hilton\\\/conoce-nuestro-hotel\\\/#primaryimage\"},\"thumbnailUrl\":\"https:\\\/\\\/hotelesms.com\\\/tru-by-hilton\\\/wp-content\\\/uploads\\\/sites\\\/11\\\/2025\\\/02\\\/KI3A0213-1.jpg\",\"datePublished\":\"2022-08-19T23:11:10+00:00\",\"dateModified\":\"2026-01-09T21:09:03+00:00\",\"description\":\"Conoce nuestro Hotel Tru by Hilton, pensado para vivir grandes experiencias de comodidad, trabajo remoto y descanso.\",\"breadcrumb\":{\"@id\":\"https:\\\/\\\/hotelesms.com\\\/tru-by-hilton\\\/conoce-nuestro-hotel\\\/#breadcrumb\"},\"inLanguage\":\"es\",\"potentialAction\":[{\"@type\":\"ReadAction\",\"target\":[\"https:\\\/\\\/hotelesms.com\\\/tru-by-hilton\\\/conoce-nuestro-hotel\\\/\"]}]},{\"@type\":\"ImageObject\",\"inLanguage\":\"es\",\"@id\":\"https:\\\/\\\/hotelesms.com\\\/tru-by-hilton\\\/conoce-nuestro-hotel\\\/#primaryimage\",\"url\":\"https:\\\/\\\/hotelesms.com\\\/tru-by-hilton\\\/wp-content\\\/uploads\\\/sites\\\/11\\\/2025\\\/02\\\/KI3A0213-1.jpg\",\"contentUrl\":\"https:\\\/\\\/hotelesms.com\\\/tru-by-hilton\\\/wp-content\\\/uploads\\\/sites\\\/11\\\/2025\\\/02\\\/KI3A0213-1.jpg\",\"width\":1355,\"height\":903},{\"@type\":\"BreadcrumbList\",\"@id\":\"https:\\\/\\\/hotelesms.com\\\/tru-by-hilton\\\/conoce-nuestro-hotel\\\/#breadcrumb\",\"itemListElement\":[{\"@type\":\"ListItem\",\"position\":1,\"name\":\"Portada\",\"item\":\"https:\\\/\\\/hotelesms.com\\\/tru-by-hilton\\\/\"},{\"@type\":\"ListItem\",\"position\":2,\"name\":\"Conozca el Hotel\"}]},{\"@type\":\"WebSite\",\"@id\":\"https:\\\/\\\/hotelesms.com\\\/tru-by-hilton\\\/#website\",\"url\":\"https:\\\/\\\/hotelesms.com\\\/tru-by-hilton\\\/\",\"name\":\"Tru By Hilton\",\"description\":\"Cadena hotelera colombiana de est\u00e1ndares internacionales\",\"publisher\":{\"@id\":\"https:\\\/\\\/hotelesms.com\\\/tru-by-hilton\\\/#organization\"},\"potentialAction\":[{\"@type\":\"SearchAction\",\"target\":{\"@type\":\"EntryPoint\",\"urlTemplate\":\"https:\\\/\\\/hotelesms.com\\\/tru-by-hilton\\\/?s={search_term_string}\"},\"query-input\":{\"@type\":\"PropertyValueSpecification\",\"valueRequired\":true,\"valueName\":\"search_term_string\"}}],\"inLanguage\":\"es\"},{\"@type\":\"Organization\",\"@id\":\"https:\\\/\\\/hotelesms.com\\\/tru-by-hilton\\\/#organization\",\"name\":\"Hotel Hilton Garden Inn, Cali\",\"url\":\"https:\\\/\\\/hotelesms.com\\\/tru-by-hilton\\\/\",\"logo\":{\"@type\":\"ImageObject\",\"inLanguage\":\"es\",\"@id\":\"https:\\\/\\\/hotelesms.com\\\/tru-by-hilton\\\/#\\\/schema\\\/logo\\\/image\\\/\",\"url\":\"https:\\\/\\\/hotelesms.com\\\/tru-by-hilton\\\/wp-content\\\/uploads\\\/sites\\\/11\\\/2022\\\/08\\\/Logo-Hilton-horizontal-color.png\",\"contentUrl\":\"https:\\\/\\\/hotelesms.com\\\/tru-by-hilton\\\/wp-content\\\/uploads\\\/sites\\\/11\\\/2022\\\/08\\\/Logo-Hilton-horizontal-color.png\",\"width\":600,\"height\":202,\"caption\":\"Hotel Hilton Garden Inn, Cali\"},\"image\":{\"@id\":\"https:\\\/\\\/hotelesms.com\\\/tru-by-hilton\\\/#\\\/schema\\\/logo\\\/image\\\/\"}}]}<\/script>\n<!-- \/ Yoast SEO plugin. -->","yoast_head_json":{"title":"Conoce nuestro Hotel - Tru by Hilton - Cali","description":"Conoce nuestro Hotel Tru by Hilton, pensado para vivir grandes experiencias de comodidad, trabajo remoto y descanso.","robots":{"index":"index","follow":"follow","max-snippet":"max-snippet:-1","max-image-preview":"max-image-preview:large","max-video-preview":"max-video-preview:-1"},"canonical":"https:\/\/hotelesms.com\/tru-by-hilton\/conoce-nuestro-hotel\/","og_locale":"es_ES","og_type":"article","og_title":"Conoce nuestro Hotel - Tru by Hilton - Cali","og_description":"Conoce nuestro Hotel Tru by Hilton, pensado para vivir grandes experiencias de comodidad, trabajo remoto y descanso.","og_url":"https:\/\/hotelesms.com\/tru-by-hilton\/conoce-nuestro-hotel\/","og_site_name":"Tru By Hilton","article_modified_time":"2026-01-09T21:09:03+00:00","og_image":[{"width":1355,"height":903,"url":"https:\/\/hotelesms.com\/tru-by-hilton\/wp-content\/uploads\/sites\/11\/2025\/02\/KI3A0213-1.jpg","type":"image\/jpeg"}],"twitter_card":"summary_large_image","twitter_misc":{"Tiempo de lectura":"3 minutos"},"schema":{"@context":"https:\/\/schema.org","@graph":[{"@type":"WebPage","@id":"https:\/\/hotelesms.com\/tru-by-hilton\/conoce-nuestro-hotel\/","url":"https:\/\/hotelesms.com\/tru-by-hilton\/conoce-nuestro-hotel\/","name":"Conoce nuestro Hotel - Tru by Hilton - Cali","isPartOf":{"@id":"https:\/\/hotelesms.com\/tru-by-hilton\/#website"},"primaryImageOfPage":{"@id":"https:\/\/hotelesms.com\/tru-by-hilton\/conoce-nuestro-hotel\/#primaryimage"},"image":{"@id":"https:\/\/hotelesms.com\/tru-by-hilton\/conoce-nuestro-hotel\/#primaryimage"},"thumbnailUrl":"https:\/\/hotelesms.com\/tru-by-hilton\/wp-content\/uploads\/sites\/11\/2025\/02\/KI3A0213-1.jpg","datePublished":"2022-08-19T23:11:10+00:00","dateModified":"2026-01-09T21:09:03+00:00","description":"Conoce nuestro Hotel Tru by Hilton, pensado para vivir grandes experiencias de comodidad, trabajo remoto y descanso.","breadcrumb":{"@id":"https:\/\/hotelesms.com\/tru-by-hilton\/conoce-nuestro-hotel\/#breadcrumb"},"inLanguage":"es","potentialAction":[{"@type":"ReadAction","target":["https:\/\/hotelesms.com\/tru-by-hilton\/conoce-nuestro-hotel\/"]}]},{"@type":"ImageObject","inLanguage":"es","@id":"https:\/\/hotelesms.com\/tru-by-hilton\/conoce-nuestro-hotel\/#primaryimage","url":"https:\/\/hotelesms.com\/tru-by-hilton\/wp-content\/uploads\/sites\/11\/2025\/02\/KI3A0213-1.jpg","contentUrl":"https:\/\/hotelesms.com\/tru-by-hilton\/wp-content\/uploads\/sites\/11\/2025\/02\/KI3A0213-1.jpg","width":1355,"height":903},{"@type":"BreadcrumbList","@id":"https:\/\/hotelesms.com\/tru-by-hilton\/conoce-nuestro-hotel\/#breadcrumb","itemListElement":[{"@type":"ListItem","position":1,"name":"Portada","item":"https:\/\/hotelesms.com\/tru-by-hilton\/"},{"@type":"ListItem","position":2,"name":"Conozca el Hotel"}]},{"@type":"WebSite","@id":"https:\/\/hotelesms.com\/tru-by-hilton\/#website","url":"https:\/\/hotelesms.com\/tru-by-hilton\/","name":"Tru By Hilton","description":"Cadena hotelera colombiana de est\u00e1ndares internacionales","publisher":{"@id":"https:\/\/hotelesms.com\/tru-by-hilton\/#organization"},"potentialAction":[{"@type":"SearchAction","target":{"@type":"EntryPoint","urlTemplate":"https:\/\/hotelesms.com\/tru-by-hilton\/?s={search_term_string}"},"query-input":{"@type":"PropertyValueSpecification","valueRequired":true,"valueName":"search_term_string"}}],"inLanguage":"es"},{"@type":"Organization","@id":"https:\/\/hotelesms.com\/tru-by-hilton\/#organization","name":"Hotel Hilton Garden Inn, Cali","url":"https:\/\/hotelesms.com\/tru-by-hilton\/","logo":{"@type":"ImageObject","inLanguage":"es","@id":"https:\/\/hotelesms.com\/tru-by-hilton\/#\/schema\/logo\/image\/","url":"https:\/\/hotelesms.com\/tru-by-hilton\/wp-content\/uploads\/sites\/11\/2022\/08\/Logo-Hilton-horizontal-color.png","contentUrl":"https:\/\/hotelesms.com\/tru-by-hilton\/wp-content\/uploads\/sites\/11\/2022\/08\/Logo-Hilton-horizontal-color.png","width":600,"height":202,"caption":"Hotel Hilton Garden Inn, Cali"},"image":{"@id":"https:\/\/hotelesms.com\/tru-by-hilton\/#\/schema\/logo\/image\/"}}]}},"_links":{"self":[{"href":"https:\/\/hotelesms.com\/tru-by-hilton\/wp-json\/wp\/v2\/pages\/8242","targetHints":{"allow":["GET"]}}],"collection":[{"href":"https:\/\/hotelesms.com\/tru-by-hilton\/wp-json\/wp\/v2\/pages"}],"about":[{"href":"https:\/\/hotelesms.com\/tru-by-hilton\/wp-json\/wp\/v2\/types\/page"}],"author":[{"embeddable":true,"href":"https:\/\/hotelesms.com\/tru-by-hilton\/wp-json\/wp\/v2\/users\/1"}],"replies":[{"embeddable":true,"href":"https:\/\/hotelesms.com\/tru-by-hilton\/wp-json\/wp\/v2\/comments?post=8242"}],"version-history":[{"count":55,"href":"https:\/\/hotelesms.com\/tru-by-hilton\/wp-json\/wp\/v2\/pages\/8242\/revisions"}],"predecessor-version":[{"id":9639,"href":"https:\/\/hotelesms.com\/tru-by-hilton\/wp-json\/wp\/v2\/pages\/8242\/revisions\/9639"}],"wp:featuredmedia":[{"embeddable":true,"href":"https:\/\/hotelesms.com\/tru-by-hilton\/wp-json\/wp\/v2\/media\/9572"}],"wp:attachment":[{"href":"https:\/\/hotelesms.com\/tru-by-hilton\/wp-json\/wp\/v2\/media?parent=8242"}],"curies":[{"name":"wp","href":"https:\/\/api.w.org\/{rel}","templated":true}]}}