{"id":8246,"date":"2022-08-19T23:14:59","date_gmt":"2022-08-19T23:14:59","guid":{"rendered":"https:\/\/hotelesms.com\/tru-by-hilton\/?page_id=8246"},"modified":"2025-02-08T16:31:21","modified_gmt":"2025-02-08T16:31:21","slug":"habitacion-cama-king","status":"publish","type":"page","link":"https:\/\/hotelesms.com\/tru-by-hilton\/habitaciones-en-tru-by-hilton\/habitacion-cama-king\/","title":{"rendered":"Habitaci\u00f3n King"},"content":{"rendered":"<section class=\"l-section wpb_row height_auto full_height valign_center color_primary with_img parallax_ver\"><div class=\"l-section-img\" style=\"background-image: url(https:\/\/hotelesms.com\/tru-by-hilton\/wp-content\/uploads\/sites\/11\/2025\/02\/KI3A0393-3.jpg);\" data-img-width=\"1326\" data-img-height=\"884\"><\/div><div class=\"l-section-overlay\" style=\"background:rgba(0,0,0,0.40)\"><\/div><div class=\"l-section-h i-cf\"><div class=\"g-cols vc_row via_grid cols_1 laptops-cols_inherit tablets-cols_inherit mobiles-cols_1 valign_top type_default stacking_default\"><div class=\"wpb_column vc_column_container\"><div class=\"vc_column-inner\"><div class=\"g-cols wpb_row via_grid cols_1-4-1 laptops-cols_inherit tablets-cols_inherit mobiles-cols_1 valign_top type_default stacking_default\"><div class=\"wpb_column vc_column_container\"><div class=\"vc_column-inner\"><\/div><\/div><div class=\"wpb_column vc_column_container\"><div class=\"vc_column-inner\"><div class=\"w-separator size_medium\"><\/div><div class=\"wpb_text_column\"><div class=\"wpb_wrapper\"><h3 style=\"text-align: center;\">Habitaci\u00f3n King<\/h3>\n<\/div><\/div><div class=\"w-separator size_medium\"><\/div><div class=\"wpb_text_column\"><div class=\"wpb_wrapper\"><p class=\"p1\" style=\"text-align: center;\">Disfruta de una estancia c\u00f3moda en nuestra <span class=\"s1\"><b>Habitaci\u00f3n King<\/b><\/span>, equipada con una amplia cama King Size que garantiza un descanso reparador. Esta habitaci\u00f3n moderna y funcional es ideal para viajeros que buscan comodidad y estilo en <span class=\"s1\"><b>Cali<\/b><\/span>.<\/p>\n<\/div><\/div><\/div><\/div><div class=\"wpb_column vc_column_container\"><div class=\"vc_column-inner\"><\/div><\/div><\/div><div class=\"g-cols wpb_row via_grid cols_1-4-1 laptops-cols_inherit tablets-cols_inherit mobiles-cols_1 valign_top type_default stacking_default\"><div class=\"wpb_column vc_column_container\"><div class=\"vc_column-inner\"><div class=\"w-separator size_large\"><\/div><\/div><\/div><div class=\"wpb_column vc_column_container\"><div class=\"vc_column-inner\"><div class=\"w-separator size_large\"><\/div><div class=\"w-tabs layout_ver navwidth_auto navpos_left style_simple switch_click has_scrolling\" style=\"--sections-title-size:1em\"><div class=\"w-tabs-list items_5 align_none\"><div class=\"w-tabs-list-h\"><button class=\"w-tabs-item with_icon\" aria-controls=\"content-g02c\"><i class=\"fal fa-heart\"><\/i><span class=\"w-tabs-item-title\">Comodidades<\/span><\/button><button class=\"w-tabs-item with_icon\" aria-controls=\"content-v145\"><i class=\"fal fa-bed\"><\/i><span class=\"w-tabs-item-title\">Dotaci\u00f3n<\/span><\/button><button class=\"w-tabs-item with_icon\" aria-controls=\"content-c233\"><i class=\"fal fa-concierge-bell\"><\/i><span class=\"w-tabs-item-title\">Pol\u00edticas<\/span><\/button><button class=\"w-tabs-item with_icon\" aria-controls=\"content-g323\"><i class=\"fal fa-star\"><\/i><span class=\"w-tabs-item-title\">Servicios<\/span><\/button><button class=\"w-tabs-item active defined-active with_icon\" aria-controls=\"content-a595\"><i class=\"fas fa-clock\"><\/i><span class=\"w-tabs-item-title\">Horarios<\/span><\/button><\/div><\/div><div class=\"w-tabs-sections titles-align_none icon_chevron cpos_right\"><div class=\"w-tabs-section\" id=\"g02c\"><button aria-controls=\"content-g02c\" class=\"w-tabs-section-header with_icon\"><i class=\"fal fa-heart\"><\/i><div class=\"w-tabs-section-title\">Comodidades<\/div><div class=\"w-tabs-section-control\"><\/div><\/button><div  class=\"w-tabs-section-content\" id=\"content-g02c\" aria-expanded=\"false\"><div class=\"w-tabs-section-content-h i-cf\"><div class=\"wpb_text_column\"><div class=\"wpb_wrapper\"><ul>\n<li>Aire Acondicionado<\/li>\n<li>Agua fr\u00eda y caliente<\/li>\n<li>Amenities<\/li>\n<li>Toallas<\/li>\n<li>Secador de cabello<\/li>\n<li>Refrigerador peque\u00f1o<\/li>\n<\/ul>\n<\/div><\/div><\/div><\/div><\/div><div class=\"w-tabs-section\" id=\"v145\"><button aria-controls=\"content-v145\" class=\"w-tabs-section-header with_icon\"><i class=\"fal fa-bed\"><\/i><div class=\"w-tabs-section-title\">Dotaci\u00f3n<\/div><div class=\"w-tabs-section-control\"><\/div><\/button><div  class=\"w-tabs-section-content\" id=\"content-v145\" aria-expanded=\"false\"><div class=\"w-tabs-section-content-h i-cf\"><div class=\"wpb_text_column\"><div class=\"wpb_wrapper\"><ul>\n<li>Cama king<\/li>\n<li>Lencer\u00eda fina<\/li>\n<li>Plancha y tabla de planchar<\/li>\n<li>Reloj despertador<\/li>\n<li>Tv Smart 42\u201d<\/li>\n<li>Mesas de noche<\/li>\n<li>Cajilla de seguridad<\/li>\n<li>Closet con ocho ganchos<\/li>\n<li>Mesa y silla<\/li>\n<\/ul>\n<\/div><\/div><\/div><\/div><\/div><div class=\"w-tabs-section\" id=\"c233\"><button aria-controls=\"content-c233\" class=\"w-tabs-section-header with_icon\"><i class=\"fal fa-concierge-bell\"><\/i><div class=\"w-tabs-section-title\">Pol\u00edticas<\/div><div class=\"w-tabs-section-control\"><\/div><\/button><div  class=\"w-tabs-section-content\" id=\"content-c233\" aria-expanded=\"false\"><div class=\"w-tabs-section-content-h i-cf\"><div class=\"wpb_text_column\"><div class=\"wpb_wrapper\"><ul>\n<li>Check in: 15:00<\/li>\n<li>Check out: 12:00m<\/li>\n<li>Pueden alojarse ni\u00f1os de todas las edades<\/li>\n<li>Parqueadero gratuito<\/li>\n<\/ul>\n<p><strong>Cancelaciones<\/strong><\/p>\n<p>Las cancelaciones de la reserva deben hacerse antes de las 72 horas de la entrada al hotel, de lo contrario se efectuar\u00e1 el cargo de la primera noche a tu cuenta.<\/p>\n<\/div><\/div><\/div><\/div><\/div><div class=\"w-tabs-section\" id=\"g323\"><button aria-controls=\"content-g323\" class=\"w-tabs-section-header with_icon\"><i class=\"fal fa-star\"><\/i><div class=\"w-tabs-section-title\">Servicios<\/div><div class=\"w-tabs-section-control\"><\/div><\/button><div  class=\"w-tabs-section-content\" id=\"content-g323\" aria-expanded=\"false\"><div class=\"w-tabs-section-content-h i-cf\"><div class=\"wpb_text_column\"><div class=\"wpb_wrapper\"><ul>\n<li>Restaurante<\/li>\n<li>Room Service (con costo adicional)<\/li>\n<li>Lavander\u00eda (con costo adicional)<\/li>\n<li>Business center<\/li>\n<li>Internet WiFi<\/li>\n<li>Parqueadero en bah\u00eda (limitado)<\/li>\n<li>Sol\u00e1rium<\/li>\n<li>Zona h\u00fameda con jacuzzi y turco<\/li>\n<li>Zona de ejercicio<\/li>\n<li>Llamadas locales y larga distancia (costo adicional)<\/li>\n<\/ul>\n<\/div><\/div><\/div><\/div><\/div><div class=\"w-tabs-section active\" id=\"a595\"><button aria-controls=\"content-a595\" class=\"w-tabs-section-header active with_icon\"><i class=\"fas fa-clock\"><\/i><div class=\"w-tabs-section-title\">Horarios<\/div><div class=\"w-tabs-section-control\"><\/div><\/button><div  class=\"w-tabs-section-content\" id=\"content-a595\" aria-expanded=\"true\"><div class=\"w-tabs-section-content-h i-cf\"><div class=\"w-iconbox iconpos_left style_default color_custom align_left\"><div class=\"w-iconbox-icon\" style=\"font-size:0,8rem;color:#ffffff;\"><i class=\"fas fa-angle-double-right\"><\/i><\/div><div class=\"w-iconbox-meta\"><h6 class=\"w-iconbox-title\">Check in<\/h6><div class=\"w-iconbox-text\"><p>Check in: 15:00<\/p>\n<\/div><\/div><\/div><div class=\"w-separator size_small\"><\/div><div class=\"w-iconbox iconpos_left style_default color_custom align_left\"><div class=\"w-iconbox-icon\" style=\"font-size:0,8rem;color:#ffffff;\"><i class=\"fas fa-angle-double-left\"><\/i><\/div><div class=\"w-iconbox-meta\"><h6 class=\"w-iconbox-title\">Check out<\/h6><div class=\"w-iconbox-text\"><p>Check out: 12:00<\/p>\n<\/div><\/div><\/div><div class=\"w-separator size_small\"><\/div><div class=\"w-iconbox iconpos_left style_default color_custom align_left\"><div class=\"w-iconbox-icon\" style=\"font-size:0,8rem;color:#ffffff;\"><i class=\"fal fa-coffee\"><\/i><\/div><div class=\"w-iconbox-meta\"><h6 class=\"w-iconbox-title\">Desayuno<\/h6><div class=\"w-iconbox-text\"><p>Desayuno: de lunes a domingo y festivos: 6:00 am a 10:00 am<\/p>\n<\/div><\/div><\/div><\/div><\/div><\/div><\/div><\/div><\/div><\/div><div class=\"wpb_column vc_column_container\"><div class=\"vc_column-inner\"><\/div><\/div><\/div><div class=\"w-separator size_large\"><\/div><div class=\"w-btn-wrapper align_center\"><a class=\"w-btn us-btn-style_11 us_custom_1b04de86\" title=\"Habitaciones\" href=\"https:\/\/hotelesms.hoteldigital.co\/hotel-hilton-garden-inn\/habitaciones\/\"><span class=\"w-btn-label\">VER M\u00c1S HABITACIONES<\/span><\/a><\/div><div class=\"w-separator size_medium\"><\/div><\/div><\/div><\/div><\/div><\/section>\n","protected":false},"excerpt":{"rendered":"Habitaci\u00f3n King Disfruta de una estancia c\u00f3moda en nuestra Habitaci\u00f3n King, equipada con una amplia cama King Size que garantiza un descanso reparador. Esta habitaci\u00f3n moderna y funcional es ideal para viajeros que buscan comodidad y estilo en Cali. ComodidadesDotaci\u00f3nPol\u00edticasServiciosHorariosComodidades Aire Acondicionado Agua fr\u00eda y caliente Amenities Toallas Secador de cabello Refrigerador peque\u00f1o Dotaci\u00f3n Cama...","protected":false},"author":1,"featured_media":9570,"parent":8244,"menu_order":0,"comment_status":"closed","ping_status":"closed","template":"","meta":{"footnotes":""},"class_list":["post-8246","page","type-page","status-publish","has-post-thumbnail","hentry"],"acf":[],"yoast_head":"<!-- This site is optimized with the Yoast SEO plugin v27.4 - https:\/\/yoast.com\/product\/yoast-seo-wordpress\/ -->\n<title>Habitaci\u00f3n King - Tru By Hilton - al Sur de Cali<\/title>\n<meta name=\"description\" content=\"Descansa en nuestra Habitaci\u00f3n King en Tru by Hilton Cali Sur. Cama King Size, Wi-Fi gratuito, TV de pantalla plana y ba\u00f1o privado. \u00a1Reserva ahora y vive la comodidad!\" \/>\n<meta name=\"robots\" content=\"index, follow, max-snippet:-1, max-image-preview:large, max-video-preview:-1\" \/>\n<link rel=\"canonical\" href=\"https:\/\/hotelesms.com\/tru-by-hilton\/habitaciones-en-tru-by-hilton\/habitacion-cama-king\/\" \/>\n<meta property=\"og:locale\" content=\"es_ES\" \/>\n<meta property=\"og:type\" content=\"article\" \/>\n<meta property=\"og:title\" content=\"Habitaci\u00f3n King - Tru By Hilton - al Sur de Cali\" \/>\n<meta property=\"og:description\" content=\"Descansa en nuestra Habitaci\u00f3n King en Tru by Hilton Cali Sur. Cama King Size, Wi-Fi gratuito, TV de pantalla plana y ba\u00f1o privado. \u00a1Reserva ahora y vive la comodidad!\" \/>\n<meta property=\"og:url\" content=\"https:\/\/hotelesms.com\/tru-by-hilton\/habitaciones-en-tru-by-hilton\/habitacion-cama-king\/\" \/>\n<meta property=\"og:site_name\" content=\"Tru By Hilton\" \/>\n<meta property=\"article:modified_time\" content=\"2025-02-08T16:31:21+00:00\" \/>\n<meta property=\"og:image\" content=\"https:\/\/hotelesms.com\/tru-by-hilton\/wp-content\/uploads\/sites\/11\/2025\/02\/KI3A0393-3.jpg\" \/>\n\t<meta property=\"og:image:width\" content=\"1326\" \/>\n\t<meta property=\"og:image:height\" content=\"884\" \/>\n\t<meta property=\"og:image:type\" content=\"image\/jpeg\" \/>\n<meta name=\"twitter:card\" content=\"summary_large_image\" \/>\n<meta name=\"twitter:label1\" content=\"Tiempo de lectura\" \/>\n\t<meta name=\"twitter:data1\" content=\"2 minutos\" \/>\n<script type=\"application\/ld+json\" class=\"yoast-schema-graph\">{\"@context\":\"https:\\\/\\\/schema.org\",\"@graph\":[{\"@type\":\"WebPage\",\"@id\":\"https:\\\/\\\/hotelesms.com\\\/tru-by-hilton\\\/habitaciones-en-tru-by-hilton\\\/habitacion-cama-king\\\/\",\"url\":\"https:\\\/\\\/hotelesms.com\\\/tru-by-hilton\\\/habitaciones-en-tru-by-hilton\\\/habitacion-cama-king\\\/\",\"name\":\"Habitaci\u00f3n King - Tru By Hilton - al Sur de Cali\",\"isPartOf\":{\"@id\":\"https:\\\/\\\/hotelesms.com\\\/tru-by-hilton\\\/#website\"},\"primaryImageOfPage\":{\"@id\":\"https:\\\/\\\/hotelesms.com\\\/tru-by-hilton\\\/habitaciones-en-tru-by-hilton\\\/habitacion-cama-king\\\/#primaryimage\"},\"image\":{\"@id\":\"https:\\\/\\\/hotelesms.com\\\/tru-by-hilton\\\/habitaciones-en-tru-by-hilton\\\/habitacion-cama-king\\\/#primaryimage\"},\"thumbnailUrl\":\"https:\\\/\\\/hotelesms.com\\\/tru-by-hilton\\\/wp-content\\\/uploads\\\/sites\\\/11\\\/2025\\\/02\\\/KI3A0393-3.jpg\",\"datePublished\":\"2022-08-19T23:14:59+00:00\",\"dateModified\":\"2025-02-08T16:31:21+00:00\",\"description\":\"Descansa en nuestra Habitaci\u00f3n King en Tru by Hilton Cali Sur. Cama King Size, Wi-Fi gratuito, TV de pantalla plana y ba\u00f1o privado. \u00a1Reserva ahora y vive la comodidad!\",\"breadcrumb\":{\"@id\":\"https:\\\/\\\/hotelesms.com\\\/tru-by-hilton\\\/habitaciones-en-tru-by-hilton\\\/habitacion-cama-king\\\/#breadcrumb\"},\"inLanguage\":\"es\",\"potentialAction\":[{\"@type\":\"ReadAction\",\"target\":[\"https:\\\/\\\/hotelesms.com\\\/tru-by-hilton\\\/habitaciones-en-tru-by-hilton\\\/habitacion-cama-king\\\/\"]}]},{\"@type\":\"ImageObject\",\"inLanguage\":\"es\",\"@id\":\"https:\\\/\\\/hotelesms.com\\\/tru-by-hilton\\\/habitaciones-en-tru-by-hilton\\\/habitacion-cama-king\\\/#primaryimage\",\"url\":\"https:\\\/\\\/hotelesms.com\\\/tru-by-hilton\\\/wp-content\\\/uploads\\\/sites\\\/11\\\/2025\\\/02\\\/KI3A0393-3.jpg\",\"contentUrl\":\"https:\\\/\\\/hotelesms.com\\\/tru-by-hilton\\\/wp-content\\\/uploads\\\/sites\\\/11\\\/2025\\\/02\\\/KI3A0393-3.jpg\",\"width\":1326,\"height\":884},{\"@type\":\"BreadcrumbList\",\"@id\":\"https:\\\/\\\/hotelesms.com\\\/tru-by-hilton\\\/habitaciones-en-tru-by-hilton\\\/habitacion-cama-king\\\/#breadcrumb\",\"itemListElement\":[{\"@type\":\"ListItem\",\"position\":1,\"name\":\"Portada\",\"item\":\"https:\\\/\\\/hotelesms.com\\\/tru-by-hilton\\\/\"},{\"@type\":\"ListItem\",\"position\":2,\"name\":\"Habitaciones\",\"item\":\"https:\\\/\\\/hotelesms.com\\\/tru-by-hilton\\\/habitaciones-en-tru-by-hilton\\\/\"},{\"@type\":\"ListItem\",\"position\":3,\"name\":\"Habitaci\u00f3n King\"}]},{\"@type\":\"WebSite\",\"@id\":\"https:\\\/\\\/hotelesms.com\\\/tru-by-hilton\\\/#website\",\"url\":\"https:\\\/\\\/hotelesms.com\\\/tru-by-hilton\\\/\",\"name\":\"Tru By Hilton\",\"description\":\"Cadena hotelera colombiana de est\u00e1ndares internacionales\",\"publisher\":{\"@id\":\"https:\\\/\\\/hotelesms.com\\\/tru-by-hilton\\\/#organization\"},\"potentialAction\":[{\"@type\":\"SearchAction\",\"target\":{\"@type\":\"EntryPoint\",\"urlTemplate\":\"https:\\\/\\\/hotelesms.com\\\/tru-by-hilton\\\/?s={search_term_string}\"},\"query-input\":{\"@type\":\"PropertyValueSpecification\",\"valueRequired\":true,\"valueName\":\"search_term_string\"}}],\"inLanguage\":\"es\"},{\"@type\":\"Organization\",\"@id\":\"https:\\\/\\\/hotelesms.com\\\/tru-by-hilton\\\/#organization\",\"name\":\"Hotel Hilton Garden Inn, Cali\",\"url\":\"https:\\\/\\\/hotelesms.com\\\/tru-by-hilton\\\/\",\"logo\":{\"@type\":\"ImageObject\",\"inLanguage\":\"es\",\"@id\":\"https:\\\/\\\/hotelesms.com\\\/tru-by-hilton\\\/#\\\/schema\\\/logo\\\/image\\\/\",\"url\":\"https:\\\/\\\/hotelesms.com\\\/tru-by-hilton\\\/wp-content\\\/uploads\\\/sites\\\/11\\\/2022\\\/08\\\/Logo-Hilton-horizontal-color.png\",\"contentUrl\":\"https:\\\/\\\/hotelesms.com\\\/tru-by-hilton\\\/wp-content\\\/uploads\\\/sites\\\/11\\\/2022\\\/08\\\/Logo-Hilton-horizontal-color.png\",\"width\":600,\"height\":202,\"caption\":\"Hotel Hilton Garden Inn, Cali\"},\"image\":{\"@id\":\"https:\\\/\\\/hotelesms.com\\\/tru-by-hilton\\\/#\\\/schema\\\/logo\\\/image\\\/\"}}]}<\/script>\n<!-- \/ Yoast SEO plugin. -->","yoast_head_json":{"title":"Habitaci\u00f3n King - Tru By Hilton - al Sur de Cali","description":"Descansa en nuestra Habitaci\u00f3n King en Tru by Hilton Cali Sur. Cama King Size, Wi-Fi gratuito, TV de pantalla plana y ba\u00f1o privado. \u00a1Reserva ahora y vive la comodidad!","robots":{"index":"index","follow":"follow","max-snippet":"max-snippet:-1","max-image-preview":"max-image-preview:large","max-video-preview":"max-video-preview:-1"},"canonical":"https:\/\/hotelesms.com\/tru-by-hilton\/habitaciones-en-tru-by-hilton\/habitacion-cama-king\/","og_locale":"es_ES","og_type":"article","og_title":"Habitaci\u00f3n King - Tru By Hilton - al Sur de Cali","og_description":"Descansa en nuestra Habitaci\u00f3n King en Tru by Hilton Cali Sur. Cama King Size, Wi-Fi gratuito, TV de pantalla plana y ba\u00f1o privado. \u00a1Reserva ahora y vive la comodidad!","og_url":"https:\/\/hotelesms.com\/tru-by-hilton\/habitaciones-en-tru-by-hilton\/habitacion-cama-king\/","og_site_name":"Tru By Hilton","article_modified_time":"2025-02-08T16:31:21+00:00","og_image":[{"width":1326,"height":884,"url":"https:\/\/hotelesms.com\/tru-by-hilton\/wp-content\/uploads\/sites\/11\/2025\/02\/KI3A0393-3.jpg","type":"image\/jpeg"}],"twitter_card":"summary_large_image","twitter_misc":{"Tiempo de lectura":"2 minutos"},"schema":{"@context":"https:\/\/schema.org","@graph":[{"@type":"WebPage","@id":"https:\/\/hotelesms.com\/tru-by-hilton\/habitaciones-en-tru-by-hilton\/habitacion-cama-king\/","url":"https:\/\/hotelesms.com\/tru-by-hilton\/habitaciones-en-tru-by-hilton\/habitacion-cama-king\/","name":"Habitaci\u00f3n King - Tru By Hilton - al Sur de Cali","isPartOf":{"@id":"https:\/\/hotelesms.com\/tru-by-hilton\/#website"},"primaryImageOfPage":{"@id":"https:\/\/hotelesms.com\/tru-by-hilton\/habitaciones-en-tru-by-hilton\/habitacion-cama-king\/#primaryimage"},"image":{"@id":"https:\/\/hotelesms.com\/tru-by-hilton\/habitaciones-en-tru-by-hilton\/habitacion-cama-king\/#primaryimage"},"thumbnailUrl":"https:\/\/hotelesms.com\/tru-by-hilton\/wp-content\/uploads\/sites\/11\/2025\/02\/KI3A0393-3.jpg","datePublished":"2022-08-19T23:14:59+00:00","dateModified":"2025-02-08T16:31:21+00:00","description":"Descansa en nuestra Habitaci\u00f3n King en Tru by Hilton Cali Sur. Cama King Size, Wi-Fi gratuito, TV de pantalla plana y ba\u00f1o privado. \u00a1Reserva ahora y vive la comodidad!","breadcrumb":{"@id":"https:\/\/hotelesms.com\/tru-by-hilton\/habitaciones-en-tru-by-hilton\/habitacion-cama-king\/#breadcrumb"},"inLanguage":"es","potentialAction":[{"@type":"ReadAction","target":["https:\/\/hotelesms.com\/tru-by-hilton\/habitaciones-en-tru-by-hilton\/habitacion-cama-king\/"]}]},{"@type":"ImageObject","inLanguage":"es","@id":"https:\/\/hotelesms.com\/tru-by-hilton\/habitaciones-en-tru-by-hilton\/habitacion-cama-king\/#primaryimage","url":"https:\/\/hotelesms.com\/tru-by-hilton\/wp-content\/uploads\/sites\/11\/2025\/02\/KI3A0393-3.jpg","contentUrl":"https:\/\/hotelesms.com\/tru-by-hilton\/wp-content\/uploads\/sites\/11\/2025\/02\/KI3A0393-3.jpg","width":1326,"height":884},{"@type":"BreadcrumbList","@id":"https:\/\/hotelesms.com\/tru-by-hilton\/habitaciones-en-tru-by-hilton\/habitacion-cama-king\/#breadcrumb","itemListElement":[{"@type":"ListItem","position":1,"name":"Portada","item":"https:\/\/hotelesms.com\/tru-by-hilton\/"},{"@type":"ListItem","position":2,"name":"Habitaciones","item":"https:\/\/hotelesms.com\/tru-by-hilton\/habitaciones-en-tru-by-hilton\/"},{"@type":"ListItem","position":3,"name":"Habitaci\u00f3n King"}]},{"@type":"WebSite","@id":"https:\/\/hotelesms.com\/tru-by-hilton\/#website","url":"https:\/\/hotelesms.com\/tru-by-hilton\/","name":"Tru By Hilton","description":"Cadena hotelera colombiana de est\u00e1ndares internacionales","publisher":{"@id":"https:\/\/hotelesms.com\/tru-by-hilton\/#organization"},"potentialAction":[{"@type":"SearchAction","target":{"@type":"EntryPoint","urlTemplate":"https:\/\/hotelesms.com\/tru-by-hilton\/?s={search_term_string}"},"query-input":{"@type":"PropertyValueSpecification","valueRequired":true,"valueName":"search_term_string"}}],"inLanguage":"es"},{"@type":"Organization","@id":"https:\/\/hotelesms.com\/tru-by-hilton\/#organization","name":"Hotel Hilton Garden Inn, Cali","url":"https:\/\/hotelesms.com\/tru-by-hilton\/","logo":{"@type":"ImageObject","inLanguage":"es","@id":"https:\/\/hotelesms.com\/tru-by-hilton\/#\/schema\/logo\/image\/","url":"https:\/\/hotelesms.com\/tru-by-hilton\/wp-content\/uploads\/sites\/11\/2022\/08\/Logo-Hilton-horizontal-color.png","contentUrl":"https:\/\/hotelesms.com\/tru-by-hilton\/wp-content\/uploads\/sites\/11\/2022\/08\/Logo-Hilton-horizontal-color.png","width":600,"height":202,"caption":"Hotel Hilton Garden Inn, Cali"},"image":{"@id":"https:\/\/hotelesms.com\/tru-by-hilton\/#\/schema\/logo\/image\/"}}]}},"_links":{"self":[{"href":"https:\/\/hotelesms.com\/tru-by-hilton\/wp-json\/wp\/v2\/pages\/8246","targetHints":{"allow":["GET"]}}],"collection":[{"href":"https:\/\/hotelesms.com\/tru-by-hilton\/wp-json\/wp\/v2\/pages"}],"about":[{"href":"https:\/\/hotelesms.com\/tru-by-hilton\/wp-json\/wp\/v2\/types\/page"}],"author":[{"embeddable":true,"href":"https:\/\/hotelesms.com\/tru-by-hilton\/wp-json\/wp\/v2\/users\/1"}],"replies":[{"embeddable":true,"href":"https:\/\/hotelesms.com\/tru-by-hilton\/wp-json\/wp\/v2\/comments?post=8246"}],"version-history":[{"count":47,"href":"https:\/\/hotelesms.com\/tru-by-hilton\/wp-json\/wp\/v2\/pages\/8246\/revisions"}],"predecessor-version":[{"id":9571,"href":"https:\/\/hotelesms.com\/tru-by-hilton\/wp-json\/wp\/v2\/pages\/8246\/revisions\/9571"}],"up":[{"embeddable":true,"href":"https:\/\/hotelesms.com\/tru-by-hilton\/wp-json\/wp\/v2\/pages\/8244"}],"wp:featuredmedia":[{"embeddable":true,"href":"https:\/\/hotelesms.com\/tru-by-hilton\/wp-json\/wp\/v2\/media\/9570"}],"wp:attachment":[{"href":"https:\/\/hotelesms.com\/tru-by-hilton\/wp-json\/wp\/v2\/media?parent=8246"}],"curies":[{"name":"wp","href":"https:\/\/api.w.org\/{rel}","templated":true}]}}