{"id":8257,"date":"2022-08-19T23:25:58","date_gmt":"2022-08-19T23:25:58","guid":{"rendered":"https:\/\/hotelesms.com\/tru-by-hilton\/?page_id=8257"},"modified":"2026-01-09T21:43:04","modified_gmt":"2026-01-09T21:43:04","slug":"disfruta-ofertas-y-planes","status":"publish","type":"page","link":"https:\/\/hotelesms.com\/tru-by-hilton\/disfruta-ofertas-y-planes\/","title":{"rendered":"Disfruta Ofertas y Planes"},"content":{"rendered":"<section class=\"l-section wpb_row height_custom\"><div class=\"l-section-overlay\" style=\"background:#f5f5f5\"><\/div><div class=\"l-section-h i-cf\"><div class=\"g-cols vc_row via_grid cols_1 laptops-cols_inherit tablets-cols_inherit mobiles-cols_1 valign_top type_default stacking_default\"><div class=\"wpb_column vc_column_container\"><div class=\"vc_column-inner\"><div class=\"w-iconbox iconpos_top style_default color_custom align_center no_text\"><div class=\"w-iconbox-icon\" style=\"font-size:40px;color:#333333;\"><i class=\"fal fa-heart\"><\/i><\/div><div class=\"w-iconbox-meta\"><h3 class=\"w-iconbox-title\">Experiencias \u00danicas<\/h3><\/div><\/div><\/div><\/div><\/div><\/div><\/section><section class=\"l-section wpb_row height_small\"><div class=\"l-section-h i-cf\"><div class=\"g-cols vc_row via_grid cols_1-4-1 laptops-cols_inherit tablets-cols_inherit mobiles-cols_1 valign_top type_default stacking_default\"><div class=\"wpb_column vc_column_container\"><div class=\"vc_column-inner\"><div class=\"w-separator size_medium\"><\/div><\/div><\/div><div class=\"wpb_column vc_column_container\"><div class=\"vc_column-inner\"><div class=\"wpb_text_column\"><div class=\"wpb_wrapper\"><p style=\"text-align: center;\" data-start=\"138\" data-end=\"459\">En <strong data-start=\"141\" data-end=\"158\">Tru by Hilton<\/strong> cada espacio est\u00e1 dise\u00f1ado para vivir experiencias que se adaptan a tu ritmo. Desde \u00e1reas de <strong data-start=\"252\" data-end=\"288\">coworking modernas y funcionales<\/strong>, ideales para n\u00f3madas digitales y viajeros creativos, hasta una <strong data-start=\"353\" data-end=\"371\">sala de juegos<\/strong> donde el billar y el futbolito invitan a desconectarte y compartir momentos aut\u00e9nticos.<\/p>\n<p style=\"text-align: center;\" data-start=\"461\" data-end=\"685\">Nuestra experiencia gastron\u00f3mica te acompa\u00f1a durante el d\u00eda con un <strong data-start=\"528\" data-end=\"577\">buffet pensado para el desayuno y el almuerzo<\/strong>, pr\u00e1ctico, fresco y lleno de sabor, perfecto para recargar energ\u00eda antes de seguir explorando o trabajando.<\/p>\n<p style=\"text-align: center;\" data-start=\"687\" data-end=\"865\">Las <strong data-start=\"691\" data-end=\"707\">habitaciones<\/strong>, disponibles en <strong data-start=\"724\" data-end=\"738\">tres tipos<\/strong>, combinan dise\u00f1o inteligente, confort y tecnolog\u00eda, ofreci\u00e9ndote el descanso que necesitas sin perder estilo ni funcionalidad.<\/p>\n<p style=\"text-align: center;\" data-start=\"867\" data-end=\"1079\">Todo se complementa con un <strong data-start=\"894\" data-end=\"938\">ambiente lounge relajado y contempor\u00e1neo<\/strong>, creado para socializar, inspirarte o simplemente disfrutar del momento. En Tru by Hilton no solo te hospedas: <strong data-start=\"1050\" data-end=\"1078\">vives, conectas y fluyes<\/strong>.<\/p>\n<\/div><\/div><div class=\"w-separator size_small\"><\/div><\/div><\/div><div class=\"wpb_column vc_column_container\"><div class=\"vc_column-inner\"><\/div><\/div><\/div><\/div><\/section><section class=\"l-section wpb_row height_custom color_primary with_img parallax_ver\"><div class=\"l-section-img\" style=\"background-image: url(https:\/\/hotelesms.com\/tru-by-hilton\/wp-content\/uploads\/sites\/11\/2025\/02\/KI3A0393-3.jpg);\" data-img-width=\"1326\" data-img-height=\"884\"><\/div><div class=\"l-section-overlay\" style=\"background:rgba(255,255,255,0.50)\"><\/div><div class=\"l-section-h i-cf\"><div class=\"g-cols vc_row via_grid cols_1 laptops-cols_inherit tablets-cols_inherit mobiles-cols_1 valign_top type_default stacking_default\"><div class=\"wpb_column vc_column_container\"><div class=\"vc_column-inner\"><div class=\"w-actionbox us_custom_fbdb5f35 has_text_color color_primary controls_bottom\"><div class=\"w-actionbox-text\"><h4 class=\"w-actionbox-title\">\u00bfConoces nuestras habitaciones?<\/h4><div class=\"w-actionbox-description\"><p>\u00a1Conoce nuestros <span style=\"color: #ff0000;\"><a style=\"color: #ff0000;\" href=\"\/habitaciones-en-hotel-hilton-garden-inn\/\">tipos de acomodaciones<\/a><\/span>\u00a0para que sientas nuestra hospitalidad desde el primer clic!<\/p>\n<\/div><\/div><div class=\"w-actionbox-controls\"><a class=\"w-btn us-btn-style_21\" title=\"Habitaciones\" href=\"\/hotel-hilton-garden-inn\/habitaciones-en-hotel-hilton-garden-inn\/\" style=\"font-size:12px;\"><span class=\"w-btn-label\">VER HABITACIONES<\/span><\/a><\/div><\/div><\/div><\/div><\/div><\/div><\/section>\n","protected":false},"excerpt":{"rendered":"Experiencias \u00danicasEn Tru by Hilton cada espacio est\u00e1 dise\u00f1ado para vivir experiencias que se adaptan a tu ritmo. Desde \u00e1reas de coworking modernas y funcionales, ideales para n\u00f3madas digitales y viajeros creativos, hasta una sala de juegos donde el billar y el futbolito invitan a desconectarte y compartir momentos aut\u00e9nticos. Nuestra experiencia gastron\u00f3mica te acompa\u00f1a...","protected":false},"author":1,"featured_media":9346,"parent":0,"menu_order":0,"comment_status":"closed","ping_status":"closed","template":"","meta":{"footnotes":""},"class_list":["post-8257","page","type-page","status-publish","has-post-thumbnail","hentry"],"acf":[],"yoast_head":"<!-- This site is optimized with the Yoast SEO plugin v27.4 - https:\/\/yoast.com\/product\/yoast-seo-wordpress\/ -->\n<title>Disfruta Ofertas y Planes - Tru By Hilton<\/title>\n<meta name=\"description\" content=\"Disfruta Ofertas y Planes en el Hotel Hilton Garden Inn: ofrecemos m\u00e1s que un espacio de alojamiento:\u00a0historias con tarifas irresistibles.\" \/>\n<meta name=\"robots\" content=\"index, follow, max-snippet:-1, max-image-preview:large, max-video-preview:-1\" \/>\n<link rel=\"canonical\" href=\"https:\/\/hotelesms.com\/tru-by-hilton\/disfruta-ofertas-y-planes\/\" \/>\n<meta property=\"og:locale\" content=\"es_ES\" \/>\n<meta property=\"og:type\" content=\"article\" \/>\n<meta property=\"og:title\" content=\"Disfruta Ofertas y Planes - Tru By Hilton\" \/>\n<meta property=\"og:description\" content=\"Disfruta Ofertas y Planes en el Hotel Hilton Garden Inn: ofrecemos m\u00e1s que un espacio de alojamiento:\u00a0historias con tarifas irresistibles.\" \/>\n<meta property=\"og:url\" content=\"https:\/\/hotelesms.com\/tru-by-hilton\/disfruta-ofertas-y-planes\/\" \/>\n<meta property=\"og:site_name\" content=\"Tru By Hilton\" \/>\n<meta property=\"article:modified_time\" content=\"2026-01-09T21:43:04+00:00\" \/>\n<meta property=\"og:image\" content=\"https:\/\/hotelesms.com\/tru-by-hilton\/wp-content\/uploads\/sites\/11\/2023\/03\/4-Hilton-Garden-Inn-Cali-fachada-Editar-Editar.jpg\" \/>\n\t<meta property=\"og:image:width\" content=\"840\" \/>\n\t<meta property=\"og:image:height\" content=\"600\" \/>\n\t<meta property=\"og:image:type\" content=\"image\/jpeg\" \/>\n<meta name=\"twitter:card\" content=\"summary_large_image\" \/>\n<meta name=\"twitter:label1\" content=\"Tiempo de lectura\" \/>\n\t<meta name=\"twitter:data1\" content=\"3 minutos\" \/>\n<script type=\"application\/ld+json\" class=\"yoast-schema-graph\">{\"@context\":\"https:\\\/\\\/schema.org\",\"@graph\":[{\"@type\":\"WebPage\",\"@id\":\"https:\\\/\\\/hotelesms.com\\\/tru-by-hilton\\\/disfruta-ofertas-y-planes\\\/\",\"url\":\"https:\\\/\\\/hotelesms.com\\\/tru-by-hilton\\\/disfruta-ofertas-y-planes\\\/\",\"name\":\"Disfruta Ofertas y Planes - Tru By Hilton\",\"isPartOf\":{\"@id\":\"https:\\\/\\\/hotelesms.com\\\/tru-by-hilton\\\/#website\"},\"primaryImageOfPage\":{\"@id\":\"https:\\\/\\\/hotelesms.com\\\/tru-by-hilton\\\/disfruta-ofertas-y-planes\\\/#primaryimage\"},\"image\":{\"@id\":\"https:\\\/\\\/hotelesms.com\\\/tru-by-hilton\\\/disfruta-ofertas-y-planes\\\/#primaryimage\"},\"thumbnailUrl\":\"https:\\\/\\\/hotelesms.com\\\/tru-by-hilton\\\/wp-content\\\/uploads\\\/sites\\\/11\\\/2023\\\/03\\\/4-Hilton-Garden-Inn-Cali-fachada-Editar-Editar.jpg\",\"datePublished\":\"2022-08-19T23:25:58+00:00\",\"dateModified\":\"2026-01-09T21:43:04+00:00\",\"description\":\"Disfruta Ofertas y Planes en el Hotel Hilton Garden Inn: ofrecemos m\u00e1s que un espacio de alojamiento:\u00a0historias con tarifas irresistibles.\",\"breadcrumb\":{\"@id\":\"https:\\\/\\\/hotelesms.com\\\/tru-by-hilton\\\/disfruta-ofertas-y-planes\\\/#breadcrumb\"},\"inLanguage\":\"es\",\"potentialAction\":[{\"@type\":\"ReadAction\",\"target\":[\"https:\\\/\\\/hotelesms.com\\\/tru-by-hilton\\\/disfruta-ofertas-y-planes\\\/\"]}]},{\"@type\":\"ImageObject\",\"inLanguage\":\"es\",\"@id\":\"https:\\\/\\\/hotelesms.com\\\/tru-by-hilton\\\/disfruta-ofertas-y-planes\\\/#primaryimage\",\"url\":\"https:\\\/\\\/hotelesms.com\\\/tru-by-hilton\\\/wp-content\\\/uploads\\\/sites\\\/11\\\/2023\\\/03\\\/4-Hilton-Garden-Inn-Cali-fachada-Editar-Editar.jpg\",\"contentUrl\":\"https:\\\/\\\/hotelesms.com\\\/tru-by-hilton\\\/wp-content\\\/uploads\\\/sites\\\/11\\\/2023\\\/03\\\/4-Hilton-Garden-Inn-Cali-fachada-Editar-Editar.jpg\",\"width\":840,\"height\":600,\"caption\":\"Hotel Hilton Garden Inn, en Ciudad Jard\u00edn, Cali, Colombia.\"},{\"@type\":\"BreadcrumbList\",\"@id\":\"https:\\\/\\\/hotelesms.com\\\/tru-by-hilton\\\/disfruta-ofertas-y-planes\\\/#breadcrumb\",\"itemListElement\":[{\"@type\":\"ListItem\",\"position\":1,\"name\":\"Portada\",\"item\":\"https:\\\/\\\/hotelesms.com\\\/tru-by-hilton\\\/\"},{\"@type\":\"ListItem\",\"position\":2,\"name\":\"Disfruta Ofertas y Planes\"}]},{\"@type\":\"WebSite\",\"@id\":\"https:\\\/\\\/hotelesms.com\\\/tru-by-hilton\\\/#website\",\"url\":\"https:\\\/\\\/hotelesms.com\\\/tru-by-hilton\\\/\",\"name\":\"Tru By Hilton\",\"description\":\"Cadena hotelera colombiana de est\u00e1ndares internacionales\",\"publisher\":{\"@id\":\"https:\\\/\\\/hotelesms.com\\\/tru-by-hilton\\\/#organization\"},\"potentialAction\":[{\"@type\":\"SearchAction\",\"target\":{\"@type\":\"EntryPoint\",\"urlTemplate\":\"https:\\\/\\\/hotelesms.com\\\/tru-by-hilton\\\/?s={search_term_string}\"},\"query-input\":{\"@type\":\"PropertyValueSpecification\",\"valueRequired\":true,\"valueName\":\"search_term_string\"}}],\"inLanguage\":\"es\"},{\"@type\":\"Organization\",\"@id\":\"https:\\\/\\\/hotelesms.com\\\/tru-by-hilton\\\/#organization\",\"name\":\"Hotel Hilton Garden Inn, Cali\",\"url\":\"https:\\\/\\\/hotelesms.com\\\/tru-by-hilton\\\/\",\"logo\":{\"@type\":\"ImageObject\",\"inLanguage\":\"es\",\"@id\":\"https:\\\/\\\/hotelesms.com\\\/tru-by-hilton\\\/#\\\/schema\\\/logo\\\/image\\\/\",\"url\":\"https:\\\/\\\/hotelesms.com\\\/tru-by-hilton\\\/wp-content\\\/uploads\\\/sites\\\/11\\\/2022\\\/08\\\/Logo-Hilton-horizontal-color.png\",\"contentUrl\":\"https:\\\/\\\/hotelesms.com\\\/tru-by-hilton\\\/wp-content\\\/uploads\\\/sites\\\/11\\\/2022\\\/08\\\/Logo-Hilton-horizontal-color.png\",\"width\":600,\"height\":202,\"caption\":\"Hotel Hilton Garden Inn, Cali\"},\"image\":{\"@id\":\"https:\\\/\\\/hotelesms.com\\\/tru-by-hilton\\\/#\\\/schema\\\/logo\\\/image\\\/\"}}]}<\/script>\n<!-- \/ Yoast SEO plugin. -->","yoast_head_json":{"title":"Disfruta Ofertas y Planes - Tru By Hilton","description":"Disfruta Ofertas y Planes en el Hotel Hilton Garden Inn: ofrecemos m\u00e1s que un espacio de alojamiento:\u00a0historias con tarifas irresistibles.","robots":{"index":"index","follow":"follow","max-snippet":"max-snippet:-1","max-image-preview":"max-image-preview:large","max-video-preview":"max-video-preview:-1"},"canonical":"https:\/\/hotelesms.com\/tru-by-hilton\/disfruta-ofertas-y-planes\/","og_locale":"es_ES","og_type":"article","og_title":"Disfruta Ofertas y Planes - Tru By Hilton","og_description":"Disfruta Ofertas y Planes en el Hotel Hilton Garden Inn: ofrecemos m\u00e1s que un espacio de alojamiento:\u00a0historias con tarifas irresistibles.","og_url":"https:\/\/hotelesms.com\/tru-by-hilton\/disfruta-ofertas-y-planes\/","og_site_name":"Tru By Hilton","article_modified_time":"2026-01-09T21:43:04+00:00","og_image":[{"width":840,"height":600,"url":"https:\/\/hotelesms.com\/tru-by-hilton\/wp-content\/uploads\/sites\/11\/2023\/03\/4-Hilton-Garden-Inn-Cali-fachada-Editar-Editar.jpg","type":"image\/jpeg"}],"twitter_card":"summary_large_image","twitter_misc":{"Tiempo de lectura":"3 minutos"},"schema":{"@context":"https:\/\/schema.org","@graph":[{"@type":"WebPage","@id":"https:\/\/hotelesms.com\/tru-by-hilton\/disfruta-ofertas-y-planes\/","url":"https:\/\/hotelesms.com\/tru-by-hilton\/disfruta-ofertas-y-planes\/","name":"Disfruta Ofertas y Planes - Tru By Hilton","isPartOf":{"@id":"https:\/\/hotelesms.com\/tru-by-hilton\/#website"},"primaryImageOfPage":{"@id":"https:\/\/hotelesms.com\/tru-by-hilton\/disfruta-ofertas-y-planes\/#primaryimage"},"image":{"@id":"https:\/\/hotelesms.com\/tru-by-hilton\/disfruta-ofertas-y-planes\/#primaryimage"},"thumbnailUrl":"https:\/\/hotelesms.com\/tru-by-hilton\/wp-content\/uploads\/sites\/11\/2023\/03\/4-Hilton-Garden-Inn-Cali-fachada-Editar-Editar.jpg","datePublished":"2022-08-19T23:25:58+00:00","dateModified":"2026-01-09T21:43:04+00:00","description":"Disfruta Ofertas y Planes en el Hotel Hilton Garden Inn: ofrecemos m\u00e1s que un espacio de alojamiento:\u00a0historias con tarifas irresistibles.","breadcrumb":{"@id":"https:\/\/hotelesms.com\/tru-by-hilton\/disfruta-ofertas-y-planes\/#breadcrumb"},"inLanguage":"es","potentialAction":[{"@type":"ReadAction","target":["https:\/\/hotelesms.com\/tru-by-hilton\/disfruta-ofertas-y-planes\/"]}]},{"@type":"ImageObject","inLanguage":"es","@id":"https:\/\/hotelesms.com\/tru-by-hilton\/disfruta-ofertas-y-planes\/#primaryimage","url":"https:\/\/hotelesms.com\/tru-by-hilton\/wp-content\/uploads\/sites\/11\/2023\/03\/4-Hilton-Garden-Inn-Cali-fachada-Editar-Editar.jpg","contentUrl":"https:\/\/hotelesms.com\/tru-by-hilton\/wp-content\/uploads\/sites\/11\/2023\/03\/4-Hilton-Garden-Inn-Cali-fachada-Editar-Editar.jpg","width":840,"height":600,"caption":"Hotel Hilton Garden Inn, en Ciudad Jard\u00edn, Cali, Colombia."},{"@type":"BreadcrumbList","@id":"https:\/\/hotelesms.com\/tru-by-hilton\/disfruta-ofertas-y-planes\/#breadcrumb","itemListElement":[{"@type":"ListItem","position":1,"name":"Portada","item":"https:\/\/hotelesms.com\/tru-by-hilton\/"},{"@type":"ListItem","position":2,"name":"Disfruta Ofertas y Planes"}]},{"@type":"WebSite","@id":"https:\/\/hotelesms.com\/tru-by-hilton\/#website","url":"https:\/\/hotelesms.com\/tru-by-hilton\/","name":"Tru By Hilton","description":"Cadena hotelera colombiana de est\u00e1ndares internacionales","publisher":{"@id":"https:\/\/hotelesms.com\/tru-by-hilton\/#organization"},"potentialAction":[{"@type":"SearchAction","target":{"@type":"EntryPoint","urlTemplate":"https:\/\/hotelesms.com\/tru-by-hilton\/?s={search_term_string}"},"query-input":{"@type":"PropertyValueSpecification","valueRequired":true,"valueName":"search_term_string"}}],"inLanguage":"es"},{"@type":"Organization","@id":"https:\/\/hotelesms.com\/tru-by-hilton\/#organization","name":"Hotel Hilton Garden Inn, Cali","url":"https:\/\/hotelesms.com\/tru-by-hilton\/","logo":{"@type":"ImageObject","inLanguage":"es","@id":"https:\/\/hotelesms.com\/tru-by-hilton\/#\/schema\/logo\/image\/","url":"https:\/\/hotelesms.com\/tru-by-hilton\/wp-content\/uploads\/sites\/11\/2022\/08\/Logo-Hilton-horizontal-color.png","contentUrl":"https:\/\/hotelesms.com\/tru-by-hilton\/wp-content\/uploads\/sites\/11\/2022\/08\/Logo-Hilton-horizontal-color.png","width":600,"height":202,"caption":"Hotel Hilton Garden Inn, Cali"},"image":{"@id":"https:\/\/hotelesms.com\/tru-by-hilton\/#\/schema\/logo\/image\/"}}]}},"_links":{"self":[{"href":"https:\/\/hotelesms.com\/tru-by-hilton\/wp-json\/wp\/v2\/pages\/8257","targetHints":{"allow":["GET"]}}],"collection":[{"href":"https:\/\/hotelesms.com\/tru-by-hilton\/wp-json\/wp\/v2\/pages"}],"about":[{"href":"https:\/\/hotelesms.com\/tru-by-hilton\/wp-json\/wp\/v2\/types\/page"}],"author":[{"embeddable":true,"href":"https:\/\/hotelesms.com\/tru-by-hilton\/wp-json\/wp\/v2\/users\/1"}],"replies":[{"embeddable":true,"href":"https:\/\/hotelesms.com\/tru-by-hilton\/wp-json\/wp\/v2\/comments?post=8257"}],"version-history":[{"count":84,"href":"https:\/\/hotelesms.com\/tru-by-hilton\/wp-json\/wp\/v2\/pages\/8257\/revisions"}],"predecessor-version":[{"id":9646,"href":"https:\/\/hotelesms.com\/tru-by-hilton\/wp-json\/wp\/v2\/pages\/8257\/revisions\/9646"}],"wp:featuredmedia":[{"embeddable":true,"href":"https:\/\/hotelesms.com\/tru-by-hilton\/wp-json\/wp\/v2\/media\/9346"}],"wp:attachment":[{"href":"https:\/\/hotelesms.com\/tru-by-hilton\/wp-json\/wp\/v2\/media?parent=8257"}],"curies":[{"name":"wp","href":"https:\/\/api.w.org\/{rel}","templated":true}]}}