{"id":8269,"date":"2022-08-19T23:39:45","date_gmt":"2022-08-19T23:39:45","guid":{"rendered":"https:\/\/hotelesms.com\/tru-by-hilton\/?page_id=8269"},"modified":"2026-01-09T21:21:25","modified_gmt":"2026-01-09T21:21:25","slug":"ubicacion","status":"publish","type":"page","link":"https:\/\/hotelesms.com\/tru-by-hilton\/ubicacion\/","title":{"rendered":"Ubicaci\u00f3n"},"content":{"rendered":"<section class=\"l-section wpb_row height_custom\"><div class=\"l-section-overlay\" style=\"background:#f5f5f5\"><\/div><div class=\"l-section-h i-cf\"><div class=\"g-cols vc_row via_grid cols_1 laptops-cols_inherit tablets-cols_inherit mobiles-cols_1 valign_top type_default stacking_default\"><div class=\"wpb_column vc_column_container\"><div class=\"vc_column-inner\"><div class=\"w-iconbox iconpos_top style_default color_custom align_center no_text\"><div class=\"w-iconbox-icon\" style=\"font-size:40px;color:#333333;\"><i class=\"fal fa-map-marker-alt\"><\/i><\/div><div class=\"w-iconbox-meta\"><h4 class=\"w-iconbox-title\">Nuestra Ubicaci\u00f3n<\/h4><\/div><\/div><\/div><\/div><\/div><\/div><\/section><section class=\"l-section wpb_row height_auto width_full\"><div class=\"l-section-overlay\" style=\"background:rgba(0,0,0,0.52)\"><\/div><div class=\"l-section-h i-cf\"><div class=\"g-cols vc_row via_grid cols_1 laptops-cols_inherit tablets-cols_inherit mobiles-cols_1 valign_top type_default stacking_default\"><div class=\"wpb_column vc_column_container\"><div class=\"vc_column-inner\"><div class=\"w-html\"><iframe src=\"https:\/\/www.google.com\/maps\/d\/embed?mid=1zrHqUCnEXLKDdbcYCsLif6hYqzuPxtg&ehbc=2E312F\" width=\"100%\" height=\"480\"><\/iframe><\/div><\/div><\/div><\/div><\/div><\/section><section class=\"l-section wpb_row height_small\"><div class=\"l-section-h i-cf\"><div class=\"g-cols vc_row via_grid cols_2 laptops-cols_inherit tablets-cols_inherit mobiles-cols_1 valign_top type_default stacking_default\"><div class=\"wpb_column vc_column_container\"><div class=\"vc_column-inner\"><div class=\"w-separator size_medium\"><\/div><div class=\"w-iconbox us_custom_92c9becb has_text_color iconpos_left style_default color_custom align_left no_text\"><div class=\"w-iconbox-icon\" style=\"font-size:20px;color:#999999;\"><i class=\"fal fa-map-marker-alt\"><\/i><\/div><div class=\"w-iconbox-meta\"><h4 class=\"w-iconbox-title\">Av Panamericana con Carrera 109, Cali, Valle<\/h4><\/div><\/div><div class=\"w-separator size_medium\"><\/div><\/div><\/div><div class=\"wpb_column vc_column_container\"><div class=\"vc_column-inner\"><div class=\"w-separator size_medium\"><\/div><div class=\"wpb_text_column\"><div class=\"wpb_wrapper\"><h3><strong>Distancia a lugares de inter\u00e9s<\/strong><\/h3>\n<\/div><\/div><div class=\"w-separator size_small\"><\/div><div class=\"g-cols wpb_row via_grid cols_3 laptops-cols_inherit tablets-cols_inherit mobiles-cols_1 valign_top type_default stacking_default\"><div class=\"wpb_column vc_column_container\"><div class=\"vc_column-inner\"><div class=\"w-counter us_custom_785e50b2 color_heading align_center has_font_size\" data-duration=\"2000\"><div class=\"w-counter-value\"><span class=\"w-counter-value-part type_text\" data-final=\"\"><\/span><span class=\"w-counter-value-part type_number\" data-final=\"32\">0<\/span><span class=\"w-counter-value-part type_text\" data-final=\"km\">km<\/span><\/div><h6 class=\"w-counter-title\">Hasta el Aeropuerto<\/h6><\/div><div class=\"w-iconbox iconpos_top style_default color_custom align_center no_title no_text\"><div class=\"w-iconbox-icon\" style=\"font-size:30px;color:#999999;\"><i class=\"fal fa-plane\"><\/i><\/div><div class=\"w-iconbox-meta\"><\/div><\/div><\/div><\/div><div class=\"wpb_column vc_column_container\"><div class=\"vc_column-inner\"><div class=\"w-counter us_custom_785e50b2 color_heading align_center has_font_size\" data-duration=\"2000\"><div class=\"w-counter-value\"><span class=\"w-counter-value-part type_text\" data-final=\"\"><\/span><span class=\"w-counter-value-part type_number\" data-final=\"9\">0<\/span><span class=\"w-counter-value-part type_text\" data-final=\"km\">km<\/span><\/div><h6 class=\"w-counter-title\">Hasta el Pascual Guerrero<\/h6><\/div><div class=\"w-iconbox iconpos_top style_default color_custom align_center no_title no_text\"><div class=\"w-iconbox-icon\" style=\"font-size:30px;color:#999999;\"><i class=\"fal fa-futbol\"><\/i><\/div><div class=\"w-iconbox-meta\"><\/div><\/div><\/div><\/div><div class=\"wpb_column vc_column_container\"><div class=\"vc_column-inner\"><div class=\"w-counter us_custom_785e50b2 color_heading align_center has_font_size\" data-duration=\"2000\"><div class=\"w-counter-value\"><span class=\"w-counter-value-part type_text\" data-final=\"\"><\/span><span class=\"w-counter-value-part type_number\" data-final=\"6\">0<\/span><span class=\"w-counter-value-part type_text\" data-final=\"min\">min<\/span><\/div><h6 class=\"w-counter-title\">Caminando hasta Jard\u00edn Plaza<\/h6><\/div><div class=\"w-iconbox iconpos_top style_default color_custom align_center no_title no_text\"><div class=\"w-iconbox-icon\" style=\"font-size:30px;color:#999999;\"><i class=\"fal fa-gift\"><\/i><\/div><div class=\"w-iconbox-meta\"><\/div><\/div><\/div><\/div><\/div><div class=\"w-separator size_small\"><\/div><\/div><\/div><\/div><\/div><\/section>\n","protected":false},"excerpt":{"rendered":"Nuestra Ubicaci\u00f3nAv Panamericana con Carrera 109, Cali, Valle Distancia a lugares de inter\u00e9s 0kmHasta el Aeropuerto0kmHasta el Pascual Guerrero0minCaminando hasta Jard\u00edn Plaza","protected":false},"author":1,"featured_media":9127,"parent":0,"menu_order":0,"comment_status":"closed","ping_status":"closed","template":"","meta":{"footnotes":""},"class_list":["post-8269","page","type-page","status-publish","has-post-thumbnail","hentry"],"acf":[],"yoast_head":"<!-- This site is optimized with the Yoast SEO plugin v27.4 - https:\/\/yoast.com\/product\/yoast-seo-wordpress\/ -->\n<title>Ubicaci\u00f3n - Tru By Hilton<\/title>\n<meta name=\"robots\" content=\"index, follow, max-snippet:-1, max-image-preview:large, max-video-preview:-1\" \/>\n<link rel=\"canonical\" href=\"https:\/\/hotelesms.com\/tru-by-hilton\/ubicacion\/\" \/>\n<meta property=\"og:locale\" content=\"es_ES\" \/>\n<meta property=\"og:type\" content=\"article\" \/>\n<meta property=\"og:title\" content=\"Ubicaci\u00f3n - Tru By Hilton\" \/>\n<meta property=\"og:url\" content=\"https:\/\/hotelesms.com\/tru-by-hilton\/ubicacion\/\" \/>\n<meta property=\"og:site_name\" content=\"Tru By Hilton\" \/>\n<meta property=\"article:modified_time\" content=\"2026-01-09T21:21:25+00:00\" \/>\n<meta property=\"og:image\" content=\"https:\/\/hotelesms.com\/tru-by-hilton\/wp-content\/uploads\/sites\/11\/2022\/09\/Hilton-Gardenn-Inn-Cali-por-MS.png\" \/>\n\t<meta property=\"og:image:width\" content=\"900\" \/>\n\t<meta property=\"og:image:height\" content=\"600\" \/>\n\t<meta property=\"og:image:type\" content=\"image\/png\" \/>\n<meta name=\"twitter:card\" content=\"summary_large_image\" \/>\n<meta name=\"twitter:label1\" content=\"Tiempo de lectura\" \/>\n\t<meta name=\"twitter:data1\" content=\"1 minuto\" \/>\n<script type=\"application\/ld+json\" class=\"yoast-schema-graph\">{\"@context\":\"https:\\\/\\\/schema.org\",\"@graph\":[{\"@type\":\"WebPage\",\"@id\":\"https:\\\/\\\/hotelesms.com\\\/tru-by-hilton\\\/ubicacion\\\/\",\"url\":\"https:\\\/\\\/hotelesms.com\\\/tru-by-hilton\\\/ubicacion\\\/\",\"name\":\"Ubicaci\u00f3n - Tru By Hilton\",\"isPartOf\":{\"@id\":\"https:\\\/\\\/hotelesms.com\\\/tru-by-hilton\\\/#website\"},\"primaryImageOfPage\":{\"@id\":\"https:\\\/\\\/hotelesms.com\\\/tru-by-hilton\\\/ubicacion\\\/#primaryimage\"},\"image\":{\"@id\":\"https:\\\/\\\/hotelesms.com\\\/tru-by-hilton\\\/ubicacion\\\/#primaryimage\"},\"thumbnailUrl\":\"https:\\\/\\\/hotelesms.com\\\/tru-by-hilton\\\/wp-content\\\/uploads\\\/sites\\\/11\\\/2022\\\/09\\\/Hilton-Gardenn-Inn-Cali-por-MS.png\",\"datePublished\":\"2022-08-19T23:39:45+00:00\",\"dateModified\":\"2026-01-09T21:21:25+00:00\",\"breadcrumb\":{\"@id\":\"https:\\\/\\\/hotelesms.com\\\/tru-by-hilton\\\/ubicacion\\\/#breadcrumb\"},\"inLanguage\":\"es\",\"potentialAction\":[{\"@type\":\"ReadAction\",\"target\":[\"https:\\\/\\\/hotelesms.com\\\/tru-by-hilton\\\/ubicacion\\\/\"]}]},{\"@type\":\"ImageObject\",\"inLanguage\":\"es\",\"@id\":\"https:\\\/\\\/hotelesms.com\\\/tru-by-hilton\\\/ubicacion\\\/#primaryimage\",\"url\":\"https:\\\/\\\/hotelesms.com\\\/tru-by-hilton\\\/wp-content\\\/uploads\\\/sites\\\/11\\\/2022\\\/09\\\/Hilton-Gardenn-Inn-Cali-por-MS.png\",\"contentUrl\":\"https:\\\/\\\/hotelesms.com\\\/tru-by-hilton\\\/wp-content\\\/uploads\\\/sites\\\/11\\\/2022\\\/09\\\/Hilton-Gardenn-Inn-Cali-por-MS.png\",\"width\":900,\"height\":600,\"caption\":\"Hotel Hilton Garden Inn, Cali, Colombia\"},{\"@type\":\"BreadcrumbList\",\"@id\":\"https:\\\/\\\/hotelesms.com\\\/tru-by-hilton\\\/ubicacion\\\/#breadcrumb\",\"itemListElement\":[{\"@type\":\"ListItem\",\"position\":1,\"name\":\"Portada\",\"item\":\"https:\\\/\\\/hotelesms.com\\\/tru-by-hilton\\\/\"},{\"@type\":\"ListItem\",\"position\":2,\"name\":\"Ubicaci\u00f3n\"}]},{\"@type\":\"WebSite\",\"@id\":\"https:\\\/\\\/hotelesms.com\\\/tru-by-hilton\\\/#website\",\"url\":\"https:\\\/\\\/hotelesms.com\\\/tru-by-hilton\\\/\",\"name\":\"Tru By Hilton\",\"description\":\"Cadena hotelera colombiana de est\u00e1ndares internacionales\",\"publisher\":{\"@id\":\"https:\\\/\\\/hotelesms.com\\\/tru-by-hilton\\\/#organization\"},\"potentialAction\":[{\"@type\":\"SearchAction\",\"target\":{\"@type\":\"EntryPoint\",\"urlTemplate\":\"https:\\\/\\\/hotelesms.com\\\/tru-by-hilton\\\/?s={search_term_string}\"},\"query-input\":{\"@type\":\"PropertyValueSpecification\",\"valueRequired\":true,\"valueName\":\"search_term_string\"}}],\"inLanguage\":\"es\"},{\"@type\":\"Organization\",\"@id\":\"https:\\\/\\\/hotelesms.com\\\/tru-by-hilton\\\/#organization\",\"name\":\"Hotel Hilton Garden Inn, Cali\",\"url\":\"https:\\\/\\\/hotelesms.com\\\/tru-by-hilton\\\/\",\"logo\":{\"@type\":\"ImageObject\",\"inLanguage\":\"es\",\"@id\":\"https:\\\/\\\/hotelesms.com\\\/tru-by-hilton\\\/#\\\/schema\\\/logo\\\/image\\\/\",\"url\":\"https:\\\/\\\/hotelesms.com\\\/tru-by-hilton\\\/wp-content\\\/uploads\\\/sites\\\/11\\\/2022\\\/08\\\/Logo-Hilton-horizontal-color.png\",\"contentUrl\":\"https:\\\/\\\/hotelesms.com\\\/tru-by-hilton\\\/wp-content\\\/uploads\\\/sites\\\/11\\\/2022\\\/08\\\/Logo-Hilton-horizontal-color.png\",\"width\":600,\"height\":202,\"caption\":\"Hotel Hilton Garden Inn, Cali\"},\"image\":{\"@id\":\"https:\\\/\\\/hotelesms.com\\\/tru-by-hilton\\\/#\\\/schema\\\/logo\\\/image\\\/\"}}]}<\/script>\n<!-- \/ Yoast SEO plugin. -->","yoast_head_json":{"title":"Ubicaci\u00f3n - Tru By Hilton","robots":{"index":"index","follow":"follow","max-snippet":"max-snippet:-1","max-image-preview":"max-image-preview:large","max-video-preview":"max-video-preview:-1"},"canonical":"https:\/\/hotelesms.com\/tru-by-hilton\/ubicacion\/","og_locale":"es_ES","og_type":"article","og_title":"Ubicaci\u00f3n - Tru By Hilton","og_url":"https:\/\/hotelesms.com\/tru-by-hilton\/ubicacion\/","og_site_name":"Tru By Hilton","article_modified_time":"2026-01-09T21:21:25+00:00","og_image":[{"width":900,"height":600,"url":"https:\/\/hotelesms.com\/tru-by-hilton\/wp-content\/uploads\/sites\/11\/2022\/09\/Hilton-Gardenn-Inn-Cali-por-MS.png","type":"image\/png"}],"twitter_card":"summary_large_image","twitter_misc":{"Tiempo de lectura":"1 minuto"},"schema":{"@context":"https:\/\/schema.org","@graph":[{"@type":"WebPage","@id":"https:\/\/hotelesms.com\/tru-by-hilton\/ubicacion\/","url":"https:\/\/hotelesms.com\/tru-by-hilton\/ubicacion\/","name":"Ubicaci\u00f3n - Tru By Hilton","isPartOf":{"@id":"https:\/\/hotelesms.com\/tru-by-hilton\/#website"},"primaryImageOfPage":{"@id":"https:\/\/hotelesms.com\/tru-by-hilton\/ubicacion\/#primaryimage"},"image":{"@id":"https:\/\/hotelesms.com\/tru-by-hilton\/ubicacion\/#primaryimage"},"thumbnailUrl":"https:\/\/hotelesms.com\/tru-by-hilton\/wp-content\/uploads\/sites\/11\/2022\/09\/Hilton-Gardenn-Inn-Cali-por-MS.png","datePublished":"2022-08-19T23:39:45+00:00","dateModified":"2026-01-09T21:21:25+00:00","breadcrumb":{"@id":"https:\/\/hotelesms.com\/tru-by-hilton\/ubicacion\/#breadcrumb"},"inLanguage":"es","potentialAction":[{"@type":"ReadAction","target":["https:\/\/hotelesms.com\/tru-by-hilton\/ubicacion\/"]}]},{"@type":"ImageObject","inLanguage":"es","@id":"https:\/\/hotelesms.com\/tru-by-hilton\/ubicacion\/#primaryimage","url":"https:\/\/hotelesms.com\/tru-by-hilton\/wp-content\/uploads\/sites\/11\/2022\/09\/Hilton-Gardenn-Inn-Cali-por-MS.png","contentUrl":"https:\/\/hotelesms.com\/tru-by-hilton\/wp-content\/uploads\/sites\/11\/2022\/09\/Hilton-Gardenn-Inn-Cali-por-MS.png","width":900,"height":600,"caption":"Hotel Hilton Garden Inn, Cali, Colombia"},{"@type":"BreadcrumbList","@id":"https:\/\/hotelesms.com\/tru-by-hilton\/ubicacion\/#breadcrumb","itemListElement":[{"@type":"ListItem","position":1,"name":"Portada","item":"https:\/\/hotelesms.com\/tru-by-hilton\/"},{"@type":"ListItem","position":2,"name":"Ubicaci\u00f3n"}]},{"@type":"WebSite","@id":"https:\/\/hotelesms.com\/tru-by-hilton\/#website","url":"https:\/\/hotelesms.com\/tru-by-hilton\/","name":"Tru By Hilton","description":"Cadena hotelera colombiana de est\u00e1ndares internacionales","publisher":{"@id":"https:\/\/hotelesms.com\/tru-by-hilton\/#organization"},"potentialAction":[{"@type":"SearchAction","target":{"@type":"EntryPoint","urlTemplate":"https:\/\/hotelesms.com\/tru-by-hilton\/?s={search_term_string}"},"query-input":{"@type":"PropertyValueSpecification","valueRequired":true,"valueName":"search_term_string"}}],"inLanguage":"es"},{"@type":"Organization","@id":"https:\/\/hotelesms.com\/tru-by-hilton\/#organization","name":"Hotel Hilton Garden Inn, Cali","url":"https:\/\/hotelesms.com\/tru-by-hilton\/","logo":{"@type":"ImageObject","inLanguage":"es","@id":"https:\/\/hotelesms.com\/tru-by-hilton\/#\/schema\/logo\/image\/","url":"https:\/\/hotelesms.com\/tru-by-hilton\/wp-content\/uploads\/sites\/11\/2022\/08\/Logo-Hilton-horizontal-color.png","contentUrl":"https:\/\/hotelesms.com\/tru-by-hilton\/wp-content\/uploads\/sites\/11\/2022\/08\/Logo-Hilton-horizontal-color.png","width":600,"height":202,"caption":"Hotel Hilton Garden Inn, Cali"},"image":{"@id":"https:\/\/hotelesms.com\/tru-by-hilton\/#\/schema\/logo\/image\/"}}]}},"_links":{"self":[{"href":"https:\/\/hotelesms.com\/tru-by-hilton\/wp-json\/wp\/v2\/pages\/8269","targetHints":{"allow":["GET"]}}],"collection":[{"href":"https:\/\/hotelesms.com\/tru-by-hilton\/wp-json\/wp\/v2\/pages"}],"about":[{"href":"https:\/\/hotelesms.com\/tru-by-hilton\/wp-json\/wp\/v2\/types\/page"}],"author":[{"embeddable":true,"href":"https:\/\/hotelesms.com\/tru-by-hilton\/wp-json\/wp\/v2\/users\/1"}],"replies":[{"embeddable":true,"href":"https:\/\/hotelesms.com\/tru-by-hilton\/wp-json\/wp\/v2\/comments?post=8269"}],"version-history":[{"count":31,"href":"https:\/\/hotelesms.com\/tru-by-hilton\/wp-json\/wp\/v2\/pages\/8269\/revisions"}],"predecessor-version":[{"id":9642,"href":"https:\/\/hotelesms.com\/tru-by-hilton\/wp-json\/wp\/v2\/pages\/8269\/revisions\/9642"}],"wp:featuredmedia":[{"embeddable":true,"href":"https:\/\/hotelesms.com\/tru-by-hilton\/wp-json\/wp\/v2\/media\/9127"}],"wp:attachment":[{"href":"https:\/\/hotelesms.com\/tru-by-hilton\/wp-json\/wp\/v2\/media?parent=8269"}],"curies":[{"name":"wp","href":"https:\/\/api.w.org\/{rel}","templated":true}]}}