{"id":9157,"date":"2022-11-22T21:18:41","date_gmt":"2022-11-22T21:18:41","guid":{"rendered":"https:\/\/hotelesms.com\/tru-by-hilton\/?page_id=9157"},"modified":"2025-09-08T01:26:03","modified_gmt":"2025-09-08T01:26:03","slug":"contacto","status":"publish","type":"page","link":"https:\/\/hotelesms.com\/tru-by-hilton\/contacto\/","title":{"rendered":"Contacto"},"content":{"rendered":"<section class=\"l-section wpb_row height_custom\"><div class=\"l-section-overlay\" style=\"background:#f5f5f5\"><\/div><div class=\"l-section-h i-cf\"><div class=\"g-cols vc_row via_grid cols_1 laptops-cols_inherit tablets-cols_inherit mobiles-cols_1 valign_top type_default stacking_default\"><div class=\"wpb_column vc_column_container\"><div class=\"vc_column-inner\"><div class=\"w-iconbox iconpos_top style_default color_custom align_center no_text\"><div class=\"w-iconbox-icon\" style=\"font-size:40px;color:#333333;\"><i class=\"fal fa-address-card\"><\/i><\/div><div class=\"w-iconbox-meta\"><h4 class=\"w-iconbox-title\">Contacto<\/h4><\/div><\/div><\/div><\/div><\/div><\/div><\/section><section class=\"l-section wpb_row height_small\"><div class=\"l-section-h i-cf\"><div class=\"g-cols vc_row via_grid cols_2 laptops-cols_inherit tablets-cols_inherit mobiles-cols_1 valign_top type_default stacking_default\"><div class=\"wpb_column vc_column_container\"><div class=\"vc_column-inner\"><form class=\"w-form  layout_ver for_cform us_form_1\" autocomplete=\"off\" action=\"https:\/\/hotelesms.com\/tru-by-hilton\/tru-by-hilton\/wp-json\/wp\/v2\/pages\/9157\" method=\"post\"><div class=\"w-form-h\"><div class=\"w-form-row for_text required with_icon\">\r\n\t\t<div class=\"w-form-row-field\">\r\n\t\t\t\t<i class=\"far fa-user\"><\/i>\t\t<input aria-label=\"Nombre\" type=\"text\" name=\"us_form_1_text_1\" value placeholder=\"Nombre *\" data-required=\"true\" aria-required=\"true\"\/>\r\n\t\t\t<\/div>\r\n\t\t<div class=\"w-form-row-state\">Rellena este campo<\/div>\r\n<\/div>\r\n<div class=\"w-form-row for_text required with_icon\">\r\n\t\t<div class=\"w-form-row-field\">\r\n\t\t\t\t<i class=\"far fa-envelope\"><\/i>\t\t<input aria-label=\"Correo electr\u00f3nico\" type=\"text\" name=\"us_form_1_text_2\" value placeholder=\"Correo electr\u00f3nico *\" data-required=\"true\" aria-required=\"true\"\/>\r\n\t\t\t<\/div>\r\n\t\t<div class=\"w-form-row-state\">Rellena este campo<\/div>\r\n<\/div>\r\n<div class=\"w-form-row for_text required with_icon\">\r\n\t\t<div class=\"w-form-row-field\">\r\n\t\t\t\t<i class=\"far fa-phone\"><\/i>\t\t<input aria-label=\"N\u00famero de tel\u00e9fono\" type=\"text\" name=\"us_form_1_text_3\" value placeholder=\"N\u00famero de tel\u00e9fono *\" data-required=\"true\" aria-required=\"true\"\/>\r\n\t\t\t<\/div>\r\n\t\t<div class=\"w-form-row-state\">Rellena este campo<\/div>\r\n<\/div>\r\n<div class=\"w-form-row for_textarea required with_icon\">\r\n\t\t<div class=\"w-form-row-field\">\r\n\t\t\t\t<i class=\"far fa-pencil\"><\/i>\t\t<textarea aria-label=\"Mensaje\" name=\"us_form_1_textarea_1\" placeholder=\"Mensaje *\" data-required=\"true\" aria-required=\"true\"><\/textarea>\r\n\t\t\t<\/div>\r\n\t\t<div class=\"w-form-row-state\">Rellena este campo<\/div>\r\n<\/div>\r\n<div class=\"w-form-row for_agreement required\">\r\n\t\t<div class=\"w-form-row-field\">\r\n\t\t\t\t<label>\r\n\t\t\t<input type=\"checkbox\" class=\"screen-reader-text\" value=\"1\" data-required=\"true\" aria-required=\"true\" name=\"us_form_1_agreement_1\"\/>\r\n\t\t\t<span class=\"w-form-checkbox\"><\/span>\r\n\t\t\t<span>He le\u00eddo y acepto la <a href=\"\/avisos-legales\/clausula-de-consentimiento-web\/\" target=\"_blank\">clausula-de-consentimiento-web<\/a><\/span>\r\n\t\t<\/label>\r\n\t\t\t<\/div>\r\n\t\t<div class=\"w-form-row-state\">Tienes que aprobar los t\u00e9rminos para continuar<\/div>\r\n<\/div>\r\n<input type=\"hidden\" name=\"action\" value=\"us_ajax_cform\" \/>\r\n<input type=\"hidden\" name=\"post_id\" value=\"0\" \/>\r\n<input type=\"hidden\" name=\"form_index\" value=\"1\" \/>\r\n<div class=\"w-form-row for_submit align_right\">\r\n\t<div class=\"w-form-row-field\">\r\n\t\t<button class=\"w-btn  us-btn-style_15\" style=\"font-size:14px;\" aria-label=\"ENVIAR MENSAJE\" type=\"submit\">\r\n\t\t\t<span class=\"g-preloader type_1\"><\/span>\r\n\t\t\t\t\t\t<span class=\"w-btn-label\">ENVIAR MENSAJE<\/span>\r\n\t\t\t\t\t<\/button>\r\n\t<\/div>\r\n<\/div>\r\n<\/div><div class=\"w-form-message\"><\/div><div class=\"w-form-json hidden\" onclick='return {&quot;ajaxurl&quot;:&quot;https:\\\/\\\/hotelesms.com\\\/tru-by-hilton\\\/wp-admin\\\/admin-ajax.php&quot;,&quot;messages&quot;:{&quot;err_empty&quot;:&quot;Rellena este campo&quot;,&quot;err_size&quot;:&quot;File size cannot exceed %s MB&quot;,&quot;err_extension&quot;:&quot;%s file type is not allowed&quot;}}'><\/div><\/form><div class=\"w-separator size_medium\"><\/div><\/div><\/div><div class=\"wpb_column vc_column_container\"><div class=\"vc_column-inner\"><div class=\"wpb_text_column\"><div class=\"wpb_wrapper\"><h3><strong>Informaci\u00f3n de Contacto<\/strong><\/h3>\n<\/div><\/div><div class=\"w-separator size_medium\"><\/div><div class=\"w-iconbox us_custom_92c9becb has_text_color iconpos_left style_default color_custom align_left no_text\"><div class=\"w-iconbox-icon\" style=\"font-size:20px;color:#999999;\"><i class=\"fal fa-envelope\"><\/i><\/div><div class=\"w-iconbox-meta\"><h6 class=\"w-iconbox-title\">reservas@trubyhiltoncali.com<\/h6><\/div><\/div><div class=\"w-separator size_small\"><\/div><div class=\"w-iconbox us_custom_92c9becb has_text_color iconpos_left style_default color_custom align_left no_text\"><a href=\"tel:+3163269247\" class=\"w-iconbox-link\" aria-label=\"+57 3163269247\"><div class=\"w-iconbox-icon\" style=\"font-size:20px;color:#999999;\"><i class=\"fal fa-phone-alt\"><\/i><\/div><\/a><div class=\"w-iconbox-meta\"><a href=\"tel:+3163269247\" class=\"w-iconbox-link\" aria-label=\"+57 3163269247\"><h6 class=\"w-iconbox-title\">+57 3163269247<\/h6><\/a><\/div><\/div><div class=\"w-separator size_medium\"><\/div><\/div><\/div><\/div><\/div><\/section>\n","protected":false},"excerpt":{"rendered":"Contacto Rellena este campo Rellena este campo Rellena este campo Rellena este campo He le\u00eddo y acepto la clausula-de-consentimiento-web Tienes que aprobar los t\u00e9rminos para continuar ENVIAR MENSAJE Informaci\u00f3n de Contacto reservas@trubyhiltoncali.com+57 3163269247","protected":false},"author":1,"featured_media":0,"parent":0,"menu_order":0,"comment_status":"closed","ping_status":"closed","template":"","meta":{"footnotes":""},"class_list":["post-9157","page","type-page","status-publish","hentry"],"acf":[],"yoast_head":"<!-- This site is optimized with the Yoast SEO plugin v27.4 - https:\/\/yoast.com\/product\/yoast-seo-wordpress\/ -->\n<title>Contacto - Tru By Hilton<\/title>\n<meta name=\"robots\" content=\"index, follow, max-snippet:-1, max-image-preview:large, max-video-preview:-1\" \/>\n<link rel=\"canonical\" href=\"https:\/\/hotelesms.com\/tru-by-hilton\/contacto\/\" \/>\n<meta property=\"og:locale\" content=\"es_ES\" \/>\n<meta property=\"og:type\" content=\"article\" \/>\n<meta property=\"og:title\" content=\"Contacto - Tru By Hilton\" \/>\n<meta property=\"og:url\" content=\"https:\/\/hotelesms.com\/tru-by-hilton\/contacto\/\" \/>\n<meta property=\"og:site_name\" content=\"Tru By Hilton\" \/>\n<meta property=\"article:modified_time\" content=\"2025-09-08T01:26:03+00:00\" \/>\n<meta name=\"twitter:card\" content=\"summary_large_image\" \/>\n<meta name=\"twitter:label1\" content=\"Tiempo de lectura\" \/>\n\t<meta name=\"twitter:data1\" content=\"1 minuto\" \/>\n<script type=\"application\/ld+json\" class=\"yoast-schema-graph\">{\"@context\":\"https:\\\/\\\/schema.org\",\"@graph\":[{\"@type\":\"WebPage\",\"@id\":\"https:\\\/\\\/hotelesms.com\\\/tru-by-hilton\\\/contacto\\\/\",\"url\":\"https:\\\/\\\/hotelesms.com\\\/tru-by-hilton\\\/contacto\\\/\",\"name\":\"Contacto - Tru By Hilton\",\"isPartOf\":{\"@id\":\"https:\\\/\\\/hotelesms.com\\\/tru-by-hilton\\\/#website\"},\"datePublished\":\"2022-11-22T21:18:41+00:00\",\"dateModified\":\"2025-09-08T01:26:03+00:00\",\"breadcrumb\":{\"@id\":\"https:\\\/\\\/hotelesms.com\\\/tru-by-hilton\\\/contacto\\\/#breadcrumb\"},\"inLanguage\":\"es\",\"potentialAction\":[{\"@type\":\"ReadAction\",\"target\":[\"https:\\\/\\\/hotelesms.com\\\/tru-by-hilton\\\/contacto\\\/\"]}]},{\"@type\":\"BreadcrumbList\",\"@id\":\"https:\\\/\\\/hotelesms.com\\\/tru-by-hilton\\\/contacto\\\/#breadcrumb\",\"itemListElement\":[{\"@type\":\"ListItem\",\"position\":1,\"name\":\"Portada\",\"item\":\"https:\\\/\\\/hotelesms.com\\\/tru-by-hilton\\\/\"},{\"@type\":\"ListItem\",\"position\":2,\"name\":\"Contacto\"}]},{\"@type\":\"WebSite\",\"@id\":\"https:\\\/\\\/hotelesms.com\\\/tru-by-hilton\\\/#website\",\"url\":\"https:\\\/\\\/hotelesms.com\\\/tru-by-hilton\\\/\",\"name\":\"Tru By Hilton\",\"description\":\"Cadena hotelera colombiana de est\u00e1ndares internacionales\",\"publisher\":{\"@id\":\"https:\\\/\\\/hotelesms.com\\\/tru-by-hilton\\\/#organization\"},\"potentialAction\":[{\"@type\":\"SearchAction\",\"target\":{\"@type\":\"EntryPoint\",\"urlTemplate\":\"https:\\\/\\\/hotelesms.com\\\/tru-by-hilton\\\/?s={search_term_string}\"},\"query-input\":{\"@type\":\"PropertyValueSpecification\",\"valueRequired\":true,\"valueName\":\"search_term_string\"}}],\"inLanguage\":\"es\"},{\"@type\":\"Organization\",\"@id\":\"https:\\\/\\\/hotelesms.com\\\/tru-by-hilton\\\/#organization\",\"name\":\"Hotel Hilton Garden Inn, Cali\",\"url\":\"https:\\\/\\\/hotelesms.com\\\/tru-by-hilton\\\/\",\"logo\":{\"@type\":\"ImageObject\",\"inLanguage\":\"es\",\"@id\":\"https:\\\/\\\/hotelesms.com\\\/tru-by-hilton\\\/#\\\/schema\\\/logo\\\/image\\\/\",\"url\":\"https:\\\/\\\/hotelesms.com\\\/tru-by-hilton\\\/wp-content\\\/uploads\\\/sites\\\/11\\\/2022\\\/08\\\/Logo-Hilton-horizontal-color.png\",\"contentUrl\":\"https:\\\/\\\/hotelesms.com\\\/tru-by-hilton\\\/wp-content\\\/uploads\\\/sites\\\/11\\\/2022\\\/08\\\/Logo-Hilton-horizontal-color.png\",\"width\":600,\"height\":202,\"caption\":\"Hotel Hilton Garden Inn, Cali\"},\"image\":{\"@id\":\"https:\\\/\\\/hotelesms.com\\\/tru-by-hilton\\\/#\\\/schema\\\/logo\\\/image\\\/\"}}]}<\/script>\n<!-- \/ Yoast SEO plugin. -->","yoast_head_json":{"title":"Contacto - Tru By Hilton","robots":{"index":"index","follow":"follow","max-snippet":"max-snippet:-1","max-image-preview":"max-image-preview:large","max-video-preview":"max-video-preview:-1"},"canonical":"https:\/\/hotelesms.com\/tru-by-hilton\/contacto\/","og_locale":"es_ES","og_type":"article","og_title":"Contacto - Tru By Hilton","og_url":"https:\/\/hotelesms.com\/tru-by-hilton\/contacto\/","og_site_name":"Tru By Hilton","article_modified_time":"2025-09-08T01:26:03+00:00","twitter_card":"summary_large_image","twitter_misc":{"Tiempo de lectura":"1 minuto"},"schema":{"@context":"https:\/\/schema.org","@graph":[{"@type":"WebPage","@id":"https:\/\/hotelesms.com\/tru-by-hilton\/contacto\/","url":"https:\/\/hotelesms.com\/tru-by-hilton\/contacto\/","name":"Contacto - Tru By Hilton","isPartOf":{"@id":"https:\/\/hotelesms.com\/tru-by-hilton\/#website"},"datePublished":"2022-11-22T21:18:41+00:00","dateModified":"2025-09-08T01:26:03+00:00","breadcrumb":{"@id":"https:\/\/hotelesms.com\/tru-by-hilton\/contacto\/#breadcrumb"},"inLanguage":"es","potentialAction":[{"@type":"ReadAction","target":["https:\/\/hotelesms.com\/tru-by-hilton\/contacto\/"]}]},{"@type":"BreadcrumbList","@id":"https:\/\/hotelesms.com\/tru-by-hilton\/contacto\/#breadcrumb","itemListElement":[{"@type":"ListItem","position":1,"name":"Portada","item":"https:\/\/hotelesms.com\/tru-by-hilton\/"},{"@type":"ListItem","position":2,"name":"Contacto"}]},{"@type":"WebSite","@id":"https:\/\/hotelesms.com\/tru-by-hilton\/#website","url":"https:\/\/hotelesms.com\/tru-by-hilton\/","name":"Tru By Hilton","description":"Cadena hotelera colombiana de est\u00e1ndares internacionales","publisher":{"@id":"https:\/\/hotelesms.com\/tru-by-hilton\/#organization"},"potentialAction":[{"@type":"SearchAction","target":{"@type":"EntryPoint","urlTemplate":"https:\/\/hotelesms.com\/tru-by-hilton\/?s={search_term_string}"},"query-input":{"@type":"PropertyValueSpecification","valueRequired":true,"valueName":"search_term_string"}}],"inLanguage":"es"},{"@type":"Organization","@id":"https:\/\/hotelesms.com\/tru-by-hilton\/#organization","name":"Hotel Hilton Garden Inn, Cali","url":"https:\/\/hotelesms.com\/tru-by-hilton\/","logo":{"@type":"ImageObject","inLanguage":"es","@id":"https:\/\/hotelesms.com\/tru-by-hilton\/#\/schema\/logo\/image\/","url":"https:\/\/hotelesms.com\/tru-by-hilton\/wp-content\/uploads\/sites\/11\/2022\/08\/Logo-Hilton-horizontal-color.png","contentUrl":"https:\/\/hotelesms.com\/tru-by-hilton\/wp-content\/uploads\/sites\/11\/2022\/08\/Logo-Hilton-horizontal-color.png","width":600,"height":202,"caption":"Hotel Hilton Garden Inn, Cali"},"image":{"@id":"https:\/\/hotelesms.com\/tru-by-hilton\/#\/schema\/logo\/image\/"}}]}},"_links":{"self":[{"href":"https:\/\/hotelesms.com\/tru-by-hilton\/wp-json\/wp\/v2\/pages\/9157","targetHints":{"allow":["GET"]}}],"collection":[{"href":"https:\/\/hotelesms.com\/tru-by-hilton\/wp-json\/wp\/v2\/pages"}],"about":[{"href":"https:\/\/hotelesms.com\/tru-by-hilton\/wp-json\/wp\/v2\/types\/page"}],"author":[{"embeddable":true,"href":"https:\/\/hotelesms.com\/tru-by-hilton\/wp-json\/wp\/v2\/users\/1"}],"replies":[{"embeddable":true,"href":"https:\/\/hotelesms.com\/tru-by-hilton\/wp-json\/wp\/v2\/comments?post=9157"}],"version-history":[{"count":10,"href":"https:\/\/hotelesms.com\/tru-by-hilton\/wp-json\/wp\/v2\/pages\/9157\/revisions"}],"predecessor-version":[{"id":9613,"href":"https:\/\/hotelesms.com\/tru-by-hilton\/wp-json\/wp\/v2\/pages\/9157\/revisions\/9613"}],"wp:attachment":[{"href":"https:\/\/hotelesms.com\/tru-by-hilton\/wp-json\/wp\/v2\/media?parent=9157"}],"curies":[{"name":"wp","href":"https:\/\/api.w.org\/{rel}","templated":true}]}}